{"id":42383,"date":"2025-12-22T01:50:53","date_gmt":"2025-12-22T09:50:53","guid":{"rendered":"https:\/\/tangooled.com\/?post_type=product&#038;p=42383"},"modified":"2026-02-02T02:04:30","modified_gmt":"2026-02-02T10:04:30","slug":"led-ring-light-housing-made-by-50x50mm-aluminum-channel","status":"publish","type":"product","link":"https:\/\/tangooled.com\/de\/product\/led-ring-light-housing-made-by-50x50mm-aluminum-channel\/","title":{"rendered":"LED-Ringlichtgeh\u00e4use aus 50x50mm Aluminiumkanal-C5050"},"content":{"rendered":"<div class=\"wp-block-group is-vertical is-layout-flex wp-container-core-group-is-layout-d255d7c4 wp-block-group-is-layout-flex\" style=\"padding-top:var(--wp--preset--spacing--80);padding-bottom:var(--wp--preset--spacing--80)\">\n<p>Unser 50x50mm LED-Kanal-Ringleuchtengeh\u00e4use erm\u00f6glicht es Ihnen, starkes, helles Licht zu erzeugen. Dieses 50x50mm Aluminiumprofil besteht aus hochwertiger 6063-T5 Aluminiumlegierung, die perfekt geeignet ist, um eine ringf\u00f6rmige Lichtquelle zu schaffen, die klar und gleichm\u00e4\u00dfig ist. Es eignet sich gut f\u00fcr Wohnr\u00e4ume, Studios, Gesch\u00e4fte und B\u00fcros. Eine saubere, glatte silberne Pulverbeschichtung oder anodisierte Oberfl\u00e4che vervollst\u00e4ndigt das Profil. Der Durchmesser dieses kreisf\u00f6rmigen Profils kann zwischen 600mm und 3000mm variieren. Sie k\u00f6nnen auch das Aussehen der Pulverbeschichtung variieren, indem Sie eine Farbe ausw\u00e4hlen, die gut zu den \u00fcbrigen Bereichen Ihres Hauses passt.<\/p>\n<\/div>\n\n\n\n<div class=\"wp-block-group has-background is-vertical is-layout-flex wp-container-core-group-is-layout-d255d7c4 wp-block-group-is-layout-flex\" style=\"background-color:#f1f1f1;padding-top:var(--wp--preset--spacing--80);padding-bottom:var(--wp--preset--spacing--80)\">\n<div class=\"wp-block-group is-vertical is-layout-flex wp-container-core-group-is-layout-8cf370e7 wp-block-group-is-layout-flex\">\n<h2 class=\"wp-block-heading\" style=\"padding-top:var(--wp--preset--spacing--40);padding-bottom:var(--wp--preset--spacing--40);font-size:25px;font-style:normal;font-weight:600;text-transform:capitalize\">Wichtige Merkmale und Vorteile<\/h2>\n\n\n\n<ul class=\"wp-block-list\">\n<li>Size of the profile: 50&#215;50 mm. It works with a lot of COB LEDs and LED strips.\u00a0<\/li>\n\n\n\n<li>Das verwendete 6063-T5 Aluminium ist robust und hilft, die Dinge k\u00fchl zu halten.<\/li>\n\n\n\n<li>Das Licht ist gleichm\u00e4\u00dfig, da es mit einem PC-Polycarbonat (matt) Diffusor ausgestattet ist.<\/li>\n\n\n\n<li>Sie k\u00f6nnen zwischen einer schwarzen Pulverbeschichtung und einer anodisierten silbernen Oberfl\u00e4che w\u00e4hlen. <\/li>\n\n\n\n<li>Funktioniert mit RGBW-, bi-farbigen LED-Ringleuchten und anderen Lichtarten.<\/li>\n\n\n\n<li>Ideal zum Beleuchten von Geb\u00e4uden, Fotografieren und Halten von Seminaren.<\/li>\n<\/ul>\n<\/div>\n<\/div>\n\n\n\n<div class=\"wp-block-group is-vertical is-layout-flex wp-container-core-group-is-layout-d255d7c4 wp-block-group-is-layout-flex\" style=\"padding-top:var(--wp--preset--spacing--80);padding-bottom:var(--wp--preset--spacing--80)\">\n<h2 class=\"wp-block-heading\" style=\"padding-top:var(--wp--preset--spacing--40);padding-bottom:var(--wp--preset--spacing--40);font-size:25px;font-style:normal;font-weight:600;text-transform:capitalize\">Vielseitig Einsetzbar<\/h2>\n\n\n\n<p>Dieses 50x50mm LED-Kanal-Ringleuchtengeh\u00e4use ist ein einfacher Weg, um viele gro\u00dfartige Lichtprojekte zu starten. Verwenden Sie es, um zu gestalten:<\/p>\n\n\n\n<ul class=\"wp-block-list\">\n<li>Besprechungszimmer und gewerbliche B\u00fcros<\/li>\n\n\n\n<li>Hotellobbys und Atrien<\/li>\n\n\n\n<li>Einzelhandelsausstellungen und Boutiquen<\/li>\n\n\n\n<li>Wohn- und Essbereiche in Wohnungen<\/li>\n\n\n\n<li>K\u00fcnstlerstudios und kreative Arbeitsr\u00e4ume<\/li>\n<\/ul>\n<\/div>\n\n\n\n<div class=\"wp-block-group has-background is-vertical is-layout-flex wp-container-core-group-is-layout-b429018a wp-block-group-is-layout-flex\" style=\"background-color:#f1f1f1f2;padding-top:var(--wp--preset--spacing--70);padding-bottom:var(--wp--preset--spacing--70)\">\n<h2 class=\"wp-block-heading\" style=\"padding-top:var(--wp--preset--spacing--40);padding-bottom:var(--wp--preset--spacing--40);font-size:25px;font-style:normal;font-weight:600\">Kompatibel mit diesen LED-Bandlichtern<\/h2>\n\n\n\n<ul class=\"wp-block-list\">\n<li>LED strips with a high CRI (Ra > 90) for accurate colors.<\/li>\n\n\n\n<li>Wei\u00dfe LED-Streifen in einer Farbe (3000K, 4000K oder 6000K).<\/li>\n\n\n\n<li>Streifen, die die Farbe von RGB zu RGBW \u00e4ndern.<\/li>\n\n\n\n<li>Streifen, die bis zu 20mm breit sind, passen bequem in den Profilkanal.<\/li>\n<\/ul>\n<\/div>\n\n\n\n<div class=\"wp-block-group\" style=\"padding-top:var(--wp--preset--spacing--80);padding-bottom:var(--wp--preset--spacing--80)\"><div class=\"wp-block-group__inner-container is-layout-constrained wp-block-group-is-layout-constrained\">\n<p>Das TG-C5050 50x50mm LED-Kanal-Ringleuchtengeh\u00e4use ist eine ausgezeichnete Wahl. Es vereint St\u00e4rke, Stil und gutes Licht. Beginnen Sie noch heute damit, Ihre eigenen professionellen, langlebigen Ringleuchten herzustellen!<\/p>\n\n\n\n<p><\/p>\n<\/div><\/div>","protected":false},"featured_media":20011,"template":"","meta":{"_acf_changed":true,"_seopress_robots_primary_cat":"none","_seopress_titles_title":"50x50mm LED Channel Ring Light Housing C5050 | TANGOOLED","_seopress_titles_desc":"The C5050 is a heavy-duty 50x50mm led channel ring light housing for large-scale pendants. The diameters can be customized with the requested sizes.","_seopress_robots_index":""},"pcb-width":[230],"product-cat":[202],"class_list":{"0":"post-42383","1":"product","2":"type-product","3":"status-publish","4":"has-post-thumbnail","6":"pcb-width-20-25mm","7":"product-cat-circular-profile"},"acf":[],"_links":{"self":[{"href":"https:\/\/tangooled.com\/de\/wp-json\/wp\/v2\/product\/42383","targetHints":{"allow":["GET"]}}],"collection":[{"href":"https:\/\/tangooled.com\/de\/wp-json\/wp\/v2\/product"}],"about":[{"href":"https:\/\/tangooled.com\/de\/wp-json\/wp\/v2\/types\/product"}],"wp:featuredmedia":[{"embeddable":true,"href":"https:\/\/tangooled.com\/de\/wp-json\/wp\/v2\/media\/20011"}],"wp:attachment":[{"href":"https:\/\/tangooled.com\/de\/wp-json\/wp\/v2\/media?parent=42383"}],"wp:term":[{"taxonomy":"pcb-width","embeddable":true,"href":"https:\/\/tangooled.com\/de\/wp-json\/wp\/v2\/pcb-width?post=42383"},{"taxonomy":"product-cat","embeddable":true,"href":"https:\/\/tangooled.com\/de\/wp-json\/wp\/v2\/product-cat?post=42383"}],"curies":[{"name":"wp","href":"https:\/\/api.w.org\/{rel}","templated":true}]}}