{"id":42226,"date":"2025-12-17T20:32:15","date_gmt":"2025-12-18T04:32:15","guid":{"rendered":"https:\/\/tangooled.com\/?post_type=product&#038;p=42226"},"modified":"2026-02-02T01:58:15","modified_gmt":"2026-02-02T09:58:15","slug":"fl04-wide-flanged-in-ground-led-profile","status":"publish","type":"product","link":"https:\/\/tangooled.com\/de\/product\/fl04-wide-flanged-in-ground-led-profile\/","title":{"rendered":"FL04: 26 mm breiter Flansch-LED-Kanal zum Einbauen"},"content":{"rendered":"<div class=\"wp-block-group is-vertical is-layout-flex wp-container-core-group-is-layout-d255d7c4 wp-block-group-is-layout-flex\" style=\"padding-top:var(--wp--preset--spacing--80);padding-bottom:var(--wp--preset--spacing--80)\">\n<p>This FL04 wide flanged In-ground LED channel is 26mm deep and 27.4mm wide, it fits well in concrete, wood, or stone without any gaps. The 12.4mm internal chamber is great for high-performance LED strips, as\u00a0it helps maintain consistent temperature\u00a0over time.<\/p>\n\n\n\n<p>Er ist stark genug, um viel Fu\u00dfverkehr und leichte Fahrzeugbelastungen zu bew\u00e4ltigen, dank seiner hochwertigen Aluminiumkonstruktion. Dieses wetterfeste Kanal beleuchtet Auffahrten, Gartenwege und gewerbliche Flure auf eine saubere und gleichm\u00e4\u00dfige Art und Weise, die sie radikal ver\u00e4ndert. Diese Flanschl\u00f6sung sch\u00fctzt Ihre Investition vor Witterungseinfl\u00fcssen und bietet Ihrem Zuhause einen professionellen, flachen Lichtabschluss, der es sicherer macht, im Freien oder drinnen zu sein.<\/p>\n<\/div>\n\n\n\n<div class=\"wp-block-group has-background is-vertical is-layout-flex wp-container-core-group-is-layout-d255d7c4 wp-block-group-is-layout-flex\" style=\"background-color:#f1f1f1;padding-top:var(--wp--preset--spacing--80);padding-bottom:var(--wp--preset--spacing--80)\">\n<div class=\"wp-block-group is-vertical is-layout-flex wp-container-core-group-is-layout-8cf370e7 wp-block-group-is-layout-flex\">\n<h2 class=\"wp-block-heading\" style=\"padding-top:var(--wp--preset--spacing--40);padding-bottom:var(--wp--preset--spacing--40);font-size:25px;font-style:normal;font-weight:600;text-transform:capitalize\">Warum sollten Sie unseren breiten Flansch-LED-Kanal zum Einbauen w\u00e4hlen?<\/h2>\n\n\n\n<ul class=\"wp-block-list\">\n<li>Stark und langlebig: Er besteht aus anodisiertem Aluminium, das Fu\u00dfverkehr und schlechtem Wetter standh\u00e4lt.<\/li>\n\n\n\n<li>Sauberer Kantenabschluss: Der Flansch verbirgt raue Kanten in Stein und Beton, sodass sie sauber aussehen.<\/li>\n\n\n\n<li>Wasserdichte Schutz: Wenn er ordnungsgem\u00e4\u00df abgedichtet ist, kann er Wasser, Staub und Sch\u00e4dlinge fernhalten, da er eine IP67-Bewertung hat.<\/li>\n\n\n\n<li>Licht ohne Punkte: Der opale Diffusor macht das Licht weich und glatt, ohne Flecken oder Blendeffekte.<\/li>\n\n\n\n<li>Sie k\u00f6nnen ihn auf vielen verschiedenen Bodenarten verwenden, wie Fliesen, Beton, Stein, Holz und mehr.<\/li>\n\n\n\n<li>Passt f\u00fcr breite LED-Streifen: Der innere Abstand kann LED-Streifen bis zu 12 mm Breite halten, und wasserdichte LED-Streifen funktionieren damit.<\/li>\n<\/ul>\n<\/div>\n<\/div>\n\n\n\n<div class=\"wp-block-group\" style=\"padding-top:var(--wp--preset--spacing--60);padding-bottom:var(--wp--preset--spacing--60)\"><div class=\"wp-block-group__inner-container is-layout-constrained wp-block-group-is-layout-constrained\">\n<div class=\"wp-block-media-text has-media-on-the-right is-stacked-on-mobile\" style=\"grid-template-columns:auto 40%\"><div class=\"wp-block-media-text__content\">\n<h2 class=\"wp-block-heading\" style=\"padding-top:var(--wp--preset--spacing--40);padding-bottom:var(--wp--preset--spacing--40);font-size:25px;font-style:normal;font-weight:600;text-transform:capitalize\">Einfache Schritte zur Installation<\/h2>\n\n\n\n<ul class=\"wp-block-list\">\n<li>Machen Sie eine Nut in Ihrem Weg oder Auffahrt.<\/li>\n\n\n\n<li>Legen Sie den Aluminiumkanal in die Nut.<\/li>\n\n\n\n<li>Platzieren Sie Ihren LED-Streifen im Kanal.<\/li>\n\n\n\n<li>Befestigen Sie ihn und schalten Sie den Diffusor ein.<\/li>\n\n\n\n<li>Seal the ends with silicone and end caps so that water can&#8217;t get in.<\/li>\n<\/ul>\n<\/div><figure class=\"wp-block-media-text__media\"><img loading=\"lazy\" decoding=\"async\" width=\"500\" height=\"500\" src=\"https:\/\/tangooled.com\/wp-content\/uploads\/2025\/12\/fl04-ins-1.webp\" alt=\"26mm flanged in ground led channel for path lighting\" class=\"wp-image-42256 size-full\" srcset=\"https:\/\/tangooled.com\/wp-content\/uploads\/2025\/12\/fl04-ins-1.webp 500w, https:\/\/tangooled.com\/wp-content\/uploads\/2025\/12\/fl04-ins-1-300x300.webp 300w, https:\/\/tangooled.com\/wp-content\/uploads\/2025\/12\/fl04-ins-1-150x150.webp 150w\" sizes=\"auto, (max-width: 500px) 100vw, 500px\" \/><\/figure><\/div>\n<\/div><\/div>\n\n\n\n<div class=\"wp-block-group has-background is-vertical is-layout-flex wp-container-core-group-is-layout-b429018a wp-block-group-is-layout-flex\" style=\"background-color:#f1f1f1f2;padding-top:var(--wp--preset--spacing--70);padding-bottom:var(--wp--preset--spacing--70)\">\n<h2 class=\"wp-block-heading\" style=\"padding-top:var(--wp--preset--spacing--40);padding-bottom:var(--wp--preset--spacing--40);font-size:25px;font-style:normal;font-weight:600;text-transform:capitalize\">Was k\u00f6nnen Sie mit diesem LED-Kanal f\u00fcr Wegbeleuchtung machen?<\/h2>\n\n\n\n<p>Unser 26 mm flanged In-ground LED-Kanal ist ideal f\u00fcr viele Anwendungen, wie zum Beispiel:<\/p>\n\n\n\n<ul class=\"wp-block-list\">\n<li>Gartenwege und -pfade: Machen Sie Ihre Spazierwege sicher und sch\u00f6n mit Licht.<\/li>\n\n\n\n<li>Einfahrten und Garagenbereiche: Verwenden Sie ihn, um die R\u00e4nder von Auffahrten und Bordsteinen mit einem gleichm\u00e4\u00dfigen, hellen Licht zu beleuchten.<\/li>\n\n\n\n<li>Kanten von Docks und Terrassen: Installieren Sie ihn so, dass er eben mit dem Deck ist, um die Kanten und Stufen zu sehen.<\/li>\n\n\n\n<li>\u00d6ffentliche R\u00e4ume: Parks und Pl\u00e4tze sind fantastische Orte, um die Sicherheit von Menschen zu gew\u00e4hrleisten und ihnen zu helfen, dorthin zu gelangen, wo sie hin m\u00fcssen.<\/li>\n<\/ul>\n\n\n\n<p style=\"padding-right:var(--wp--preset--spacing--50);padding-left:var(--wp--preset--spacing--50)\">Sehen Sie sich unser schwarzes LED-Profil mit schwarzem Diffusor f\u00fcr 10 mm LED-Streifen an<a href=\"https:\/\/tangooled.com\/de\/product\/black-led-profile-with-black-diffuser-for-10mm-led-strip-light\/\"><mark style=\"background-color:rgba(0, 0, 0, 0)\" class=\"has-inline-color has-vivid-red-color\"> hier<\/mark><\/a> und unser<a href=\"https:\/\/tangooled.com\/de\/product\/led-strip-light-channel-aluminum-profile-with-diffused-cover-6mm-height\/\"><mark style=\"background-color:rgba(0, 0, 0, 0)\" class=\"has-inline-color has-vivid-red-color\"> <\/mark><\/a>Aluminiumprofil f\u00fcr LED-Streifen mit diffusem Deckel, 6 mm H\u00f6he <a href=\"https:\/\/tangooled.com\/de\/product\/led-strip-light-channel-aluminum-profile-with-diffused-cover-6mm-height\/\"><mark style=\"background-color:rgba(0, 0, 0, 0)\" class=\"has-inline-color has-vivid-red-color\">hier<\/mark><\/a> f\u00fcr weitere Optionen.<\/p>\n<\/div>\n\n\n\n<div class=\"wp-block-group\" style=\"padding-top:var(--wp--preset--spacing--80);padding-bottom:var(--wp--preset--spacing--80)\"><div class=\"wp-block-group__inner-container is-layout-constrained wp-block-group-is-layout-constrained\">\n<h2 class=\"wp-block-heading\" style=\"padding-top:var(--wp--preset--spacing--40);padding-bottom:var(--wp--preset--spacing--40);font-size:25px;font-style:normal;font-weight:600;text-transform:capitalize\">Zusammenfassung<\/h2>\n\n\n\n<p>Unser 26 mm flanged In-ground LED-Kanal ist eine robuste, ordentliche und wasserdichte M\u00f6glichkeit, Auffahrten, Terrassen, Wege und Docks zu beleuchten. Er h\u00e4lt LED-Streifen an Ort und Stelle und sch\u00fctzt sie vor Schmutz und Wasser. Der Flansch verdeckt raue Kanten, sodass er sauber aussieht. Da er aus anodisiertem Aluminium besteht, ist er einfach zusammenzubauen und wird lange halten.<\/p>\n<\/div><\/div>","protected":false},"featured_media":13539,"template":"","meta":{"_acf_changed":true,"_seopress_robots_primary_cat":"none","_seopress_titles_title":"Wide Flanged In-Ground LED Profile | 26mm Path Lighting FL04 | TANGOOLED","_seopress_titles_desc":"The FL04 is a wide flanged in-ground led profile with a 26mm aperture. This heavy-duty aluminum channel is designed to house wider LED strips for bold, recessed path lighting with an easy-to-install flange.","_seopress_robots_index":""},"pcb-width":[228],"product-cat":[199],"class_list":{"0":"post-42226","1":"product","2":"type-product","3":"status-publish","4":"has-post-thumbnail","6":"pcb-width-6-12mm","7":"product-cat-inground-profile"},"acf":[],"_links":{"self":[{"href":"https:\/\/tangooled.com\/de\/wp-json\/wp\/v2\/product\/42226","targetHints":{"allow":["GET"]}}],"collection":[{"href":"https:\/\/tangooled.com\/de\/wp-json\/wp\/v2\/product"}],"about":[{"href":"https:\/\/tangooled.com\/de\/wp-json\/wp\/v2\/types\/product"}],"wp:featuredmedia":[{"embeddable":true,"href":"https:\/\/tangooled.com\/de\/wp-json\/wp\/v2\/media\/13539"}],"wp:attachment":[{"href":"https:\/\/tangooled.com\/de\/wp-json\/wp\/v2\/media?parent=42226"}],"wp:term":[{"taxonomy":"pcb-width","embeddable":true,"href":"https:\/\/tangooled.com\/de\/wp-json\/wp\/v2\/pcb-width?post=42226"},{"taxonomy":"product-cat","embeddable":true,"href":"https:\/\/tangooled.com\/de\/wp-json\/wp\/v2\/product-cat?post=42226"}],"curies":[{"name":"wp","href":"https:\/\/api.w.org\/{rel}","templated":true}]}}