{"id":42224,"date":"2025-12-17T20:28:24","date_gmt":"2025-12-18T04:28:24","guid":{"rendered":"https:\/\/tangooled.com\/?post_type=product&#038;p=42224"},"modified":"2026-02-02T01:57:51","modified_gmt":"2026-02-02T09:57:51","slug":"26mm-floor-recessed-led-aluminum-channel-for-12mm-strips","status":"publish","type":"product","link":"https:\/\/tangooled.com\/de\/product\/26mm-floor-recessed-led-aluminum-channel-for-12mm-strips\/","title":{"rendered":"26 mm Einbau-LED-Aluminiumkanal f\u00fcr 12 mm Streifen"},"content":{"rendered":"<div class=\"wp-block-group is-vertical is-layout-flex wp-container-core-group-is-layout-d255d7c4 wp-block-group-is-layout-flex\" style=\"padding-top:var(--wp--preset--spacing--80);padding-bottom:var(--wp--preset--spacing--80)\">\n<p>Unser 26 mm eingelassener LED-Aluminiumkanal ist f\u00fcr lineare Bodenbeleuchtung konzipiert. Dieses robuste Aluminiumprofil passt perfekt in Decks, Einfahrten, G\u00e4rten und Gehwege. Es sch\u00fctzt LED-Streifen besser als alles andere und sorgt daf\u00fcr, dass sie drinnen und drau\u00dfen zuverl\u00e4ssig und konstant arbeiten.<\/p>\n\n\n\n<p>Dieser 26 mm eingelassene Kanal besteht aus hochwertigem, robustem Aluminium, das Fu\u00dfg\u00e4ngerverkehr und moderate Fahrzeuglasten aufnehmen kann und gleichzeitig als effizienter W\u00e4rmesenker fungiert. Er erzeugt eine klare, blendfreie Lichtlinie, die endlos weitergeht und jeden Ort sch\u00f6ner macht. Diese flexible L\u00f6sung funktioniert sowohl drinnen als auch drau\u00dfen, zum Beispiel in Gartenwegen, Einfahrten, Fluren und belebten \u00f6ffentlichen R\u00e4umen.<\/p>\n<\/div>\n\n\n\n<div class=\"wp-block-group has-background is-vertical is-layout-flex wp-container-core-group-is-layout-d255d7c4 wp-block-group-is-layout-flex\" style=\"background-color:#f1f1f1;padding-top:var(--wp--preset--spacing--80);padding-bottom:var(--wp--preset--spacing--80)\">\n<div class=\"wp-block-group is-vertical is-layout-flex wp-container-core-group-is-layout-8cf370e7 wp-block-group-is-layout-flex\">\n<h2 class=\"wp-block-heading\" style=\"padding-top:var(--wp--preset--spacing--40);padding-bottom:var(--wp--preset--spacing--40);font-size:25px;font-style:normal;font-weight:600;text-transform:capitalize\">Warum sollten Sie unseren 26 mm eingelassenen LED-Aluminiumkanal w\u00e4hlen?<\/h2>\n\n\n\n<ul class=\"wp-block-list\">\n<li>Robust und langlebig: Der Kanal f\u00fcr die B\u00f6den besteht aus 6063-T5 Aluminium, das Ihre LED-Streifen k\u00fchl und sicher h\u00e4lt.<\/li>\n\n\n\n<li>Flush und sauberes Aussehen: Dieser eingelassene Bodenkanal f\u00fcgt sich perfekt in B\u00f6den aus Fliesen, Holz oder Beton ein.<\/li>\n\n\n\n<li>Sanftes Licht: Die opale Diffusor-Abdeckung beseitigt harte Bereiche und sorgt f\u00fcr eine gleichm\u00e4\u00dfige Lichtverteilung.<\/li>\n\n\n\n<li>Passt f\u00fcr LED-Streifen bis zu 12 mm Breite: Der Kanal hat die perfekte Gr\u00f6\u00dfe f\u00fcr LED-Streifen, die 12 mm breit oder schmaler sind.<\/li>\n\n\n\n<li>Water-Resistant: Works with waterproof LED strips\uff0c making it suitable for damp locations or covered outdoor walkways.<\/li>\n\n\n\n<li>Einfach zu schneiden: Er wird in L\u00e4ngen von 2 und 3 Metern geliefert, sodass Sie ihn auf die ben\u00f6tigte L\u00e4nge zuschneiden k\u00f6nnen.<\/li>\n<\/ul>\n<\/div>\n<\/div>\n\n\n\n<div class=\"wp-block-group is-vertical is-layout-flex wp-container-core-group-is-layout-d255d7c4 wp-block-group-is-layout-flex\" style=\"padding-top:var(--wp--preset--spacing--80);padding-bottom:var(--wp--preset--spacing--80)\">\n<hr class=\"wp-block-separator has-alpha-channel-opacity\"\/>\n\n\n\n<div class=\"wp-block-media-text has-media-on-the-right is-stacked-on-mobile\" style=\"grid-template-columns:auto 40%\"><div class=\"wp-block-media-text__content\">\n<h2 class=\"wp-block-heading\" style=\"padding-top:var(--wp--preset--spacing--40);padding-bottom:var(--wp--preset--spacing--40);font-size:25px;font-style:normal;font-weight:600;text-transform:capitalize\">Installationstipps<\/h2>\n\n\n\n<ul class=\"wp-block-list\">\n<li>Verwenden Sie eine feine S\u00e4ge, um den Aluminiumkanal und den Diffusor auf die richtige L\u00e4nge zu schneiden.<\/li>\n\n\n\n<li>Setzen Sie den Kanal in eine Nut oder ein Loch im Boden ein.<\/li>\n\n\n\n<li>Legen Sie den 12 mm breiten LED-Streifen in den Kanal.<\/li>\n\n\n\n<li>Um das Licht sanfter zu machen, bringen Sie den opalen Diffusor an.<\/li>\n\n\n\n<li>Um die Enden des LED-Streifens zu sch\u00fctzen, setzen Sie Endkappen auf.<\/li>\n\n\n\n<li>Dichten Sie die Kanten mit Silikon ab, wenn der Kanal im Freien oder in feuchten Bereichen verwendet wird.<\/li>\n<\/ul>\n<\/div><figure class=\"wp-block-media-text__media\"><img loading=\"lazy\" decoding=\"async\" width=\"500\" height=\"500\" src=\"https:\/\/tangooled.com\/wp-content\/uploads\/2025\/12\/fl04-ins.webp\" alt=\"26mm floor recessed led aluminum channel for 12mm led strips\" class=\"wp-image-42248 size-full\" srcset=\"https:\/\/tangooled.com\/wp-content\/uploads\/2025\/12\/fl04-ins.webp 500w, https:\/\/tangooled.com\/wp-content\/uploads\/2025\/12\/fl04-ins-300x300.webp 300w, https:\/\/tangooled.com\/wp-content\/uploads\/2025\/12\/fl04-ins-150x150.webp 150w\" sizes=\"auto, (max-width: 500px) 100vw, 500px\" \/><\/figure><\/div>\n<\/div>\n\n\n\n<div class=\"wp-block-group has-background is-vertical is-layout-flex wp-container-core-group-is-layout-b429018a wp-block-group-is-layout-flex\" style=\"background-color:#f1f1f1f2;padding-top:var(--wp--preset--spacing--70);padding-bottom:var(--wp--preset--spacing--70)\">\n<h2 class=\"wp-block-heading\" style=\"padding-top:var(--wp--preset--spacing--40);padding-bottom:var(--wp--preset--spacing--40);font-size:25px;font-style:normal;font-weight:600\">Wo kann der 26 mm eingelassene LED-Aluminiumkanal verwendet werden?<\/h2>\n\n\n\n<p>Dieser LED-Kanal kann an vielen verschiedenen Orten verwendet werden:<\/p>\n\n\n\n<ul class=\"wp-block-list\">\n<li>B\u00f6den in Wohn- und B\u00fcrogeb\u00e4uden: Funktioniert gut auf Fliesen-, Holz-, Laminat- oder Betonb\u00f6den.<\/li>\n\n\n\n<li>Weg und Flure: Helfen Sie, den Weg sicher und stilvoll zu beleuchten.<\/li>\n\n\n\n<li>Feuchte Bereiche und Badezimmer: Verwenden Sie wasserdichte LED-Streifen mit IP67 und stellen Sie sicher, dass der Raum gut abgedichtet ist.<\/li>\n\n\n\n<li>Au\u00dfen-Pergolen und Decks: Funktioniert gut auf Wegen im Freien, wenn sie wasserdicht sind.<\/li>\n\n\n\n<li>Treppen: F\u00fcgen Sie den Treppen Licht hinzu, um sie sicherer und moderner zu gestalten.<\/li>\n<\/ul>\n<\/div>\n\n\n\n<div class=\"wp-block-group\" style=\"padding-top:var(--wp--preset--spacing--70);padding-bottom:var(--wp--preset--spacing--70)\"><div class=\"wp-block-group__inner-container is-layout-constrained wp-block-group-is-layout-constrained\">\n<h2 class=\"wp-block-heading\" style=\"padding-top:var(--wp--preset--spacing--40);padding-bottom:var(--wp--preset--spacing--40);font-size:25px;font-style:normal;font-weight:600;text-transform:capitalize\">Sie k\u00f6nnten auch an diesen verwandten Produkten interessiert sein<\/h2>\n\n\n\n<ul class=\"wp-block-list\">\n<li>Entdecken Sie das <a href=\"https:\/\/tangooled.com\/de\/product\/black-led-diffuser-aluminum-channel-for-12mm-tape-lights\/\"><mark style=\"background-color:rgba(0, 0, 0, 0)\" class=\"has-inline-color has-vivid-red-color\">schwarzes LED-Diffusor-Aluminiumprofil f\u00fcr 12mm LED-B\u00e4nder <\/mark><\/a>f\u00fcr eine stilvolle schwarze Ausf\u00fchrung.<\/li>\n\n\n\n<li>Schauen Sie sich das an <a href=\"https:\/\/tangooled.com\/de\/product\/18x18mm-led-strip-corner-profile-for-12mm-led-strips\/\"><mark style=\"background-color:rgba(0, 0, 0, 0)\" class=\"has-inline-color has-vivid-red-color\">18x18mm LED-Streifen-Eckprofil f\u00fcr 12mm LED-Streifen<\/mark><\/a> f\u00fcr Beleuchtungsbedarf in Ecken.<\/li>\n\n\n\n<li>F\u00fcr Montageoptionen auf der Oberfl\u00e4che, siehe die <a href=\"https:\/\/tangooled.com\/de\/product\/surface-mount-led-profile-with-frosted-diffuser-for-10mm-rope-lights\/\"><mark style=\"background-color:rgba(0, 0, 0, 0)\" class=\"has-inline-color has-vivid-red-color\">Oberfl\u00e4chenmontage LED-Profil mit satiniertem Diffusor f\u00fcr 10mm Seilschn\u00fcre<\/mark><\/a>.<\/li>\n\n\n\n<li>Versuchen Sie den eingelassenen<a href=\"https:\/\/tangooled.com\/de\/product\/recessed-17mm-led-profile-aluminum-channel-for-12mm-led-strips\/\"><mark style=\"background-color:rgba(0, 0, 0, 0)\" class=\"has-inline-color has-vivid-red-color\">17 mm LED-Profil-Aluminiumkanal f\u00fcr 12 mm LED-Streifen <\/mark><\/a>f\u00fcr unterschiedliche Gr\u00f6\u00dfenbed\u00fcrfnisse.<\/li>\n<\/ul>\n<\/div><\/div>\n\n\n\n<div class=\"wp-block-group has-background\" style=\"background-color:#f1f1f1;padding-top:var(--wp--preset--spacing--80);padding-bottom:var(--wp--preset--spacing--80)\"><div class=\"wp-block-group__inner-container is-layout-constrained wp-block-group-is-layout-constrained\">\n<p>F\u00fcr weitere Beleuchtungsprofile und Ideen, schauen Sie sich einige unserer anderen Bestseller an.Dazu geh\u00f6ren ein <a href=\"https:\/\/tangooled.com\/de\/product\/black-led-profile-with-black-diffuser-for-10mm-led-strip-light\/\"><mark style=\"background-color:rgba(0, 0, 0, 0)\" class=\"has-inline-color has-vivid-red-color\">schwarzes LED-Profil mit schwarzem Diffusor f\u00fcr 10mm LED-Streifen<\/mark><\/a> und die <a href=\"https:\/\/tangooled.com\/de\/product\/25x6mm-low-profile-led-strip-channel-for-10mm-led-strip-light\/\"><mark style=\"background-color:rgba(0, 0, 0, 0)\" class=\"has-inline-color has-vivid-red-color\">25x6 mm Flachprofil-LED-Streifenkanal f\u00fcr 10 mm Streifen<\/mark><\/a>.<\/p>\n<\/div><\/div>\n\n\n\n<p><\/p>","protected":false},"featured_media":13536,"template":"","meta":{"_acf_changed":true,"_seopress_robots_primary_cat":"none","_seopress_titles_title":"26mm Floor Recessed LED Aluminum Channel | FL03 Linear Floor Light | TANGOOLED","_seopress_titles_desc":"The FL03 is a professional 26mm floor recessed led aluminum channel designed for 12mm LED strips. This heavy-duty walk-over profile creates a wide, bold linear light path for commercial and architectural flooring.","_seopress_robots_index":""},"pcb-width":[228],"product-cat":[199],"class_list":{"0":"post-42224","1":"product","2":"type-product","3":"status-publish","4":"has-post-thumbnail","6":"pcb-width-6-12mm","7":"product-cat-inground-profile"},"acf":[],"_links":{"self":[{"href":"https:\/\/tangooled.com\/de\/wp-json\/wp\/v2\/product\/42224","targetHints":{"allow":["GET"]}}],"collection":[{"href":"https:\/\/tangooled.com\/de\/wp-json\/wp\/v2\/product"}],"about":[{"href":"https:\/\/tangooled.com\/de\/wp-json\/wp\/v2\/types\/product"}],"wp:featuredmedia":[{"embeddable":true,"href":"https:\/\/tangooled.com\/de\/wp-json\/wp\/v2\/media\/13536"}],"wp:attachment":[{"href":"https:\/\/tangooled.com\/de\/wp-json\/wp\/v2\/media?parent=42224"}],"wp:term":[{"taxonomy":"pcb-width","embeddable":true,"href":"https:\/\/tangooled.com\/de\/wp-json\/wp\/v2\/pcb-width?post=42224"},{"taxonomy":"product-cat","embeddable":true,"href":"https:\/\/tangooled.com\/de\/wp-json\/wp\/v2\/product-cat?post=42224"}],"curies":[{"name":"wp","href":"https:\/\/api.w.org\/{rel}","templated":true}]}}