{"id":42222,"date":"2025-12-17T20:25:28","date_gmt":"2025-12-18T04:25:28","guid":{"rendered":"https:\/\/tangooled.com\/?post_type=product&#038;p=42222"},"modified":"2026-02-02T01:57:30","modified_gmt":"2026-02-02T09:57:30","slug":"walkway-embedded-10mm-flanged-slim-led-channel-for-10mm-strip","status":"publish","type":"product","link":"https:\/\/tangooled.com\/de\/product\/walkway-embedded-10mm-flanged-slim-led-channel-for-10mm-strip\/","title":{"rendered":"Gehweg eingelassener 10 mm Flansch-slim LED-Kanal f\u00fcr 10 mm Streifen"},"content":{"rendered":"<div class=\"wp-block-group is-vertical is-layout-flex wp-container-core-group-is-layout-d255d7c4 wp-block-group-is-layout-flex\" style=\"padding-top:var(--wp--preset--spacing--80);padding-bottom:var(--wp--preset--spacing--80)\">\n<p>Unser FL02 eingelassener Fu\u00dfboden-LED-Kanal mit Flansch erleichtert das Sehen von Fu\u00dfb\u00f6den und Wegen. Dieses robuste Aluminiumprofil ist einfach zu installieren und sieht auf B\u00f6den, Pflasterungen und Wegen sch\u00f6n und b\u00fcndig aus. Es hat eine interne Breite von 12,4 mm, sodass es mit vielen verschiedenen LED-Streifen funktioniert und deren Lebensdauer verl\u00e4ngert, indem es die W\u00e4rme leichter entweichen l\u00e4sst. Das flache Design schafft eine glatte, durchgehende Lichtlinie, die vollst\u00e4ndig vor Fu\u00dfg\u00e4ngeverkehr gesch\u00fctzt ist, was die Installation sicher und trippsicher macht.<\/p>\n<\/div>\n\n\n\n<div class=\"wp-block-group has-background is-vertical is-layout-flex wp-container-core-group-is-layout-d255d7c4 wp-block-group-is-layout-flex\" style=\"background-color:#f1f1f1;padding-top:var(--wp--preset--spacing--80);padding-bottom:var(--wp--preset--spacing--80)\">\n<div class=\"wp-block-group is-vertical is-layout-flex wp-container-core-group-is-layout-8cf370e7 wp-block-group-is-layout-flex\">\n<h2 class=\"wp-block-heading\" style=\"padding-top:var(--wp--preset--spacing--40);padding-bottom:var(--wp--preset--spacing--40);font-size:25px;font-style:normal;font-weight:600;text-transform:capitalize\">Warum sollten Sie unseren eingelassenen Fu\u00dfboden-LED-Kanal mit Flansch w\u00e4hlen?<\/h2>\n\n\n\n<ul class=\"wp-block-list\">\n<li>It&#8217;s only about 10mm deep and fits in small spaces.<\/li>\n\n\n\n<li>Starker Flanschrand: Dies macht die Kanten von Fliesen oder Beton attraktiv.<\/li>\n\n\n\n<li>Fu\u00dfg\u00e4ngerfreundlich: Stark genug, um Fu\u00dfg\u00e4ngeverkehr ohne Bruch zu bew\u00e4ltigen.<\/li>\n\n\n\n<li>Hitzefreundlich: Der Aluminiumk\u00f6rper h\u00e4lt die LED-Streifen k\u00fchl, was deren Lebensdauer verl\u00e4ngert.<\/li>\n\n\n\n<li>Der opale&nbsp;Diffusor streut das Licht gleichm\u00e4\u00dfig und macht es klar und hell.<\/li>\n<\/ul>\n<\/div>\n<\/div>\n\n\n\n<div class=\"wp-block-group\" style=\"padding-top:var(--wp--preset--spacing--60);padding-bottom:var(--wp--preset--spacing--60)\"><div class=\"wp-block-group__inner-container is-layout-constrained wp-block-group-is-layout-constrained\">\n<div class=\"wp-block-media-text has-media-on-the-right is-stacked-on-mobile\" style=\"grid-template-columns:auto 40%\"><div class=\"wp-block-media-text__content\">\n<h2 class=\"wp-block-heading\" style=\"padding-top:var(--wp--preset--spacing--40);padding-bottom:var(--wp--preset--spacing--40);font-size:25px;font-style:normal;font-weight:600;text-transform:capitalize\">Installationsschritte<\/h2>\n\n\n\n<ul class=\"wp-block-list\">\n<li>Schneiden Sie eine Nut in die Route oder den Boden f\u00fcr den Kanal.<\/li>\n\n\n\n<li>Setzen Sie den Kanal b\u00fcndig mit der Oberfl\u00e4che ein; der Flansch wird die Kanten abdecken.<\/li>\n\n\n\n<li>Um den Kanal an Ort und Stelle zu halten, verwenden Sie Baukleber, M\u00f6rtel oder Zement.<\/li>\n\n\n\n<li>The channel can&#8217;t be wider than 12 mm,  put the LED strip inside it.<\/li>\n\n\n\n<li>Um das Licht gleichm\u00e4\u00dfig zu verteilen, setzen Sie den opalen Diffusor oben auf.<\/li>\n\n\n\n<li>Dichten Sie die Endkappen mit Silikon ab, damit sie au\u00dfen wasserdicht sind (IP67).<\/li>\n<\/ul>\n<\/div><figure class=\"wp-block-media-text__media\"><img loading=\"lazy\" decoding=\"async\" width=\"500\" height=\"500\" src=\"https:\/\/tangooled.com\/wp-content\/uploads\/2025\/12\/fl02-ins.webp\" alt=\"walkway embedded 10mm flanged slim led channel for 10mm led strip\" class=\"wp-image-42245 size-full\" srcset=\"https:\/\/tangooled.com\/wp-content\/uploads\/2025\/12\/fl02-ins.webp 500w, https:\/\/tangooled.com\/wp-content\/uploads\/2025\/12\/fl02-ins-300x300.webp 300w, https:\/\/tangooled.com\/wp-content\/uploads\/2025\/12\/fl02-ins-150x150.webp 150w\" sizes=\"auto, (max-width: 500px) 100vw, 500px\" \/><\/figure><\/div>\n<\/div><\/div>\n\n\n\n<div class=\"wp-block-group has-background is-vertical is-layout-flex wp-container-core-group-is-layout-b429018a wp-block-group-is-layout-flex\" style=\"background-color:#f1f1f1f2;padding-top:var(--wp--preset--spacing--70);padding-bottom:var(--wp--preset--spacing--70)\">\n<h2 class=\"wp-block-heading\" style=\"padding-top:var(--wp--preset--spacing--40);padding-bottom:var(--wp--preset--spacing--40);font-size:25px;font-style:normal;font-weight:600\">Wie man den eingelassenen 10 mm Flansch Slim LED-Kanal verwendet<\/h2>\n\n\n\n<ul class=\"wp-block-list\">\n<li>Saubere Einbaubeleuchtung kann Gartenwege sicherer und heller machen.<\/li>\n\n\n\n<li>Lichter f\u00fcr Terrassen und Balkone: Setzen Sie LED-Kan\u00e4le in Holz- oder Verbunddeckungen ein, um eine fantastische Randbeleuchtung zu erzielen.<\/li>\n\n\n\n<li>Fliesenb\u00f6den innen: Sie machen K\u00fcchen, B\u00e4der und Flure mit b\u00fcndiger Beleuchtung gro\u00dfartig.<\/li>\n\n\n\n<li>Verwenden Sie helle, langlebige Lichter, um Routen und Grenzen auf Auffahrten und Garagenb\u00f6den zu kennzeichnen.<\/li>\n<\/ul>\n<\/div>\n\n\n\n<div class=\"wp-block-group is-vertical is-layout-flex wp-container-core-group-is-layout-d255d7c4 wp-block-group-is-layout-flex\" style=\"padding-top:var(--wp--preset--spacing--80);padding-bottom:var(--wp--preset--spacing--80)\">\n<h2 class=\"wp-block-heading\" style=\"padding-top:var(--wp--preset--spacing--40);padding-bottom:var(--wp--preset--spacing--40);font-size:25px;font-style:normal;font-weight:600;text-transform:capitalize\">Verwandte Produkte, die Ihnen gefallen k\u00f6nnten<\/h2>\n\n\n\n<ul class=\"wp-block-list\">\n<li>Entdecken Sie unser schlankes <mark style=\"background-color:rgba(0, 0, 0, 0)\" class=\"has-inline-color has-vivid-red-color\"><a href=\"https:\/\/tangooled.com\/de\/product\/25x6mm-low-profile-led-strip-channel-for-10mm-led-strip-light\/\">25x6mm Niedrigprofil-LED-Streifenkanal f\u00fcr 10mm LED-Streifenlicht<\/a> <\/mark>f\u00fcr noch schlankere Installationen.<\/li>\n\n\n\n<li>Finden Sie das <a href=\"https:\/\/tangooled.com\/de\/product\/surface-mount-led-profile-with-frosted-diffuser-for-10mm-rope-lights\/\"><mark style=\"background-color:rgba(0, 0, 0, 0)\" class=\"has-inline-color has-vivid-red-color\">Oberfl\u00e4chenmontage LED-Profil mit satiniertem Diffusor f\u00fcr 10mm Seilschn\u00fcre<\/mark><\/a> f\u00fcr Oberfl\u00e4cheninstallationen.<\/li>\n\n\n\n<li>Ber\u00fccksichtigen Sie <a href=\"https:\/\/tangooled.com\/de\/product\/black-aluminum-u-channel-profile-for-10mm-led-strips\/\"><mark style=\"background-color:rgba(0, 0, 0, 0)\" class=\"has-inline-color has-vivid-red-color\">schwarzes Aluminium-U-Profil f\u00fcr 10mm LED-Streifen<\/mark><\/a> wenn Sie eine farbige Option w\u00fcnschen.<\/li>\n\n\n\n<li>\u00dcberpr\u00fcfen <a href=\"https:\/\/tangooled.com\/de\/product\/led-light-diffuser-channel-aluminum-15x12mm-for-10mm-led-strips\/\"><mark style=\"background-color:rgba(0, 0, 0, 0)\" class=\"has-inline-color has-vivid-red-color\">LED-Lichtdiffusor-Kanal aus Aluminium 15x12mm f\u00fcr 10mm LED-Streifen<\/mark><\/a> f\u00fcr diffuse Beleuchtungsbed\u00fcrfnisse.<\/li>\n<\/ul>\n<\/div>\n\n\n\n<div class=\"wp-block-group has-background\" style=\"background-color:#f1f1f1;padding-top:var(--wp--preset--spacing--80);padding-bottom:var(--wp--preset--spacing--80)\"><div class=\"wp-block-group__inner-container is-layout-constrained wp-block-group-is-layout-constrained\">\n<p style=\"padding-right:var(--wp--preset--spacing--50);padding-left:var(--wp--preset--spacing--50)\">Unser flanschloser Slim LED-Kanal f\u00fcr Gehwege ist eine stilvolle, saubere und langlebige Option, um LED-Streifen in B\u00f6den, Decks oder Wegen einzuf\u00fcgen. Dieser Kanal ist aufgrund seiner geringen Gr\u00f6\u00dfe, der flanschartigen Oberfl\u00e4che und der Tragf\u00e4higkeit perfekt f\u00fcr sichere, attraktive Beleuchtung auf dem Boden.<\/p>\n<\/div><\/div>\n\n\n\n<p><\/p>","protected":false},"featured_media":13529,"template":"","meta":{"_acf_changed":true,"_seopress_robots_primary_cat":"none","_seopress_titles_title":"Recessed Floor LED Channel with Flange | 10mm Slim FL02 Profile | TANGOOLED","_seopress_titles_desc":"The FL02 is a slim recessed floor led channel featuring a 10mm flange for seamless installation. Designed for 10mm LED strips, this aluminum walk-over profile is ideal for walkway and corridor floor lighting.","_seopress_robots_index":""},"pcb-width":[228],"product-cat":[199],"class_list":{"0":"post-42222","1":"product","2":"type-product","3":"status-publish","4":"has-post-thumbnail","6":"pcb-width-6-12mm","7":"product-cat-inground-profile"},"acf":[],"_links":{"self":[{"href":"https:\/\/tangooled.com\/de\/wp-json\/wp\/v2\/product\/42222","targetHints":{"allow":["GET"]}}],"collection":[{"href":"https:\/\/tangooled.com\/de\/wp-json\/wp\/v2\/product"}],"about":[{"href":"https:\/\/tangooled.com\/de\/wp-json\/wp\/v2\/types\/product"}],"wp:featuredmedia":[{"embeddable":true,"href":"https:\/\/tangooled.com\/de\/wp-json\/wp\/v2\/media\/13529"}],"wp:attachment":[{"href":"https:\/\/tangooled.com\/de\/wp-json\/wp\/v2\/media?parent=42222"}],"wp:term":[{"taxonomy":"pcb-width","embeddable":true,"href":"https:\/\/tangooled.com\/de\/wp-json\/wp\/v2\/pcb-width?post=42222"},{"taxonomy":"product-cat","embeddable":true,"href":"https:\/\/tangooled.com\/de\/wp-json\/wp\/v2\/product-cat?post=42222"}],"curies":[{"name":"wp","href":"https:\/\/api.w.org\/{rel}","templated":true}]}}