{"id":42203,"date":"2025-12-17T05:29:18","date_gmt":"2025-12-17T13:29:18","guid":{"rendered":"https:\/\/tangooled.com\/?post_type=product&#038;p=42203"},"modified":"2026-02-02T02:06:20","modified_gmt":"2026-02-02T10:06:20","slug":"stp07-stair-edge-aluminum-lightweight-profile-10mm","status":"publish","type":"product","link":"https:\/\/tangooled.com\/de\/product\/stp07-stair-edge-aluminum-lightweight-profile-10mm\/","title":{"rendered":"Leichtes Treppenkanten-LED-Profil f\u00fcr 10mm Streifen"},"content":{"rendered":"<div class=\"wp-block-group is-vertical is-layout-flex wp-container-core-group-is-layout-d255d7c4 wp-block-group-is-layout-flex\" style=\"padding-top:var(--wp--preset--spacing--80);padding-bottom:var(--wp--preset--spacing--80)\">\n<p>Unser leichtes Aluminiumprofil f\u00fcr Treppenr\u00e4nder wurde f\u00fcr 10 mm LED-B\u00e4nder entwickelt und wird Ihre Treppe sicher und elegant beleuchten. Platzieren Sie dieses Treppenelement an der Kante Ihrer Treppe, und es wird die gesamte Trittfl\u00e4che in einem schr\u00e4gen Winkel beleuchten, sodass Sie jede Stufe, die Sie nach oben und unten gehen, f\u00fcr Ihre Sicherheit sehen k\u00f6nnen.<\/p>\n\n\n\n<p>Hergestellt aus hochwertigem Aluminium mit einer gezahnten Oberfl\u00e4che, um das Rutschen zu verhindern, und es funktioniert mit 10 mm Lichtb\u00e4ndern. Die LEDs sind durch einen halbtransparenten oder opalen Diffusor abgedeckt, ohne scharfe LED-Punkte; der pr\u00e4sentierte Treppenbeleuchtungseffekt ist weich und gleichm\u00e4\u00dfig.\u00a0<\/p>\n\n\n\n<p>Dieses Profil ist stabil, leicht zu schneiden und anzubringen und funktioniert gut auf verschiedenen Arten von Stufen. Es macht Ihre Stufen hell, sicher und stilvoll.<\/p>\n<\/div>\n\n\n\n<div class=\"wp-block-group has-background is-vertical is-layout-flex wp-container-core-group-is-layout-d255d7c4 wp-block-group-is-layout-flex\" style=\"background-color:#f1f1f1;padding-top:var(--wp--preset--spacing--80);padding-bottom:var(--wp--preset--spacing--80)\">\n<div class=\"wp-block-group is-vertical is-layout-flex wp-container-core-group-is-layout-8cf370e7 wp-block-group-is-layout-flex\">\n<h2 class=\"wp-block-heading\" style=\"padding-top:var(--wp--preset--spacing--40);padding-bottom:var(--wp--preset--spacing--40);font-size:25px;font-style:normal;font-weight:600;text-transform:capitalize\">Warum dieses Profil w\u00e4hlen?<\/h2>\n\n\n\n<ul class=\"wp-block-list\">\n<li>Hergestellt aus anodisiertem Aluminium 6063, um die Hitze zu reduzieren und die Lebensdauer der LED zu verl\u00e4ngern.<\/li>\n\n\n\n<li>Funktioniert mit LED-B\u00e4ndern, die 10 mm breit oder breiter sind.<\/li>\n\n\n\n<li>Hat einen matten Diffusor, der das Licht gleichm\u00e4\u00dfig verteilt, ohne blendende Punkte.<\/li>\n\n\n\n<li>In Kombination mit wasserfesten LED-B\u00e4ndern k\u00f6nnen sie drinnen oder drau\u00dfen verwendet werden.<\/li>\n\n\n\n<li>Funktioniert gut auf Holz, Fliesen, Beton und anderen Oberfl\u00e4chen.<\/li>\n\n\n\n<li>Kommt mit Schrauben und Endkappen f\u00fcr eine schnelle Installation.<\/li>\n\n\n\n<li>F\u00fcgt eine rutschfeste Kante zu Stufen hinzu, um sie sicherer zu machen.<\/li>\n<\/ul>\n<\/div>\n<\/div>\n\n\n\n<div class=\"wp-block-group is-vertical is-layout-flex wp-container-core-group-is-layout-d255d7c4 wp-block-group-is-layout-flex\" style=\"padding-top:var(--wp--preset--spacing--80);padding-bottom:var(--wp--preset--spacing--80)\">\n<hr class=\"wp-block-separator has-alpha-channel-opacity\"\/>\n\n\n\n<div class=\"wp-block-media-text has-media-on-the-right is-stacked-on-mobile\" style=\"grid-template-columns:auto 40%\"><div class=\"wp-block-media-text__content\">\n<h2 class=\"wp-block-heading\" style=\"padding-top:var(--wp--preset--spacing--40);padding-bottom:var(--wp--preset--spacing--40);font-size:25px;font-style:normal;font-weight:600;text-transform:capitalize\">Wie installiert man?<\/h2>\n\n\n\n<ul class=\"wp-block-list\">\n<li>Ermitteln Sie, wie lang Ihre Treppe ist.<\/li>\n\n\n\n<li>Schneiden Sie das Metallprofil auf die richtige L\u00e4nge.<\/li>\n\n\n\n<li>Befestigen Sie es mit Schrauben an der Kante der Treppe.<\/li>\n\n\n\n<li>Legen Sie Ihr 10 mm LED-Band in den Kanal.<\/li>\n\n\n\n<li>Befestigen Sie die Abdeckung mit mattem Diffusor.<\/li>\n\n\n\n<li>Schlie\u00dfen Sie die LED-B\u00e4nder an die Stromversorgung an.<\/li>\n\n\n\n<li>Genie\u00dfen Sie brillante, weiche und sichere Beleuchtung an den Kanten Ihrer Treppe!<\/li>\n<\/ul>\n<\/div><figure class=\"wp-block-media-text__media\"><img loading=\"lazy\" decoding=\"async\" width=\"500\" height=\"500\" src=\"https:\/\/tangooled.com\/wp-content\/uploads\/2025\/12\/stp07-ins.webp\" alt=\"stair edge lighting aluminum lightweight profile for 10mm led strip\" class=\"wp-image-42234 size-full\" srcset=\"https:\/\/tangooled.com\/wp-content\/uploads\/2025\/12\/stp07-ins.webp 500w, https:\/\/tangooled.com\/wp-content\/uploads\/2025\/12\/stp07-ins-300x300.webp 300w, https:\/\/tangooled.com\/wp-content\/uploads\/2025\/12\/stp07-ins-150x150.webp 150w\" sizes=\"auto, (max-width: 500px) 100vw, 500px\" \/><\/figure><\/div>\n<\/div>\n\n\n\n<div class=\"wp-block-group has-background is-vertical is-layout-flex wp-container-core-group-is-layout-b429018a wp-block-group-is-layout-flex\" style=\"background-color:#f1f1f1f2;padding-top:var(--wp--preset--spacing--70);padding-bottom:var(--wp--preset--spacing--70)\">\n<h2 class=\"wp-block-heading\" style=\"padding-top:var(--wp--preset--spacing--40);padding-bottom:var(--wp--preset--spacing--40);font-size:25px;font-style:normal;font-weight:600\">Wo kann man dieses leichte Aluminiumprofil f\u00fcr Treppenr\u00e4nder verwenden?<\/h2>\n\n\n\n<ul class=\"wp-block-list\">\n<li>Haustreppe: innen oder au\u00dfen, auf Holz, Fliesen oder Beton.<\/li>\n\n\n\n<li>Gewerbliche Geb\u00e4ude: Hotels, Restaurants, Theatern, Kinos und Gesch\u00e4ften<\/li>\n\n\n\n<li>Stufen im Freien: Treppen zur Terrasse oder zum Garten (mit wetterfesten LEDs).<\/li>\n\n\n\n<li>Besondere Orte: Lobby, Terrassen, Gehwege und \u00fcberall, wo Sicherheitsbeleuchtung ben\u00f6tigt wird.<\/li>\n<\/ul>\n<\/div>\n\n\n\n<div class=\"wp-block-group is-vertical is-layout-flex wp-container-core-group-is-layout-d255d7c4 wp-block-group-is-layout-flex\" style=\"padding-top:var(--wp--preset--spacing--80);padding-bottom:var(--wp--preset--spacing--80)\">\n<h2 class=\"wp-block-heading\" style=\"padding-top:var(--wp--preset--spacing--40);padding-bottom:var(--wp--preset--spacing--40);font-size:25px;font-style:normal;font-weight:600;text-transform:capitalize\">Zusammenfassung<\/h2>\n\n\n\n<p>Um Treppen sicher, stilvoll und f\u00fcr l\u00e4ngere Zeit zu beleuchten, ist unser leichtes Aluminiumprofil f\u00fcr Treppenr\u00e4nder f\u00fcr 10 mm LED-B\u00e4nder die beste L\u00f6sung. Es ist einfach zusammenzubauen, sieht gut aus und kann in vielen Umgebungen eingesetzt werden, wie in Haushalten, B\u00fcros, Theatern und im Freien. F\u00fcgen Sie direktes Licht zu jeder Stufe hinzu, um Ihre LEDs zu sch\u00fctzen und Ihren Raum zum Strahlen zu bringen! F\u00fcr mehr Informationen \u00fcber Aluminium-Treppenbeleuchtungsprofile, schauen Sie sich unsere verwandten Angebote wie die <a href=\"https:\/\/tangooled.com\/de\/product\/black-led-diffuser-aluminum-channel-for-12mm-tape-lights\/\"><mark style=\"background-color:rgba(0, 0, 0, 0)\" class=\"has-inline-color has-vivid-red-color\">Schwarzes LED-Diffusor-Aluminiumprofil f\u00fcr 12 mm Tape-Lights<\/mark><\/a> oder erkunden Sie unsere <a href=\"https:\/\/tangooled.com\/de\/product\/surface-mount-led-profile-with-frosted-diffuser-for-10mm-rope-lights\/\"><mark style=\"background-color:rgba(0, 0, 0, 0)\" class=\"has-inline-color has-vivid-red-color\">Oberfl\u00e4chenmontage LED-Profil mit mattiertem Diffusor <\/mark><\/a>f\u00fcr unterschiedliche Beleuchtungsbed\u00fcrfnisse.<\/p>\n<\/div>\n\n\n\n<p><\/p>","protected":false},"featured_media":13618,"template":"","meta":{"_acf_changed":true,"_seopress_robots_primary_cat":"none","_seopress_titles_title":"Lightweight Stair Edge Aluminum Profile | Slim LED Step Light STP07","_seopress_titles_desc":"The STP07 is a slim stair edge aluminum lightweight profile designed for 10mm strip lights. Perfect for residential DIY and minimalist decor, this easy-to-install profile provides subtle step edge lighting.","_seopress_robots_index":""},"pcb-width":[228],"product-cat":[200],"class_list":{"0":"post-42203","1":"product","2":"type-product","3":"status-publish","4":"has-post-thumbnail","6":"pcb-width-6-12mm","7":"product-cat-stair-nosing-profile"},"acf":[],"_links":{"self":[{"href":"https:\/\/tangooled.com\/de\/wp-json\/wp\/v2\/product\/42203","targetHints":{"allow":["GET"]}}],"collection":[{"href":"https:\/\/tangooled.com\/de\/wp-json\/wp\/v2\/product"}],"about":[{"href":"https:\/\/tangooled.com\/de\/wp-json\/wp\/v2\/types\/product"}],"wp:featuredmedia":[{"embeddable":true,"href":"https:\/\/tangooled.com\/de\/wp-json\/wp\/v2\/media\/13618"}],"wp:attachment":[{"href":"https:\/\/tangooled.com\/de\/wp-json\/wp\/v2\/media?parent=42203"}],"wp:term":[{"taxonomy":"pcb-width","embeddable":true,"href":"https:\/\/tangooled.com\/de\/wp-json\/wp\/v2\/pcb-width?post=42203"},{"taxonomy":"product-cat","embeddable":true,"href":"https:\/\/tangooled.com\/de\/wp-json\/wp\/v2\/product-cat?post=42203"}],"curies":[{"name":"wp","href":"https:\/\/api.w.org\/{rel}","templated":true}]}}