{"id":42199,"date":"2025-12-17T05:15:25","date_gmt":"2025-12-17T13:15:25","guid":{"rendered":"https:\/\/tangooled.com\/?post_type=product&#038;p=42199"},"modified":"2026-01-31T06:58:03","modified_gmt":"2026-01-31T14:58:03","slug":"surface-mount-aluminum-stair-nosing-profile-for-10mm-led-strip","status":"publish","type":"product","link":"https:\/\/tangooled.com\/de\/product\/surface-mount-aluminum-stair-nosing-profile-for-10mm-led-strip\/","title":{"rendered":"Oberfl\u00e4chenmontage Aluminium Treppenansatzprofil f\u00fcr 10mm LED-Streifen"},"content":{"rendered":"<div class=\"wp-block-group is-vertical is-layout-flex wp-container-core-group-is-layout-d255d7c4 wp-block-group-is-layout-flex\" style=\"padding-top:var(--wp--preset--spacing--80);padding-bottom:var(--wp--preset--spacing--80)\">\n<p>Gestalten Sie Ihre Treppe sicherer und heller mit unserem aufliegenden Aluminium-Stufenschutzprofil. Dieses Profil wird direkt an der Kante der Treppenstufen befestigt, ohne die darunterliegende Treppenstruktur zu besch\u00e4digen, und bietet eine schnelle Nachr\u00fcstl\u00f6sung zur Beleuchtung bestehender Treppen. Es ist mit einer Vielzahl von Treppenmaterialien, einschlie\u00dflich Beton, Holz und Fliesen, kompatibel.<\/p>\n\n\n\n<p>The horizontal stripes on the surface make it easier to perceive and provide you a grip that won&#8217;t slip. Constructed from aluminum alloy, the profile is wear-resistant and ideal for indoor and outdoor use.<br>Dieses Profil bietet drei Vorteile: Es sch\u00fctzt die Kanten der Stufen, bietet einen rutschfesten Halt und sorgt f\u00fcr eine sanfte, blendfreie Beleuchtung jeder Stufe. Es passt nahtlos zu den meisten LED-B\u00e4ndern und l\u00e4sst sich einfach auf bestehenden Treppen montieren, was es ideal f\u00fcr Wohnh\u00e4user, B\u00fcros und \u00f6ffentliche Bereiche macht.<\/p>\n<\/div>\n\n\n\n<div class=\"wp-block-group has-background is-vertical is-layout-flex wp-container-core-group-is-layout-d255d7c4 wp-block-group-is-layout-flex\" style=\"background-color:#f1f1f1;padding-top:var(--wp--preset--spacing--80);padding-bottom:var(--wp--preset--spacing--80)\">\n<div class=\"wp-block-group is-vertical is-layout-flex wp-container-core-group-is-layout-8cf370e7 wp-block-group-is-layout-flex\">\n<h2 class=\"wp-block-heading\" style=\"padding-top:var(--wp--preset--spacing--40);padding-bottom:var(--wp--preset--spacing--40);font-size:25px;font-style:normal;font-weight:600;text-transform:capitalize\">Warum unser aufliegendes Aluminium-Stufenschutzprofil w\u00e4hlen?<\/h2>\n\n\n\n<ul class=\"wp-block-list\">\n<li>Hergestellt aus starkem 6063-T5 eloxiertem Aluminium, das Hitze standh\u00e4lt und stark bleibt.<\/li>\n\n\n\n<li>Gestreifte Rillen-Oberfl\u00e4chengestaltung erh\u00f6ht die Oberfl\u00e4chenreibung, um St\u00fcrze zu verhindern.<\/li>\n\n\n\n<li>Das aufliegende Design macht die Installation einfach auf Holz, Beton, Fliesen oder Teppich.<\/li>\n\n\n\n<li>Kommt mit einem opalen Diffusorabdeckung, die das Licht sanft und gleichm\u00e4\u00dfig macht, ohne Flecken oder grelle Blendung.<\/li>\n\n\n\n<li>Abw\u00e4rtsgerichtete Lichtquelle, die die n\u00e4chste Stufe sicher beleuchtet.<\/li>\n\n\n\n<li>Erh\u00e4ltlich in silberner, schwarzer und bronzefarbener Ausf\u00fchrung f\u00fcr jeden Stil.<\/li>\n<\/ul>\n<\/div>\n<\/div>\n\n\n\n<div class=\"wp-block-group\" style=\"padding-top:var(--wp--preset--spacing--60);padding-bottom:var(--wp--preset--spacing--60)\"><div class=\"wp-block-group__inner-container is-layout-constrained wp-block-group-is-layout-constrained\">\n<div class=\"wp-block-media-text has-media-on-the-right is-stacked-on-mobile\" style=\"grid-template-columns:auto 40%\"><div class=\"wp-block-media-text__content\">\n<h2 class=\"wp-block-heading\" style=\"padding-top:var(--wp--preset--spacing--40);padding-bottom:var(--wp--preset--spacing--40);font-size:25px;font-style:normal;font-weight:600;text-transform:capitalize\">Installationsschritte<\/h2>\n\n\n\n<ul class=\"wp-block-list\">\n<li>Bereiten Sie die Trittfl\u00e4che vor, indem Sie sicherstellen, dass sie sauber, trocken und eben ist.<\/li>\n\n\n\n<li>Verwenden Sie eine Gehrungss\u00e4ge, um das Aluminiumprofil auf die richtige L\u00e4nge zu schneiden.<\/li>\n\n\n\n<li>Setzen Sie das aufliegende Profil an die Kante Ihrer Treppe und schrauben Sie es fest.<\/li>\n\n\n\n<li>Legen Sie Ihren 10 mm LED-Streifen in den Kanal.<\/li>\n\n\n\n<li>Setzen Sie den opalen Diffusor auf, um das Licht gleichm\u00e4\u00dfig zu machen.<\/li>\n<\/ul>\n<\/div><figure class=\"wp-block-media-text__media\"><img loading=\"lazy\" decoding=\"async\" width=\"500\" height=\"500\" src=\"https:\/\/tangooled.com\/wp-content\/uploads\/2025\/12\/stp05-ins.webp\" alt=\"Oberfl\u00e4chenmontage Aluminium Treppenansatzprofil f\u00fcr 10mm LED-Streifen\" class=\"wp-image-42218 size-full\" srcset=\"https:\/\/tangooled.com\/wp-content\/uploads\/2025\/12\/stp05-ins.webp 500w, https:\/\/tangooled.com\/wp-content\/uploads\/2025\/12\/stp05-ins-300x300.webp 300w, https:\/\/tangooled.com\/wp-content\/uploads\/2025\/12\/stp05-ins-150x150.webp 150w\" sizes=\"auto, (max-width: 500px) 100vw, 500px\" \/><\/figure><\/div>\n<\/div><\/div>\n\n\n\n<div class=\"wp-block-group has-background is-vertical is-layout-flex wp-container-core-group-is-layout-b429018a wp-block-group-is-layout-flex\" style=\"background-color:#f1f1f1f2;padding-top:var(--wp--preset--spacing--70);padding-bottom:var(--wp--preset--spacing--70)\">\n<h2 class=\"wp-block-heading\" style=\"padding-top:var(--wp--preset--spacing--40);padding-bottom:var(--wp--preset--spacing--40);font-size:25px;font-style:normal;font-weight:600\">Nutzungsszenarien<\/h2>\n\n\n\n<ul class=\"wp-block-list\">\n<li>Treppen, Keller und Flure in Wohnh\u00e4usern.&nbsp;<\/li>\n\n\n\n<li>Treppen in Theatern und Kinos f\u00fcr Sicherheit und Ambiente.&nbsp;<\/li>\n\n\n\n<li>Treppen in Hotellobbys und Restaurants f\u00fcr Luxus und Sicherheit.&nbsp;<\/li>\n\n\n\n<li>Treppen in B\u00fcros und Gesch\u00e4ften in gewerblichen Geb\u00e4uden.<\/li>\n\n\n\n<li>Treppen auf Au\u00dfenterrassen, wenn sie mit wasserdichten LED-Streifen verwendet werden.<\/li>\n<\/ul>\n<\/div>\n\n\n\n<div class=\"wp-block-group\" style=\"padding-top:var(--wp--preset--spacing--80);padding-bottom:var(--wp--preset--spacing--80)\"><div class=\"wp-block-group__inner-container is-layout-constrained wp-block-group-is-layout-constrained\">\n<h2 class=\"wp-block-heading\" style=\"padding-top:var(--wp--preset--spacing--40);padding-bottom:var(--wp--preset--spacing--40);font-size:25px;font-style:normal;font-weight:600;text-transform:capitalize\">Verwandte Produkte<\/h2>\n\n\n\n<ul class=\"wp-block-list\">\n<li><a href=\"https:\/\/tangooled.com\/de\/product\/black-aluminum-u-channel-profile-for-10mm-led-strips\/\"><mark style=\"background-color:rgba(0, 0, 0, 0)\" class=\"has-inline-color has-vivid-red-color\">Schwarzes Aluminium-U-Profil f\u00fcr 10mm LED-Streifen<\/mark><\/a><\/li>\n\n\n\n<li><a href=\"https:\/\/tangooled.com\/de\/product\/led-strip-light-channel-aluminum-profile-with-diffused-cover-6mm-height\/\"><mark style=\"background-color:rgba(0, 0, 0, 0)\" class=\"has-inline-color has-vivid-red-color\">Oberfl\u00e4chenmontierter LED-Profil mit mattiertem Diffusor f\u00fcr 10 mm LED-Lichterketten<\/mark><\/a><\/li>\n\n\n\n<li><a href=\"https:\/\/tangooled.com\/de\/product\/surface-mount-led-profile-with-frosted-diffuser-for-10mm-rope-lights\/\"><mark style=\"background-color:rgba(0, 0, 0, 0)\" class=\"has-inline-color has-vivid-red-color\">Aluminiumprofil f\u00fcr LED-Streifen mit diffundierender Abdeckung, H\u00f6he 6 mm<\/mark><\/a><\/li>\n<\/ul>\n<\/div><\/div>\n\n\n\n<div class=\"wp-block-group has-background\" style=\"background-color:#f1f1f1;padding-top:var(--wp--preset--spacing--80);padding-bottom:var(--wp--preset--spacing--80)\"><div class=\"wp-block-group__inner-container is-layout-constrained wp-block-group-is-layout-constrained\">\n<p style=\"padding-right:var(--wp--preset--spacing--50);padding-left:var(--wp--preset--spacing--50)\">Verbessern Sie Ihre Treppe mit unserem aufliegenden Aluminium-Stufenschutzprofil f\u00fcr 10 mm LED-Streifen. Sch\u00fctzen Sie Ihre Kanten, erh\u00f6hen Sie die Sicherheit mit rutschfesten Eigenschaften und schaffen Sie beeindruckende, blendfreie LED-Treppenbeleuchtung, die jeden Schritt verbessert. F\u00fcr weitere Optionen besuchen Sie unsere Auswahl an erg\u00e4nzenden Profilen und Diffusoren bei <a href=\"https:\/\/tangooled.com\/de\/led-profiles\/\"><mark style=\"background-color:rgba(0, 0, 0, 0)\" class=\"has-inline-color has-vivid-red-color\">Tangooled<\/mark><\/a>.<\/p>\n<\/div><\/div>\n\n\n\n<p><\/p>","protected":false},"featured_media":13605,"template":"","meta":{"_acf_changed":true,"_seopress_robots_primary_cat":"none","_seopress_titles_title":"Surface Mount Aluminum Stair Nosing Profile STP05 | TANGOOLED","_seopress_titles_desc":"The STP05 is a durable surface mount aluminum stair nosing profile designed for 10mm LED strips. Enhance safety and visibility with this easy-to-install step lighting solution.","_seopress_robots_index":""},"pcb-width":[228],"product-cat":[200],"class_list":{"0":"post-42199","1":"product","2":"type-product","3":"status-publish","4":"has-post-thumbnail","6":"pcb-width-6-12mm","7":"product-cat-stair-nosing-profile"},"acf":[],"_links":{"self":[{"href":"https:\/\/tangooled.com\/de\/wp-json\/wp\/v2\/product\/42199","targetHints":{"allow":["GET"]}}],"collection":[{"href":"https:\/\/tangooled.com\/de\/wp-json\/wp\/v2\/product"}],"about":[{"href":"https:\/\/tangooled.com\/de\/wp-json\/wp\/v2\/types\/product"}],"wp:featuredmedia":[{"embeddable":true,"href":"https:\/\/tangooled.com\/de\/wp-json\/wp\/v2\/media\/13605"}],"wp:attachment":[{"href":"https:\/\/tangooled.com\/de\/wp-json\/wp\/v2\/media?parent=42199"}],"wp:term":[{"taxonomy":"pcb-width","embeddable":true,"href":"https:\/\/tangooled.com\/de\/wp-json\/wp\/v2\/pcb-width?post=42199"},{"taxonomy":"product-cat","embeddable":true,"href":"https:\/\/tangooled.com\/de\/wp-json\/wp\/v2\/product-cat?post=42199"}],"curies":[{"name":"wp","href":"https:\/\/api.w.org\/{rel}","templated":true}]}}