{"id":42197,"date":"2025-12-17T05:09:00","date_gmt":"2025-12-17T13:09:00","guid":{"rendered":"https:\/\/tangooled.com\/?post_type=product&#038;p=42197"},"modified":"2026-01-27T01:51:07","modified_gmt":"2026-01-27T09:51:07","slug":"recessed-floor-step-edge-lighting-led-profile","status":"publish","type":"product","link":"https:\/\/tangooled.com\/de\/product\/recessed-floor-step-edge-lighting-led-profile\/","title":{"rendered":"Eingelassenes Bodenstufenrandbeleuchtungs-LED-Profil"},"content":{"rendered":"<div class=\"wp-block-group is-vertical is-layout-flex wp-container-core-group-is-layout-d255d7c4 wp-block-group-is-layout-flex\" style=\"padding-top:var(--wp--preset--spacing--80);padding-bottom:var(--wp--preset--spacing--80)\">\n<p>Erhellen und sichern Sie Ihre B\u00f6den und Stufen mit unserem LED-Profil f\u00fcr eingelassene Stufenr\u00e4nder. Dieses Profil ist einzigartig gestaltet, wobei ein Teil sicher unter der Treppenstufenstruktur fixiert ist, w\u00e4hrend der andere Teil nach vorne herausragt, um die Stufenkante zu sch\u00fctzen, ohne das normale Gehen zu beeintr\u00e4chtigen.<\/p>\n\n\n\n<p>The most important thing is that the profile&#8217;s non-slip surface is level with the tile or other floor covering on the stairs. This alignment achieves the intended result of the lit stair edge being seamlessly integrated into the stairs.<\/p>\n\n\n\n<p>Der integrierte Lichtkanal kann LED-Streifen bis zu 10 mm Breite halten. Das Licht scheint nach unten und beleuchtet gleichm\u00e4\u00dfig das Treppenhaus. Hergestellt aus hochwertigem anodisiertem Aluminium, ist dieses LED-Lichtprofil f\u00fcr Treppenkanten \u00e4u\u00dferst langlebig und eignet sich sowohl f\u00fcr Wohn- als auch f\u00fcr Gewerbeanwendungen.<\/p>\n<\/div>\n\n\n\n<div class=\"wp-block-group has-background is-vertical is-layout-flex wp-container-core-group-is-layout-d255d7c4 wp-block-group-is-layout-flex\" style=\"background-color:#f1f1f1;padding-top:var(--wp--preset--spacing--80);padding-bottom:var(--wp--preset--spacing--80)\">\n<div class=\"wp-block-group is-vertical is-layout-flex wp-container-core-group-is-layout-8cf370e7 wp-block-group-is-layout-flex\">\n<h2 class=\"wp-block-heading\" style=\"padding-top:var(--wp--preset--spacing--40);padding-bottom:var(--wp--preset--spacing--40);font-size:25px;font-style:normal;font-weight:600;text-transform:capitalize\">Warum unser LED-Profil f\u00fcr eingelassene Stufenr\u00e4nder w\u00e4hlen?<\/h2>\n\n\n\n<ul class=\"wp-block-list\">\n<li>Robustes Aluminium: sch\u00fctzt LEDs und hilft, die Lichter k\u00fchl zu halten, damit sie l\u00e4nger halten.<\/li>\n\n\n\n<li>\u00dcberfahrtsicher: Die starke Linse l\u00e4sst Sie dar\u00fcber gehen oder fahren, ohne sie zu besch\u00e4digen.<\/li>\n\n\n\n<li>Flush Mount: Stays flat with floors or stairs so you don&#8217;t trip.<\/li>\n\n\n\n<li>Kompatibel mit vielen LED-Streifen: kann Streifen bis zu 10 mm Breite halten.<\/li>\n\n\n\n<li>Sch\u00f6nes Licht: Der satinierte Diffusor l\u00e4sst das Licht wie eine zarte, glatte Linie aussehen.<\/li>\n<\/ul>\n<\/div>\n<\/div>\n\n\n\n<div class=\"wp-block-group is-vertical is-layout-flex wp-container-core-group-is-layout-d255d7c4 wp-block-group-is-layout-flex\" style=\"padding-top:var(--wp--preset--spacing--80);padding-bottom:var(--wp--preset--spacing--80)\">\n<hr class=\"wp-block-separator has-alpha-channel-opacity\"\/>\n\n\n\n<div class=\"wp-block-media-text has-media-on-the-right is-stacked-on-mobile\" style=\"grid-template-columns:auto 40%\"><div class=\"wp-block-media-text__content\">\n<h2 class=\"wp-block-heading\" style=\"padding-top:var(--wp--preset--spacing--40);padding-bottom:var(--wp--preset--spacing--40);font-size:25px;font-style:normal;font-weight:600;text-transform:capitalize\">Installation<\/h2>\n\n\n\n<ul class=\"wp-block-list\">\n<li>Schneiden Sie den Aluminiumkanal auf die gleiche L\u00e4nge wie Ihre Treppe.<\/li>\n\n\n\n<li>Legen Sie Ihren LED-Streifen (bis zu 10 mm breit) in den Kanal.<\/li>\n\n\n\n<li>Snap den satinierten Diffusor in Position und versiegeln Sie die Endkappen.<\/li>\n\n\n\n<li>Platzieren Sie den Aluminiumkanal auf der Treppenoberfl\u00e4che und verwenden Sie ein Abdeckpaneel, um den eingelassenen Teil zu verdecken.<\/li>\n\n\n\n<li>Schlie\u00dfen Sie ihn an Ihre Stromversorgung und den gew\u00fcnschten Controller an.<\/li>\n<\/ul>\n<\/div><figure class=\"wp-block-media-text__media\"><img loading=\"lazy\" decoding=\"async\" width=\"500\" height=\"500\" src=\"https:\/\/tangooled.com\/wp-content\/uploads\/2025\/12\/stp04-ins.webp\" alt=\"Eingelassenes Bodenstufenrandbeleuchtungs-LED-Profil\" class=\"wp-image-42211 size-full\" srcset=\"https:\/\/tangooled.com\/wp-content\/uploads\/2025\/12\/stp04-ins.webp 500w, https:\/\/tangooled.com\/wp-content\/uploads\/2025\/12\/stp04-ins-300x300.webp 300w, https:\/\/tangooled.com\/wp-content\/uploads\/2025\/12\/stp04-ins-150x150.webp 150w\" sizes=\"auto, (max-width: 500px) 100vw, 500px\" \/><\/figure><\/div>\n<\/div>\n\n\n\n<div class=\"wp-block-group has-background is-vertical is-layout-flex wp-container-core-group-is-layout-b429018a wp-block-group-is-layout-flex\" style=\"background-color:#f1f1f1f2;padding-top:var(--wp--preset--spacing--70);padding-bottom:var(--wp--preset--spacing--70)\">\n<h2 class=\"wp-block-heading\" style=\"padding-top:var(--wp--preset--spacing--40);padding-bottom:var(--wp--preset--spacing--40);font-size:25px;font-style:normal;font-weight:600;text-transform:capitalize\">Wo verwendet man diesen fl\u00e4chenmontierten Treppenkanal?<\/h2>\n\n\n\n<p>Unser LED-Profil f\u00fcr eingelassene Stufenrandbeleuchtung funktioniert \u00fcberall dort, wo Sie Licht f\u00fcr Sicherheit und Stil w\u00fcnschen:<\/p>\n\n\n\n<ul class=\"wp-block-list\">\n<li>Treppe und Treppenkanten: Machen Sie die Stufen besser sichtbar f\u00fcr Sicherheit und verleihen Sie der Treppe ein modernes Aussehen.<\/li>\n\n\n\n<li>Beleuchtung f\u00fcr B\u00f6den und Fliesen: Setzen Sie es zwischen Fliesenb\u00f6den, um den Raum offener wirken zu lassen und die Kanten harter Oberfl\u00e4chen zu erweichen.<\/li>\n\n\n\n<li>Wegen und Flure: Verwenden Sie sanfte Beleuchtung, um Menschen zu helfen, sich drinnen oder drau\u00dfen zurechtzufinden.<\/li>\n\n\n\n<li>Terrassen und Veranden neben dem Pool: Wasserdichtes Design funktioniert gut in der N\u00e4he von Wasser und nassen Bereichen.<\/li>\n<\/ul>\n<\/div>\n\n\n\n<div class=\"wp-block-group is-vertical is-layout-flex wp-container-core-group-is-layout-d255d7c4 wp-block-group-is-layout-flex\" style=\"padding-top:var(--wp--preset--spacing--80);padding-bottom:var(--wp--preset--spacing--80)\">\n<h2 class=\"wp-block-heading\" style=\"padding-top:var(--wp--preset--spacing--40);padding-bottom:var(--wp--preset--spacing--40);font-size:25px;font-style:normal;font-weight:600;text-transform:capitalize\">what&#8217;s in the package?<\/h2>\n\n\n\n<ul class=\"wp-block-list\">\n<li>1x Aluminium-Stufenrandprofil<\/li>\n\n\n\n<li>1x Satinierter Diffusor-Abdeckung<\/li>\n\n\n\n<li>2x Endkappen (eine mit Drahtloch)<\/li>\n<\/ul>\n<\/div>\n\n\n\n<div class=\"wp-block-group has-background\" style=\"background-color:#f1f1f1;padding-top:var(--wp--preset--spacing--80);padding-bottom:var(--wp--preset--spacing--80)\"><div class=\"wp-block-group__inner-container is-layout-constrained wp-block-group-is-layout-constrained\">\n<h2 class=\"wp-block-heading\" style=\"padding-top:var(--wp--preset--spacing--40);padding-bottom:var(--wp--preset--spacing--40);font-size:25px;font-style:normal;font-weight:600;text-transform:capitalize\">Zusammenfassung<\/h2>\n\n\n\n<p style=\"padding-right:var(--wp--preset--spacing--50);padding-left:var(--wp--preset--spacing--50)\">Der anodisierte Aluminiumk\u00f6rper und der satinierte Diffusor sind beide von hoher Qualit\u00e4t und langlebig. Sie sch\u00fctzen Ihre LEDs, w\u00e4hrend sie sanft und kontinuierlich Licht abgeben. Es funktioniert mit vielen LED-Streifen und ist ideal f\u00fcr Treppen, B\u00f6den, Kanten und Terrassen. Bei ordnungsgem\u00e4\u00dfer Versiegelung kann es nassen Bedingungen standhalten. W\u00e4hlen Sie diese strapazierf\u00e4hige LED-Extrusion, um Wege, Stufen oder B\u00f6den mit Zuversicht zu beleuchten. F\u00fcr verwandte Optionen und Details besuchen Sie die <a href=\"https:\/\/tangooled.com\/de\/product\/led-strip-light-channel-aluminum-profile-with-diffused-cover-6mm-height\/\">LED-Streifen-Aluminiumprofil mit diffusor Abdeckung 6mm H\u00f6he<\/a> Seite oder kaufen Sie die gesamte Palette von <a href=\"https:\/\/tangooled.com\/de\/product\/26mm-floor-recessed-led-aluminum-channel-for-12mm-led-strips\/\">Bodenbeleuchtungs-LED-Profilen<\/a>.<\/p>\n<\/div><\/div>\n\n\n\n<p><\/p>","protected":false},"featured_media":13600,"template":"","meta":{"_acf_changed":true,"_seopress_robots_primary_cat":"none","_seopress_titles_title":"Recessed Floor Step Edge LED Profile | Flush Mount Stair Channel STP04","_seopress_titles_desc":"The STP04 is a professional recessed floor step edge led profile designed for seamless integration into stair treads. This flush-mount aluminum channel creates a safe, elegant light path without any protruding edges.","_seopress_robots_index":""},"pcb-width":[228],"product-cat":[200],"class_list":{"0":"post-42197","1":"product","2":"type-product","3":"status-publish","4":"has-post-thumbnail","6":"pcb-width-6-12mm","7":"product-cat-stair-nosing-profile"},"acf":[],"_links":{"self":[{"href":"https:\/\/tangooled.com\/de\/wp-json\/wp\/v2\/product\/42197","targetHints":{"allow":["GET"]}}],"collection":[{"href":"https:\/\/tangooled.com\/de\/wp-json\/wp\/v2\/product"}],"about":[{"href":"https:\/\/tangooled.com\/de\/wp-json\/wp\/v2\/types\/product"}],"wp:featuredmedia":[{"embeddable":true,"href":"https:\/\/tangooled.com\/de\/wp-json\/wp\/v2\/media\/13600"}],"wp:attachment":[{"href":"https:\/\/tangooled.com\/de\/wp-json\/wp\/v2\/media?parent=42197"}],"wp:term":[{"taxonomy":"pcb-width","embeddable":true,"href":"https:\/\/tangooled.com\/de\/wp-json\/wp\/v2\/pcb-width?post=42197"},{"taxonomy":"product-cat","embeddable":true,"href":"https:\/\/tangooled.com\/de\/wp-json\/wp\/v2\/product-cat?post=42197"}],"curies":[{"name":"wp","href":"https:\/\/api.w.org\/{rel}","templated":true}]}}