{"id":42195,"date":"2025-12-17T05:05:49","date_gmt":"2025-12-17T13:05:49","guid":{"rendered":"https:\/\/tangooled.com\/?post_type=product&#038;p=42195"},"modified":"2026-01-27T01:53:14","modified_gmt":"2026-01-27T09:53:14","slug":"staircase-led-profile-with-rubber-strip-for-12mm-led-tape-lights","status":"publish","type":"product","link":"https:\/\/tangooled.com\/de\/product\/staircase-led-profile-with-rubber-strip-for-12mm-led-tape-lights\/","title":{"rendered":"Treppe LED-Profil mit Gummistreifen f\u00fcr 12 mm LED-B\u00e4nder"},"content":{"rendered":"<div class=\"wp-block-group is-vertical is-layout-flex wp-container-core-group-is-layout-d255d7c4 wp-block-group-is-layout-flex\" style=\"padding-top:var(--wp--preset--spacing--80);padding-bottom:var(--wp--preset--spacing--80)\">\n<p>Check out this staircase LED profile with rubber insert, specifically designed for 12\u00a0mm LED tape lights. Constructed from high-quality 6063-T5 aluminum alloy, the profile features a specially designed groove on the top surface for a rubber insert to ensure a non-slip effect on staircases.<\/p>\n\n\n\n<p>Dieses Treppenbeleuchtungsprofil ist in beliebten Ausf\u00fchrungen in Schwarz und Silber erh\u00e4ltlich. Sie k\u00f6nnen graue oder schwarze Gummieinlagen w\u00e4hlen, um sie anzupassen. Die Endkappen sind ebenfalls in Silber oder Schwarz erh\u00e4ltlich, sodass das gesamte Set eine einheitliche, konsistente Farbe beh\u00e4lt. Dies stellt sicher, dass das Treppenprofil perfekt zur Umgebung passt.<\/p>\n\n\n\n<p>With an inner width of 13.5\u00a0mm, this stair channel is suitable for 10\u00a0mm or 12\u00a0mm LED strip lights, including RGBW strips. Our standard lengths for this channel are 2\u00a0m and 3\u00a0m, but you can easily cut it on-site. This LED aluminum channel is perfect for your architectural and interior lighting designs.<\/p>\n<\/div>\n\n\n\n<div class=\"wp-block-group has-background is-vertical is-layout-flex wp-container-core-group-is-layout-d255d7c4 wp-block-group-is-layout-flex\" style=\"background-color:#f1f1f1;padding-top:var(--wp--preset--spacing--80);padding-bottom:var(--wp--preset--spacing--80)\">\n<div class=\"wp-block-group is-vertical is-layout-flex wp-container-core-group-is-layout-8cf370e7 wp-block-group-is-layout-flex\">\n<h2 class=\"wp-block-heading\" style=\"padding-top:var(--wp--preset--spacing--40);padding-bottom:var(--wp--preset--spacing--40);font-size:25px;font-style:normal;font-weight:600;text-transform:capitalize\">Warum unser LED-Profil f\u00fcr Treppen mit Gummistreifen w\u00e4hlen?<\/h2>\n\n\n\n<ul class=\"wp-block-list\">\n<li>Hergestellt aus robustem eloxiertem Aluminium, um Ihre Lichter zu sch\u00fctzen und zu k\u00fchlen.<\/li>\n\n\n\n<li>Funktioniert mit 12 mm breiten LED-Streifenlichtern, wie COB-LED-Streifen, um ihnen ein strahlendes, glattes Aussehen zu verleihen.<\/li>\n\n\n\n<li>Kommt mit einem satinierten Polycarbonat-Diffusor, der das Licht gleichm\u00e4\u00dfig und sanft ohne Spots verteilt.\u00a0<\/li>\n\n\n\n<li>Verf\u00fcgt \u00fcber einen Gummistreifen oben, der ein Abrutschen der F\u00fc\u00dfe verhindert und die Sicherheit erh\u00f6ht.<\/li>\n\n\n\n<li>Entwickelt als L-f\u00f6rmiges Treppennasen-Profil, um Ihre Treppen zu sch\u00fctzen und die darunter liegenden Stufen zu beleuchten.<\/li>\n\n\n\n<li>Einfach mit Schrauben zu installieren f\u00fcr einen festen Halt.<\/li>\n<\/ul>\n<\/div>\n<\/div>\n\n\n\n<div class=\"wp-block-group\" style=\"padding-top:var(--wp--preset--spacing--60);padding-bottom:var(--wp--preset--spacing--60)\"><div class=\"wp-block-group__inner-container is-layout-constrained wp-block-group-is-layout-constrained\">\n<div class=\"wp-block-media-text has-media-on-the-right is-stacked-on-mobile\" style=\"grid-template-columns:auto 40%\"><div class=\"wp-block-media-text__content\">\n<h2 class=\"wp-block-heading\" style=\"padding-top:var(--wp--preset--spacing--40);padding-bottom:var(--wp--preset--spacing--40);font-size:25px;font-style:normal;font-weight:600;text-transform:capitalize\">Anleitung zur Verwendung<\/h2>\n\n\n\n<ul class=\"wp-block-list\">\n<li>Schneiden Sie das Profil so zu, dass es der Breite Ihrer Stufen entspricht.<\/li>\n\n\n\n<li>Legen Sie den 12 mm LED-Streifen in die Nut.<\/li>\n\n\n\n<li>Platzieren Sie das Aluminiumprofil auf der Kante der Treppenstufe und schrauben Sie es fest.<\/li>\n\n\n\n<li>Legen Sie den Gummistreifen auf den Diffusor und dr\u00fccken Sie ihn nach unten, um ihn zu fixieren.<\/li>\n\n\n\n<li>Schlie\u00dfen Sie die LED-Lichter an Ihre Stromversorgung an.<\/li>\n<\/ul>\n<\/div><figure class=\"wp-block-media-text__media\"><img loading=\"lazy\" decoding=\"async\" width=\"500\" height=\"500\" src=\"https:\/\/tangooled.com\/wp-content\/uploads\/2025\/12\/stp03-ins.webp\" alt=\"Treppe LED-Profil mit Gummistreifen f\u00fcr 12 mm LED-B\u00e4nder\" class=\"wp-image-42210 size-full\" srcset=\"https:\/\/tangooled.com\/wp-content\/uploads\/2025\/12\/stp03-ins.webp 500w, https:\/\/tangooled.com\/wp-content\/uploads\/2025\/12\/stp03-ins-300x300.webp 300w, https:\/\/tangooled.com\/wp-content\/uploads\/2025\/12\/stp03-ins-150x150.webp 150w\" sizes=\"auto, (max-width: 500px) 100vw, 500px\" \/><\/figure><\/div>\n<\/div><\/div>\n\n\n\n<div class=\"wp-block-group has-background is-vertical is-layout-flex wp-container-core-group-is-layout-b429018a wp-block-group-is-layout-flex\" style=\"background-color:#f1f1f1f2;padding-top:var(--wp--preset--spacing--70);padding-bottom:var(--wp--preset--spacing--70)\">\n<h2 class=\"wp-block-heading\" style=\"padding-top:var(--wp--preset--spacing--40);padding-bottom:var(--wp--preset--spacing--40);font-size:25px;font-style:normal;font-weight:600\">What\u2019s in the Package?<\/h2>\n\n\n\n<ul class=\"wp-block-list\">\n<li>1x Aluminium-Treppen-LED-Profil<\/li>\n\n\n\n<li>1x Satinierter Diffusor-Abdeckung<\/li>\n\n\n\n<li>1x Rutschfester Gummistreifen<\/li>\n\n\n\n<li>2x Endkappen (eine mit Drahtloch)<\/li>\n<\/ul>\n<\/div>\n\n\n\n<div class=\"wp-block-group is-vertical is-layout-flex wp-container-core-group-is-layout-d255d7c4 wp-block-group-is-layout-flex\" style=\"padding-top:var(--wp--preset--spacing--80);padding-bottom:var(--wp--preset--spacing--80)\">\n<h2 class=\"wp-block-heading\" style=\"padding-top:var(--wp--preset--spacing--40);padding-bottom:var(--wp--preset--spacing--40);font-size:25px;font-style:normal;font-weight:600;text-transform:capitalize\">Ideal f\u00fcr folgende Zwecke<\/h2>\n\n\n\n<ul class=\"wp-block-list\">\n<li>Beleuchtung f\u00fcr Treppen im Innen- und Au\u00dfenbereich von Wohnh\u00e4usern und B\u00fcros.<\/li>\n\n\n\n<li>Bessere Sicherheit durch Beleuchtung der Treppenstufen.<\/li>\n\n\n\n<li>Stufen f\u00fcr die Terrasse und den Patio, um das Au\u00dfenambiente zu erg\u00e4nzen.<\/li>\n\n\n\n<li>Gesch\u00e4ftsorte wie Hotels, Restaurants und Kinos.<\/li>\n\n\n\n<li>Aktualisierung von Treppen in Wohnh\u00e4usern.<\/li>\n<\/ul>\n<\/div>\n\n\n\n<div class=\"wp-block-group has-background\" style=\"background-color:#f1f1f1;padding-top:var(--wp--preset--spacing--80);padding-bottom:var(--wp--preset--spacing--80)\"><div class=\"wp-block-group__inner-container is-layout-constrained wp-block-group-is-layout-constrained\">\n<h2 class=\"wp-block-heading\" style=\"padding-top:var(--wp--preset--spacing--40);padding-bottom:var(--wp--preset--spacing--40);font-size:25px;font-style:normal;font-weight:600;text-transform:capitalize\">Verwandte Produkte, die Ihnen gefallen k\u00f6nnten<\/h2>\n\n\n\n<ul class=\"wp-block-list\">\n<li><a href=\"https:\/\/tangooled.com\/de\/product\/black-led-diffuser-aluminum-channel-for-12mm-tape-lights\/\"><mark style=\"background-color:rgba(0, 0, 0, 0)\" class=\"has-inline-color has-vivid-red-color\">Schwarzes LED-Diffusor-Aluminiumprofil f\u00fcr 12 mm LED-Band<\/mark><\/a>.<\/li>\n\n\n\n<li><a href=\"https:\/\/tangooled.com\/de\/product\/surface-mount-led-profile-with-frosted-diffuser-for-10mm-rope-lights\/\"><mark style=\"background-color:rgba(0, 0, 0, 0)\" class=\"has-inline-color has-vivid-red-color\">Oberfl\u00e4chenmontierter LED-Profil mit mattiertem Diffusor f\u00fcr 10 mm LED-Lichterketten<\/mark><\/a>.<\/li>\n\n\n\n<li><a href=\"https:\/\/tangooled.com\/de\/product\/25x14m-surface-mounted-led-light-aluminum-profile\/\"><mark style=\"background-color:rgba(0, 0, 0, 0)\" class=\"has-inline-color has-vivid-red-color\">25x14 mm Oberfl\u00e4che montiertes LED-Licht-Aluminiumprofil.<\/mark><\/a><\/li>\n\n\n\n<li><a href=\"https:\/\/tangooled.com\/de\/product\/18x9mm-led-tape-light-profile-for-surface-installation\/\"><mark style=\"background-color:rgba(0, 0, 0, 0)\" class=\"has-inline-color has-vivid-red-color\">18x9 mm LED-Bandprofil f\u00fcr Oberfl\u00e4cheninstallation.<\/mark><\/a><\/li>\n<\/ul>\n<\/div><\/div>\n\n\n\n<p><\/p>","protected":false},"featured_media":13596,"template":"","meta":{"_acf_changed":true,"_seopress_robots_primary_cat":"none","_seopress_titles_title":"Anti-Slip Staircase LED Profile with Rubber STP03 | TANGOOLED","_seopress_titles_desc":"The STP03 is a heavy-duty staircase led profile with a rubber strip for enhanced safety. Designed for 12mm LED tape lights, this anti-slip nosing profile combines professional lighting with grip protection for commercial stairs.","_seopress_robots_index":""},"pcb-width":[228],"product-cat":[200],"class_list":{"0":"post-42195","1":"product","2":"type-product","3":"status-publish","4":"has-post-thumbnail","6":"pcb-width-6-12mm","7":"product-cat-stair-nosing-profile"},"acf":[],"_links":{"self":[{"href":"https:\/\/tangooled.com\/de\/wp-json\/wp\/v2\/product\/42195","targetHints":{"allow":["GET"]}}],"collection":[{"href":"https:\/\/tangooled.com\/de\/wp-json\/wp\/v2\/product"}],"about":[{"href":"https:\/\/tangooled.com\/de\/wp-json\/wp\/v2\/types\/product"}],"wp:featuredmedia":[{"embeddable":true,"href":"https:\/\/tangooled.com\/de\/wp-json\/wp\/v2\/media\/13596"}],"wp:attachment":[{"href":"https:\/\/tangooled.com\/de\/wp-json\/wp\/v2\/media?parent=42195"}],"wp:term":[{"taxonomy":"pcb-width","embeddable":true,"href":"https:\/\/tangooled.com\/de\/wp-json\/wp\/v2\/pcb-width?post=42195"},{"taxonomy":"product-cat","embeddable":true,"href":"https:\/\/tangooled.com\/de\/wp-json\/wp\/v2\/product-cat?post=42195"}],"curies":[{"name":"wp","href":"https:\/\/api.w.org\/{rel}","templated":true}]}}