{"id":42193,"date":"2025-12-17T05:01:46","date_gmt":"2025-12-17T13:01:46","guid":{"rendered":"https:\/\/tangooled.com\/?post_type=product&#038;p=42193"},"modified":"2026-02-02T01:59:11","modified_gmt":"2026-02-02T09:59:11","slug":"45-degree-up-lighting-led-stair-aluminum-channel","status":"publish","type":"product","link":"https:\/\/tangooled.com\/de\/product\/45-degree-up-lighting-led-stair-aluminum-channel\/","title":{"rendered":"LED-Aluuminiumschiene f\u00fcr Treppenbeleuchtung mit 45-Grad-Ansicht"},"content":{"rendered":"<div class=\"wp-block-group is-vertical is-layout-flex wp-container-core-group-is-layout-d255d7c4 wp-block-group-is-layout-flex\" style=\"padding-top:var(--wp--preset--spacing--80);padding-bottom:var(--wp--preset--spacing--80)\">\n<p>Beleuchten Sie Ihre Treppen und R\u00e4ume mit unserer LED-Aluuminiumschiene f\u00fcr Treppenbeleuchtung mit 45-Grad-Ansicht. Sie besteht aus langlebigem eloxiertem Aluminium, das Ihre LED-Streifenlichter sicher h\u00e4lt und das Licht im perfekten 45-Grad-Winkel abstrahlt.<\/p>\n\n\n\n<p>This LED stair channel has an inner width of 12.2 mm, which allows for most LED strips that are 10 mm or 12 mm wide. It&#8217;s very easy to put this LED stair aluminum channel in place. Just screw it to the edge of the stair tread, and the serrations on the surface work as a non-slip barrier, making it safer to go up and down the stairs.<\/p>\n\n\n\n<p>Unsere Aluminium-Treppenkantenverkleidung mit 45-Grad-Ansicht hebt Ihre Treppe hervor und erh\u00f6ht ihre Sichtbarkeit. Dieses Profil strahlt Licht schr\u00e4g nach oben aus, was die Pr\u00e4senz und Architektur Ihrer Treppe effektiv betont. Dieser besondere Beleuchtungsstil f\u00fchrt die Personen, die die Treppe hinaufsteigen, und sorgt gleichzeitig f\u00fcr ein modernes, markantes Element im Raum. Es ist ideal f\u00fcr Wohnh\u00e4user, B\u00fcros, Hotels und Au\u00dfenbereiche.<\/p>\n<\/div>\n\n\n\n<div class=\"wp-block-group has-background is-vertical is-layout-flex wp-container-core-group-is-layout-d255d7c4 wp-block-group-is-layout-flex\" style=\"background-color:#f1f1f1;padding-top:var(--wp--preset--spacing--80);padding-bottom:var(--wp--preset--spacing--80)\">\n<div class=\"wp-block-group is-vertical is-layout-flex wp-container-core-group-is-layout-8cf370e7 wp-block-group-is-layout-flex\">\n<h2 class=\"wp-block-heading\" style=\"padding-top:var(--wp--preset--spacing--40);padding-bottom:var(--wp--preset--spacing--40);font-size:25px;font-style:normal;font-weight:600;text-transform:capitalize\">Warum sollten Sie unsere LED-Aluuminiumschiene f\u00fcr Treppenbeleuchtung mit 45-Grad-Ansicht w\u00e4hlen?<\/h2>\n\n\n\n<ul class=\"wp-block-list\">\n<li>Hergestellt aus starkem Metall, das Ihre LEDs hell und langlebig h\u00e4lt, indem es W\u00e4rme absorbiert.<\/li>\n\n\n\n<li>Geeignet f\u00fcr LED-Streifen mit einer Breite von bis zu 12mm, ideal f\u00fcr viele bekannte LED-B\u00e4nder.<\/li>\n\n\n\n<li>Eine glatte, matte Abdeckung f\u00fcr den Diffusor, die das Licht abmildert und es punktlos und angenehm f\u00fcr die Augen macht.<\/li>\n\n\n\n<li>Schwierig, auf den Stufen auszurutschen, mit optionaler rutschfester Oberfl\u00e4che.<\/li>\n\n\n\n<li>Einfach zu installieren, indem sie an den Treppenstufen verschraubt wird.<\/li>\n\n\n\n<li>F\u00fcr Innen- und Au\u00dfenbereiche geeignet (verwendet wasserdichte LED-Streifen und das Ende abdichten)<\/li>\n<\/ul>\n<\/div>\n<\/div>\n\n\n\n<div class=\"wp-block-group\" style=\"padding-top:var(--wp--preset--spacing--60);padding-bottom:var(--wp--preset--spacing--60)\"><div class=\"wp-block-group__inner-container is-layout-constrained wp-block-group-is-layout-constrained\">\n<div class=\"wp-block-media-text has-media-on-the-right is-stacked-on-mobile\" style=\"grid-template-columns:auto 40%\"><div class=\"wp-block-media-text__content\">\n<h2 class=\"wp-block-heading\" style=\"padding-top:var(--wp--preset--spacing--40);padding-bottom:var(--wp--preset--spacing--40);font-size:25px;font-style:normal;font-weight:600;text-transform:capitalize\">Wie benutzt man unsere LED-Aluuminiumschiene f\u00fcr Treppenbeleuchtung mit 45-Grad-Ansicht?<\/h2>\n\n\n\n<ul class=\"wp-block-list\">\n<li>Verwenden Sie eine S\u00e4ge, um das Profil auf die richtige Gr\u00f6\u00dfe f\u00fcr Ihre Treppe zuschneiden.<\/li>\n\n\n\n<li>Legen Sie Ihr 10 mm LED-Band in den Kanal.<\/li>\n\n\n\n<li>Snappen Sie die Diffusorabdeckung auf, um das Licht abzuschw\u00e4chen.<\/li>\n\n\n\n<li>Setzen Sie Endkappen auf, um ein sauberes und elegantes Aussehen zu erzeugen.<\/li>\n\n\n\n<li>Verwenden Sie Schrauben, um das Profil an die Kante der Treppe zu befestigen.<\/li>\n\n\n\n<li>Stecken Sie Ihren LED-Streifen in eine Stromquelle.<\/li>\n<\/ul>\n<\/div><figure class=\"wp-block-media-text__media\"><img loading=\"lazy\" decoding=\"async\" width=\"500\" height=\"500\" src=\"https:\/\/tangooled.com\/wp-content\/uploads\/2025\/12\/stp02-ins.webp\" alt=\"45 degree up lighting led stair aluminum channel\" class=\"wp-image-42207 size-full\" srcset=\"https:\/\/tangooled.com\/wp-content\/uploads\/2025\/12\/stp02-ins.webp 500w, https:\/\/tangooled.com\/wp-content\/uploads\/2025\/12\/stp02-ins-300x300.webp 300w, https:\/\/tangooled.com\/wp-content\/uploads\/2025\/12\/stp02-ins-150x150.webp 150w\" sizes=\"auto, (max-width: 500px) 100vw, 500px\" \/><\/figure><\/div>\n<\/div><\/div>\n\n\n\n<div class=\"wp-block-group has-background is-vertical is-layout-flex wp-container-core-group-is-layout-b429018a wp-block-group-is-layout-flex\" style=\"background-color:#f1f1f1f2;padding-top:var(--wp--preset--spacing--70);padding-bottom:var(--wp--preset--spacing--70)\">\n<h2 class=\"wp-block-heading\" style=\"padding-top:var(--wp--preset--spacing--40);padding-bottom:var(--wp--preset--spacing--40);font-size:25px;font-style:normal;font-weight:600\">Was ist im Lieferumfang enthalten?<\/h2>\n\n\n\n<ul class=\"wp-block-list\">\n<li>1 x 45-Grad-Aluminiumschiene (Ihre Wahl der L\u00e4nge)<\/li>\n\n\n\n<li>1 x matte oder klare Diffusorlinse<\/li>\n\n\n\n<li>2 Endkappen (eine mit Loch f\u00fcr Kabel)<\/li>\n<\/ul>\n<\/div>\n\n\n\n<div class=\"wp-block-group is-vertical is-layout-flex wp-container-core-group-is-layout-d255d7c4 wp-block-group-is-layout-flex\" style=\"padding-top:var(--wp--preset--spacing--80);padding-bottom:var(--wp--preset--spacing--80)\">\n<h2 class=\"wp-block-heading\" style=\"padding-top:var(--wp--preset--spacing--40);padding-bottom:var(--wp--preset--spacing--40);font-size:25px;font-style:normal;font-weight:600;text-transform:capitalize\">Verwandte Produkte von Tangooled<\/h2>\n\n\n\n<ul class=\"wp-block-list\">\n<li><a href=\"https:\/\/tangooled.com\/de\/product\/black-led-profile-with-black-diffuser-for-10mm-led-strip-light\/\"><mark style=\"background-color:rgba(0, 0, 0, 0)\" class=\"has-inline-color has-vivid-red-color\">Schwarzes LED-Profil mit schwarzem Diffusor f\u00fcr 10mm LED-Streifen<\/mark><\/a><\/li>\n\n\n\n<li><a href=\"https:\/\/tangooled.com\/de\/product\/black-led-diffuser-aluminum-channel-for-12mm-tape-lights\/\"><mark style=\"background-color:rgba(0, 0, 0, 0)\" class=\"has-inline-color has-vivid-red-color\">Schwarzes LED-Diffusor-Aluminiumprofil f\u00fcr 12 mm Tape-Lights<\/mark><\/a><\/li>\n\n\n\n<li><a href=\"https:\/\/tangooled.com\/de\/product\/led-strip-light-channel-aluminum-profile-with-diffused-cover-6mm-height\/\"><mark style=\"background-color:rgba(0, 0, 0, 0)\" class=\"has-inline-color has-vivid-red-color\">LED-Streifenlicht-Kanal-Aluminiumprofil mit diffuser Abdeckung 6mm H\u00f6he<\/mark><\/a><\/li>\n\n\n\n<li><a href=\"https:\/\/tangooled.com\/de\/product\/surface-mount-led-profile-with-frosted-diffuser-for-10mm-rope-lights\/\"><mark style=\"background-color:rgba(0, 0, 0, 0)\" class=\"has-inline-color has-vivid-red-color\">Oberfl\u00e4chenmontage-LED-Profil mit mattem Diffusor f\u00fcr 10mm Seillichter<\/mark><\/a>\u00a0<\/li>\n<\/ul>\n<\/div>\n\n\n\n<div class=\"wp-block-group has-background\" style=\"background-color:#f1f1f1;padding-top:var(--wp--preset--spacing--80);padding-bottom:var(--wp--preset--spacing--80)\"><div class=\"wp-block-group__inner-container is-layout-constrained wp-block-group-is-layout-constrained\">\n<h2 class=\"wp-block-heading\" style=\"padding-top:var(--wp--preset--spacing--40);padding-bottom:var(--wp--preset--spacing--40);font-size:25px;font-style:normal;font-weight:600;text-transform:capitalize\">Zusammenfassung<\/h2>\n\n\n\n<p style=\"padding-right:var(--wp--preset--spacing--50);padding-left:var(--wp--preset--spacing--50)\">Unser LED-Aluuminiumschienen-Profil f\u00fcr Treppenbeleuchtung mit 45-Grad-Ansicht ist eine robuste, intelligente M\u00f6glichkeit, lineare Treppenbeleuchtung hinzuzuf\u00fcgen. Es sch\u00fctzt Ihre LED-Streifen, spendet sanftes, sauberes Licht mit seinem matten Diffusor und passt zu vielen LED-Bandtypen. Verwenden Sie es f\u00fcr architektonische Beleuchtung, Unterbauarbeitslichter oder stilvolle Treppensicherheit.<\/p>\n<\/div><\/div>\n\n\n\n<p><\/p>","protected":false},"featured_media":13550,"template":"","meta":{"_acf_changed":true,"_seopress_robots_primary_cat":"none","_seopress_titles_title":"45 Degree Up-Lighting LED Stair Channel Profile STP02 | TANGOOLED","_seopress_titles_desc":"The STP02 is a 45 degree up lighting led stair channel designed for indirect step illumination. This angled aluminum profile creates a soft upward glow, perfect for floating staircases and architectural accents.","_seopress_robots_index":""},"pcb-width":[228],"product-cat":[200],"class_list":{"0":"post-42193","1":"product","2":"type-product","3":"status-publish","4":"has-post-thumbnail","6":"pcb-width-6-12mm","7":"product-cat-stair-nosing-profile"},"acf":[],"_links":{"self":[{"href":"https:\/\/tangooled.com\/de\/wp-json\/wp\/v2\/product\/42193","targetHints":{"allow":["GET"]}}],"collection":[{"href":"https:\/\/tangooled.com\/de\/wp-json\/wp\/v2\/product"}],"about":[{"href":"https:\/\/tangooled.com\/de\/wp-json\/wp\/v2\/types\/product"}],"wp:featuredmedia":[{"embeddable":true,"href":"https:\/\/tangooled.com\/de\/wp-json\/wp\/v2\/media\/13550"}],"wp:attachment":[{"href":"https:\/\/tangooled.com\/de\/wp-json\/wp\/v2\/media?parent=42193"}],"wp:term":[{"taxonomy":"pcb-width","embeddable":true,"href":"https:\/\/tangooled.com\/de\/wp-json\/wp\/v2\/pcb-width?post=42193"},{"taxonomy":"product-cat","embeddable":true,"href":"https:\/\/tangooled.com\/de\/wp-json\/wp\/v2\/product-cat?post=42193"}],"curies":[{"name":"wp","href":"https:\/\/api.w.org\/{rel}","templated":true}]}}