{"id":42190,"date":"2025-12-17T02:11:57","date_gmt":"2025-12-17T10:11:57","guid":{"rendered":"https:\/\/tangooled.com\/?post_type=product&#038;p=42190"},"modified":"2026-02-02T02:07:16","modified_gmt":"2026-02-02T10:07:16","slug":"80mm-large-360-degree-glowing-led-extrusion-vertical-pendant-rsc80","status":"publish","type":"product","link":"https:\/\/tangooled.com\/de\/product\/80mm-large-360-degree-glowing-led-extrusion-vertical-pendant-rsc80\/","title":{"rendered":"80 mm gro\u00dfe 360\u00b0 leuchtende LED-Extrusion f\u00fcr gro\u00dfe Pendants"},"content":{"rendered":"<div class=\"wp-block-group is-vertical is-layout-flex wp-container-core-group-is-layout-d255d7c4 wp-block-group-is-layout-flex\" style=\"padding-top:var(--wp--preset--spacing--80);padding-bottom:var(--wp--preset--spacing--80)\">\n<p>Die moderne und leistungsstarke gro\u00dfe 360-Grad leuchtende LED-Extrusion mit 80 mm Durchmesser ist daf\u00fcr ausgelegt, Ihre Umgebung mit \u00fcberlegener Helligkeit zu bereichern. Diese LED-Extrusion besteht aus hochwertigem Aluminium 6063-T5 und wurde entwickelt, um viele LED-Strips zu halten und gleichzeitig sicherzustellen, dass W\u00e4rme so effizient wie m\u00f6glich abgegeben wird. Die Leuchte verf\u00fcgt \u00fcber einen gro\u00dfen, gew\u00f6lbten opalen Diffusor, der wundersch\u00f6nes 360-Grad Licht abgibt, das glatt, hell und punktfrei ist.<\/p>\n\n\n\n<p>Diese 80 mm gro\u00dfe 360-Grad LED-Extrusion ist eine ideale Wahl f\u00fcr Architekten, Designer und DIY-Enthusiasten, die mutige, elegante Bele L\u00f6sung suchen. Sie eignet sich hervorragend f\u00fcr B\u00fcros, Konferenzzentren, Hotels und andere Gesch\u00e4ftsr\u00e4ume mit hohen Decken, die beeindruckende, hochwirksame lineare Pendelleuchten ben\u00f6tigen.<\/p>\n<\/div>\n\n\n\n<div class=\"wp-block-group has-background is-vertical is-layout-flex wp-container-core-group-is-layout-d255d7c4 wp-block-group-is-layout-flex\" style=\"background-color:#f1f1f1;padding-top:var(--wp--preset--spacing--80);padding-bottom:var(--wp--preset--spacing--80)\">\n<div class=\"wp-block-group is-vertical is-layout-flex wp-container-core-group-is-layout-8cf370e7 wp-block-group-is-layout-flex\">\n<h2 class=\"wp-block-heading\" style=\"padding-top:var(--wp--preset--spacing--40);padding-bottom:var(--wp--preset--spacing--40);font-size:25px;font-style:normal;font-weight:600;text-transform:capitalize\">Warum diese 80 mm gro\u00dfe 360-Grad leuchtende LED-Extrusion w\u00e4hlen<\/h2>\n\n\n\n<ul class=\"wp-block-list\">\n<li>Das gro\u00dfe 360 360-Grad Beleuchtung LED-Profil mit einem Durchmesser von 80 mm eignet sich hervorragend f\u00fcr H\u00e4ngeleuchten.<\/li>\n\n\n\n<li>Kann mit mehr als einem Strip arbeiten; kann doppelte Reihen LED-Strips, wie SMD 2835, 5050 und 3528, die bis zu 15 mm breit sind, halten.<\/li>\n\n\n\n<li>Das nach unten h\u00e4ngende Design in Kombination mit verstellbaren Stahlseilen erm\u00f6glicht eine einfache Installation in verschiedenen H\u00f6hen und Standorten.<\/li>\n\n\n\n<li>Eloxiertes Aluminium 6063-T5 erm\u00f6glicht einen schnellen W\u00e4rmeabtransport, wodurch LEDs l\u00e4nger halten.<\/li>\n\n\n\n<li>Der opale Polycarbonat-Diffusor stellt sicher, dass das Licht gleichm\u00e4\u00dfig, sanft und blendfrei ist.<\/li>\n<\/ul>\n<\/div>\n<\/div>\n\n\n\n<div class=\"wp-block-group\" style=\"padding-top:var(--wp--preset--spacing--80);padding-bottom:var(--wp--preset--spacing--80)\"><div class=\"wp-block-group__inner-container is-layout-constrained wp-block-group-is-layout-constrained\">\n<div class=\"wp-block-media-text has-media-on-the-right is-stacked-on-mobile\"><div class=\"wp-block-media-text__content\">\n<h2 class=\"wp-block-heading\" style=\"padding-top:var(--wp--preset--spacing--40);padding-bottom:var(--wp--preset--spacing--40);font-size:25px;font-style:normal;font-weight:600;text-transform:capitalize\">Wie man installiert und verwendet<\/h2>\n\n\n\n<ul class=\"wp-block-list\">\n<li>Die h\u00e4ngende Aluminiumextrusion wird mit Stahlseilen geliefert, die das H\u00e4ngen erleichtern.<\/li>\n\n\n\n<li>Schneiden Sie die Extrusion auf die ben\u00f6tigte L\u00e4nge f\u00fcr Ihr Projekt.<\/li>\n\n\n\n<li>Legen Sie Ihre SMD 2835, 5050 oder andere geeignete LED-Strips in den Kanal.<\/li>\n\n\n\n<li>To achieve light that is smooth and doesn&#8217;t cause glare, put the opal diffuser over the strips.<\/li>\n\n\n\n<li>Um das Design abzuschlie\u00dfen und die Strips vor Staub und Besch\u00e4digungen zu sch\u00fctzen, f\u00fcgen Sie Endkappen hinzu.<\/li>\n<\/ul>\n<\/div><figure class=\"wp-block-media-text__media\"><img loading=\"lazy\" decoding=\"async\" width=\"500\" height=\"500\" src=\"https:\/\/tangooled.com\/wp-content\/uploads\/2025\/12\/rc.webp\" alt=\"50mm vertical pendant led tube profile 360 degree lighting\" class=\"wp-image-42373 size-full\" srcset=\"https:\/\/tangooled.com\/wp-content\/uploads\/2025\/12\/rc.webp 500w, https:\/\/tangooled.com\/wp-content\/uploads\/2025\/12\/rc-300x300.webp 300w, https:\/\/tangooled.com\/wp-content\/uploads\/2025\/12\/rc-150x150.webp 150w\" sizes=\"auto, (max-width: 500px) 100vw, 500px\" \/><\/figure><\/div>\n<\/div><\/div>\n\n\n\n<div class=\"wp-block-group has-background\" style=\"background-color:#f1f1f1;padding-top:var(--wp--preset--spacing--80);padding-bottom:var(--wp--preset--spacing--80)\"><div class=\"wp-block-group__inner-container is-layout-constrained wp-block-group-is-layout-constrained\">\n<h2 class=\"wp-block-heading\" style=\"padding-top:var(--wp--preset--spacing--40);padding-bottom:var(--wp--preset--spacing--40);font-size:25px;font-style:normal;font-weight:600;text-transform:capitalize\">What&#8217;s in the kit<\/h2>\n\n\n\n<ul class=\"wp-block-list\">\n<li>1x Eloxierte Aluminium-Streifenleiste f\u00fcr LED-Strips<\/li>\n\n\n\n<li>1x Opal-Rohrdiffusor<\/li>\n\n\n\n<li>Zwei Metall-Endkappen<\/li>\n\n\n\n<li>Aufh\u00e4ngungsset<\/li>\n<\/ul>\n<\/div><\/div>\n\n\n\n<div class=\"wp-block-group is-vertical is-layout-flex wp-container-core-group-is-layout-d255d7c4 wp-block-group-is-layout-flex\" style=\"padding-top:var(--wp--preset--spacing--80);padding-bottom:var(--wp--preset--spacing--80)\">\n<h2 class=\"wp-block-heading\" style=\"padding-top:var(--wp--preset--spacing--40);padding-bottom:var(--wp--preset--spacing--40);font-size:25px;font-style:normal;font-weight:600;text-transform:capitalize\">Entdecken Sie weitere Profill\u00f6sungen<\/h2>\n\n\n\n<ul class=\"wp-block-list\">\n<li><a href=\"https:\/\/tangooled.com\/de\/product\/black-led-diffuser-aluminum-channel-for-12mm-tape-lights\/\"><mark style=\"background-color:rgba(0, 0, 0, 0)\" class=\"has-inline-color has-vivid-red-color\">Schwarzes LED-Diffusor-Aluminiumprofil f\u00fcr 12 mm Tape-Lights<\/mark><\/a><\/li>\n\n\n\n<li><a href=\"https:\/\/tangooled.com\/de\/product\/surface-mount-led-profile-with-frosted-diffuser-for-10mm-rope-lights\/\"><mark style=\"background-color:rgba(0, 0, 0, 0)\" class=\"has-inline-color has-vivid-red-color\">Oberfl\u00e4chenmontage-LED-Profil mit mattem Diffusor f\u00fcr 10mm Seillichter<\/mark><\/a><\/li>\n<\/ul>\n\n\n\n<p>Holen Sie sich diese 80 mm runde Aluminium-LED-Extrusion f\u00fcr Ihr Beleuchtungskit heute und konstruieren Sie wundersch\u00f6ne Mehrstrip-Ringleuchten, die lange halten und hell leuchten!<\/p>\n<\/div>\n\n\n\n<p><\/p>","protected":false},"featured_media":13421,"template":"","meta":{"_acf_changed":true,"_seopress_robots_primary_cat":"none","_seopress_titles_title":"80mm Large 360\u00b0 Glowing LED Extrusion | High-Lumen Round Fixture RSC80","_seopress_titles_desc":"The RSC80 is a heavy-duty 80mm large 360 degree glowing led extrusion. Designed for high-output illumination in large halls, lobbies, and open offices.","_seopress_robots_index":""},"pcb-width":[228],"product-cat":[234],"class_list":{"0":"post-42190","1":"product","2":"type-product","3":"status-publish","4":"has-post-thumbnail","6":"pcb-width-6-12mm","7":"product-cat-round-tube-profile"},"acf":[],"_links":{"self":[{"href":"https:\/\/tangooled.com\/de\/wp-json\/wp\/v2\/product\/42190","targetHints":{"allow":["GET"]}}],"collection":[{"href":"https:\/\/tangooled.com\/de\/wp-json\/wp\/v2\/product"}],"about":[{"href":"https:\/\/tangooled.com\/de\/wp-json\/wp\/v2\/types\/product"}],"wp:featuredmedia":[{"embeddable":true,"href":"https:\/\/tangooled.com\/de\/wp-json\/wp\/v2\/media\/13421"}],"wp:attachment":[{"href":"https:\/\/tangooled.com\/de\/wp-json\/wp\/v2\/media?parent=42190"}],"wp:term":[{"taxonomy":"pcb-width","embeddable":true,"href":"https:\/\/tangooled.com\/de\/wp-json\/wp\/v2\/pcb-width?post=42190"},{"taxonomy":"product-cat","embeddable":true,"href":"https:\/\/tangooled.com\/de\/wp-json\/wp\/v2\/product-cat?post=42190"}],"curies":[{"name":"wp","href":"https:\/\/api.w.org\/{rel}","templated":true}]}}