{"id":42188,"date":"2025-12-17T02:07:33","date_gmt":"2025-12-17T10:07:33","guid":{"rendered":"https:\/\/tangooled.com\/?post_type=product&#038;p=42188"},"modified":"2026-02-02T02:07:45","modified_gmt":"2026-02-02T10:07:45","slug":"60mm-circular-360-degree-led-profile-for-multi-strips-rsc60","status":"publish","type":"product","link":"https:\/\/tangooled.com\/de\/product\/60mm-circular-360-degree-led-profile-for-multi-strips-rsc60\/","title":{"rendered":"RSC60: 60 mm kreisf\u00f6rmiges 360\u00b0 LED-Profil f\u00fcr Hochleistungs-Multi-Strips"},"content":{"rendered":"<div class=\"wp-block-group is-vertical is-layout-flex wp-container-core-group-is-layout-d255d7c4 wp-block-group-is-layout-flex\" style=\"padding-top:var(--wp--preset--spacing--80);padding-bottom:var(--wp--preset--spacing--80)\">\n<p>Our 60mm circular 360\u00b0 LED profile is a modern, round light housing that allows multi-strip LED setups disperse light evenly and smoothly. The large 60mm diameter profile is designed to hold and protect numerous LED strips inside. It has a wide, opal polycarbonate diffuser that emits a clean, dot-free LED light that wraps around the entire fixture. This makes sure that light comes from all sides.<\/p>\n\n\n\n<p>This high-quality LED profile has a big diameter and is perfect for producing pendant lights or continuous architectural lighting profiles. It looks elegant and spreads light evenly, so it&#8217;s a wonderful choice for modern lobbies, stores, offices, and any other place that needs good ambient light.<\/p>\n<\/div>\n\n\n\n<div class=\"wp-block-group has-background is-vertical is-layout-flex wp-container-core-group-is-layout-d255d7c4 wp-block-group-is-layout-flex\" style=\"background-color:#f1f1f1;padding-top:var(--wp--preset--spacing--80);padding-bottom:var(--wp--preset--spacing--80)\">\n<div class=\"wp-block-group is-vertical is-layout-flex wp-container-core-group-is-layout-8cf370e7 wp-block-group-is-layout-flex\">\n<h2 class=\"wp-block-heading\" style=\"padding-top:var(--wp--preset--spacing--40);padding-bottom:var(--wp--preset--spacing--40);font-size:25px;font-style:normal;font-weight:600;text-transform:capitalize\">Merkmale &amp; Vorteile<\/h2>\n<\/div>\n\n\n\n<ul class=\"wp-block-list\">\n<li>Diffuse 360-Grad-Beleuchtung: Die vollst\u00e4ndige kreisf\u00f6rmige Kontur l\u00e4sst das Licht gleichm\u00e4\u00dfig strahlen, ohne dunkle Fl\u00e4chen.<\/li>\n\n\n\n<li>Unterst\u00fctzt mehrere LED-Streifen: Der innere Aluminiumstab hat eine pentagonale Form, die es Ihnen erm\u00f6glicht, f\u00fcnf LED-Streifenlicht gleichzeitig zu verwenden.<\/li>\n\n\n\n<li>Besseres W\u00e4rmemanagement: Das eloxierte Aluminium 6063-T5 tr\u00e4gt zur K\u00fchlung der LEDs bei, sodass diese l\u00e4nger halten.<\/li>\n\n\n\n<li>Long-lasting materials: The opal&nbsp;polycarbonate (PC) diffuser is UV-resistant and won&#8217;t become yellow.<\/li>\n\n\n\n<li>L\u00e4ngen, die anpassbar sind: Sie k\u00f6nnen es in Standardgr\u00f6\u00dfen von 1 m und 2 m erhalten und es an jedes Projekt anpassen.<\/li>\n<\/ul>\n<\/div>\n\n\n\n<div class=\"wp-block-group\" style=\"padding-top:var(--wp--preset--spacing--80);padding-bottom:var(--wp--preset--spacing--80)\"><div class=\"wp-block-group__inner-container is-layout-constrained wp-block-group-is-layout-constrained\">\n<div class=\"wp-block-media-text has-media-on-the-right is-stacked-on-mobile\" style=\"grid-template-columns:auto 40%\"><div class=\"wp-block-media-text__content\">\n<h2 class=\"wp-block-heading\" style=\"padding-top:var(--wp--preset--spacing--40);padding-bottom:var(--wp--preset--spacing--40);font-size:25px;font-style:normal;font-weight:600;text-transform:capitalize\">So installieren Sie<\/h2>\n\n\n\n<ul class=\"wp-block-list\">\n<li>Schneiden Sie den Aluminiumkanal auf die gew\u00e4hlte L\u00e4nge.<\/li>\n\n\n\n<li>Legen Sie mehrere LED-Streifen in das Multireihenprofil.<\/li>\n\n\n\n<li>Befestigen Sie den opalfarbenen PC-Diffusor am Kanal.<\/li>\n\n\n\n<li>Setzen Sie Endkappen auf und schlie\u00dfen Sie die Dr\u00e4hte an.<\/li>\n\n\n\n<li>Schlie\u00dfen Sie es an einen LED-Treiber an und schalten Sie es ein, um gleichm\u00e4\u00dfiges Licht zu erhalten.<\/li>\n<\/ul>\n<\/div><figure class=\"wp-block-media-text__media\"><img loading=\"lazy\" decoding=\"async\" width=\"500\" height=\"500\" src=\"https:\/\/tangooled.com\/wp-content\/uploads\/2025\/12\/rc.webp\" alt=\"50mm vertical pendant led tube profile 360 degree lighting\" class=\"wp-image-42373 size-full\" srcset=\"https:\/\/tangooled.com\/wp-content\/uploads\/2025\/12\/rc.webp 500w, https:\/\/tangooled.com\/wp-content\/uploads\/2025\/12\/rc-300x300.webp 300w, https:\/\/tangooled.com\/wp-content\/uploads\/2025\/12\/rc-150x150.webp 150w\" sizes=\"auto, (max-width: 500px) 100vw, 500px\" \/><\/figure><\/div>\n<\/div><\/div>\n\n\n\n<div class=\"wp-block-group has-background is-vertical is-layout-flex wp-container-core-group-is-layout-b429018a wp-block-group-is-layout-flex\" style=\"background-color:#f1f1f1f2;padding-top:var(--wp--preset--spacing--70);padding-bottom:var(--wp--preset--spacing--70)\">\n<h2 class=\"wp-block-heading\" style=\"padding-top:var(--wp--preset--spacing--40);padding-bottom:var(--wp--preset--spacing--40);font-size:25px;font-style:normal;font-weight:600;text-transform:capitalize\">what&#8217;s in a kit?<\/h2>\n\n\n\n<ul class=\"wp-block-list\">\n<li>Aluminiumstab f\u00fcr LED-Streifen<\/li>\n\n\n\n<li>360 Grad Beleuchtung Rohr<\/li>\n\n\n\n<li>Aufh\u00e4ngungsdraht-Kit zur Montage<\/li>\n\n\n\n<li>Endkappen mit oder ohne Drahtl\u00f6cher<\/li>\n<\/ul>\n<\/div>\n\n\n\n<div class=\"wp-block-group is-vertical is-layout-flex wp-container-core-group-is-layout-d255d7c4 wp-block-group-is-layout-flex\" style=\"padding-top:var(--wp--preset--spacing--80);padding-bottom:var(--wp--preset--spacing--80)\">\n<h2 class=\"wp-block-heading\" style=\"padding-top:var(--wp--preset--spacing--40);padding-bottom:var(--wp--preset--spacing--40);font-size:25px;font-style:normal;font-weight:600;text-transform:capitalize\">Warum sollten Sie unser 60 mm rundes 360 Grad LED-Profil w\u00e4hlen?<\/h2>\n\n\n\n<p>Unser 60 mm rundes 360 Grad LED-Profil besteht aus hochwertigen Materialien und gibt punktfreies LED-Licht in einem vollst\u00e4ndigen Kreis ab. Das eloxierte Aluminiumprofil stellt sicher, dass W\u00e4rme so schnell wie m\u00f6glich abgegeben wird, was die Lebensdauer der LEDs verl\u00e4ngert. Es hat einen halbtransparenten Diffusor, der das Licht gleichm\u00e4\u00dfig verteilt, ohne es zu hell oder zu dunkel zu machen.<br>Dieses 360 Grad LED-Kanalprofil mit gro\u00dfem Durchmesser eignet sich f\u00fcr mehrstufige LED-Installationen und ist somit ideal f\u00fcr Profile mit hoher Lumenleistung. Es kann an vielen verschiedenen Orten verwendet werden, wie modernen B\u00fcros, Hotel-Lobbys, Gesch\u00e4ften und H\u00e4usern.<\/p>\n<\/div>\n\n\n\n<div class=\"wp-block-group has-background\" style=\"background-color:#f1f1f1;padding-top:var(--wp--preset--spacing--80);padding-bottom:var(--wp--preset--spacing--80)\"><div class=\"wp-block-group__inner-container is-layout-constrained wp-block-group-is-layout-constrained\">\n<h2 class=\"wp-block-heading\" style=\"padding-top:var(--wp--preset--spacing--40);padding-bottom:var(--wp--preset--spacing--40);font-size:25px;font-style:normal;font-weight:600;text-transform:capitalize\">Verwandte Produkte, die Ihnen gefallen k\u00f6nnten<\/h2>\n\n\n\n<ul class=\"wp-block-list\">\n<li><a href=\"https:\/\/tangooled.com\/de\/product\/diameter-40mm-round-aluminum-profile-for-led-strips-with-inner-width-30mm\/\"><mark style=\"background-color:rgba(0, 0, 0, 0)\" class=\"has-inline-color has-vivid-red-color\">Durchmesser 40 mm Rundaluminiumprofil f\u00fcr LED-Streifen mit innerer Breite von 30 mm<\/mark><\/a><\/li>\n\n\n\n<li><a href=\"https:\/\/tangooled.com\/de\/product\/aluminum-profile-with-60-degree-lens-led-diffuser\/\"><mark style=\"background-color:rgba(0, 0, 0, 0)\" class=\"has-inline-color has-vivid-red-color\">Aluminiumprofil mit 60-Grad-Linse LED-Diffusor<\/mark><\/a><\/li>\n\n\n\n<li><a href=\"https:\/\/tangooled.com\/de\/product\/surface-mount-led-profile-with-frosted-diffuser-for-10mm-rope-lights\/\"><mark style=\"background-color:rgba(0, 0, 0, 0)\" class=\"has-inline-color has-vivid-red-color\">Oberfl\u00e4chenmontierter LED-Profil mit mattiertem Diffusor f\u00fcr 10 mm LED-Lichterketten<\/mark><\/a><\/li>\n\n\n\n<li><a href=\"https:\/\/tangooled.com\/de\/product\/black-aluminum-u-channel-profile-for-10mm-led-strips\/\"><mark style=\"background-color:rgba(0, 0, 0, 0)\" class=\"has-inline-color has-vivid-red-color\">Schwarzes Aluminium-U-Profil f\u00fcr 10mm LED-Streifen<\/mark><\/a><\/li>\n<\/ul>\n<\/div><\/div>\n\n\n\n<div class=\"wp-block-group\" style=\"padding-top:var(--wp--preset--spacing--80);padding-bottom:var(--wp--preset--spacing--80)\"><div class=\"wp-block-group__inner-container is-layout-constrained wp-block-group-is-layout-constrained\">\n<h2 class=\"wp-block-heading\" style=\"padding-top:var(--wp--preset--spacing--40);padding-bottom:var(--wp--preset--spacing--40);font-size:25px;font-style:normal;font-weight:600;text-transform:capitalize\">Zusammenfassung<\/h2>\n\n\n\n<p>Das 60 mm runde 360 Grad LED-Rundkanalprofil ist ein hochwertiges, extrudiertes Rohrprofil, das perfekt f\u00fcr mehrstufige LED-Systeme ist, die eine Beleuchtung in alle Richtungen ben\u00f6tigen. Es enth\u00e4lt einen opalfarbenen PC-Diffusor und hervorragende W\u00e4rmeabfuhr, die Ihrem Pendelleuchten- oder architektonischen Beleuchtungsprojekt ein sauberes, professionelles Aussehen verleiht.<\/p>\n<\/div><\/div>\n\n\n\n<p><\/p>","protected":false},"featured_media":13407,"template":"","meta":{"_acf_changed":true,"_seopress_robots_primary_cat":"none","_seopress_titles_title":"60mm Circular 360\u00b0 LED Profile | Round Architectural Light Tube RSC60","_seopress_titles_desc":"The RSC60 is a professional 60mm circular 360 degree led profile. Achieve seamless, shadow-free lighting for modern commercial interiors and retail displays.","_seopress_robots_index":""},"pcb-width":[228],"product-cat":[234],"class_list":{"0":"post-42188","1":"product","2":"type-product","3":"status-publish","4":"has-post-thumbnail","6":"pcb-width-6-12mm","7":"product-cat-round-tube-profile"},"acf":[],"_links":{"self":[{"href":"https:\/\/tangooled.com\/de\/wp-json\/wp\/v2\/product\/42188","targetHints":{"allow":["GET"]}}],"collection":[{"href":"https:\/\/tangooled.com\/de\/wp-json\/wp\/v2\/product"}],"about":[{"href":"https:\/\/tangooled.com\/de\/wp-json\/wp\/v2\/types\/product"}],"wp:featuredmedia":[{"embeddable":true,"href":"https:\/\/tangooled.com\/de\/wp-json\/wp\/v2\/media\/13407"}],"wp:attachment":[{"href":"https:\/\/tangooled.com\/de\/wp-json\/wp\/v2\/media?parent=42188"}],"wp:term":[{"taxonomy":"pcb-width","embeddable":true,"href":"https:\/\/tangooled.com\/de\/wp-json\/wp\/v2\/pcb-width?post=42188"},{"taxonomy":"product-cat","embeddable":true,"href":"https:\/\/tangooled.com\/de\/wp-json\/wp\/v2\/product-cat?post=42188"}],"curies":[{"name":"wp","href":"https:\/\/api.w.org\/{rel}","templated":true}]}}