{"id":42186,"date":"2025-12-17T01:58:53","date_gmt":"2025-12-17T09:58:53","guid":{"rendered":"https:\/\/tangooled.com\/?post_type=product&#038;p=42186"},"modified":"2026-02-02T02:08:33","modified_gmt":"2026-02-02T10:08:33","slug":"omnidirectional-pendant-led-tube-profile-rsc50","status":"publish","type":"product","link":"https:\/\/tangooled.com\/de\/product\/omnidirectional-pendant-led-tube-profile-rsc50\/","title":{"rendered":"RSC50: 50 mm omnidirektionales LED-Rohprofil f\u00fcr Pendeldisplays"},"content":{"rendered":"<div class=\"wp-block-group is-vertical is-layout-flex wp-container-core-group-is-layout-d255d7c4 wp-block-group-is-layout-flex\" style=\"padding-top:var(--wp--preset--spacing--80);padding-bottom:var(--wp--preset--spacing--80)\">\n<p>Willkommen zu unserem 50mm omnidirektionalen Pendelleuchtenprofil f\u00fcr 360-Grad-Beleuchtung! Diese einzigartige Leuchte ist darauf ausgelegt, Ihren Raum mit hellem, gleichm\u00e4\u00dfigen Licht zu verwandeln. Dieses sch\u00f6ne vertikale Pendel-LED-Rohr besteht aus einem robusten Aluminiumprofil und hat einen satinierten Polycarbonat-Diffusor f\u00fcr die Deckenmontage.<\/p>\n\n\n\n<p>Das Hauptmerkmal dieses Designs ist das 50mm Durchmesser-Rohr, das es erm\u00f6glicht, das Licht gleichm\u00e4\u00dfig in alle Richtungen abzugeben. So wird sichergestellt, dass der gesamte Raum hell ist und gleichm\u00e4\u00dfig beleuchtet wird, ohne dunkle Flecken, und es verleiht dem Raum ein lebhaftes Gef\u00fchl. Der starke Aluminiumk\u00f6rper fungiert zudem gut als K\u00fchlk\u00f6rper, was wichtig ist, um W\u00e4rme abzuleiten und die Lebensdauer der inneren LED-Streifen zu verl\u00e4ngern.<\/p>\n\n\n\n<p>Dieses sch\u00f6ne Pendelrohr eignet sich hervorragend f\u00fcr B\u00fcros, Gesch\u00e4fte, Speises\u00e4le und Lobbys mit hohen Decken, in denen ein sauberes, auff\u00e4lliges architektonisches Merkmal ben\u00f6tigt wird.<\/p>\n<\/div>\n\n\n\n<div class=\"wp-block-group has-background is-vertical is-layout-flex wp-container-core-group-is-layout-d255d7c4 wp-block-group-is-layout-flex\" style=\"background-color:#f1f1f1;padding-top:var(--wp--preset--spacing--80);padding-bottom:var(--wp--preset--spacing--80)\">\n<div class=\"wp-block-group is-vertical is-layout-flex wp-container-core-group-is-layout-8cf370e7 wp-block-group-is-layout-flex\">\n<h2 class=\"wp-block-heading\" style=\"padding-top:var(--wp--preset--spacing--40);padding-bottom:var(--wp--preset--spacing--40);font-size:25px;font-style:normal;font-weight:600;text-transform:capitalize\">Warum dieses 50mm omnidirektionale Pendelleuchtenprofil w\u00e4hlen?<\/h2>\n\n\n\n<ul class=\"wp-block-list\">\n<li>Vollst\u00e4ndige 360-Grad-Lichtabgabe f\u00fcr starke, gleichm\u00e4\u00dfige Fl\u00e4chenbeleuchtung.<\/li>\n\n\n\n<li>Ein Stil, der mit architektonischem Lichtdesign und gehobenen Umgebungen wie Hotels und Gesch\u00e4ften harmoniert.<\/li>\n\n\n\n<li>Arbeitet mit dimmbaren LED-Rohrtechnologien, um die Helligkeit zu variieren.<\/li>\n\n\n\n<li>Kommt mit einem Deckenaufh\u00e4ngesystem f\u00fcr eine einfache Installation.<\/li>\n<\/ul>\n<\/div>\n<\/div>\n\n\n\n<div class=\"wp-block-group\" style=\"padding-top:var(--wp--preset--spacing--60);padding-bottom:var(--wp--preset--spacing--60)\"><div class=\"wp-block-group__inner-container is-layout-constrained wp-block-group-is-layout-constrained\">\n<div class=\"wp-block-media-text has-media-on-the-right is-stacked-on-mobile\" style=\"grid-template-columns:auto 40%\"><div class=\"wp-block-media-text__content\">\n<h2 class=\"wp-block-heading\" style=\"padding-top:var(--wp--preset--spacing--40);padding-bottom:var(--wp--preset--spacing--40);font-size:25px;font-style:normal;font-weight:600;text-transform:capitalize\">Installation und Anpassung<\/h2>\n\n\n\n<ul class=\"wp-block-list\">\n<li>Wir verkaufen ein komplettes Aufh\u00e4ngungsset, das Kabel und Deckenhalterungen enth\u00e4lt.<\/li>\n\n\n\n<li>Sie k\u00f6nnen die genauen L\u00e4ngen w\u00e4hlen, die Sie f\u00fcr Ihr Projekt ben\u00f6tigen.<\/li>\n\n\n\n<li>Sie k\u00f6nnen eine Ausf\u00fchrung in Wei\u00df, Schwarz oder Silber w\u00e4hlen oder sich f\u00fcr eine benutzerdefinierte Farbe entscheiden.<\/li>\n\n\n\n<li>Es funktioniert mit vielen Controllern, sodass Sie es in jedem Geb\u00e4ude oder Smart-System verwenden k\u00f6nnen.<\/li>\n\n\n\n<li>Sie k\u00f6nnen es vertikal anbringen, um Ihren Designbed\u00fcrfnissen gerecht zu werden.<\/li>\n<\/ul>\n<\/div><figure class=\"wp-block-media-text__media\"><img loading=\"lazy\" decoding=\"async\" width=\"500\" height=\"500\" src=\"https:\/\/tangooled.com\/wp-content\/uploads\/2025\/12\/rc.webp\" alt=\"50mm vertical pendant led tube profile 360 degree lighting\" class=\"wp-image-42373 size-full\" srcset=\"https:\/\/tangooled.com\/wp-content\/uploads\/2025\/12\/rc.webp 500w, https:\/\/tangooled.com\/wp-content\/uploads\/2025\/12\/rc-300x300.webp 300w, https:\/\/tangooled.com\/wp-content\/uploads\/2025\/12\/rc-150x150.webp 150w\" sizes=\"auto, (max-width: 500px) 100vw, 500px\" \/><\/figure><\/div>\n<\/div><\/div>\n\n\n\n<div class=\"wp-block-group has-background is-vertical is-layout-flex wp-container-core-group-is-layout-b429018a wp-block-group-is-layout-flex\" style=\"background-color:#f1f1f1f2;padding-top:var(--wp--preset--spacing--70);padding-bottom:var(--wp--preset--spacing--70)\">\n<h2 class=\"wp-block-heading\" style=\"padding-top:var(--wp--preset--spacing--40);padding-bottom:var(--wp--preset--spacing--40);font-size:25px;font-style:normal;font-weight:600\">What\u2019s in the kit?<\/h2>\n\n\n\n<ul class=\"wp-block-list\">\n<li>Anodisiertes Aluminiumprofil f\u00fcr LED-Streifen<\/li>\n\n\n\n<li>Ein 360 Grad leuchtendes Polycarbonatr\u00f6hre<\/li>\n\n\n\n<li>Zwei Metall-Endkappen<\/li>\n\n\n\n<li>Ein Aufh\u00e4ngungs-Kabelkit<\/li>\n<\/ul>\n<\/div>\n\n\n\n<div class=\"wp-block-group is-vertical is-layout-flex wp-container-core-group-is-layout-d255d7c4 wp-block-group-is-layout-flex\" style=\"padding-top:var(--wp--preset--spacing--80);padding-bottom:var(--wp--preset--spacing--80)\">\n<h2 class=\"wp-block-heading\" style=\"padding-top:var(--wp--preset--spacing--40);padding-bottom:var(--wp--preset--spacing--40);font-size:25px;font-style:normal;font-weight:600;text-transform:capitalize\">Wie Sie dieses Licht verwenden k\u00f6nnen<\/h2>\n\n\n\n<p>Unser 50mm vertikales Pendelleuchtenprofil f\u00fcr 360 Grad Beleuchtung eignet sich hervorragend f\u00fcr:<\/p>\n\n\n\n<ul class=\"wp-block-list\">\n<li>Die Beleuchtung von Gewerbegeb\u00e4uden und Gesch\u00e4ften, die helles, gleichm\u00e4\u00dfiges Licht ben\u00f6tigen.<\/li>\n\n\n\n<li>Modernisieren Sie Ihr B\u00fcro mit modernen Lichtinstallationen.<\/li>\n\n\n\n<li>Beleuchtung in Hotels und Bars, die die Menschen einladend wirken l\u00e4sst.<\/li>\n\n\n\n<li>Demonstration in Nachtclubs oder auf der B\u00fchne mit hellen Farben.<\/li>\n\n\n\n<li>Restaurants oder Ausstellungsr\u00e4umen ein stilvolleres Aussehen verleihen.<\/li>\n\n\n\n<li>Lobbys, Atrien und Ausstellungsst\u00e4nde, bei denen Licht eine Aussage trifft.<\/li>\n<\/ul>\n<\/div>\n\n\n\n<div class=\"wp-block-group has-background\" style=\"background-color:#f1f1f1;padding-top:var(--wp--preset--spacing--80);padding-bottom:var(--wp--preset--spacing--80)\"><div class=\"wp-block-group__inner-container is-layout-constrained wp-block-group-is-layout-constrained\">\n<h2 class=\"wp-block-heading\" style=\"padding-top:var(--wp--preset--spacing--40);padding-bottom:var(--wp--preset--spacing--40);font-size:25px;font-style:normal;font-weight:600;text-transform:capitalize\">Verwandte Produkte und Ressourcen<\/h2>\n\n\n\n<ul class=\"wp-block-list\">\n<li><a href=\"https:\/\/tangooled.com\/de\/product\/diffused-dia-60mm-360-degree-led-round-channel-profile-for-multi-strips\/\"><mark style=\"background-color:rgba(0, 0, 0, 0)\" class=\"has-inline-color has-vivid-red-color\">Diffusor Durchmesser 60mm 360 Grad LED Rundkanalprofil f\u00fcr mehrere Streifen<\/mark><\/a><\/li>\n\n\n\n<li><a href=\"https:\/\/tangooled.com\/de\/product\/360-degree-illumination-round-led-profile-dia-80mm-for-vertical-pendant\/\"><mark style=\"background-color:rgba(0, 0, 0, 0)\" class=\"has-inline-color has-vivid-red-color\">360 Grad Beleuchtung runder LED-Profil Durchmesser 80mm f\u00fcr vertikale Pendel<\/mark><\/a><\/li>\n\n\n\n<li><a href=\"https:\/\/tangooled.com\/de\/product\/diameter-40mm-round-aluminum-profile-for-led-strips-with-inner-width-30mm\/\"><mark style=\"background-color:rgba(0, 0, 0, 0)\" class=\"has-inline-color has-vivid-red-color\">Durchmesser 40 mm Rundaluminiumprofil f\u00fcr LED-Streifen mit innerer Breite von 30 mm<\/mark><\/a><\/li>\n<\/ul>\n<\/div><\/div>\n\n\n\n<div class=\"wp-block-group\" style=\"padding-top:var(--wp--preset--spacing--80);padding-bottom:var(--wp--preset--spacing--80)\"><div class=\"wp-block-group__inner-container is-layout-constrained wp-block-group-is-layout-constrained\">\n<p>Unser 50mm omnidirektionales Pendelleuchtenprofil ist f\u00fcr 360-Grad-Beleuchtung gedacht. Wenn Sie vollst\u00e4ndiges, wundersch\u00f6nes und helles Licht in alle Richtungen w\u00fcnschen, ist das TG-RSC50 die beste Wahl. Bestellen Sie jetzt f\u00fcr eine Beleuchtungsl\u00f6sung, die klar, hell und zeitgem\u00e4\u00df ist!<\/p>\n<\/div><\/div>\n\n\n\n<p><\/p>","protected":false},"featured_media":13402,"template":"","meta":{"_acf_changed":true,"_seopress_robots_primary_cat":"none","_seopress_titles_title":"Omnidirectional Pendant LED Tube Profile 50mm RSC50 | TANGOOLED","_seopress_titles_desc":"The RSC50 is an omnidirectional pendant led tube profile designed for striking vertical or horizontal light displays. This 50mm circular profile delivers a seamless glow without shadows.","_seopress_robots_index":""},"pcb-width":[228],"product-cat":[234],"class_list":{"0":"post-42186","1":"product","2":"type-product","3":"status-publish","4":"has-post-thumbnail","6":"pcb-width-6-12mm","7":"product-cat-round-tube-profile"},"acf":[],"_links":{"self":[{"href":"https:\/\/tangooled.com\/de\/wp-json\/wp\/v2\/product\/42186","targetHints":{"allow":["GET"]}}],"collection":[{"href":"https:\/\/tangooled.com\/de\/wp-json\/wp\/v2\/product"}],"about":[{"href":"https:\/\/tangooled.com\/de\/wp-json\/wp\/v2\/types\/product"}],"wp:featuredmedia":[{"embeddable":true,"href":"https:\/\/tangooled.com\/de\/wp-json\/wp\/v2\/media\/13402"}],"wp:attachment":[{"href":"https:\/\/tangooled.com\/de\/wp-json\/wp\/v2\/media?parent=42186"}],"wp:term":[{"taxonomy":"pcb-width","embeddable":true,"href":"https:\/\/tangooled.com\/de\/wp-json\/wp\/v2\/pcb-width?post=42186"},{"taxonomy":"product-cat","embeddable":true,"href":"https:\/\/tangooled.com\/de\/wp-json\/wp\/v2\/product-cat?post=42186"}],"curies":[{"name":"wp","href":"https:\/\/api.w.org\/{rel}","templated":true}]}}