{"id":42185,"date":"2025-12-17T01:54:16","date_gmt":"2025-12-17T09:54:16","guid":{"rendered":"https:\/\/tangooled.com\/?post_type=product&#038;p=42185"},"modified":"2026-02-02T02:08:56","modified_gmt":"2026-02-02T10:08:56","slug":"d-80mm-large-round-led-extrusion-multi-strip-rsg80","status":"publish","type":"product","link":"https:\/\/tangooled.com\/de\/product\/d-80mm-large-round-led-extrusion-multi-strip-rsg80\/","title":{"rendered":"H\u00e4ngende D 80 mm gro\u00dfe runde Aluminium-LED-Extrusion f\u00fcr mehrere LED-Strips"},"content":{"rendered":"<div class=\"wp-block-group is-vertical is-layout-flex wp-container-core-group-is-layout-d255d7c4 wp-block-group-is-layout-flex\" style=\"padding-top:var(--wp--preset--spacing--80);padding-bottom:var(--wp--preset--spacing--80)\">\n<p>The modern, powerful suspended d 80mm large round LED extrusion will make your space\u00a0brighter. This profile is made of strong 6063-T5 aluminum and is meant to hold large LED strips (around 38mm). <\/p>\n\n\n\n<p>Die Leuchte ist zum Aufh\u00e4ngen von der Decke gedacht und hat einen gro\u00dfen, gebogenen opalen Diffusor, der Licht in einem beeindruckenden 270-Grad-Winkel abgibt. Dies erzeugt Licht, das gleichm\u00e4\u00dfig, hell und weich ist, ohne Punkte.<\/p>\n\n\n\n<p>Diese Extrusion ist perfekt f\u00fcr Architekten, Designer und Heimwerker, die auff\u00e4llige, elegante Beleuchtung w\u00fcnschen. Sie passt perfekt in B\u00fcros, Konferenzzentren, Hotels, gewerbliche R\u00e4ume mit hohen Decken und Veranstaltungsorte, die auff\u00e4llige, leistungsstarke lineare Pendelleuchten erfordern.<\/p>\n<\/div>\n\n\n\n<div class=\"wp-block-group has-background is-vertical is-layout-flex wp-container-core-group-is-layout-d255d7c4 wp-block-group-is-layout-flex\" style=\"background-color:#f1f1f1;padding-top:var(--wp--preset--spacing--80);padding-bottom:var(--wp--preset--spacing--80)\">\n<div class=\"wp-block-group is-vertical is-layout-flex wp-container-core-group-is-layout-8cf370e7 wp-block-group-is-layout-flex\">\n<h2 class=\"wp-block-heading\" style=\"padding-top:var(--wp--preset--spacing--40);padding-bottom:var(--wp--preset--spacing--40);font-size:25px;font-style:normal;font-weight:600;text-transform:capitalize\">Warum diese D 80mm gro\u00dfe runde LED-Extrusion w\u00e4hlen?<\/h2>\n\n\n\n<ul class=\"wp-block-list\">\n<li>Der gro\u00dfe Durchmesser von 80mm bietet einen einzigartigen runden Rahmen, der sich hervorragend f\u00fcr Pendel- und H\u00e4ngeleuchten eignet.<\/li>\n\n\n\n<li>Kann mit mehr als einem Streifen arbeiten; kann doppelte Reihen&nbsp;LED-Streifen halten, wie SMD 2835, 5050 und 3528.<\/li>\n\n\n\n<li>Das Design, das nach unten h\u00e4ngt, und die verstellbaren Stahlseile erm\u00f6glichen eine einfache Installation in verschiedenen H\u00f6hen und an verschiedenen Orten.<\/li>\n\n\n\n<li>Eloxiertes Aluminium 6063-T5 erm\u00f6glicht einen schnellen W\u00e4rmeabtransport, wodurch LEDs l\u00e4nger halten.<\/li>\n\n\n\n<li>The opal polycarbonate diffuser makes sure that the light is smooth, even, and doesn&#8217;t have any glare.<\/li>\n\n\n\n<li>Verf\u00fcgbare Oberfl\u00e4chen sind schwarzer Pulverbeschichtung, wei\u00dfer Pulverbeschichtung und eloxiertem Silber.<\/li>\n<\/ul>\n<\/div>\n<\/div>\n\n\n\n<div class=\"wp-block-group\" style=\"padding-top:var(--wp--preset--spacing--60);padding-bottom:var(--wp--preset--spacing--60)\"><div class=\"wp-block-group__inner-container is-layout-constrained wp-block-group-is-layout-constrained\">\n<div class=\"wp-block-media-text has-media-on-the-right is-stacked-on-mobile\" style=\"grid-template-columns:auto 40%\"><div class=\"wp-block-media-text__content\">\n<h2 class=\"wp-block-heading\" style=\"padding-top:var(--wp--preset--spacing--40);padding-bottom:var(--wp--preset--spacing--40);font-size:25px;font-style:normal;font-weight:600;text-transform:capitalize\">Wie man installiert und verwendet<\/h2>\n\n\n\n<ul class=\"wp-block-list\">\n<li>Die h\u00e4ngende Aluminiumextrusion wird mit Stahlseilen geliefert, die das H\u00e4ngen erleichtern.<\/li>\n\n\n\n<li>Schneiden Sie die Extrusion auf die ben\u00f6tigte L\u00e4nge f\u00fcr Ihr Projekt.<\/li>\n\n\n\n<li>Legen Sie Ihre SMD 2835, 5050 oder andere LED-Streifen in den Kanal ein.<\/li>\n\n\n\n<li>To achieve light that is smooth and doesn&#8217;t cause glare, put the opal diffuser over the strips.<\/li>\n\n\n\n<li>Um das Design abzuschlie\u00dfen und die Strips vor Staub und Besch\u00e4digungen zu sch\u00fctzen, f\u00fcgen Sie Endkappen hinzu.<\/li>\n<\/ul>\n<\/div><figure class=\"wp-block-media-text__media\"><img loading=\"lazy\" decoding=\"async\" width=\"500\" height=\"500\" src=\"https:\/\/tangooled.com\/wp-content\/uploads\/2025\/12\/rsg80-ins.webp\" alt=\"suspended d 80mm large round aluminum led extrusion for multi led strips\" class=\"wp-image-42367 size-full\" srcset=\"https:\/\/tangooled.com\/wp-content\/uploads\/2025\/12\/rsg80-ins.webp 500w, https:\/\/tangooled.com\/wp-content\/uploads\/2025\/12\/rsg80-ins-300x300.webp 300w, https:\/\/tangooled.com\/wp-content\/uploads\/2025\/12\/rsg80-ins-150x150.webp 150w\" sizes=\"auto, (max-width: 500px) 100vw, 500px\" \/><\/figure><\/div>\n<\/div><\/div>\n\n\n\n<div class=\"wp-block-group has-background is-vertical is-layout-flex wp-container-core-group-is-layout-b429018a wp-block-group-is-layout-flex\" style=\"background-color:#f1f1f1f2;padding-top:var(--wp--preset--spacing--70);padding-bottom:var(--wp--preset--spacing--70)\">\n<h2 class=\"wp-block-heading\" style=\"padding-top:var(--wp--preset--spacing--40);padding-bottom:var(--wp--preset--spacing--40);font-size:25px;font-style:normal;font-weight:600\">Ideal f\u00fcr diese Anwendungen<\/h2>\n\n\n\n<ul class=\"wp-block-list\">\n<li>Businessbereiche wie Konferenzr\u00e4ume, B\u00fcros, Einzelhandelsgesch\u00e4fte, Lobbys und Ausstellungsr\u00e4ume<\/li>\n\n\n\n<li>Gastgewerbe: Hotels, Restaurants, Bars und Veranstaltungsorte f\u00fcr Events.<\/li>\n\n\n\n<li>In Wohnungen: Treppenh\u00e4user, K\u00fccheninseln, Essbereiche und Wohnr\u00e4ume mit hohen Decken<\/li>\n\n\n\n<li>\u00d6ffentliche Geb\u00e4ude umfassen Bibliotheken, Galerien und moderne offene Bereiche.<\/li>\n<\/ul>\n<\/div>\n\n\n\n<div class=\"wp-block-group is-vertical is-layout-flex wp-container-core-group-is-layout-d255d7c4 wp-block-group-is-layout-flex\" style=\"padding-top:var(--wp--preset--spacing--80);padding-bottom:var(--wp--preset--spacing--80)\">\n<h2 class=\"wp-block-heading\" style=\"padding-top:var(--wp--preset--spacing--40);padding-bottom:var(--wp--preset--spacing--40);font-size:25px;font-style:normal;font-weight:600;text-transform:capitalize\">Verwandte Produkte<\/h2>\n\n\n\n<ul class=\"wp-block-list\">\n<li>F\u00fcr kleinere Streifen oder schwarze Ausf\u00fchrungen, \u00fcberpr\u00fcfen Sie das <a href=\"https:\/\/tangooled.com\/de\/product\/black-led-profile-with-black-diffuser-for-10mm-led-strip-light\/\"><mark style=\"background-color:rgba(0, 0, 0, 0)\" class=\"has-inline-color has-vivid-red-color\">Schwarzes LED-Profil mit schwarzem Diffusor f\u00fcr 10mm LED-Streifen<\/mark><\/a><\/li>\n\n\n\n<li>F\u00fcr die Oberfl\u00e4chenmontage siehe die<mark style=\"background-color:rgba(0, 0, 0, 0)\" class=\"has-inline-color has-vivid-red-color\"> <a href=\"https:\/\/tangooled.com\/de\/product\/led-strip-light-channel-aluminum-profile-with-diffused-cover-6mm-height\/\">LED-Streifenlicht-Kanal-Aluminiumprofil mit diffuser Abdeckung 6mm H\u00f6he<\/a><\/mark><\/li>\n\n\n\n<li>F\u00fcr einen kleineren Ring besuchen Sie das <a href=\"https:\/\/tangooled.com\/de\/product\/suspended-round-led-aluminum-profile-dia-24mm-for-12mm-flexible-led-strip\/\"><mark style=\"background-color:rgba(0, 0, 0, 0)\" class=\"has-inline-color has-vivid-red-color\">H\u00e4ngende runde LED-Aluminium-Profil Durchmesser 24mm f\u00fcr 12mm flexible LED-Streifen<\/mark><\/a><\/li>\n\n\n\n<li>M\u00f6chten Sie eine rechteckige Form? Erkunden Sie das <a href=\"https:\/\/tangooled.com\/de\/product\/aluminum-led-strip-extrusion-diffuser-channel-for-5050-double-row-led-strip\/\"><mark style=\"background-color:rgba(0, 0, 0, 0)\" class=\"has-inline-color has-vivid-red-color\">Aluminium-LED-Streifen-Extrusionsdiffusor-Kanal f\u00fcr 5050 Doppelte Reihe LED-Streifen<\/mark><\/a><\/li>\n<\/ul>\n<\/div>\n\n\n\n<p><\/p>","protected":false},"featured_media":13459,"template":"","meta":{"_acf_changed":true,"_seopress_robots_primary_cat":"none","_seopress_titles_title":"D 80mm Large Round LED Extrusion | Multi-Strip Hanging Channel RSG80","_seopress_titles_desc":"The RSG80 is a professional D 80mm large round led extrusion designed for multi-strip integration. Ideal for high-lumen suspended lighting in grand halls and offices.","_seopress_robots_index":""},"pcb-width":[230],"product-cat":[234],"class_list":{"0":"post-42185","1":"product","2":"type-product","3":"status-publish","4":"has-post-thumbnail","6":"pcb-width-20-25mm","7":"product-cat-round-tube-profile"},"acf":[],"_links":{"self":[{"href":"https:\/\/tangooled.com\/de\/wp-json\/wp\/v2\/product\/42185","targetHints":{"allow":["GET"]}}],"collection":[{"href":"https:\/\/tangooled.com\/de\/wp-json\/wp\/v2\/product"}],"about":[{"href":"https:\/\/tangooled.com\/de\/wp-json\/wp\/v2\/types\/product"}],"wp:featuredmedia":[{"embeddable":true,"href":"https:\/\/tangooled.com\/de\/wp-json\/wp\/v2\/media\/13459"}],"wp:attachment":[{"href":"https:\/\/tangooled.com\/de\/wp-json\/wp\/v2\/media?parent=42185"}],"wp:term":[{"taxonomy":"pcb-width","embeddable":true,"href":"https:\/\/tangooled.com\/de\/wp-json\/wp\/v2\/pcb-width?post=42185"},{"taxonomy":"product-cat","embeddable":true,"href":"https:\/\/tangooled.com\/de\/wp-json\/wp\/v2\/product-cat?post=42185"}],"curies":[{"name":"wp","href":"https:\/\/api.w.org\/{rel}","templated":true}]}}