{"id":42183,"date":"2025-12-17T01:49:06","date_gmt":"2025-12-17T09:49:06","guid":{"rendered":"https:\/\/tangooled.com\/?post_type=product&#038;p=42183"},"modified":"2026-02-02T02:09:32","modified_gmt":"2026-02-02T10:09:32","slug":"inner-width-38mm-round-led-aluminum-channel-for-5050-led-strips","status":"publish","type":"product","link":"https:\/\/tangooled.com\/de\/product\/inner-width-38mm-round-led-aluminum-channel-for-5050-led-strips\/","title":{"rendered":"Innere Breite 38 mm Runder LED-Aluminiumkanal f\u00fcr 5050 LED-Streifen"},"content":{"rendered":"<div class=\"wp-block-group is-vertical is-layout-flex wp-container-core-group-is-layout-d255d7c4 wp-block-group-is-layout-flex\" style=\"padding-top:var(--wp--preset--spacing--80);padding-bottom:var(--wp--preset--spacing--80)\">\n<p>Looking for a wide, round LED aluminum channel? Our Inner 38mm Round LED Aluminum Channel is made to house large LED strips up to 38mm wide, such as 5050 tapes. This robust \u03a680mm profile is designed for suspension, transforming powerful LED lighting into a statement fixture.<\/p>\n\n\n\n<p>Die Struktur verf\u00fcgt \u00fcber einen gro\u00dfen, gew\u00f6lbten LED-Diffusor, der einen weiten Abschnitt des Umfangs abdeckt und einen Beleuchtungswinkel von ungef\u00e4hr 270 Grad erreicht. Der Aluminiumkanal dient als Geh\u00e4use f\u00fcr Ihre LED-Streifen. Er h\u00e4lt sie k\u00fchl, sodass sie l\u00e4nger halten. Die Gr\u00f6\u00dfe und die breite Lichtstreuung machen es brillant und gleichm\u00e4\u00dfig.<\/p>\n\n\n\n<p>Er eignet sich hervorragend f\u00fcr architektonische Beleuchtung mit hoher Wirkung in gro\u00dfen R\u00e4umen. Dieses Licht ist ideal f\u00fcr allgemeine und dekorative Beleuchtung in Autohaus, Auditorien, gro\u00dfen Lobbys, modernen Fitnessstudios und anderen Orten mit hohen Decken, wo eine dramatische, schwebende Lichtquelle ben\u00f6tigt wird.<\/p>\n<\/div>\n\n\n\n<div class=\"wp-block-group has-background is-vertical is-layout-flex wp-container-core-group-is-layout-d255d7c4 wp-block-group-is-layout-flex\" style=\"background-color:#f1f1f1;padding-top:var(--wp--preset--spacing--80);padding-bottom:var(--wp--preset--spacing--80)\">\n<div class=\"wp-block-group is-vertical is-layout-flex wp-container-core-group-is-layout-8cf370e7 wp-block-group-is-layout-flex\">\n<h2 class=\"wp-block-heading\" style=\"padding-top:var(--wp--preset--spacing--40);padding-bottom:var(--wp--preset--spacing--40);font-size:25px;font-style:normal;font-weight:600;text-transform:capitalize\">Warum unseren inneren 38mm runden LED-Aluminiumkanal w\u00e4hlen?<\/h2>\n\n\n\n<ul class=\"wp-block-list\">\n<li>Die gro\u00dfe innere Breite von 38mm bedeutet, dass Sie einreihige oder mehrreihige 5050 LED-Streifen und sogar breitere B\u00e4nder einsetzen k\u00f6nnen.<\/li>\n\n\n\n<li>Hergestellt aus starkem 6063-T5 eloxiertem Aluminium, das leicht, aber robust ist. Die runde Form sorgt f\u00fcr ein weiches und gleichm\u00e4\u00dfiges Licht, ohne dunkle Stellen.<\/li>\n\n\n\n<li>Der mattierte Polycarbonat-Diffusor sorgt f\u00fcr ein sanftes und punktfreies Licht.<\/li>\n\n\n\n<li>Die LED-Streifen sind staub-, wasser- und sto\u00dfgesch\u00fctzt.&nbsp;<\/li>\n\n\n\n<li>Er kann einfach mit einem Aufh\u00e4ngesatz hinein geh\u00e4ngt werden.&nbsp;<\/li>\n\n\n\n<li>It&#8217;s great for commercial, residential, architectural, or task lighting.<\/li>\n<\/ul>\n<\/div>\n<\/div>\n\n\n\n<div class=\"wp-block-group\" style=\"padding-top:var(--wp--preset--spacing--80);padding-bottom:var(--wp--preset--spacing--80)\"><div class=\"wp-block-group__inner-container is-layout-constrained wp-block-group-is-layout-constrained\">\n<div class=\"wp-block-media-text has-media-on-the-right is-stacked-on-mobile\" style=\"grid-template-columns:auto 40%\"><div class=\"wp-block-media-text__content\">\n<h2 class=\"wp-block-heading\" style=\"padding-top:var(--wp--preset--spacing--40);padding-bottom:var(--wp--preset--spacing--40);font-size:25px;font-style:normal;font-weight:600;text-transform:capitalize\">Installationstipps<\/h2>\n\n\n\n<ul class=\"wp-block-list\">\n<li>Verwenden Sie einfach eine feinzahnige S\u00e4ge, um den Kanal auf die gew\u00fcnschte L\u00e4nge zu schneiden.<\/li>\n\n\n\n<li>Legen Sie die 5050 LED-Streifen oder andere passende B\u00e4nder in den Kanal. <\/li>\n\n\n\n<li>F\u00fchren Sie die Aufh\u00e4ngeschn\u00fcre in den hinteren Schlitz des Aluminiumkanals ein. <\/li>\n\n\n\n<li>Befestigen Sie den Kanal schnell an Decken mit Endkappen und Aufh\u00e4ngungsbeschl\u00e4gen.<\/li>\n<\/ul>\n<\/div><figure class=\"wp-block-media-text__media\"><img loading=\"lazy\" decoding=\"async\" width=\"500\" height=\"500\" src=\"https:\/\/tangooled.com\/wp-content\/uploads\/2025\/12\/rs80-ins.webp\" alt=\"inner width 38mm round led aluminum channel for 5050 led strips\" class=\"wp-image-42369 size-full\" srcset=\"https:\/\/tangooled.com\/wp-content\/uploads\/2025\/12\/rs80-ins.webp 500w, https:\/\/tangooled.com\/wp-content\/uploads\/2025\/12\/rs80-ins-300x300.webp 300w, https:\/\/tangooled.com\/wp-content\/uploads\/2025\/12\/rs80-ins-150x150.webp 150w\" sizes=\"auto, (max-width: 500px) 100vw, 500px\" \/><\/figure><\/div>\n<\/div><\/div>\n\n\n\n<div class=\"wp-block-group has-background is-vertical is-layout-flex wp-container-core-group-is-layout-b429018a wp-block-group-is-layout-flex\" style=\"background-color:#f1f1f1f2;padding-top:var(--wp--preset--spacing--70);padding-bottom:var(--wp--preset--spacing--70)\">\n<h2 class=\"wp-block-heading\" style=\"padding-top:var(--wp--preset--spacing--40);padding-bottom:var(--wp--preset--spacing--40);font-size:25px;font-style:normal;font-weight:600\">Ideal f\u00fcr diese Beleuchtungsaufgaben<\/h2>\n\n\n\n<ul class=\"wp-block-list\">\n<li>Beleuchtung f\u00fcr Unternehmen, wie Einzelhandel, B\u00fcros und Hotellobbys.<\/li>\n\n\n\n<li>Beleuchtung f\u00fcr Privathaushalte, einschlie\u00dflich K\u00fccheninseln, Wohnzimmer oder hohen Decken.<\/li>\n\n\n\n<li>Flure und Galerien sind Beispiele f\u00fcr architektonische Akzente.<\/li>\n\n\n\n<li>Aufgabenbeleuchtung: helle Lichter f\u00fcr Studios, Garagen und Werkst\u00e4tten, die sie ben\u00f6tigen.<\/li>\n<\/ul>\n<\/div>\n\n\n\n<div class=\"wp-block-group is-vertical is-layout-flex wp-container-core-group-is-layout-d255d7c4 wp-block-group-is-layout-flex\" style=\"padding-top:var(--wp--preset--spacing--80);padding-bottom:var(--wp--preset--spacing--80)\">\n<h2 class=\"wp-block-heading\" style=\"padding-top:var(--wp--preset--spacing--40);padding-bottom:var(--wp--preset--spacing--40);font-size:25px;font-style:normal;font-weight:600;text-transform:capitalize\">\u00dcberpr\u00fcfen Sie andere verwandte Produkte<\/h2>\n\n\n\n<ul class=\"wp-block-list\">\n<li>Entdecken Sie unser <a href=\"https:\/\/tangooled.com\/de\/product\/black-led-profile-with-black-diffuser-for-10mm-led-strip-light\/\"><mark style=\"background-color:rgba(0, 0, 0, 0)\" class=\"has-inline-color has-vivid-red-color\">schwarzes LED-Profil mit schwarzem Diffusor f\u00fcr 10mm LED-Streifen <\/mark><\/a>f\u00fcr schmale LED-Streifen. <\/li>\n\n\n\n<li>Erfahren Sie mehr \u00fcber unser <a href=\"https:\/\/tangooled.com\/de\/product\/aluminum-led-strip-extrusion-diffuser-channel-for-5050-double-row-led-strip\/\"><mark style=\"background-color:rgba(0, 0, 0, 0)\" class=\"has-inline-color has-vivid-red-color\">Aluminium-LED-Streifen-Extrusionsdiffusor-Kanal f\u00fcr 5050 doppelte Reihe LED-Streifen<\/mark><\/a> f\u00fcr \u00e4hnliche breite LED-Profile.<\/li>\n\n\n\n<li>Jetzt ansehen<a href=\"https:\/\/tangooled.com\/de\/product\/surface-mount-led-profile-with-frosted-diffuser-for-10mm-rope-lights\/\"><mark style=\"background-color:rgba(0, 0, 0, 0)\" class=\"has-inline-color has-vivid-red-color\">Oberfl\u00e4chenmontage LED-Profil mit satiniertem Diffusor f\u00fcr 10mm Seilschn\u00fcre <\/mark><\/a>f\u00fcr flexible Montagem\u00f6glichkeiten.<\/li>\n\n\n\n<li>F\u00fcr einzigartige Formen siehe <a href=\"https:\/\/tangooled.com\/de\/product\/v-shape-diffuser-corner-aluminum-led-profile-inner-20mm\/\"><mark style=\"background-color:rgba(0, 0, 0, 0)\" class=\"has-inline-color has-vivid-red-color\">V-Form Diffusor Ecke Aluminium LED-Profil inner 20mm<\/mark><\/a>.<\/li>\n<\/ul>\n<\/div>\n\n\n\n<p><\/p>","protected":false},"featured_media":13393,"template":"","meta":{"_acf_changed":true,"_seopress_robots_primary_cat":"none","_seopress_titles_title":"Inner 38mm Round LED Aluminum Channel RS80 | TANGOOLED","_seopress_titles_desc":"The RS80 is a heavy-duty round led aluminum channel with a spacious inner 38mm width. Perfect for 5050 strips, multi-row LEDs, and custom pendant lights.","_seopress_robots_index":""},"pcb-width":[231],"product-cat":[234],"class_list":{"0":"post-42183","1":"product","2":"type-product","3":"status-publish","4":"has-post-thumbnail","6":"pcb-width-25-35mm","7":"product-cat-round-tube-profile"},"acf":[],"_links":{"self":[{"href":"https:\/\/tangooled.com\/de\/wp-json\/wp\/v2\/product\/42183","targetHints":{"allow":["GET"]}}],"collection":[{"href":"https:\/\/tangooled.com\/de\/wp-json\/wp\/v2\/product"}],"about":[{"href":"https:\/\/tangooled.com\/de\/wp-json\/wp\/v2\/types\/product"}],"wp:featuredmedia":[{"embeddable":true,"href":"https:\/\/tangooled.com\/de\/wp-json\/wp\/v2\/media\/13393"}],"wp:attachment":[{"href":"https:\/\/tangooled.com\/de\/wp-json\/wp\/v2\/media?parent=42183"}],"wp:term":[{"taxonomy":"pcb-width","embeddable":true,"href":"https:\/\/tangooled.com\/de\/wp-json\/wp\/v2\/pcb-width?post=42183"},{"taxonomy":"product-cat","embeddable":true,"href":"https:\/\/tangooled.com\/de\/wp-json\/wp\/v2\/product-cat?post=42183"}],"curies":[{"name":"wp","href":"https:\/\/api.w.org\/{rel}","templated":true}]}}