{"id":42181,"date":"2025-12-17T01:45:22","date_gmt":"2025-12-17T09:45:22","guid":{"rendered":"https:\/\/tangooled.com\/?post_type=product&#038;p=42181"},"modified":"2026-02-02T02:09:50","modified_gmt":"2026-02-02T10:09:50","slug":"round-black-aluminum-led-channel-dia-60mm-diffuser-rsg60","status":"publish","type":"product","link":"https:\/\/tangooled.com\/de\/product\/round-black-aluminum-led-channel-dia-60mm-diffuser-rsg60\/","title":{"rendered":"Runder schwarzer Aluminium-LED-Kanal mit Durchmesser 60 mm Diffusor"},"content":{"rendered":"<div class=\"wp-block-group is-vertical is-layout-flex wp-container-core-group-is-layout-d255d7c4 wp-block-group-is-layout-flex\" style=\"padding-top:var(--wp--preset--spacing--80);padding-bottom:var(--wp--preset--spacing--80)\">\n<p>Unser schwarzer Aluminiumkanal mit einem 60 mm Diffusor ist so konzipiert, dass er Ihnen klares, punktfreies Licht bietet und einfach aufzuh\u00e4ngen ist. Diese hochwertige Leuchte hat eine Aluminium-Basis und eine innere Breite von 23,6 mm, die ideal f\u00fcr breitere LED-Streifen ist. Der breite, gew\u00f6lbte Diffusor deckt eine gro\u00dfe Fl\u00e4che ab und streut das Licht \u00fcber etwa 270 Grad. Dieses Design h\u00e4lt das LED-Streifenlicht sicher an seinem Platz und sorgt f\u00fcr helles, gleichm\u00e4\u00dfiges und punktfreies Licht.<\/p>\n\n\n\n<p>This 60mm diffuser round black aluminum channel is perfect for general illumination in large spaces like retail stores, airport lounges, or modern schools that need bright, trendy lighting. It&#8217;s also great for architectural lighting and statement pendant fixtures. You can use it at home, at work, or in a business.<\/p>\n<\/div>\n\n\n\n<div class=\"wp-block-group has-background is-vertical is-layout-flex wp-container-core-group-is-layout-d255d7c4 wp-block-group-is-layout-flex\" style=\"background-color:#f1f1f1;padding-top:var(--wp--preset--spacing--80);padding-bottom:var(--wp--preset--spacing--80)\">\n<div class=\"wp-block-group is-vertical is-layout-flex wp-container-core-group-is-layout-8cf370e7 wp-block-group-is-layout-flex\">\n<h2 class=\"wp-block-heading\" style=\"padding-top:var(--wp--preset--spacing--40);padding-bottom:var(--wp--preset--spacing--40);font-size:25px;font-style:normal;font-weight:600;text-transform:capitalize\">Warum diesen runden schwarzen Aluminium-LED-Kanal w\u00e4hlen?<\/h2>\n\n\n\n<ul class=\"wp-block-list\">\n<li>Das anodisierte Aluminium 6063-T5 ist robust und h\u00e4lt Ihre LEDs sicher und k\u00fchl.<\/li>\n\n\n\n<li>Die innere Breite von 23 mm ist gro\u00df genug f\u00fcr doppelte Reihen von LED-Streifen, breite B\u00e4nder und sogar Philips Hue-Streifen.<\/li>\n\n\n\n<li>Der glatte opale Polycarbonat-Diffusor erzeugt ein brillantes Licht ohne Punkte.<\/li>\n\n\n\n<li>Leicht, aber stabil, mit einem eleganten mattschwarzen Finish f\u00fcr Design und Zweck.<\/li>\n\n\n\n<li>Enth\u00e4lt ein vollst\u00e4ndiges Aufh\u00e4ngungsset mit Dr\u00e4hten und Endkappen.<\/li>\n<\/ul>\n<\/div>\n<\/div>\n\n\n\n<div class=\"wp-block-group\" style=\"padding-top:var(--wp--preset--spacing--80);padding-bottom:var(--wp--preset--spacing--80)\"><div class=\"wp-block-group__inner-container is-layout-constrained wp-block-group-is-layout-constrained\">\n<div class=\"wp-block-media-text has-media-on-the-right is-stacked-on-mobile\" style=\"grid-template-columns:auto 40%\"><div class=\"wp-block-media-text__content\">\n<h2 class=\"wp-block-heading\" style=\"padding-top:var(--wp--preset--spacing--40);padding-bottom:var(--wp--preset--spacing--40);font-size:25px;font-style:normal;font-weight:600;text-transform:capitalize\">Wo kann man diesen schwarzen Aluminiumkanal mit 60 mm Diffusor verwenden?<\/h2>\n\n\n\n<p>Unser runder schwarzer Aluminium-LED-H\u00e4ng kanal ist stilvoll und vielseitig einsetzbar f\u00fcr viele Orte:<\/p>\n\n\n\n<ul class=\"wp-block-list\">\n<li>K\u00fccheninseln: Eine stilvolle M\u00f6glichkeit, Ihre Aufgaben ohne Punkte auszuleuchten.<\/li>\n\n\n\n<li>B\u00fcro- und Konferenzr\u00e4ume: Lineare Beleuchtung, die hell und sauber ist, um Ihnen bei der Erledigung Ihrer Aufgaben zu helfen.<\/li>\n\n\n\n<li>Retail stores and showrooms: Use architectural lighting to get people&#8217;s attention.<\/li>\n\n\n\n<li>Wohn- und Esszimmer: Pendelleuchten, die ins Auge fallen.<\/li>\n\n\n\n<li>Bibliotheken &amp; Lobbys: Moderne h\u00e4ngende Beleuchtung, die in jeden hochdekorierten Raum passt.<\/li>\n<\/ul>\n<\/div><figure class=\"wp-block-media-text__media\"><img loading=\"lazy\" decoding=\"async\" width=\"500\" height=\"500\" src=\"https:\/\/tangooled.com\/wp-content\/uploads\/2025\/12\/rsg60-ins.webp\" alt=\"round black aluminum led hanging channel with dia 60mm diffuser inner width 23mm\" class=\"wp-image-42365 size-full\" srcset=\"https:\/\/tangooled.com\/wp-content\/uploads\/2025\/12\/rsg60-ins.webp 500w, https:\/\/tangooled.com\/wp-content\/uploads\/2025\/12\/rsg60-ins-300x300.webp 300w, https:\/\/tangooled.com\/wp-content\/uploads\/2025\/12\/rsg60-ins-150x150.webp 150w\" sizes=\"auto, (max-width: 500px) 100vw, 500px\" \/><\/figure><\/div>\n<\/div><\/div>\n\n\n\n<div class=\"wp-block-group has-background is-vertical is-layout-flex wp-container-core-group-is-layout-b429018a wp-block-group-is-layout-flex\" style=\"background-color:#f1f1f1f2;padding-top:var(--wp--preset--spacing--70);padding-bottom:var(--wp--preset--spacing--70)\">\n<h2 class=\"wp-block-heading\" style=\"padding-top:var(--wp--preset--spacing--40);padding-bottom:var(--wp--preset--spacing--40);font-size:25px;font-style:normal;font-weight:600;text-transform:capitalize\">What\u2019s Included in Your Kit?<\/h2>\n\n\n\n<ul class=\"wp-block-list\">\n<li>Einen runden schwarzen Aluminium-H\u00e4ngekanal<\/li>\n\n\n\n<li>1x Opal-Diffusordeckel (zum Einrasten)<\/li>\n\n\n\n<li>2 schwarze Endkappen<\/li>\n\n\n\n<li>1x Aufh\u00e4ngungsset (2 m Stahldraht mit Deckenmontagen)<\/li>\n<\/ul>\n<\/div>\n\n\n\n<div class=\"wp-block-group is-vertical is-layout-flex wp-container-core-group-is-layout-d255d7c4 wp-block-group-is-layout-flex\" style=\"padding-top:var(--wp--preset--spacing--80);padding-bottom:var(--wp--preset--spacing--80)\">\n<h2 class=\"wp-block-heading\" style=\"padding-top:var(--wp--preset--spacing--40);padding-bottom:var(--wp--preset--spacing--40);font-size:25px;font-style:normal;font-weight:600;text-transform:capitalize\">Kompatibilit\u00e4t mit LED-Streifen<\/h2>\n\n\n\n<p>Die innere Breite von 23 mm dieses Kanals passt zu:<\/p>\n\n\n\n<ul class=\"wp-block-list\">\n<li>Standard-LED-B\u00e4ndern und breiten<\/li>\n\n\n\n<li>Doppelreihe von LED-Streifen<\/li>\n\n\n\n<li>Hochdichte LED-Streifen (120+ LED\/m)<\/li>\n\n\n\n<li>COB- und RGBW-LED-Streifen, die ein glattes, helles Licht abgeben.<\/li>\n<\/ul>\n<\/div>\n\n\n\n<div class=\"wp-block-group has-background\" style=\"background-color:#f1f1f1;padding-top:var(--wp--preset--spacing--80);padding-bottom:var(--wp--preset--spacing--80)\"><div class=\"wp-block-group__inner-container is-layout-constrained wp-block-group-is-layout-constrained\">\n<h2 class=\"wp-block-heading\" style=\"padding-top:var(--wp--preset--spacing--40);padding-bottom:var(--wp--preset--spacing--40);font-size:25px;font-style:normal;font-weight:600;text-transform:capitalize\">Verwandte Produkte, die Ihnen gefallen k\u00f6nnten<\/h2>\n\n\n\n<ul class=\"wp-block-list\">\n<li><a href=\"https:\/\/tangooled.com\/de\/product\/black-led-profile-with-black-diffuser-for-10mm-led-strip-light\/\"><mark style=\"background-color:rgba(0, 0, 0, 0)\" class=\"has-inline-color has-vivid-red-color\">Schwarzes LED-Profil mit schwarzem Diffusor f\u00fcr 10mm LED-Streifen<\/mark><\/a><\/li>\n\n\n\n<li><a href=\"https:\/\/tangooled.com\/de\/product\/black-led-diffuser-aluminum-channel-for-12mm-tape-lights\/\"><mark style=\"background-color:rgba(0, 0, 0, 0)\" class=\"has-inline-color has-vivid-red-color\">Schwarzes LED-Diffusor-Aluminiumprofil f\u00fcr 12 mm LED-Band<\/mark><\/a><\/li>\n\n\n\n<li><a href=\"https:\/\/tangooled.com\/de\/product\/surface-mount-led-profile-with-frosted-diffuser-for-10mm-rope-lights\/\"><mark style=\"background-color:rgba(0, 0, 0, 0)\" class=\"has-inline-color has-vivid-red-color\">Oberfl\u00e4chenmontierter LED-Profil mit mattiertem Diffusor f\u00fcr 10 mm LED-Lichterketten<\/mark><\/a><\/li>\n\n\n\n<li><a href=\"https:\/\/tangooled.com\/de\/product\/25x14m-surface-mounted-led-light-aluminum-profile\/\"><mark style=\"background-color:rgba(0, 0, 0, 0)\" class=\"has-inline-color has-vivid-red-color\">25x14mm Oberfl\u00e4chen-mounted LED-Licht Aluminium-Profil<\/mark><\/a><\/li>\n\n\n\n<li><a href=\"https:\/\/tangooled.com\/de\/product\/led-strip-light-channel-aluminum-profile-with-diffused-cover-6mm-height\/\"><mark style=\"background-color:rgba(0, 0, 0, 0)\" class=\"has-inline-color has-vivid-red-color\">Aluminiumprofil f\u00fcr LED-Streifen mit diffundierender Abdeckung, H\u00f6he 6 mm<\/mark><\/a><\/li>\n<\/ul>\n<\/div><\/div>\n\n\n\n<div class=\"wp-block-group\" style=\"padding-top:var(--wp--preset--spacing--80);padding-bottom:var(--wp--preset--spacing--80)\"><div class=\"wp-block-group__inner-container is-layout-constrained wp-block-group-is-layout-constrained\">\n<h2 class=\"wp-block-heading\" style=\"padding-top:var(--wp--preset--spacing--40);padding-bottom:var(--wp--preset--spacing--40);font-size:25px;font-style:normal;font-weight:600;text-transform:capitalize\">Zusammenfassung<\/h2>\n\n\n\n<p>Dieser schwarze Aluminiumkanal mit einem 60 mm Diffusor ist gro\u00dfartig f\u00fcr jeden, der ein rundes LED-Geh\u00e4use ben\u00f6tigt, das langlebig, stilvoll und n\u00fctzlich f\u00fcr seine Beleuchtungsprojekte ist. Er hat eine breite innere Breite, die es Ihnen erm\u00f6glicht, viele verschiedene LEDs zu verwenden, l\u00e4sst W\u00e4rme effektiver entweichen und wird mit einem Aufh\u00e4ngungsset geliefert, das die Installation erleichtert. Verwenden Sie ihn, um lineare Beleuchtung f\u00fcr Geb\u00e4ude, H\u00e4ngeleuchten oder zur Verbesserung des Lichtdesigns in Ihrem Zuhause oder Gesch\u00e4ft zu schaffen.<\/p>\n<\/div><\/div>\n\n\n\n<p><\/p>","protected":false},"featured_media":34031,"template":"","meta":{"_acf_changed":true,"_seopress_robots_primary_cat":"none","_seopress_titles_title":"Black Aluminum Dia 60mm Diffuser Round LED Profile RSG60 | TANGOOLED","_seopress_titles_desc":"The RSG60 is a sleek black aluminum channel featuring a bold dia 60mm diffuser. Optimized for 23mm inner width strips, it\u2019s the perfect body for modern suspended linear lighting.","_seopress_robots_index":""},"pcb-width":[229],"product-cat":[234],"class_list":{"0":"post-42181","1":"product","2":"type-product","3":"status-publish","4":"has-post-thumbnail","6":"pcb-width-15-20mm","7":"product-cat-round-tube-profile"},"acf":[],"_links":{"self":[{"href":"https:\/\/tangooled.com\/de\/wp-json\/wp\/v2\/product\/42181","targetHints":{"allow":["GET"]}}],"collection":[{"href":"https:\/\/tangooled.com\/de\/wp-json\/wp\/v2\/product"}],"about":[{"href":"https:\/\/tangooled.com\/de\/wp-json\/wp\/v2\/types\/product"}],"wp:featuredmedia":[{"embeddable":true,"href":"https:\/\/tangooled.com\/de\/wp-json\/wp\/v2\/media\/34031"}],"wp:attachment":[{"href":"https:\/\/tangooled.com\/de\/wp-json\/wp\/v2\/media?parent=42181"}],"wp:term":[{"taxonomy":"pcb-width","embeddable":true,"href":"https:\/\/tangooled.com\/de\/wp-json\/wp\/v2\/pcb-width?post=42181"},{"taxonomy":"product-cat","embeddable":true,"href":"https:\/\/tangooled.com\/de\/wp-json\/wp\/v2\/product-cat?post=42181"}],"curies":[{"name":"wp","href":"https:\/\/api.w.org\/{rel}","templated":true}]}}