{"id":42179,"date":"2025-12-17T01:38:18","date_gmt":"2025-12-17T09:38:18","guid":{"rendered":"https:\/\/tangooled.com\/?post_type=product&#038;p=42179"},"modified":"2026-02-02T02:10:42","modified_gmt":"2026-02-02T10:10:42","slug":"60mm-round-led-aluminum-housing-large-diameter-rs60","status":"publish","type":"product","link":"https:\/\/tangooled.com\/de\/product\/60mm-round-led-aluminum-housing-large-diameter-rs60\/","title":{"rendered":"60 mm Runder LED-Aluminiumgeh\u00e4use f\u00fcr gro\u00dffl\u00e4chige Aufh\u00e4ngung"},"content":{"rendered":"<div class=\"wp-block-group is-vertical is-layout-flex wp-container-core-group-is-layout-d255d7c4 wp-block-group-is-layout-flex\" style=\"padding-top:var(--wp--preset--spacing--80);padding-bottom:var(--wp--preset--spacing--80)\">\n<p>Das 60 mm runde LED-Aluminiumgeh\u00e4use f\u00fcr die Aufh\u00e4ngung ist eine robuste, kreisf\u00f6rmige Leuchte, die aus einem Aluminiumkanal und einem PC-Lichtdiffusor besteht. Mit Aufh\u00e4ngesets kann dieses Profil sch\u00f6n von der Decke abh\u00e4ngen.<\/p>\n\n\n\n<p>Der gew\u00f6lbte LED-Diffusor ist der wichtigste Teil. Er deckt viel von dem Umfang ab und gibt Licht unter einem Winkel von etwa 270 Grad ab. Das Design h\u00e4lt das LED-Streifenlicht an Ort und Stelle und erzeugt helles, gleichm\u00e4\u00dfiges Licht ohne irgendwelche Punkte.<\/p>\n\n\n\n<p>Seine gro\u00dfe Gr\u00f6\u00dfe und das runde Design machen es zu einer perfekten Wahl f\u00fcr Haupt- oder dekorative Beleuchtung in gro\u00dfen, modernen R\u00e4umen. Es sieht wunderbar in Eingangsbereichen mit hohen Decken, riesigen B\u00fcros, Gesch\u00e4ften und architektonischen Projekten aus, die ein einzigartiges, schwebendes lineares Design ben\u00f6tigen.<\/p>\n<\/div>\n\n\n\n<div class=\"wp-block-group has-background is-vertical is-layout-flex wp-container-core-group-is-layout-d255d7c4 wp-block-group-is-layout-flex\" style=\"background-color:#f1f1f1;padding-top:var(--wp--preset--spacing--80);padding-bottom:var(--wp--preset--spacing--80)\">\n<div class=\"wp-block-group is-vertical is-layout-flex wp-container-core-group-is-layout-8cf370e7 wp-block-group-is-layout-flex\">\n<h2 class=\"wp-block-heading\" style=\"padding-top:var(--wp--preset--spacing--40);padding-bottom:var(--wp--preset--spacing--40);font-size:25px;font-style:normal;font-weight:600;text-transform:capitalize\">Hauptmerkmale des 60 mm runden LED-Aluminiumgeh\u00e4uses<\/h2>\n\n\n\n<ul class=\"wp-block-list\">\n<li>Das 6063-T5 Aluminium ist robust und h\u00e4lt Ihr LED-Licht sicher und k\u00fchl.<\/li>\n\n\n\n<li>Der breiteste LED-Streifen kann bis zu 20 mm breit sein, was sowohl f\u00fcr Einzel- als auch Doppelstreifen geeignet ist.<\/li>\n\n\n\n<li>Das Licht ist sanfter, da es eine opale Polycarbonat-Oberfl\u00e4che hat.<\/li>\n\n\n\n<li>Das Aufh\u00e4ngeset enth\u00e4lt Messinghalter und Stahlkabel.<\/li>\n\n\n\n<li>Sie k\u00f6nnen das Licht mit dimmbaren LED-Treibern wie DALI oder 0-10V steuern.<\/li>\n\n\n\n<li>Merkmale von Endkappen und Profilverbinder, die die Montage erleichtern.<\/li>\n<\/ul>\n<\/div>\n<\/div>\n\n\n\n<div class=\"wp-block-group\" style=\"padding-top:var(--wp--preset--spacing--80);padding-bottom:var(--wp--preset--spacing--80)\"><div class=\"wp-block-group__inner-container is-layout-constrained wp-block-group-is-layout-constrained\">\n<div class=\"wp-block-media-text has-media-on-the-right is-stacked-on-mobile\" style=\"grid-template-columns:auto 40%\"><div class=\"wp-block-media-text__content\">\n<h2 class=\"wp-block-heading\" style=\"padding-top:var(--wp--preset--spacing--40);padding-bottom:var(--wp--preset--spacing--40);font-size:25px;font-style:normal;font-weight:600;text-transform:capitalize\">Wo Sie das RS60 LED-Profil verwenden k\u00f6nnen<\/h2>\n\n\n\n<ul class=\"wp-block-list\">\n<li>B\u00fcrobeleuchtung: H\u00e4ngen Sie \u00fcber Schreibtischen in offenen B\u00fcros oder Besprechungsr\u00e4umen.<\/li>\n\n\n\n<li>Beleuchtung f\u00fcr Einzelhandelsausstellungen: Verwenden Sie helles, klares Licht, um Ihre Waren zu pr\u00e4sentieren.<\/li>\n\n\n\n<li>Eine Lichtquelle f\u00fcr den Konferenzraum, die Flair hinzuf\u00fcgt und Aufmerksamkeit auf sich zieht.<\/li>\n\n\n\n<li>Eine H\u00e4ngeleuchte f\u00fcr den Essbereich macht Mahlzeiten komfortabler und stilvoller.<\/li>\n<\/ul>\n<\/div><figure class=\"wp-block-media-text__media\"><img loading=\"lazy\" decoding=\"async\" width=\"500\" height=\"500\" src=\"https:\/\/tangooled.com\/wp-content\/uploads\/2025\/12\/rs60-ins.webp\" alt=\"60mm round led aluminum profile for suspension\" class=\"wp-image-42362 size-full\" srcset=\"https:\/\/tangooled.com\/wp-content\/uploads\/2025\/12\/rs60-ins.webp 500w, https:\/\/tangooled.com\/wp-content\/uploads\/2025\/12\/rs60-ins-300x300.webp 300w, https:\/\/tangooled.com\/wp-content\/uploads\/2025\/12\/rs60-ins-150x150.webp 150w\" sizes=\"auto, (max-width: 500px) 100vw, 500px\" \/><\/figure><\/div>\n<\/div><\/div>\n\n\n\n<div class=\"wp-block-group has-background\" style=\"background-color:#f1f1f1f2;padding-top:var(--wp--preset--spacing--80);padding-bottom:var(--wp--preset--spacing--80)\"><div class=\"wp-block-group__inner-container is-layout-constrained wp-block-group-is-layout-constrained\">\n<h2 class=\"wp-block-heading\" style=\"padding-top:var(--wp--preset--spacing--40);padding-bottom:var(--wp--preset--spacing--40);font-size:25px;font-style:normal;font-weight:600\">Was erhalten Sie mit TG-RS60?<\/h2>\n\n\n\n<ul class=\"wp-block-list\">\n<li>Aluminiumprofil in der von Ihnen gew\u00e4hlten Ausf\u00fchrung: Silber, Schwarz oder Wei\u00df.<\/li>\n\n\n\n<li>Ein schnappbarer opaler Diffusor f\u00fcr sanftes, gleichm\u00e4\u00dfiges Licht.<\/li>\n\n\n\n<li>Aufh\u00e4ngesets mit verstellbaren Stahlkabeln und Haltern, die das Aufh\u00e4ngen erleichtern.<\/li>\n\n\n\n<li>Endkappen f\u00fcr ein sauberes, fertiges Ende.<\/li>\n<\/ul>\n<\/div><\/div>\n\n\n\n<div class=\"wp-block-group is-vertical is-layout-flex wp-container-core-group-is-layout-d255d7c4 wp-block-group-is-layout-flex\" style=\"padding-top:var(--wp--preset--spacing--80);padding-bottom:var(--wp--preset--spacing--80)\">\n<h2 class=\"wp-block-heading\" style=\"padding-top:var(--wp--preset--spacing--40);padding-bottom:var(--wp--preset--spacing--40);font-size:25px;font-style:normal;font-weight:600;text-transform:capitalize\">Zusammenfassung<\/h2>\n\n\n\n<p>Der ideale Weg, um sch\u00f6ne Pendelleuchten aufzuh\u00e4ngen, besteht darin, das TG-RS60 60 mm runde LED-Aluminiumgeh\u00e4use f\u00fcr die Aufh\u00e4ngung zu verwenden. Es besteht aus starkem Aluminium, hat einen glatten Diffusor ohne Punkte und kann an vielen Orten, wie K\u00fcchen und B\u00fcros, eingesetzt werden. Verwenden Sie es mit hochwertigen LED-Streifen, dimmbaren Treibern und intelligenten Lichtsteuerungssystemen, um helles, effizientes und sch\u00f6nes Licht zu erhalten.<\/p>\n<\/div>\n\n\n\n<p><\/p>","protected":false},"featured_media":13383,"template":"","meta":{"_acf_changed":true,"_seopress_robots_primary_cat":"none","_seopress_titles_title":"60mm Round LED Aluminum Housing RS60 | TANGOOLED","_seopress_titles_desc":"The RS60 is a heavy-duty 60mm round led aluminum housing with an opal light diffuser for suspension use.","_seopress_robots_index":""},"pcb-width":[229],"product-cat":[234],"class_list":{"0":"post-42179","1":"product","2":"type-product","3":"status-publish","4":"has-post-thumbnail","6":"pcb-width-15-20mm","7":"product-cat-round-tube-profile"},"acf":[],"_links":{"self":[{"href":"https:\/\/tangooled.com\/de\/wp-json\/wp\/v2\/product\/42179","targetHints":{"allow":["GET"]}}],"collection":[{"href":"https:\/\/tangooled.com\/de\/wp-json\/wp\/v2\/product"}],"about":[{"href":"https:\/\/tangooled.com\/de\/wp-json\/wp\/v2\/types\/product"}],"wp:featuredmedia":[{"embeddable":true,"href":"https:\/\/tangooled.com\/de\/wp-json\/wp\/v2\/media\/13383"}],"wp:attachment":[{"href":"https:\/\/tangooled.com\/de\/wp-json\/wp\/v2\/media?parent=42179"}],"wp:term":[{"taxonomy":"pcb-width","embeddable":true,"href":"https:\/\/tangooled.com\/de\/wp-json\/wp\/v2\/pcb-width?post=42179"},{"taxonomy":"product-cat","embeddable":true,"href":"https:\/\/tangooled.com\/de\/wp-json\/wp\/v2\/product-cat?post=42179"}],"curies":[{"name":"wp","href":"https:\/\/api.w.org\/{rel}","templated":true}]}}