{"id":42177,"date":"2025-12-17T01:34:22","date_gmt":"2025-12-17T09:34:22","guid":{"rendered":"https:\/\/tangooled.com\/?post_type=product&#038;p=42177"},"modified":"2026-02-02T02:11:03","modified_gmt":"2026-02-02T10:11:03","slug":"d50-linear-round-ceiling-light-led-profile-for-pendant","status":"publish","type":"product","link":"https:\/\/tangooled.com\/de\/product\/d50-linear-round-ceiling-light-led-profile-for-pendant\/","title":{"rendered":"D50 Linear Rund Deckenleuchte LED-Profil f\u00fcr Pendel"},"content":{"rendered":"<div class=\"wp-block-group is-vertical is-layout-flex wp-container-core-group-is-layout-d255d7c4 wp-block-group-is-layout-flex\" style=\"padding-top:var(--wp--preset--spacing--80);padding-bottom:var(--wp--preset--spacing--80)\">\n<p>Dieses d50 lineare runde Lichtprofil ist ein neuer Ansatz, um R\u00e4ume zu beleuchten. Es wurde speziell f\u00fcr die Aufh\u00e4ngung von Decken entwickelt. Der Hauptteil ist ein robuster Aluminium-Halbzylinder mit einem gekr\u00fcmmten Diffusor. Dies bildet ein Profil mit einem Durchmesser von 50 mm.<\/p>\n\n\n\n<p>Der gro\u00dfe, gekr\u00fcmmte LED-Diffusor, der fast die gesamte Unterseite des Profils abdeckt, hebt es hervor. Dieses Design nutzt die lichtemittierende Oberfl\u00e4che optimal, indem es sicherstellt, dass das Licht gleichm\u00e4\u00dfig und breit verteilt wird, mit umfangreicher Diffusion. Die interne Struktur h\u00e4lt den LED-Streifen (der eine Montagebreite von etwa 20,2 mm hat) und die dazugeh\u00f6rigen Dr\u00e4hte.<\/p>\n\n\n\n<p>Dieses Profil ist ideal f\u00fcr gro\u00dfe gewerbliche Lobbys, Treppenh\u00e4user, Restaurants mit hohen Decken und Verkaufsfl\u00e4chen, die eine klare, markante und moderne Pendelleuchte erfordern.<\/p>\n<\/div>\n\n\n\n<div class=\"wp-block-group has-background is-vertical is-layout-flex wp-container-core-group-is-layout-d255d7c4 wp-block-group-is-layout-flex\" style=\"background-color:#f1f1f1;padding-top:var(--wp--preset--spacing--80);padding-bottom:var(--wp--preset--spacing--80)\">\n<div class=\"wp-block-group is-vertical is-layout-flex wp-container-core-group-is-layout-8cf370e7 wp-block-group-is-layout-flex\">\n<h2 class=\"wp-block-heading\" style=\"padding-top:var(--wp--preset--spacing--40);padding-bottom:var(--wp--preset--spacing--40);font-size:25px;font-style:normal;font-weight:600;text-transform:capitalize\">Was macht das D50 Lineare Runde Lichtprofil zu einer guten Wahl?<\/h2>\n\n\n\n<ul class=\"wp-block-list\">\n<li>Der Aluminiumk\u00f6rper ist robust und langlebig. Er sorgt auch daf\u00fcr, dass die LEDs k\u00fchl bleiben.<\/li>\n\n\n\n<li>The ring&#8217;s 50mm diameter makes it great for modern and minimalist lighting.<\/li>\n\n\n\n<li>Wird mit einem PC-opal Diffusor geliefert, der viel Licht durchl\u00e4sst, um es gleichm\u00e4\u00dfig zu verteilen.<\/li>\n\n\n\n<li>Wird mit einem Pendelh\u00e4ngesystem geliefert, das verstellbare Dr\u00e4hte f\u00fcr eine einfache Aufh\u00e4ngung hat.<\/li>\n\n\n\n<li>Kann viele LED-Streifen bis zu 20 mm Breite aufnehmen.<\/li>\n\n\n\n<li>Funktioniert mit DALI- und 0-10V-Dimmssystemen f\u00fcr professionelle Beleuchtung.<\/li>\n<\/ul>\n<\/div>\n<\/div>\n\n\n\n<div class=\"wp-block-group\" style=\"padding-top:var(--wp--preset--spacing--80);padding-bottom:var(--wp--preset--spacing--80)\"><div class=\"wp-block-group__inner-container is-layout-constrained wp-block-group-is-layout-constrained\">\n<div class=\"wp-block-media-text has-media-on-the-right is-stacked-on-mobile\" style=\"grid-template-columns:auto 40%\"><div class=\"wp-block-media-text__content\">\n<h2 class=\"wp-block-heading\" style=\"padding-top:var(--wp--preset--spacing--40);padding-bottom:var(--wp--preset--spacing--40);font-size:25px;font-style:normal;font-weight:600;text-transform:capitalize\">Das D50 Lineare Runde Lichtprofil eignet sich gut f\u00fcr viele Umgebungen:<\/h2>\n\n\n\n<ul class=\"wp-block-list\">\n<li>B\u00fcros und Konferenzr\u00e4ume: moderne Pendelleuchten, um Arbeitsbereiche zu erhellen.<\/li>\n\n\n\n<li>Bars und Restaurants: Sorgen Sie f\u00fcr eine ruhige und angenehme Beleuchtung, damit die Menschen essen und sich entspannen k\u00f6nnen.<\/li>\n\n\n\n<li>H\u00e4user: H\u00e4ngen Sie sie \u00fcber Esstische oder in Eingangsbereichen auf, um einen sch\u00f6nen Lichtkranz zu erzeugen.<\/li>\n\n\n\n<li>Einzelhandelsgesch\u00e4fte und Showrooms: Verwenden Sie elegante, ansprechende Beleuchtung, um Waren hervorzuheben.<\/li>\n\n\n\n<li>Hotels und Lobbys: Leuchtende Ringe bieten eine elegante und warme Note.<\/li>\n<\/ul>\n<\/div><figure class=\"wp-block-media-text__media\"><img loading=\"lazy\" decoding=\"async\" width=\"500\" height=\"500\" src=\"https:\/\/tangooled.com\/wp-content\/uploads\/2025\/12\/rs50-ins.webp\" alt=\"d50 linear round ceiling light led profile for pendant\" class=\"wp-image-42359 size-full\" srcset=\"https:\/\/tangooled.com\/wp-content\/uploads\/2025\/12\/rs50-ins.webp 500w, https:\/\/tangooled.com\/wp-content\/uploads\/2025\/12\/rs50-ins-300x300.webp 300w, https:\/\/tangooled.com\/wp-content\/uploads\/2025\/12\/rs50-ins-150x150.webp 150w\" sizes=\"auto, (max-width: 500px) 100vw, 500px\" \/><\/figure><\/div>\n<\/div><\/div>\n\n\n\n<div class=\"wp-block-group has-background\" style=\"background-color:#f1f1f1f2;padding-top:var(--wp--preset--spacing--80);padding-bottom:var(--wp--preset--spacing--80)\"><div class=\"wp-block-group__inner-container is-layout-constrained wp-block-group-is-layout-constrained\">\n<h2 class=\"wp-block-heading\" style=\"padding-top:var(--wp--preset--spacing--40);padding-bottom:var(--wp--preset--spacing--40);font-size:25px;font-style:normal;font-weight:600\">Wie sich das D50-Profil auszeichnet<\/h2>\n\n\n\n<ul class=\"wp-block-list\">\n<li>Sanftes, gleichm\u00e4\u00dfiges Licht: Der opale Filter eliminiert Blendung und helle LED-Spots.<\/li>\n\n\n\n<li>Starke K\u00fchlung: Der Aluminiumk\u00f6rper h\u00e4lt die LEDs k\u00fchl, was ihre Lebensdauer verl\u00e4ngert.<\/li>\n\n\n\n<li>Einfach zusammenzubauen: Das Aufh\u00e4ngeset enth\u00e4lt alles, was Sie ben\u00f6tigen, um es aufzuh\u00e4ngen.<\/li>\n\n\n\n<li>Funktioniert mit einer Vielzahl von LED-Streifen: W\u00e4hlen Sie die Farbe und Helligkeit, die am besten zu Ihrem Design passen.<\/li>\n<\/ul>\n<\/div><\/div>\n\n\n\n<div class=\"wp-block-group\" style=\"padding-top:var(--wp--preset--spacing--80);padding-bottom:var(--wp--preset--spacing--80)\"><div class=\"wp-block-group__inner-container is-layout-constrained wp-block-group-is-layout-constrained\">\n<h2 class=\"wp-block-heading\" style=\"padding-top:var(--wp--preset--spacing--40);padding-bottom:var(--wp--preset--spacing--40);font-size:25px;font-style:normal;font-weight:600;text-transform:capitalize\">Was Sie in einem Set erhalten<\/h2>\n\n\n\n<ul class=\"wp-block-list\">\n<li>1 eloxiertes Aluminiumprofil<\/li>\n\n\n\n<li>1 opal PC-Schnappdiffusor<\/li>\n\n\n\n<li>Stahlaufh\u00e4ngungskabel, die gewechselt werden k\u00f6nnen<\/li>\n\n\n\n<li>Zwei Endkappen<\/li>\n<\/ul>\n<\/div><\/div>\n\n\n\n<div class=\"wp-block-group has-background\" style=\"background-color:#f1f1f1;padding-top:var(--wp--preset--spacing--80);padding-bottom:var(--wp--preset--spacing--80)\"><div class=\"wp-block-group__inner-container is-layout-constrained wp-block-group-is-layout-constrained\">\n<h2 class=\"wp-block-heading\" style=\"padding-top:var(--wp--preset--spacing--40);padding-bottom:var(--wp--preset--spacing--40);font-size:25px;font-style:normal;font-weight:600;text-transform:capitalize\">Verwandte Produkte<\/h2>\n\n\n\n<ul class=\"wp-block-list\">\n<li>Versionen, die auf der Oberfl\u00e4che installiert werden, wie das<mark style=\"background-color:rgba(0, 0, 0, 0)\" class=\"has-inline-color has-vivid-red-color\"> <a href=\"https:\/\/tangooled.com\/de\/product\/surface-mount-led-profile-with-frosted-diffuser-for-10mm-rope-lights\/\">Oberfl\u00e4chenmontage-LED-Profil mit mattem Diffusor f\u00fcr 10mm Seillichter<\/a><\/mark><\/li>\n\n\n\n<li>Profile f\u00fcr kleinere Streifenlichter, wie das <a href=\"https:\/\/tangooled.com\/de\/product\/black-aluminum-u-channel-profile-for-10mm-led-strips\/\"><mark style=\"background-color:rgba(0, 0, 0, 0)\" class=\"has-inline-color has-vivid-red-color\">Schwarzes Aluminium-U-Profil f\u00fcr 10-mm-LED-Streifen<\/mark><\/a><\/li>\n\n\n\n<li>Lineare LED-Profile mit speziellen Diffusoren, wie das <a href=\"https:\/\/tangooled.com\/de\/product\/aluminum-profile-with-60-degree-lens-led-diffuser\/\"><mark style=\"background-color:rgba(0, 0, 0, 0)\" class=\"has-inline-color has-vivid-red-color\">Aluminiumprofil mit 60 Grad Linse LED-Diffusor<\/mark><\/a><\/li>\n<\/ul>\n<\/div><\/div>\n\n\n\n<div class=\"wp-block-group\" style=\"padding-top:var(--wp--preset--spacing--80);padding-bottom:var(--wp--preset--spacing--80)\"><div class=\"wp-block-group__inner-container is-layout-constrained wp-block-group-is-layout-constrained\">\n<h2 class=\"wp-block-heading\" style=\"padding-top:var(--wp--preset--spacing--40);padding-bottom:var(--wp--preset--spacing--40);font-size:25px;font-style:normal;font-weight:600;text-transform:capitalize\">Verwandte Produkte<\/h2>\n\n\n\n<p style=\"padding-right:0;padding-left:0\">Das D50 Lineare Runde Lichtprofil ist eine stilvolle, moderne, einfache M\u00f6glichkeit, einen Raum mit einer Pendelleuchte zu beleuchten. Es eignet sich sowohl f\u00fcr gewerbliche als auch f\u00fcr private Beleuchtungsbed\u00fcrfnisse sowie in Hotels und anderen Gastronomiebetrieben. Die glatte, runde Form, der hohe Lichtstrom und das verstellbare Aufh\u00e4ngesystem machen es zu einer ausgezeichneten Wahl f\u00fcr elegante Beleuchtungsprojekte.<\/p>\n<\/div><\/div>\n\n\n\n<p><\/p>","protected":false},"featured_media":13370,"template":"","meta":{"_acf_changed":true,"_seopress_robots_primary_cat":"none","_seopress_titles_title":"D50 Linear Round Light Profile RS50 | TANGOOLED","_seopress_titles_desc":"This d50 linear round light profile designed for high-end pendant installations. This 50mm circular aluminum channel offers maximum space for high-output strips.","_seopress_robots_index":""},"pcb-width":[229],"product-cat":[234],"class_list":{"0":"post-42177","1":"product","2":"type-product","3":"status-publish","4":"has-post-thumbnail","6":"pcb-width-15-20mm","7":"product-cat-round-tube-profile"},"acf":[],"_links":{"self":[{"href":"https:\/\/tangooled.com\/de\/wp-json\/wp\/v2\/product\/42177","targetHints":{"allow":["GET"]}}],"collection":[{"href":"https:\/\/tangooled.com\/de\/wp-json\/wp\/v2\/product"}],"about":[{"href":"https:\/\/tangooled.com\/de\/wp-json\/wp\/v2\/types\/product"}],"wp:featuredmedia":[{"embeddable":true,"href":"https:\/\/tangooled.com\/de\/wp-json\/wp\/v2\/media\/13370"}],"wp:attachment":[{"href":"https:\/\/tangooled.com\/de\/wp-json\/wp\/v2\/media?parent=42177"}],"wp:term":[{"taxonomy":"pcb-width","embeddable":true,"href":"https:\/\/tangooled.com\/de\/wp-json\/wp\/v2\/pcb-width?post=42177"},{"taxonomy":"product-cat","embeddable":true,"href":"https:\/\/tangooled.com\/de\/wp-json\/wp\/v2\/product-cat?post=42177"}],"curies":[{"name":"wp","href":"https:\/\/api.w.org\/{rel}","templated":true}]}}