{"id":42175,"date":"2025-12-17T01:30:12","date_gmt":"2025-12-17T09:30:12","guid":{"rendered":"https:\/\/tangooled.com\/?post_type=product&#038;p=42175"},"modified":"2026-02-02T02:11:52","modified_gmt":"2026-02-02T10:11:52","slug":"40mm-round-led-aluminum-profile-30mm-inner-rs40","status":"publish","type":"product","link":"https:\/\/tangooled.com\/de\/product\/40mm-round-led-aluminum-profile-30mm-inner-rs40\/","title":{"rendered":"Durchmesser 40 mm Runder LED-Profil mit 30 mm innerer Breite"},"content":{"rendered":"<div class=\"wp-block-group is-vertical is-layout-flex wp-container-core-group-is-layout-d255d7c4 wp-block-group-is-layout-flex\" style=\"padding-top:var(--wp--preset--spacing--80);padding-bottom:var(--wp--preset--spacing--80)\">\n<p>Dieses 40 mm runde LED-Aluminiumprofil wurde speziell f\u00fcr Pendelleuchten hergestellt. Das Profil verf\u00fcgt \u00fcber ein robustes Aluminiumgeh\u00e4use, das au\u00dfen 40 mm und innen 30,7 mm f\u00fcr den LED-Streifen misst.<\/p>\n\n\n\n<p>Der Hohlraum im gew\u00f6lbten Beleuchtungsbereich ist ein wichtiger Teil der Struktur. Er eignet sich hervorragend, um sehr d\u00fcnne Stromleitungen oder Treiberkabel zu verbergen. Die Unterseite hat einen gew\u00f6lbten LED-Diffusor, der das Licht gleichm\u00e4\u00dfig \u00fcber einen gro\u00dfen Bereich verteilt.<\/p>\n\n\n\n<p>Dieses 40 mm runde LED-Profil ist perfekt f\u00fcr hochwertige Umfeld- und Arbeitsbeleuchtung in einer Vielzahl moderner Umgebungen, wie Unternehmensb\u00fcros, Konferenzr\u00e4umen, Verkaufsfl\u00e4chen und Galerien. Es eignet sich auch gut als Akzentbeleuchtung \u00fcber K\u00fccheninseln oder Essbereichen.<\/p>\n<\/div>\n\n\n\n<div class=\"wp-block-group has-background is-vertical is-layout-flex wp-container-core-group-is-layout-d255d7c4 wp-block-group-is-layout-flex\" style=\"background-color:#f1f1f1;padding-top:var(--wp--preset--spacing--80);padding-bottom:var(--wp--preset--spacing--80)\">\n<div class=\"wp-block-group is-vertical is-layout-flex wp-container-core-group-is-layout-8cf370e7 wp-block-group-is-layout-flex\">\n<h2 class=\"wp-block-heading\" style=\"padding-top:var(--wp--preset--spacing--40);padding-bottom:var(--wp--preset--spacing--40);font-size:25px;font-style:normal;font-weight:600;text-transform:capitalize\">Warum sollten Sie unser 40 mm rundes LED-Aluminiumprofil w\u00e4hlen?<\/h2>\n\n\n\n<ul class=\"wp-block-list\">\n<li>Stark und leicht: Hergestellt aus 6063-T5-Aluminium, das W\u00e4rme gut verteilt und langlebig ist.<\/li>\n\n\n\n<li>Passt f\u00fcr breite LED-Streifen: Die innere Breite von 30 mm kann zwei Reihen von LED-Streifen oder einen breiten Streifen aufnehmen.<\/li>\n\n\n\n<li>Sanftes Licht: Der mitgelieferte matte Diffusor sorgt daf\u00fcr, dass das Licht sanft und gleichm\u00e4\u00dfig ist, ohne Flecken.<\/li>\n\n\n\n<li>Einfach zu verwenden: Die Pendelleuchte wird mit allen Teilen geliefert, die Sie f\u00fcr eine einfache Montage ben\u00f6tigen.<\/li>\n\n\n\n<li>Sch\u00f6ne Optik: Sie k\u00f6nnen aus anodisierten Oberfl\u00e4chen in Silber, Schwarz oder Wei\u00df w\u00e4hlen.<\/li>\n<\/ul>\n<\/div>\n<\/div>\n\n\n\n<div class=\"wp-block-group\" style=\"padding-top:var(--wp--preset--spacing--80);padding-bottom:var(--wp--preset--spacing--80)\"><div class=\"wp-block-group__inner-container is-layout-constrained wp-block-group-is-layout-constrained\">\n<div class=\"wp-block-media-text has-media-on-the-right is-stacked-on-mobile\" style=\"grid-template-columns:auto 40%\"><div class=\"wp-block-media-text__content\">\n<h2 class=\"wp-block-heading\" style=\"padding-top:var(--wp--preset--spacing--40);padding-bottom:var(--wp--preset--spacing--40);font-size:25px;font-style:normal;font-weight:600;text-transform:capitalize\">Kompatibilit\u00e4t und Installation der Beleuchtung<\/h2>\n\n\n\n<ul class=\"wp-block-list\">\n<li>Funktioniert mit LED-Streifen, die bis zu 30 mm breit sind, was perfekt f\u00fcr doppelte SMD- oder COB-LEDs ist.<\/li>\n\n\n\n<li>Funktioniert hervorragend mit sehr dichten LED-Streifen, um Flecken zu vermeiden.<\/li>\n\n\n\n<li>Sie k\u00f6nnen Aufh\u00e4ngungsdr\u00e4hte verwenden, um es aufzuh\u00e4ngen, oder Montageschalen, um es an W\u00e4nden und Decken zu befestigen.<\/li>\n\n\n\n<li>Der Diffusor macht das Licht sanft, sodass es gleichm\u00e4\u00dfig in Ihrem Raum verteilt wird, ohne Punkte.<\/li>\n<\/ul>\n<\/div><figure class=\"wp-block-media-text__media\"><img loading=\"lazy\" decoding=\"async\" width=\"500\" height=\"500\" src=\"https:\/\/tangooled.com\/wp-content\/uploads\/2025\/12\/rs40-ins.webp\" alt=\"diameter 40mm round aluminum profile for led strips with inner width 30mm\" class=\"wp-image-42296 size-full\" srcset=\"https:\/\/tangooled.com\/wp-content\/uploads\/2025\/12\/rs40-ins.webp 500w, https:\/\/tangooled.com\/wp-content\/uploads\/2025\/12\/rs40-ins-300x300.webp 300w, https:\/\/tangooled.com\/wp-content\/uploads\/2025\/12\/rs40-ins-150x150.webp 150w\" sizes=\"auto, (max-width: 500px) 100vw, 500px\" \/><\/figure><\/div>\n<\/div><\/div>\n\n\n\n<div class=\"wp-block-group has-background is-vertical is-layout-flex wp-container-core-group-is-layout-b429018a wp-block-group-is-layout-flex\" style=\"background-color:#f1f1f1f2;padding-top:var(--wp--preset--spacing--70);padding-bottom:var(--wp--preset--spacing--70)\">\n<h2 class=\"wp-block-heading\" style=\"padding-top:var(--wp--preset--spacing--40);padding-bottom:var(--wp--preset--spacing--40);font-size:25px;font-style:normal;font-weight:600;text-transform:capitalize\">Wo Sie das 40 mm runde Aluminiumprofil verwenden k\u00f6nnen<\/h2>\n\n\n\n<p>Dieses Profil ist gleichzeitig stark und anpassungsf\u00e4hig. Verwenden Sie es f\u00fcr eine Vielzahl von Beleuchtungsanwendungen, wie:<\/p>\n\n\n\n<ul class=\"wp-block-list\">\n<li>Beleuchtung f\u00fcr Ihre K\u00fccheninseln, Wohnzimmer und Schr\u00e4nke, um die Stimmung zu setzen und Ihnen bei der Arbeit zu helfen.<\/li>\n\n\n\n<li>Unternehmen: B\u00fcros, Gesch\u00e4fte und Restaurants, die sauber, hell und modern sind.<\/li>\n\n\n\n<li>Design: Erstellen Sie runde Pendelleuchten, die gut ausgerichtet sind.<\/li>\n\n\n\n<li>Verwenden Sie doppelte LED-Streifen, um Schr\u00e4nke und Regale heller zu machen.<\/li>\n<\/ul>\n<\/div>\n\n\n\n<div class=\"wp-block-group\" style=\"padding-top:var(--wp--preset--spacing--80);padding-bottom:var(--wp--preset--spacing--80)\"><div class=\"wp-block-group__inner-container is-layout-constrained wp-block-group-is-layout-constrained\">\n<h2 class=\"wp-block-heading\" style=\"padding-top:var(--wp--preset--spacing--40);padding-bottom:var(--wp--preset--spacing--40);font-size:25px;font-style:normal;font-weight:600;text-transform:capitalize\">Was befindet sich in der Box?<\/h2>\n\n\n\n<ul class=\"wp-block-list\">\n<li>Ein 40 mm rundes Aluminiumprofil in der von Ihnen gew\u00e4hlten L\u00e4nge und Oberfl\u00e4che<\/li>\n\n\n\n<li>Ein einsteckbarer LED-Opaldiffusor<\/li>\n\n\n\n<li>Zwei Metall-Endkappen, um ein vollst\u00e4ndiges Aussehen zu erzeugen<\/li>\n\n\n\n<li>Zwei Aufh\u00e4ngungs-Kabel-Sets zum Aufh\u00e4ngen<\/li>\n<\/ul>\n<\/div><\/div>\n\n\n\n<div class=\"wp-block-group has-background\" style=\"background-color:#f1f1f1;padding-top:var(--wp--preset--spacing--80);padding-bottom:var(--wp--preset--spacing--80)\"><div class=\"wp-block-group__inner-container is-layout-constrained wp-block-group-is-layout-constrained\">\n<h2 class=\"wp-block-heading\" style=\"padding-top:var(--wp--preset--spacing--40);padding-bottom:var(--wp--preset--spacing--40);font-size:25px;font-style:normal;font-weight:600;text-transform:capitalize\">Sehen Sie sich andere Profile an, die Ihnen gefallen k\u00f6nnten<\/h2>\n\n\n\n<ul class=\"wp-block-list\">\n<li>\u00dcberpr\u00fcfen Sie unsere <a href=\"https:\/\/tangooled.com\/de\/product\/black-led-profile-with-black-diffuser-for-10mm-led-strip-light\/\"><mark style=\"background-color:rgba(0, 0, 0, 0)\" class=\"has-inline-color has-vivid-red-color\">Schwarzes LED-Profil mit schwarzem Diffusor f\u00fcr 10 mm LED-Streifen<\/mark><\/a> f\u00fcr kleinere LED-Streifen.<\/li>\n\n\n\n<li>Ansehen <a href=\"https:\/\/tangooled.com\/de\/product\/surface-mount-led-profile-with-frosted-diffuser-for-10mm-rope-lights\/\"><mark style=\"background-color:rgba(0, 0, 0, 0)\" class=\"has-inline-color has-vivid-red-color\">Oberfl\u00e4chenmontiertes LED-Profil mit mattem Diffusor f\u00fcr 10 mm Seile<\/mark><\/a> f\u00fcr einfache Deckenmontage-Optionen.<\/li>\n\n\n\n<li>Entdecken Sie unser <a href=\"https:\/\/tangooled.com\/de\/product\/25x14m-surface-mounted-led-light-aluminum-profile\/\"><mark style=\"background-color:rgba(0, 0, 0, 0)\" class=\"has-inline-color has-vivid-red-color\">25x14 m Oberfl\u00e4chenmontiertes LED-Licht-Aluminiumprofil<\/mark><\/a> f\u00fcr vielseitige Montagem\u00f6glichkeiten.<\/li>\n<\/ul>\n<\/div><\/div>\n\n\n\n<p><\/p>","protected":false},"featured_media":13366,"template":"","meta":{"_acf_changed":true,"_seopress_robots_primary_cat":"none","_seopress_titles_title":"40mm Round LED Aluminum Profile 30mm Inner Width RS40 | TANGOOLED","_seopress_titles_desc":"The RS40 is a heavy-duty 40mm round led aluminum profile with a wide 30mm inner channel. Perfect for high-output lighting and custom pendant fixtures in commercial spaces.","_seopress_robots_index":""},"pcb-width":[230],"product-cat":[234],"class_list":{"0":"post-42175","1":"product","2":"type-product","3":"status-publish","4":"has-post-thumbnail","6":"pcb-width-20-25mm","7":"product-cat-round-tube-profile"},"acf":[],"_links":{"self":[{"href":"https:\/\/tangooled.com\/de\/wp-json\/wp\/v2\/product\/42175","targetHints":{"allow":["GET"]}}],"collection":[{"href":"https:\/\/tangooled.com\/de\/wp-json\/wp\/v2\/product"}],"about":[{"href":"https:\/\/tangooled.com\/de\/wp-json\/wp\/v2\/types\/product"}],"wp:featuredmedia":[{"embeddable":true,"href":"https:\/\/tangooled.com\/de\/wp-json\/wp\/v2\/media\/13366"}],"wp:attachment":[{"href":"https:\/\/tangooled.com\/de\/wp-json\/wp\/v2\/media?parent=42175"}],"wp:term":[{"taxonomy":"pcb-width","embeddable":true,"href":"https:\/\/tangooled.com\/de\/wp-json\/wp\/v2\/pcb-width?post=42175"},{"taxonomy":"product-cat","embeddable":true,"href":"https:\/\/tangooled.com\/de\/wp-json\/wp\/v2\/product-cat?post=42175"}],"curies":[{"name":"wp","href":"https:\/\/api.w.org\/{rel}","templated":true}]}}