{"id":42174,"date":"2025-12-17T01:22:46","date_gmt":"2025-12-17T09:22:46","guid":{"rendered":"https:\/\/tangooled.com\/?post_type=product&#038;p=42174"},"modified":"2026-02-02T02:12:17","modified_gmt":"2026-02-02T10:12:17","slug":"30mm-round-led-extrusion-channel-for-ceiling-hanging","status":"publish","type":"product","link":"https:\/\/tangooled.com\/de\/product\/30mm-round-led-extrusion-channel-for-ceiling-hanging\/","title":{"rendered":"30mm runder LED-Extrusionskanal f\u00fcr eine Deckenaufh\u00e4ngung"},"content":{"rendered":"<div class=\"wp-block-group is-vertical is-layout-flex wp-container-core-group-is-layout-d255d7c4 wp-block-group-is-layout-flex\" style=\"padding-top:var(--wp--preset--spacing--80);padding-bottom:var(--wp--preset--spacing--80)\">\n<p>Unser 30mm runder LED-Extrusionskanal ist eine ideale M\u00f6glichkeit, Ihren Bereich durch eine Deckenaufh\u00e4ngung zu verbessern. Dieses elegante Aluminium-LED-Geh\u00e4use verwandelt traditionelle LED-Streifenlichter in stilvolle, moderne Pendelleuchten. Dieser runde LED-Kanal bietet Wohnh\u00e4usern, B\u00fcros und Unternehmen sowohl n\u00fctzliches als auch hochwertiges Licht.<\/p>\n\n\n\n<p>Dieser runde LED-Kanal besteht aus hochwertigem anodisiertem Aluminium und ist daf\u00fcr gedacht, an einem stabilen System aufgeh\u00e4ngt zu werden. Der Kanal sichert Ihr LED-Band sicher und l\u00e4sst W\u00e4rme besser entweichen, was die Lebensdauer Ihrer LEDs verl\u00e4ngert. Wenn Sie ihn mit einem PC-Opal-Diffusor verwenden, sorgt er f\u00fcr die perfekte punktlose Beleuchtung und eine glatte, professionelle Lichtverteilung.<\/p>\n<\/div>\n\n\n\n<div class=\"wp-block-group has-background is-vertical is-layout-flex wp-container-core-group-is-layout-d255d7c4 wp-block-group-is-layout-flex\" style=\"background-color:#f1f1f1;padding-top:var(--wp--preset--spacing--80);padding-bottom:var(--wp--preset--spacing--80)\">\n<div class=\"wp-block-group is-vertical is-layout-flex wp-container-core-group-is-layout-8cf370e7 wp-block-group-is-layout-flex\">\n<h2 class=\"wp-block-heading\" style=\"padding-top:var(--wp--preset--spacing--40);padding-bottom:var(--wp--preset--spacing--40);font-size:25px;font-style:normal;font-weight:600;text-transform:capitalize\">Wichtige Merkmale und Vorteile<\/h2>\n<\/div>\n\n\n\n<ul class=\"wp-block-list\">\n<li>The profile&#8217;s inner width is 22.8 mm, so it can fit a lot of different sizes of LED strips.<\/li>\n\n\n\n<li>Material: 6063-T5 Aluminium-Extrusion, die robust ist und eine hohe W\u00e4rmeaufnahme erm\u00f6glicht.<\/li>\n\n\n\n<li>Farbauswahl: Sie k\u00f6nnen aus Silber, Schwarz oder Wei\u00df w\u00e4hlen, um Ihr Design anzupassen.<\/li>\n\n\n\n<li>Diffusor: Eine Polycarbonat-Abdeckung, die das Licht sanft macht und hotspots beseitigt.<\/li>\n\n\n\n<li>Installation: Die Pendelaufh\u00e4ngung ist einfach zusammenzubauen und wird mit einem Kit zum Aufh\u00e4ngen geliefert.<\/li>\n\n\n\n<li>Ma\u00dfgeschneiderte L\u00e4ngen: Sie k\u00f6nnen sie normalerweise in 1m, 2m oder 3m St\u00fccken erhalten, die auf Ihre Bed\u00fcrfnisse zugeschnitten sind.<\/li>\n\n\n\n<li>Funktionierende LED-Streifen: Funktioniert mit LED-Streifen, die eine Farbe, RGB, RGBW oder einstellbares Wei\u00df sind.<\/li>\n<\/ul>\n<\/div>\n\n\n\n<div class=\"wp-block-group\" style=\"padding-top:var(--wp--preset--spacing--80);padding-bottom:var(--wp--preset--spacing--80)\"><div class=\"wp-block-group__inner-container is-layout-constrained wp-block-group-is-layout-constrained\">\n<div class=\"wp-block-media-text has-media-on-the-right is-stacked-on-mobile\" style=\"grid-template-columns:auto 40%\"><div class=\"wp-block-media-text__content\">\n<h2 class=\"wp-block-heading\" style=\"padding-top:var(--wp--preset--spacing--40);padding-bottom:var(--wp--preset--spacing--40);font-size:25px;font-style:normal;font-weight:600;text-transform:capitalize\">Wie man Ihren 30mm runden LED-Extrusionskanal installiert<\/h2>\n\n\n\n<ul class=\"wp-block-list\">\n<li>Platzieren Sie das LED-Streifenlicht im Kanal: Verwenden Sie das Klebeband, das Sie im Kanal anbringen m\u00f6chten.<\/li>\n\n\n\n<li>Diffusor aufsnapen: Um sanftes, gleichm\u00e4\u00dfiges Licht zu erhalten, setzen Sie die opale Diffusorabdeckung \u00fcber den Kanal.<\/li>\n\n\n\n<li>Endkappen sichern: Setzen Sie die Endkappen auf, um zu verhindern, dass die Dr\u00e4hte im Weg sind und um es ansprechend aussehen zu lassen.<\/li>\n\n\n\n<li>Befestigen Sie die Aufh\u00e4ngungskabel: Verbinden Sie die Stahlkabel mit dem Aluminiumkanal und passen Sie ihre L\u00e4nge an.<\/li>\n\n\n\n<li>H\u00f6he \u00e4ndern: H\u00e4ngen Sie das Licht auf und ver\u00e4ndern Sie die H\u00f6he nach Ihren W\u00fcnschen.<\/li>\n\n\n\n<li>Stromversorgung: Schlie\u00dfen Sie die LED-Streifen an einen Treiber und ein Netzteil an, die mit ihnen kompatibel sind.<\/li>\n<\/ul>\n<\/div><figure class=\"wp-block-media-text__media\"><img loading=\"lazy\" decoding=\"async\" width=\"500\" height=\"500\" src=\"https:\/\/tangooled.com\/wp-content\/uploads\/2025\/12\/rs30-ins.webp\" alt=\"30mm runder LED-Extrusionskanal f\u00fcr eine Deckenaufh\u00e4ngung\" class=\"wp-image-42294 size-full\" srcset=\"https:\/\/tangooled.com\/wp-content\/uploads\/2025\/12\/rs30-ins.webp 500w, https:\/\/tangooled.com\/wp-content\/uploads\/2025\/12\/rs30-ins-300x300.webp 300w, https:\/\/tangooled.com\/wp-content\/uploads\/2025\/12\/rs30-ins-150x150.webp 150w\" sizes=\"auto, (max-width: 500px) 100vw, 500px\" \/><\/figure><\/div>\n<\/div><\/div>\n\n\n\n<div class=\"wp-block-group has-background is-vertical is-layout-flex wp-container-core-group-is-layout-b429018a wp-block-group-is-layout-flex\" style=\"background-color:#f1f1f1f2;padding-top:var(--wp--preset--spacing--70);padding-bottom:var(--wp--preset--spacing--70)\">\n<h2 class=\"wp-block-heading\" style=\"padding-top:var(--wp--preset--spacing--40);padding-bottom:var(--wp--preset--spacing--40);font-size:25px;font-style:normal;font-weight:600\">Verwendungen und Anwendungen<\/h2>\n\n\n\n<p>Der 30mm runde LED-Extrusionskanal f\u00fcr die Deckenaufh\u00e4ngung eignet sich f\u00fcr viele R\u00e4ume und Zwecke:<\/p>\n\n\n\n<ul class=\"wp-block-list\">\n<li>Kommerzielle R\u00e4ume: B\u00fcros und Besprechungsr\u00e4ume, Hotellobbys und Empfangsbereiche, Einzelhandelsgesch\u00e4fte und Atrien von Einkaufszentren.  <\/li>\n\n\n\n<li>Beleuchtung f\u00fcr Wohnr\u00e4ume: K\u00fccheninseln und Esstische, Wohnzimmer mit hohen Decken, Arbeits- und Studienpl\u00e4tze von zu Hause aus<\/li>\n\n\n\n<li>Dekorative Merkmale: Gruppen von modernen Pendelleuchten, gute Beleuchtung f\u00fcr Schreibtische und Theken.<\/li>\n<\/ul>\n<\/div>\n\n\n\n<div class=\"wp-block-group is-vertical is-layout-flex wp-container-core-group-is-layout-d255d7c4 wp-block-group-is-layout-flex\" style=\"padding-top:var(--wp--preset--spacing--80);padding-bottom:var(--wp--preset--spacing--80)\">\n<h2 class=\"wp-block-heading\" style=\"padding-top:var(--wp--preset--spacing--40);padding-bottom:var(--wp--preset--spacing--40);font-size:25px;font-style:normal;font-weight:600;text-transform:capitalize\">Verwandte Produkte bei Tangooled<\/h2>\n\n\n\n<ul class=\"wp-block-list\">\n<li><a href=\"https:\/\/tangooled.com\/de\/product\/black-led-profile-with-black-diffuser-for-10mm-led-strip-light\/\"><mark style=\"background-color:rgba(0, 0, 0, 0)\" class=\"has-inline-color has-vivid-red-color\">Schwarzes LED-Profil mit schwarzem Diffusor f\u00fcr 10mm LED-Streifen<\/mark><\/a> \u2014 Great for narrow LED tapes.<\/li>\n\n\n\n<li><a href=\"https:\/\/tangooled.com\/de\/product\/surface-mount-led-profile-with-frosted-diffuser-for-10mm-rope-lights\/\"><mark style=\"background-color:rgba(0, 0, 0, 0)\" class=\"has-inline-color has-vivid-red-color\">Oberfl\u00e4chenmontierter LED-Profil mit mattiertem Diffusor f\u00fcr 10 mm LED-Lichterketten<\/mark><\/a> \u2014 Surface mount option for rope lights.<\/li>\n\n\n\n<li><a href=\"https:\/\/tangooled.com\/de\/product\/25mm-u-shape-led-mounting-channel-for-15mm-double-row-led-strip-lights\/\"><mark style=\"background-color:rgba(0, 0, 0, 0)\" class=\"has-inline-color has-vivid-red-color\">25mm U-f\u00f6rmiger LED-Montagekanal f\u00fcr 15mm Doppelreihe LED-Streifenlichter<\/mark> <\/a>\u2014 Wider channel for double-row strips.<\/li>\n\n\n\n<li><a href=\"https:\/\/tangooled.com\/de\/product\/22x10mm-led-profile-light-channel-for-15mm-flexible-led-strips\/\"><mark style=\"background-color:rgba(0, 0, 0, 0)\" class=\"has-inline-color has-vivid-red-color\">22x10mm LED-Profillichtkanal f\u00fcr 15mm flexible LED-Streifen<\/mark><\/a> \u2014 For flexible LED tapes with high brightness.<\/li>\n\n\n\n<li><a href=\"https:\/\/tangooled.com\/de\/product\/aluminum-profile-with-60-degree-lens-led-diffuser\/\"><mark style=\"background-color:rgba(0, 0, 0, 0)\" class=\"has-inline-color has-vivid-red-color\">Aluminiumprofil mit 60-Grad-Linse LED-Diffusor<\/mark><\/a> \u2014 For directional lighting needs.<\/li>\n<\/ul>\n<\/div>\n\n\n\n<div class=\"wp-block-group has-background\" style=\"background-color:#f1f1f1;padding-top:var(--wp--preset--spacing--80);padding-bottom:var(--wp--preset--spacing--80)\"><div class=\"wp-block-group__inner-container is-layout-constrained wp-block-group-is-layout-constrained\">\n<h2 class=\"wp-block-heading\" style=\"padding-top:var(--wp--preset--spacing--40);padding-bottom:var(--wp--preset--spacing--40);font-size:25px;font-style:normal;font-weight:600;text-transform:capitalize\">Produkt- &amp; Dienstleistungsinformationen<\/h2>\n\n\n\n<p style=\"padding-right:var(--wp--preset--spacing--50);padding-left:var(--wp--preset--spacing--50)\">The 30mm round led extrusion channel for ceiling hanging is the best option for anyone who wants pendant lighting that is modern, stylish, and can be used in many ways. Its study aluminum channel\u00a0makes it a great heat sink, and the opal diffuser makes sure that the light is gentle and even. This modular profile is great for commercial, residential, or decorative architectural LED extrusion projects. It makes installing LED strips neat and professional.<\/p>\n<\/div><\/div>\n\n\n\n<p><\/p>","protected":false},"featured_media":13362,"template":"","meta":{"_acf_changed":true,"_seopress_robots_primary_cat":"none","_seopress_titles_title":"30mm Round LED Extrusion Channel Hanging Profile RS30 | TANGOOLED","_seopress_titles_desc":"The RS30 is a 30mm round led extrusion channel designed for professional ceiling hanging. Ideal for modern office and commercial lighting.","_seopress_robots_index":""},"pcb-width":[229],"product-cat":[234],"class_list":{"0":"post-42174","1":"product","2":"type-product","3":"status-publish","4":"has-post-thumbnail","6":"pcb-width-15-20mm","7":"product-cat-round-tube-profile"},"acf":[],"_links":{"self":[{"href":"https:\/\/tangooled.com\/de\/wp-json\/wp\/v2\/product\/42174","targetHints":{"allow":["GET"]}}],"collection":[{"href":"https:\/\/tangooled.com\/de\/wp-json\/wp\/v2\/product"}],"about":[{"href":"https:\/\/tangooled.com\/de\/wp-json\/wp\/v2\/types\/product"}],"wp:featuredmedia":[{"embeddable":true,"href":"https:\/\/tangooled.com\/de\/wp-json\/wp\/v2\/media\/13362"}],"wp:attachment":[{"href":"https:\/\/tangooled.com\/de\/wp-json\/wp\/v2\/media?parent=42174"}],"wp:term":[{"taxonomy":"pcb-width","embeddable":true,"href":"https:\/\/tangooled.com\/de\/wp-json\/wp\/v2\/pcb-width?post=42174"},{"taxonomy":"product-cat","embeddable":true,"href":"https:\/\/tangooled.com\/de\/wp-json\/wp\/v2\/product-cat?post=42174"}],"curies":[{"name":"wp","href":"https:\/\/api.w.org\/{rel}","templated":true}]}}