{"id":42171,"date":"2025-12-17T01:17:40","date_gmt":"2025-12-17T09:17:40","guid":{"rendered":"https:\/\/tangooled.com\/?post_type=product&#038;p=42171"},"modified":"2026-02-02T02:12:37","modified_gmt":"2026-02-02T10:12:37","slug":"wardrobe-closet-hanging-rod-led-profile-12mm-ar05","status":"publish","type":"product","link":"https:\/\/tangooled.com\/de\/product\/wardrobe-closet-hanging-rod-led-profile-12mm-ar05\/","title":{"rendered":"LED Kleiderschrank-H\u00e4ngestangenprofil f\u00fcr 12mm Streifen"},"content":{"rendered":"<div class=\"wp-block-group is-vertical is-layout-flex wp-container-core-group-is-layout-d255d7c4 wp-block-group-is-layout-flex\" style=\"padding-top:var(--wp--preset--spacing--80);padding-bottom:var(--wp--preset--spacing--80)\">\n<p>Unser LED-Profil f\u00fcr H\u00e4ngestangen im Kleiderschrank ist f\u00fcr 12mm LED-Streifenlampen konzipiert, sodass Sie Ihren Kleiderschrank smart und strahlend machen k\u00f6nnen. Diese Stange hat ein klassisches elliptisches Design und ist 29mm hoch und 14,7mm breit. Das Profil wird horizontal zwischen zwei Seitenpaneelen von starken ringf\u00f6rmigen Montageschellen gehalten. Dies macht es sofort zu einem guten Kleiderb\u00fcgel. Es h\u00e4lt Ihre Kleidung gut und beleuchtet Ihren Kleiderschrank mit weichem, klarem Licht, das auf die Kleidungsst\u00fccke oder nach unten f\u00fcr allgemeine Beleuchtung gerichtet werden kann. Sie werden die Farben immer klar sehen k\u00f6nnen, sofort finden, was Sie brauchen, und Ihren Kleiderschrank ordentlich und stilvoll halten. Diese All-in-One-L\u00f6sung ist perfekt f\u00fcr moderne Ankleidezimmer, hochwertige begehbare Kleiderschr\u00e4nke und Einzelhandelsdisplaysysteme.<\/p>\n<\/div>\n\n\n\n<div class=\"wp-block-group has-background is-vertical is-layout-flex wp-container-core-group-is-layout-d255d7c4 wp-block-group-is-layout-flex\" style=\"background-color:#f1f1f1;padding-top:var(--wp--preset--spacing--80);padding-bottom:var(--wp--preset--spacing--80)\">\n<div class=\"wp-block-group is-vertical is-layout-flex wp-container-core-group-is-layout-8cf370e7 wp-block-group-is-layout-flex\">\n<h2 class=\"wp-block-heading\" style=\"padding-top:var(--wp--preset--spacing--40);padding-bottom:var(--wp--preset--spacing--40);font-size:25px;font-style:normal;font-weight:600;text-transform:capitalize\">Warum unser LED-Profil f\u00fcr H\u00e4ngestangen im Kleiderschrank w\u00e4hlen?<\/h2>\n\n\n\n<ul class=\"wp-block-list\">\n<li>Robuste Aluminiumkonstruktion: Hergestellt aus anodisiertem Aluminium 6063-T5, das Ihren LED-Streifen k\u00fchl und sicher h\u00e4lt. Es h\u00e4lt auch Ihre Kleidung ohne Biegen oder Brechen.<\/li>\n\n\n\n<li>Passt perfekt zu 12mm LED-Streifen: Das Profil hat eine Innenbreite von 12mm, die der von allen g\u00e4ngigen 12mm LED-Bandlichtern entspricht, wie den Versionen 5050, 2835 oder 5630.<\/li>\n\n\n\n<li>Weicher Lichtdiffusor: Der Polycarbonat-mattes Diffusor verteilt das Licht gleichm\u00e4\u00dfig und minimiert Blendung, wodurch Ihre Kleidungsst\u00fccke hell und nat\u00fcrlich aussehen.<\/li>\n\n\n\n<li>Einfach zu installieren: Wird mit Montageschellen, Endkappen und H\u00e4ngelaschen geliefert, um eine einfache Installation oben oder seitlich zu erm\u00f6glichen.<\/li>\n\n\n\n<li>Modernes Design: Sie k\u00f6nnen zwischen ovalen und runden Formen w\u00e4hlen, um das Dekor Ihres Kleiderschranks zu erg\u00e4nzen und Ihre Kleidung gut auszuleuchten.<\/li>\n<\/ul>\n<\/div>\n<\/div>\n\n\n\n<div class=\"wp-block-group\" style=\"padding-top:var(--wp--preset--spacing--60);padding-bottom:var(--wp--preset--spacing--60)\"><div class=\"wp-block-group__inner-container is-layout-constrained wp-block-group-is-layout-constrained\">\n<div class=\"wp-block-media-text has-media-on-the-right is-stacked-on-mobile\" style=\"grid-template-columns:auto 40%\"><div class=\"wp-block-media-text__content\">\n<h2 class=\"wp-block-heading\" style=\"padding-top:var(--wp--preset--spacing--40);padding-bottom:var(--wp--preset--spacing--40);font-size:25px;font-style:normal;font-weight:600;text-transform:capitalize\">So verwenden Sie diesen Lichtkanal aR05 im Kleiderschrank<\/h2>\n\n\n\n<ul class=\"wp-block-list\">\n<li>Bringen Sie das Aluminium-LED-Profil an den W\u00e4nden des Kleiderschranks an, um es zu installieren.<\/li>\n\n\n\n<li>Legen Sie Ihren 12mm LED-Streifen hinein, dr\u00fccken Sie den Diffusor an seinen Platz und schlie\u00dfen Sie dann die Stromversorgung an (die separat angeboten wird).<\/li>\n\n\n\n<li>W\u00e4hlen Sie warme oder nat\u00fcrliche wei\u00dfe LED-Streifen, um weiches oder starkes Licht zu erhalten, das in Ihrem Kleiderschrank gro\u00dfartig aussieht.<\/li>\n<\/ul>\n<\/div><figure class=\"wp-block-media-text__media\"><img loading=\"lazy\" decoding=\"async\" width=\"500\" height=\"500\" src=\"https:\/\/tangooled.com\/wp-content\/uploads\/2025\/12\/ar05-ins.webp\" alt=\"wardrobe closet hanging rod aluminum led profile for 12mm led strip lights\" class=\"wp-image-42289 size-full\" srcset=\"https:\/\/tangooled.com\/wp-content\/uploads\/2025\/12\/ar05-ins.webp 500w, https:\/\/tangooled.com\/wp-content\/uploads\/2025\/12\/ar05-ins-300x300.webp 300w, https:\/\/tangooled.com\/wp-content\/uploads\/2025\/12\/ar05-ins-150x150.webp 150w\" sizes=\"auto, (max-width: 500px) 100vw, 500px\" \/><\/figure><\/div>\n<\/div><\/div>\n\n\n\n<div class=\"wp-block-group has-background is-vertical is-layout-flex wp-container-core-group-is-layout-b429018a wp-block-group-is-layout-flex\" style=\"background-color:#f1f1f1f2;padding-top:var(--wp--preset--spacing--70);padding-bottom:var(--wp--preset--spacing--70)\">\n<h2 class=\"wp-block-heading\" style=\"padding-top:var(--wp--preset--spacing--40);padding-bottom:var(--wp--preset--spacing--40);font-size:25px;font-style:normal;font-weight:600;text-transform:capitalize\">Wo das LED-Profil f\u00fcr H\u00e4ngestangen im Kleiderschrank verwendet werden kann<\/h2>\n\n\n\n<p>Dieses LED-Profil f\u00fcr H\u00e4ngestangen im Kleiderschrank funktioniert an vielen Orten:<\/p>\n\n\n\n<ul class=\"wp-block-list\">\n<li>Walk-in Closets \u2013 Brighten your entire walk-in with lighted rails.<\/li>\n\n\n\n<li>Wardrobe Cabinets \u2013 Add with your existing closet rods for neat, hidden lighting.<\/li>\n\n\n\n<li>Einzelhandelsbekleidungsdisplays: Verwenden Sie professionelle Beleuchtung, um Ihre Kleidung zu pr\u00e4sentieren.<\/li>\n\n\n\n<li>Waschk\u00fcchen und Eingangsbereiche: F\u00fcgen Sie Licht und Raum hinzu, um in kleinen oder dunklen Bereichen Dinge aufzuh\u00e4ngen.<\/li>\n<\/ul>\n<\/div>\n\n\n\n<div class=\"wp-block-group is-vertical is-layout-flex wp-container-core-group-is-layout-d255d7c4 wp-block-group-is-layout-flex\" style=\"padding-top:var(--wp--preset--spacing--80);padding-bottom:var(--wp--preset--spacing--80)\">\n<h2 class=\"wp-block-heading\" style=\"padding-top:var(--wp--preset--spacing--40);padding-bottom:var(--wp--preset--spacing--40);font-size:25px;font-style:normal;font-weight:600;text-transform:capitalize\">Inklusive Zubeh\u00f6r<\/h2>\n\n\n\n<ul class=\"wp-block-list\">\n<li>1 x Aluminium-LED-Profilstange (w\u00e4hlen Sie die gew\u00fcnschte L\u00e4nge)<\/li>\n\n\n\n<li>1 \u00d7 Cover for the frosted diffuser<\/li>\n\n\n\n<li>2 Montageschellen f\u00fcr eine einfache Einrichtung<\/li>\n\n\n\n<li>2 Endkappen f\u00fcr ein sauberes Aussehen<\/li>\n<\/ul>\n<\/div>\n\n\n\n<div class=\"wp-block-group has-background\" style=\"background-color:#f1f1f1;padding-top:var(--wp--preset--spacing--80);padding-bottom:var(--wp--preset--spacing--80)\"><div class=\"wp-block-group__inner-container is-layout-constrained wp-block-group-is-layout-constrained\">\n<h2 class=\"wp-block-heading\" style=\"padding-top:var(--wp--preset--spacing--40);padding-bottom:var(--wp--preset--spacing--40);font-size:25px;font-style:normal;font-weight:600;text-transform:capitalize\">Verwandte Produkte, die Ihnen gefallen k\u00f6nnten<\/h2>\n\n\n\n<ul class=\"wp-block-list\">\n<li><a href=\"https:\/\/tangooled.com\/de\/product\/black-led-diffuser-aluminum-channel-for-12mm-tape-lights\/\"><mark style=\"background-color:rgba(0, 0, 0, 0)\" class=\"has-inline-color has-vivid-red-color\">Schwarzes LED-Diffusor-Aluminiumprofil f\u00fcr 12 mm LED-Band<\/mark><\/a><\/li>\n\n\n\n<li><a href=\"https:\/\/tangooled.com\/de\/product\/18mm-flexible-led-profile-for-12mm-led-strips\/\"><mark style=\"background-color:rgba(0, 0, 0, 0)\" class=\"has-inline-color has-vivid-red-color\">18mm flexibles LED-Profil f\u00fcr 12mm LED-Streifen<\/mark><\/a><\/li>\n\n\n\n<li><a href=\"https:\/\/tangooled.com\/de\/product\/cabinet-lighting-aluminum-led-diffuser-profile-for-12mm-strips\/\"><mark style=\"background-color:rgba(0, 0, 0, 0)\" class=\"has-inline-color has-vivid-red-color\">Aluminium-LED-Diffusorprofil f\u00fcr 12mm Streifen f\u00fcr Schrankbeleuchtung<\/mark><\/a><\/li>\n\n\n\n<li><a href=\"https:\/\/tangooled.com\/de\/product\/recessed-17mm-led-profile-aluminum-channel-for-12mm-led-strips\/\"><mark style=\"background-color:rgba(0, 0, 0, 0)\" class=\"has-inline-color has-vivid-red-color\">Eingelassener 17mm LED-Profil Aluminiumkanal f\u00fcr 12mm LED-Streifen<\/mark><\/a><\/li>\n\n\n\n<li><a href=\"https:\/\/tangooled.com\/de\/product\/wardrobe-closet-hanging-rod-aluminum-led-profile-for-12mm-led-strip-lights\/\"><mark style=\"background-color:rgba(0, 0, 0, 0)\" class=\"has-inline-color has-vivid-red-color\">Aluminium-LED-Profil f\u00fcr H\u00e4ngestangen im Kleiderschrank f\u00fcr 12mm LED-Streifenlampen<\/mark><\/a><\/li>\n<\/ul>\n<\/div><\/div>\n\n\n\n<div class=\"wp-block-group\" style=\"padding-top:var(--wp--preset--spacing--80);padding-bottom:var(--wp--preset--spacing--80)\"><div class=\"wp-block-group__inner-container is-layout-constrained wp-block-group-is-layout-constrained\">\n<h2 class=\"wp-block-heading\" style=\"padding-top:var(--wp--preset--spacing--40);padding-bottom:var(--wp--preset--spacing--40);font-size:25px;font-style:normal;font-weight:600;text-transform:capitalize\">Zusammenfassung<\/h2>\n\n\n\n<p style=\"padding-right:var(--wp--preset--spacing--50);padding-left:var(--wp--preset--spacing--50)\">Das LED-Profil f\u00fcr H\u00e4ngestangen im Kleiderschrank besteht aus hochwertigem Aluminium und ist in verschiedenen L\u00e4ngen erh\u00e4ltlich. Es wird auch mit einem einfach zu verwendenden Installationskit geliefert. Es hat einen matten Diffusor, der hartes Licht in einen sanften, eleganten Schein verwandelt. Es kann Standard-12mm-LED-Streifen bis zu 20W\/m halten. Dieses Profil erleichtert die helle, modische Organisation in einem begehbaren Kleiderschrank zu Hause, in einer Waschk\u00fcche oder in einer hochwertigen Gesch\u00e4ftsauslage.<br>Holen Sie sich noch heute unser Aluminium-LED-Profil f\u00fcr 12mm LED-Streifen, um Ihren Kleiderschrank besser zu machen!<\/p>\n<\/div><\/div>\n\n\n\n<p><\/p>","protected":false},"featured_media":14299,"template":"","meta":{"_acf_changed":true,"_seopress_robots_primary_cat":"none","_seopress_titles_title":"LED Wardrobe Hanging Rod Profile | Closet Light Channel AR05","_seopress_titles_desc":"The AR05 is a heavy-duty wardrobe closet hanging rod led profile for 12mm strips. Combine storage and illumination with this durable aluminum profile.","_seopress_robots_index":""},"pcb-width":[228],"product-cat":[234],"class_list":{"0":"post-42171","1":"product","2":"type-product","3":"status-publish","4":"has-post-thumbnail","6":"pcb-width-6-12mm","7":"product-cat-round-tube-profile"},"acf":[],"_links":{"self":[{"href":"https:\/\/tangooled.com\/de\/wp-json\/wp\/v2\/product\/42171","targetHints":{"allow":["GET"]}}],"collection":[{"href":"https:\/\/tangooled.com\/de\/wp-json\/wp\/v2\/product"}],"about":[{"href":"https:\/\/tangooled.com\/de\/wp-json\/wp\/v2\/types\/product"}],"wp:featuredmedia":[{"embeddable":true,"href":"https:\/\/tangooled.com\/de\/wp-json\/wp\/v2\/media\/14299"}],"wp:attachment":[{"href":"https:\/\/tangooled.com\/de\/wp-json\/wp\/v2\/media?parent=42171"}],"wp:term":[{"taxonomy":"pcb-width","embeddable":true,"href":"https:\/\/tangooled.com\/de\/wp-json\/wp\/v2\/pcb-width?post=42171"},{"taxonomy":"product-cat","embeddable":true,"href":"https:\/\/tangooled.com\/de\/wp-json\/wp\/v2\/product-cat?post=42171"}],"curies":[{"name":"wp","href":"https:\/\/api.w.org\/{rel}","templated":true}]}}