{"id":42166,"date":"2025-12-17T01:09:39","date_gmt":"2025-12-17T09:09:39","guid":{"rendered":"https:\/\/tangooled.com\/?post_type=product&#038;p=42166"},"modified":"2026-02-02T02:13:25","modified_gmt":"2026-02-02T10:13:25","slug":"round-led-aluminum-profile-dia-24mm-suspended-ar03","status":"publish","type":"product","link":"https:\/\/tangooled.com\/de\/product\/round-led-aluminum-profile-dia-24mm-suspended-ar03\/","title":{"rendered":"Durchmesser 24mm Abgeh\u00e4ngtes Rund-LED-Profil f\u00fcr 12mm Streifen"},"content":{"rendered":"<div class=\"wp-block-group is-vertical is-layout-flex wp-container-core-group-is-layout-d255d7c4 wp-block-group-is-layout-flex\" style=\"padding-top:var(--wp--preset--spacing--80);padding-bottom:var(--wp--preset--spacing--80)\">\n<p>Brighten your space with our round led aluminum profile dia 24mm designed for flexible LED strips up to 12mm wide. This strong channel has a 24.0 mm outer\u00a0diameter and a 12.2 mm internal width.<\/p>\n\n\n\n<p>This profile\u00a0works well for surface mounting using a tilt-and-swivel bracket, but it can also be used for pendant lighting that hangs down. This bracket installation holds the fixture in place while letting you move and turn the complete channel, which enables you point the light exactly where you want it.<\/p>\n\n\n\n<p>This profile keeps LED strips\u00a0cool, protects them, and spreads light evenly so there are no hot spots. This feature that changes makes it perfect for directing accent lighting, lighting up retail displays, museum exhibits, or any other function that needs controlled, focused wall washing.<\/p>\n<\/div>\n\n\n\n<div class=\"wp-block-group has-background is-vertical is-layout-flex wp-container-core-group-is-layout-d255d7c4 wp-block-group-is-layout-flex\" style=\"background-color:#f1f1f1;padding-top:var(--wp--preset--spacing--80);padding-bottom:var(--wp--preset--spacing--80)\">\n<div class=\"wp-block-group is-vertical is-layout-flex wp-container-core-group-is-layout-8cf370e7 wp-block-group-is-layout-flex\">\n<h2 class=\"wp-block-heading\" style=\"padding-top:var(--wp--preset--spacing--40);padding-bottom:var(--wp--preset--spacing--40);font-size:25px;font-style:normal;font-weight:600;text-transform:capitalize\">Eigenschaften und Vorteile<\/h2>\n\n\n\n<ul class=\"wp-block-list\">\n<li>Hergestellt aus langlebiger 6063-T5 Aluminiumlegierung, die eine hervorragende W\u00e4rmeableitung f\u00fcr die K\u00fchlung Ihrer LED-Streifen bietet.<\/li>\n\n\n\n<li>Das runde Profil mit 24mm Durchmesser passt perfekt zu flexiblen LED-Streifen und maximiert die Lichtausbeute und die \u00e4sthetische Anziehungskraft.<\/li>\n\n\n\n<li>Der opale Diffusor mildert das Licht, verhindert harte Stellen und sch\u00fctzt das LED-Band vor Staub und Besch\u00e4digungen.<\/li>\n\n\n\n<li>Die schwenkbare Halterung erm\u00f6glicht es, das Licht in die gew\u00fcnschte Richtung zu justieren.<\/li>\n\n\n\n<li>Kompatibel mit verschiedenen LED-Streifen, einschlie\u00dflich SMD 5050, COB LED-Streifen und dimmbaren wei\u00dfen LED-B\u00e4ndern.<\/li>\n\n\n\n<li>In mehreren Oberfl\u00e4chen f\u00fcr professionelle und gewerbliche oder h\u00e4usliche Lichtgestaltungen erh\u00e4ltlich.<\/li>\n<\/ul>\n<\/div>\n<\/div>\n\n\n\n<div class=\"wp-block-group\" style=\"padding-top:var(--wp--preset--spacing--60);padding-bottom:var(--wp--preset--spacing--60)\"><div class=\"wp-block-group__inner-container is-layout-constrained wp-block-group-is-layout-constrained\">\n<div class=\"wp-block-media-text has-media-on-the-right is-stacked-on-mobile\" style=\"grid-template-columns:auto 40%\"><div class=\"wp-block-media-text__content\">\n<h2 class=\"wp-block-heading\" style=\"padding-top:var(--wp--preset--spacing--40);padding-bottom:var(--wp--preset--spacing--40);font-size:25px;font-style:normal;font-weight:600;text-transform:capitalize\">Einfache Schritte zur Installation<\/h2>\n\n\n\n<ul class=\"wp-block-list\">\n<li>Schneiden Sie dieses runde Aluminium-LED-Profil auf die erforderliche L\u00e4nge zu<\/li>\n\n\n\n<li>W\u00e4hlen und platzieren Sie einen geeigneten LED-Streifen (max. 12mm) im Profil<\/li>\n\n\n\n<li>Klicken Sie den opalen Lichtdiffusor auf<\/li>\n\n\n\n<li>Befestigen Sie die Endkappen an beiden Enden und schlie\u00dfen Sie die Stromversorgung an.<\/li>\n<\/ul>\n<\/div><figure class=\"wp-block-media-text__media\"><img loading=\"lazy\" decoding=\"async\" width=\"500\" height=\"500\" src=\"https:\/\/tangooled.com\/wp-content\/uploads\/2025\/12\/ar03-ins.webp\" alt=\"suspended round led aluminum profile dia 24mm for 12mm flexible led strip\" class=\"wp-image-42284 size-full\" srcset=\"https:\/\/tangooled.com\/wp-content\/uploads\/2025\/12\/ar03-ins.webp 500w, https:\/\/tangooled.com\/wp-content\/uploads\/2025\/12\/ar03-ins-300x300.webp 300w, https:\/\/tangooled.com\/wp-content\/uploads\/2025\/12\/ar03-ins-150x150.webp 150w\" sizes=\"auto, (max-width: 500px) 100vw, 500px\" \/><\/figure><\/div>\n<\/div><\/div>\n\n\n\n<div class=\"wp-block-group has-background is-vertical is-layout-flex wp-container-core-group-is-layout-b429018a wp-block-group-is-layout-flex\" style=\"background-color:#f1f1f1f2;padding-top:var(--wp--preset--spacing--70);padding-bottom:var(--wp--preset--spacing--70)\">\n<h2 class=\"wp-block-heading\" style=\"padding-top:var(--wp--preset--spacing--40);padding-bottom:var(--wp--preset--spacing--40);font-size:25px;font-style:normal;font-weight:600\">Verwendungen und Anwendungen<\/h2>\n\n\n\n<p>Sie k\u00f6nnen das runde LED-Aluminiumprofil mit einem Durchmesser von 24mm an vielen verschiedenen Orten verwenden:<\/p>\n\n\n\n<ul class=\"wp-block-list\">\n<li>Ein helles, klares Licht f\u00fcr die K\u00fccheninsel.<\/li>\n\n\n\n<li>Die Beleuchtung in B\u00fcros und Konferenzr\u00e4umen sollte sauber, ordentlich und gleichm\u00e4\u00dfig sein.<\/li>\n\n\n\n<li>Verkaufsanzeigen, die die Aufmerksamkeit auf gut beleuchtete Waren lenken.<\/li>\n\n\n\n<li>Kleiderstangen mit LED-Streifen, die eingebaute Bereiche beleuchten.<\/li>\n<\/ul>\n<\/div>\n\n\n\n<div class=\"wp-block-group is-vertical is-layout-flex wp-container-core-group-is-layout-d255d7c4 wp-block-group-is-layout-flex\" style=\"padding-top:var(--wp--preset--spacing--80);padding-bottom:var(--wp--preset--spacing--80)\">\n<h2 class=\"wp-block-heading\" style=\"padding-top:var(--wp--preset--spacing--40);padding-bottom:var(--wp--preset--spacing--40);font-size:25px;font-style:normal;font-weight:600;text-transform:capitalize\">Vergleichen Sie und erkunden Sie verwandte Produkte<\/h2>\n\n\n\n<ul class=\"wp-block-list\">\n<li>F\u00fcr eine schlankere Option, sehen Sie sich das <a href=\"https:\/\/tangooled.com\/de\/product\/18mm-flexible-led-profile-for-12mm-led-strips\/\"><mark style=\"background-color:rgba(0, 0, 0, 0)\" class=\"has-inline-color has-vivid-red-color\">18mm flexible LED-Profil f\u00fcr 12mm LED-Streifen<\/mark><\/a> das mit den meisten Standard-LED-B\u00e4ndern kompatibel ist.<\/li>\n\n\n\n<li>Wenn Sie einen voll schwarzen Look ben\u00f6tigen, schauen Sie sich das <a href=\"https:\/\/tangooled.com\/de\/product\/black-led-diffuser-aluminum-channel-for-12mm-tape-lights\/\"><mark style=\"background-color:rgba(0, 0, 0, 0)\" class=\"has-inline-color has-vivid-red-color\">schwarzer LED-Diffusor-Aluminiumkanal f\u00fcr 12 mm breite Lichtb\u00e4nder<\/mark><\/a>.<\/li>\n\n\n\n<li>Entdecken Sie verschiedene Stile mit unserem <a href=\"https:\/\/tangooled.com\/de\/product\/25x14m-surface-mounted-led-light-aluminum-profile\/\"><mark style=\"background-color:rgba(0, 0, 0, 0)\" class=\"has-inline-color has-vivid-red-color\">25x14mm oberfl\u00e4chenmontierten LED-Licht-Aluminiumprofil <\/mark><\/a>f\u00fcr alternative Montagebed\u00fcrfnisse.<\/li>\n<\/ul>\n<\/div>\n\n\n\n<p><\/p>","protected":false},"featured_media":14288,"template":"","meta":{"_acf_changed":true,"_seopress_robots_primary_cat":"none","_seopress_titles_title":"Dia 24mm Round LED Aluminum Profile for Suspension AR03 | TANGOOLED","_seopress_titles_desc":"The AR03 is a dia 24mm round led aluminum profile optimized for 12mm strips. Ideal for creating architectural suspended pendant lights.","_seopress_robots_index":""},"pcb-width":[228],"product-cat":[234],"class_list":{"0":"post-42166","1":"product","2":"type-product","3":"status-publish","4":"has-post-thumbnail","6":"pcb-width-6-12mm","7":"product-cat-round-tube-profile"},"acf":[],"_links":{"self":[{"href":"https:\/\/tangooled.com\/de\/wp-json\/wp\/v2\/product\/42166","targetHints":{"allow":["GET"]}}],"collection":[{"href":"https:\/\/tangooled.com\/de\/wp-json\/wp\/v2\/product"}],"about":[{"href":"https:\/\/tangooled.com\/de\/wp-json\/wp\/v2\/types\/product"}],"wp:featuredmedia":[{"embeddable":true,"href":"https:\/\/tangooled.com\/de\/wp-json\/wp\/v2\/media\/14288"}],"wp:attachment":[{"href":"https:\/\/tangooled.com\/de\/wp-json\/wp\/v2\/media?parent=42166"}],"wp:term":[{"taxonomy":"pcb-width","embeddable":true,"href":"https:\/\/tangooled.com\/de\/wp-json\/wp\/v2\/pcb-width?post=42166"},{"taxonomy":"product-cat","embeddable":true,"href":"https:\/\/tangooled.com\/de\/wp-json\/wp\/v2\/product-cat?post=42166"}],"curies":[{"name":"wp","href":"https:\/\/api.w.org\/{rel}","templated":true}]}}