{"id":42163,"date":"2025-12-17T01:05:12","date_gmt":"2025-12-17T09:05:12","guid":{"rendered":"https:\/\/tangooled.com\/?post_type=product&#038;p=42163"},"modified":"2026-02-02T02:13:48","modified_gmt":"2026-02-02T10:13:48","slug":"surface-mount-led-round-aluminum-profile-for-10mm-strip-light","status":"publish","type":"product","link":"https:\/\/tangooled.com\/de\/product\/surface-mount-led-round-aluminum-profile-for-10mm-strip-light\/","title":{"rendered":"Oberfl\u00e4chenmontierte runde Aluminiumprofile f\u00fcr 10mm LED-Streifen"},"content":{"rendered":"<div class=\"wp-block-group is-vertical is-layout-flex wp-container-core-group-is-layout-d255d7c4 wp-block-group-is-layout-flex\" style=\"padding-top:var(--wp--preset--spacing--80);padding-bottom:var(--wp--preset--spacing--80)\">\n<p>It&#8217;s easy to make your space brighter! This surface-mount round\u00a0LED profile\u00a0is built just for your 10mm strip light. The design is small yet useful, with an overall height of 15.8 mm and an interior width of 11.2 mm, which is just right for the strip. It looks amazing, protects your LED, and makes sure that heat is properly released, so your light spreads out nicely and has no dots.<\/p>\n\n\n\n<p>It&#8217;s easy and quick to put together. The profile mounts directly to any flat surface and is held in place by screws that are hidden under the channel. This makes the profile look neat and polished. This profile is perfect for many lighting jobs at home or at work. It works well as accent lighting in places like kitchen cupboards, shop display shelves, or under stairs where a clean, concentrated light is needed.<\/p>\n<\/div>\n\n\n\n<div class=\"wp-block-group has-background is-vertical is-layout-flex wp-container-core-group-is-layout-d255d7c4 wp-block-group-is-layout-flex\" style=\"background-color:#f1f1f1;padding-top:var(--wp--preset--spacing--80);padding-bottom:var(--wp--preset--spacing--80)\">\n<div class=\"wp-block-group is-vertical is-layout-flex wp-container-core-group-is-layout-8cf370e7 wp-block-group-is-layout-flex\">\n<h2 class=\"wp-block-heading\" style=\"padding-top:var(--wp--preset--spacing--40);padding-bottom:var(--wp--preset--spacing--40);font-size:25px;font-style:normal;font-weight:600;text-transform:capitalize\">Warum dieses oberfl\u00e4chenmontierte runde Profil w\u00e4hlen?<\/h2>\n\n\n\n<ul class=\"wp-block-list\">\n<li>Das Aluminium-W\u00e4rmeblech sorgt daf\u00fcr, dass die LEDs l\u00e4nger halten.<\/li>\n\n\n\n<li>Der matierte Diffusor mildert das Licht und beseitigt Hotspots.<\/li>\n\n\n\n<li>Sch\u00fctzen Sie Ihre LEDs vor Staub und Besch\u00e4digungen.<\/li>\n\n\n\n<li>Einfach mit Endkappen und Montageclips einzurichten.<\/li>\n\n\n\n<li>Ideal f\u00fcr moderne Designs und saubere Optik.<\/li>\n\n\n\n<li>Perfekt f\u00fcr Schr\u00e4nke, K\u00fcchenbeleuchtung, Verkaufspr\u00e4sentationen und mehr.<\/li>\n<\/ul>\n<\/div>\n<\/div>\n\n\n\n<div class=\"wp-block-group\" style=\"padding-top:var(--wp--preset--spacing--60);padding-bottom:var(--wp--preset--spacing--60)\"><div class=\"wp-block-group__inner-container is-layout-constrained wp-block-group-is-layout-constrained\">\n<div class=\"wp-block-media-text has-media-on-the-right is-stacked-on-mobile\" style=\"grid-template-columns:auto 40%\"><div class=\"wp-block-media-text__content\">\n<h2 class=\"wp-block-heading\" style=\"padding-top:var(--wp--preset--spacing--40);padding-bottom:var(--wp--preset--spacing--40);font-size:25px;font-style:normal;font-weight:600;text-transform:capitalize\">Wie benutze ich den Kanal?<\/h2>\n\n\n\n<ul class=\"wp-block-list\">\n<li>Auf der Oberfl\u00e4che montieren: Sie k\u00f6nnen Clips verwenden, um das runde Aluminiumprofil an einer beliebigen Oberfl\u00e4che wie W\u00e4nden, Schr\u00e4nken oder Regalen zu befestigen.<\/li>\n\n\n\n<li>Legen Sie den 10mm LED-Streifen ein: Entfernen Sie die R\u00fcckseite Ihres LED-Bandes und setzen Sie es in das Profil ein.<\/li>\n\n\n\n<li>Legen Sie die matte Abdeckung auf die Oberseite Ihres Aluminiumkanals, um das Ganze abzuschlie\u00dfen.<\/li>\n\n\n\n<li>F\u00fcgen Sie Endkappen hinzu, um es ordentlich und fertig aussehen zu lassen.<\/li>\n<\/ul>\n<\/div><figure class=\"wp-block-media-text__media\"><img loading=\"lazy\" decoding=\"async\" width=\"500\" height=\"500\" src=\"https:\/\/tangooled.com\/wp-content\/uploads\/2025\/12\/ar02-ins.webp\" alt=\"surface mount led round aluminum profile for 10mm led strip light\" class=\"wp-image-42276 size-full\" srcset=\"https:\/\/tangooled.com\/wp-content\/uploads\/2025\/12\/ar02-ins.webp 500w, https:\/\/tangooled.com\/wp-content\/uploads\/2025\/12\/ar02-ins-300x300.webp 300w, https:\/\/tangooled.com\/wp-content\/uploads\/2025\/12\/ar02-ins-150x150.webp 150w\" sizes=\"auto, (max-width: 500px) 100vw, 500px\" \/><\/figure><\/div>\n<\/div><\/div>\n\n\n\n<div class=\"wp-block-group has-background is-vertical is-layout-flex wp-container-core-group-is-layout-b429018a wp-block-group-is-layout-flex\" style=\"background-color:#f1f1f1f2;padding-top:var(--wp--preset--spacing--70);padding-bottom:var(--wp--preset--spacing--70)\">\n<h2 class=\"wp-block-heading\" style=\"padding-top:var(--wp--preset--spacing--40);padding-bottom:var(--wp--preset--spacing--40);font-size:25px;font-style:normal;font-weight:600;text-transform:capitalize\">Die besten Orte, um diesen schlanken runden LED-Kanal zu verwenden.<\/h2>\n\n\n\n<ul class=\"wp-block-list\">\n<li>F\u00fcr ein helles Arbeitslicht unter K\u00fcchenschr\u00e4nken oder an Arbeitspl\u00e4tzen.\u00a0<\/li>\n\n\n\n<li>F\u00fcr Schr\u00e4nke und Kleiderschr\u00e4nke, die helles, klares Licht ben\u00f6tigen.<\/li>\n\n\n\n<li>Vitrinen und Regale in Einzelhandelsgesch\u00e4ften, um Produkte zu pr\u00e4sentieren.<\/li>\n\n\n\n<li>Lichtleisten, die einfach und ansprechend f\u00fcr B\u00fcros oder Unternehmen sind.<\/li>\n\n\n\n<li>Licht, das sanft und gleichm\u00e4\u00dfig f\u00fcr Kunst- und Designelemente ist.<\/li>\n<\/ul>\n<\/div>\n\n\n\n<div class=\"wp-block-group is-vertical is-layout-flex wp-container-core-group-is-layout-d255d7c4 wp-block-group-is-layout-flex\" style=\"padding-top:var(--wp--preset--spacing--80);padding-bottom:var(--wp--preset--spacing--80)\">\n<h2 class=\"wp-block-heading\" style=\"padding-top:var(--wp--preset--spacing--40);padding-bottom:var(--wp--preset--spacing--40);font-size:25px;font-style:normal;font-weight:600;text-transform:capitalize\">Diese verwandten Artikel k\u00f6nnten Ihnen auch gefallen:<\/h2>\n\n\n\n<ul class=\"wp-block-list\">\n<li><a href=\"https:\/\/tangooled.com\/de\/product\/black-led-profile-with-black-diffuser-for-10mm-led-strip-light\/\"><mark style=\"background-color:rgba(0, 0, 0, 0)\" class=\"has-inline-color has-vivid-red-color\">Schwarzes LED-Profil mit schwarzem Diffusor f\u00fcr 10mm LED-Streifen <\/mark><\/a>\u2013 A sleek black profile with matching diffuser.<\/li>\n\n\n\n<li><a href=\"https:\/\/tangooled.com\/de\/product\/surface-mount-led-profile-with-frosted-diffuser-for-10mm-rope-lights\/\"><mark style=\"background-color:rgba(0, 0, 0, 0)\" class=\"has-inline-color has-vivid-red-color\">Oberfl\u00e4chenmontage-LED-Profil mit mattem Diffusor f\u00fcr 10mm Seillichter<\/mark><\/a> \u2013 Similar surface mount option for 10mm rope-style LED lights.<\/li>\n\n\n\n<li><a href=\"https:\/\/tangooled.com\/de\/product\/led-strip-light-channel-aluminum-profile-with-diffused-cover-6mm-height\/\"><mark style=\"background-color:rgba(0, 0, 0, 0)\" class=\"has-inline-color has-vivid-red-color\">LED-Streifenlicht-Kanal-Aluminiumprofil mit diffuser Abdeckung 6mm H\u00f6he<\/mark><\/a> \u2013 Low profile aluminum channel with frosted cover.<\/li>\n<\/ul>\n<\/div>\n\n\n\n<div class=\"wp-block-group has-background\" style=\"background-color:#f1f1f1;padding-top:var(--wp--preset--spacing--80);padding-bottom:var(--wp--preset--spacing--80)\"><div class=\"wp-block-group__inner-container is-layout-constrained wp-block-group-is-layout-constrained\">\n<p style=\"padding-right:var(--wp--preset--spacing--50);padding-left:var(--wp--preset--spacing--50)\">This surface mount round profile for 10mm LED strip lights is a great way to make any room look clean, smooth, and bright. It&#8217;s a great choice for all your LED lighting needs because it&#8217;s easy to put up, lasts a long time, and is made to last.<\/p>\n<\/div><\/div>\n\n\n\n<p><\/p>","protected":false},"featured_media":14285,"template":"","meta":{"_acf_changed":false,"_seopress_robots_primary_cat":"none","_seopress_titles_title":"Surface Mount LED Round Profile | Slim Circular Channel AR02","_seopress_titles_desc":"The AR02 is a premium surface mount led round profile for 10mm strips. Featuring a sleek circular design, this aluminum channel is perfect for under-cabinet or decorative wall lighting.","_seopress_robots_index":""},"pcb-width":[228],"product-cat":[234],"class_list":{"0":"post-42163","1":"product","2":"type-product","3":"status-publish","4":"has-post-thumbnail","6":"pcb-width-6-12mm","7":"product-cat-round-tube-profile"},"acf":[],"_links":{"self":[{"href":"https:\/\/tangooled.com\/de\/wp-json\/wp\/v2\/product\/42163","targetHints":{"allow":["GET"]}}],"collection":[{"href":"https:\/\/tangooled.com\/de\/wp-json\/wp\/v2\/product"}],"about":[{"href":"https:\/\/tangooled.com\/de\/wp-json\/wp\/v2\/types\/product"}],"wp:featuredmedia":[{"embeddable":true,"href":"https:\/\/tangooled.com\/de\/wp-json\/wp\/v2\/media\/14285"}],"wp:attachment":[{"href":"https:\/\/tangooled.com\/de\/wp-json\/wp\/v2\/media?parent=42163"}],"wp:term":[{"taxonomy":"pcb-width","embeddable":true,"href":"https:\/\/tangooled.com\/de\/wp-json\/wp\/v2\/pcb-width?post=42163"},{"taxonomy":"product-cat","embeddable":true,"href":"https:\/\/tangooled.com\/de\/wp-json\/wp\/v2\/product-cat?post=42163"}],"curies":[{"name":"wp","href":"https:\/\/api.w.org\/{rel}","templated":true}]}}