{"id":42122,"date":"2025-12-16T02:03:58","date_gmt":"2025-12-16T10:03:58","guid":{"rendered":"https:\/\/tangooled.com\/?post_type=product&#038;p=42122"},"modified":"2026-02-02T22:15:24","modified_gmt":"2026-02-03T06:15:24","slug":"https-tangooled-com-product-plaster-drywall-aluminum-skirting-board-for-12mm-led-strip-sk12","status":"publish","type":"product","link":"https:\/\/tangooled.com\/de\/product\/https-tangooled-com-product-plaster-drywall-aluminum-skirting-board-for-12mm-led-strip-sk12\/","title":{"rendered":"Gipskarton-Aluminiumleisten f\u00fcr 12mm LED-Streifen SK12"},"content":{"rendered":"<div class=\"wp-block-group is-vertical is-layout-flex wp-container-core-group-is-layout-d255d7c4 wp-block-group-is-layout-flex\" style=\"padding-top:var(--wp--preset--spacing--80);padding-bottom:var(--wp--preset--spacing--80)\">\n<p>Our plaster drywall aluminum skirting board for 12mm LED strip is made of 6063-T5 extruded aluminum and is designed to fit perfectly inside a plaster drywall wall or skirting. It works like a hidden baseboard that can hold\u00a0a 12mm LED strip. When turned on, it makes a gentle, even light on the floor that adds to the room&#8217;s atmosphere.<br>Mit einem guten Diffusor macht das Profil ein sanftes, kontinuierliches Umgebungslicht auf dem Boden oder einen Akzent, der alle LED-Punkte verbirgt. Dieses Profil tr\u00e4gt auch dazu bei, dass die LED-Leuchten l\u00e4nger halten, da es als K\u00fchlk\u00f6rper fungiert.<br>Dieses SK12 Leistenprofil hilft, saubere, nahtlose Beleuchtung mit ordentlichen, in die Gipskartonplatte eingelassenen LED-Streifen zu schaffen. Keine klobigen Verkleidungen, nur glattes, punktfreies Licht Tag und Nacht.<\/p>\n<\/div>\n\n\n\n<div class=\"wp-block-group has-background is-vertical is-layout-flex wp-container-core-group-is-layout-d255d7c4 wp-block-group-is-layout-flex\" style=\"background-color:#f1f1f1;padding-top:var(--wp--preset--spacing--80);padding-bottom:var(--wp--preset--spacing--80)\">\n<div class=\"wp-block-group is-vertical is-layout-flex wp-container-core-group-is-layout-8cf370e7 wp-block-group-is-layout-flex\">\n<h2 class=\"wp-block-heading\" style=\"padding-top:var(--wp--preset--spacing--40);padding-bottom:var(--wp--preset--spacing--40);font-size:25px;font-style:normal;font-weight:600;text-transform:capitalize\">Warum sollten Sie unser SK12 Gips-leuchten Profil w\u00e4hlen?<\/h2>\n\n\n\n<ul class=\"wp-block-list\">\n<li>-Rahmenloser LED-Kanal: Die Verputzflansch erm\u00f6glicht es dem Profil, perfekt mit der Gipskartonplatte zu verschmelzen und eine schwebende Wandillusion zu erzeugen.<\/li>\n\n\n\n<li>Keine Punkte: Ein hochwertiger Diffusor beseitigt LED-Punkte f\u00fcr ein professionelles Lichtdesign.<\/li>\n\n\n\n<li>W\u00e4rmemanagement: Aluminium ist ein hervorragender K\u00fchlk\u00f6rper, der die Lebensdauer der LEDs verl\u00e4ngert.<\/li>\n\n\n\n<li>Arbeitet mit LED-Streifen, die 12mm breit sind, einschlie\u00dflich COB-LED-Streifen, die eine sehr klare Lichtlinie erzeugen.<\/li>\n\n\n\n<li>Verwenden Sie es in Fluren von Wohnh\u00e4usern, Gesch\u00e4ften und Hotels zur Beleuchtung des Bodens oder des Gehwegs.<\/li>\n<\/ul>\n<\/div>\n<\/div>\n\n\n\n<div class=\"wp-block-group is-vertical is-layout-flex wp-container-core-group-is-layout-d255d7c4 wp-block-group-is-layout-flex\" style=\"padding-top:var(--wp--preset--spacing--80);padding-bottom:var(--wp--preset--spacing--80)\">\n<hr class=\"wp-block-separator has-alpha-channel-opacity\"\/>\n\n\n\n<div class=\"wp-block-media-text has-media-on-the-right is-stacked-on-mobile\" style=\"grid-template-columns:auto 40%\"><div class=\"wp-block-media-text__content\">\n<h2 class=\"wp-block-heading\" style=\"padding-top:var(--wp--preset--spacing--40);padding-bottom:var(--wp--preset--spacing--40);font-size:25px;font-style:normal;font-weight:600;text-transform:capitalize\">Wie man das SK12 Leistenprofil verwendet<\/h2>\n\n\n\n<ul class=\"wp-block-list\">\n<li>Setzen Sie die Aluminiumextrusion in den Wand- oder Bodenrahmen ein.<\/li>\n\n\n\n<li>Platzieren Sie die Gipskartonplatten gegen den Profil-Flansch.<\/li>\n\n\n\n<li>Tragen Sie eine d\u00fcnne Schicht Putz \u00fcber den Flansch auf, um den \u00dcbergang von Wand zu Licht glatt aussehen zu lassen.<\/li>\n\n\n\n<li>Legen Sie den LED-Streifen in den Kanal.<\/li>\n\n\n\n<li>Stecken Sie den LED-Streifen in ein Niederspannungsnetzteil.<\/li>\n\n\n\n<li>Setzen Sie die opale Diffusorabdeckung auf, um eine glatte, punktfreie Beleuchtung zu erhalten.<\/li>\n<\/ul>\n<\/div><figure class=\"wp-block-media-text__media\"><img loading=\"lazy\" decoding=\"async\" width=\"500\" height=\"500\" src=\"https:\/\/tangooled.com\/wp-content\/uploads\/2025\/12\/sk12-ins.webp\" alt=\"Gipskarton-Aluminiumleisten f\u00fcr 12mm LED-Streifen SK12\" class=\"wp-image-42160 size-full\" srcset=\"https:\/\/tangooled.com\/wp-content\/uploads\/2025\/12\/sk12-ins.webp 500w, https:\/\/tangooled.com\/wp-content\/uploads\/2025\/12\/sk12-ins-300x300.webp 300w, https:\/\/tangooled.com\/wp-content\/uploads\/2025\/12\/sk12-ins-150x150.webp 150w\" sizes=\"auto, (max-width: 500px) 100vw, 500px\" \/><\/figure><\/div>\n<\/div>\n\n\n\n<div class=\"wp-block-group has-background is-vertical is-layout-flex wp-container-core-group-is-layout-b429018a wp-block-group-is-layout-flex\" style=\"background-color:#f1f1f1f2;padding-top:var(--wp--preset--spacing--70);padding-bottom:var(--wp--preset--spacing--70)\">\n<h2 class=\"wp-block-heading\" style=\"padding-top:var(--wp--preset--spacing--40);padding-bottom:var(--wp--preset--spacing--40);font-size:25px;font-style:normal;font-weight:600;text-transform:capitalize\">Was erhalten Sie aus den Kits?<\/h2>\n\n\n\n<ul class=\"wp-block-list\">\n<li>Gipsaluminium-Gipskartonprofil.<\/li>\n\n\n\n<li>Polycarbonat-opaler Diffusor.<\/li>\n\n\n\n<li>Endkappen zum sauberen Verschlie\u00dfen der Profilenden.<\/li>\n\n\n\n<li>Gerade Stecker f\u00fcr endlose Linienverbindungen.<\/li>\n<\/ul>\n<\/div>\n\n\n\n<div class=\"wp-block-group is-vertical is-layout-flex wp-container-core-group-is-layout-d255d7c4 wp-block-group-is-layout-flex\" style=\"padding-top:var(--wp--preset--spacing--80);padding-bottom:var(--wp--preset--spacing--80)\">\n<h2 class=\"wp-block-heading\" style=\"padding-top:var(--wp--preset--spacing--40);padding-bottom:var(--wp--preset--spacing--40);font-size:25px;font-style:normal;font-weight:600;text-transform:capitalize\">Ideale Orte f\u00fcr die Installation des SK12 Leistenprofils<\/h2>\n\n\n\n<ul class=\"wp-block-list\">\n<li>Flure und Durchg\u00e4nge in Wohnh\u00e4usern und Hotels, die sichere, stilvolle LED-Wegbeleuchtung auf Bodenh\u00f6he ben\u00f6tigen.<\/li>\n\n\n\n<li>Wohnbereiche und Schlafzimmer mit k\u00fchlen Ambientebeleuchtungseffekten.<\/li>\n\n\n\n<li>Wandbeleuchtung in Gesch\u00e4ften und Ausstellungsr\u00e4umen zur Pr\u00e4sentation architektonischer Merkmale.<\/li>\n\n\n\n<li>Heimkinos und Lounges verwenden indirekte Beleuchtung, um eine Stimmung zu schaffen.<\/li>\n\n\n\n<li>Beleuchtung f\u00fcr Architektur kann Arbeitspl\u00e4tze und Empfangsr\u00e4ume ordentlich und professionell aussehen lassen.<\/li>\n<\/ul>\n\n\n\n<p>F\u00fcgen Sie perfekte Akzente mit Zubeh\u00f6r wie dem hinzu <mark style=\"background-color:rgba(0, 0, 0, 0)\" class=\"has-inline-color has-vivid-red-color\"><a href=\"https:\/\/tangooled.com\/de\/product\/18x18mm-led-strip-corner-profile-for-12mm-led-strips\/\">18x18mm LED-Streifen-Eckprofil f\u00fcr 12mm LED-Streifen<\/a>.<\/mark><\/p>\n<\/div>\n\n\n\n<p><\/p>","protected":false},"featured_media":13698,"template":"","meta":{"_acf_changed":true,"_seopress_robots_primary_cat":"none","_seopress_titles_title":"Plaster-in LED Skirting Channel for12mm Strip SK12 | TANGOOLED","_seopress_titles_desc":"The SK12 is a professional plaster-in led skirting channel optimized for 12mm strips. Achieve a seamless, trimless baseboard lighting effect in drywall projects with this recessed aluminum profile.","_seopress_robots_index":""},"pcb-width":[228],"product-cat":[198],"class_list":{"0":"post-42122","1":"product","2":"type-product","3":"status-publish","4":"has-post-thumbnail","6":"pcb-width-6-12mm","7":"product-cat-skirting-profile"},"acf":[],"_links":{"self":[{"href":"https:\/\/tangooled.com\/de\/wp-json\/wp\/v2\/product\/42122","targetHints":{"allow":["GET"]}}],"collection":[{"href":"https:\/\/tangooled.com\/de\/wp-json\/wp\/v2\/product"}],"about":[{"href":"https:\/\/tangooled.com\/de\/wp-json\/wp\/v2\/types\/product"}],"wp:featuredmedia":[{"embeddable":true,"href":"https:\/\/tangooled.com\/de\/wp-json\/wp\/v2\/media\/13698"}],"wp:attachment":[{"href":"https:\/\/tangooled.com\/de\/wp-json\/wp\/v2\/media?parent=42122"}],"wp:term":[{"taxonomy":"pcb-width","embeddable":true,"href":"https:\/\/tangooled.com\/de\/wp-json\/wp\/v2\/pcb-width?post=42122"},{"taxonomy":"product-cat","embeddable":true,"href":"https:\/\/tangooled.com\/de\/wp-json\/wp\/v2\/product-cat?post=42122"}],"curies":[{"name":"wp","href":"https:\/\/api.w.org\/{rel}","templated":true}]}}