{"id":42120,"date":"2025-12-16T01:58:37","date_gmt":"2025-12-16T09:58:37","guid":{"rendered":"https:\/\/tangooled.com\/?post_type=product&#038;p=42120"},"modified":"2026-02-02T22:15:00","modified_gmt":"2026-02-03T06:15:00","slug":"waist-line-in-wall-stair-lighting-aluminum-led-profile","status":"publish","type":"product","link":"https:\/\/tangooled.com\/de\/product\/waist-line-in-wall-stair-lighting-aluminum-led-profile\/","title":{"rendered":"Wangenbeleuchtung f\u00fcr Innenw\u00e4nde aus Aluminium-LED-Profil"},"content":{"rendered":"<div class=\"wp-block-group is-vertical is-layout-flex wp-container-core-group-is-layout-d255d7c4 wp-block-group-is-layout-flex\" style=\"padding-top:var(--wp--preset--spacing--80);padding-bottom:var(--wp--preset--spacing--80)\">\n<p>Unser wandintegriertes Treppenlichtprofil ist ein aluminium LED-Kanal, der zur\u00fcckgesetzt ist. Es kann in Trockenbau oder Putz installiert werden, um eine nahtlose, eingebaute Beleuchtung zu schaffen. Dies verleiht Ihren W\u00e4nden und Treppen ein sanftes, aber helles Licht.<\/p>\n\n\n\n<p>It&#8217;s made to light up stairs, but it also works well for lighting up waistlines along corridors or skirting boards. The aluminum case functions as a heat sink, which keeps the LED strips cool and makes them live longer.<\/p>\n\n\n\n<p>This aluminum LED profile gives out a gentle, clear, and even glow that changes the look of walls and staircases with a modern, safe, and smooth light. It&#8217;s great for updating homes, offices, commercial halls, and retail areas.<\/p>\n<\/div>\n\n\n\n<div class=\"wp-block-group has-background is-vertical is-layout-flex wp-container-core-group-is-layout-d255d7c4 wp-block-group-is-layout-flex\" style=\"background-color:#f1f1f1;padding-top:var(--wp--preset--spacing--80);padding-bottom:var(--wp--preset--spacing--80)\">\n<div class=\"wp-block-group is-vertical is-layout-flex wp-container-core-group-is-layout-8cf370e7 wp-block-group-is-layout-flex\">\n<h2 class=\"wp-block-heading\" style=\"padding-top:var(--wp--preset--spacing--40);padding-bottom:var(--wp--preset--spacing--40);font-size:25px;font-style:normal;font-weight:600;text-transform:capitalize\">Warum dieses Profil w\u00e4hlen?<\/h2>\n\n\n\n<ul class=\"wp-block-list\">\n<li>Looks like it&#8217;s flush with the wall\u2014no frames or corners are apparent.<\/li>\n\n\n\n<li>Sanfte, blendfreie Beleuchtung, die hervorragend geeignet ist, um W\u00e4nde hervorzuheben oder Treppen sicherer zu machen.<\/li>\n\n\n\n<li>Hergestellt aus einer hochwertigen 6063 Aluminiumlegierung, die eine einfache W\u00e4rmeableitung erm\u00f6glicht.<\/li>\n\n\n\n<li>Wird mit einem satinierte Polycarbonat-Diffusor geliefert, der das Licht gleichm\u00e4\u00dfig und ohne ablenkende LED-Punkte streuen l\u00e4sst.<\/li>\n\n\n\n<li>Kann mit LED-Bandlichtern verwendet werden, die 12V oder 24V und bis zu 12mm breit sind.<\/li>\n\n\n\n<li>Erh\u00e4ltlich in schwarzer, wei\u00dfer oder silber eloxierter Ausf\u00fchrung.<\/li>\n<\/ul>\n<\/div>\n<\/div>\n\n\n\n<div class=\"wp-block-group\" style=\"padding-top:var(--wp--preset--spacing--60);padding-bottom:var(--wp--preset--spacing--60)\"><div class=\"wp-block-group__inner-container is-layout-constrained wp-block-group-is-layout-constrained\">\n<div class=\"wp-block-media-text has-media-on-the-right is-stacked-on-mobile\" style=\"grid-template-columns:auto 40%\"><div class=\"wp-block-media-text__content\">\n<h2 class=\"wp-block-heading\" style=\"padding-top:var(--wp--preset--spacing--40);padding-bottom:var(--wp--preset--spacing--40);font-size:25px;font-style:normal;font-weight:600;text-transform:capitalize\">Wie man es benutzt<\/h2>\n\n\n\n<ul class=\"wp-block-list\">\n<li>Machen Sie eine Rille in die Trockenbauwand oder den Putz entlang Ihrer Wand oder Treppe, die ungef\u00e4hr die gleiche Gr\u00f6\u00dfe wie das Profil hat.<\/li>\n\n\n\n<li>Legen Sie das Aluminium-LED-Profil in die Rille und stellen Sie sicher, dass es dort bleibt.<\/li>\n\n\n\n<li>Tragen Sie Trockenbau-M\u00f6rtel oder Putz \u00fcber die Seiten mit L\u00f6chern (eingebaute Installation) auf, um das Finish glatt zu gestalten.<\/li>\n\n\n\n<li>Platzieren Sie den LED-Streifen im Profil.<\/li>\n\n\n\n<li>Setzen Sie den satinierten Diffusor auf, um das Licht gleichm\u00e4\u00dfiger und weicher zu gestalten.<\/li>\n<\/ul>\n<\/div><figure class=\"wp-block-media-text__media\"><img loading=\"lazy\" decoding=\"async\" width=\"500\" height=\"500\" src=\"https:\/\/tangooled.com\/wp-content\/uploads\/2025\/12\/sk11-ins.webp\" alt=\"waist line in wall stair lighting aluminum led profile\" class=\"wp-image-42158 size-full\" srcset=\"https:\/\/tangooled.com\/wp-content\/uploads\/2025\/12\/sk11-ins.webp 500w, https:\/\/tangooled.com\/wp-content\/uploads\/2025\/12\/sk11-ins-300x300.webp 300w, https:\/\/tangooled.com\/wp-content\/uploads\/2025\/12\/sk11-ins-150x150.webp 150w\" sizes=\"auto, (max-width: 500px) 100vw, 500px\" \/><\/figure><\/div>\n<\/div><\/div>\n\n\n\n<div class=\"wp-block-group has-background is-vertical is-layout-flex wp-container-core-group-is-layout-b429018a wp-block-group-is-layout-flex\" style=\"background-color:#f1f1f1f2;padding-top:var(--wp--preset--spacing--70);padding-bottom:var(--wp--preset--spacing--70)\">\n<h2 class=\"wp-block-heading\" style=\"padding-top:var(--wp--preset--spacing--40);padding-bottom:var(--wp--preset--spacing--40);font-size:25px;font-style:normal;font-weight:600;text-transform:capitalize\">what&#8217;s in the kit\uff1f<\/h2>\n\n\n\n<ul class=\"wp-block-list\">\n<li>Eloxierter Wangenbeleuchtungskanal f\u00fcr die Wand<\/li>\n\n\n\n<li>Opal-LED-Diffusor <\/li>\n\n\n\n<li>Endkappen<\/li>\n<\/ul>\n<\/div>\n\n\n\n<div class=\"wp-block-group is-vertical is-layout-flex wp-container-core-group-is-layout-d255d7c4 wp-block-group-is-layout-flex\" style=\"padding-top:var(--wp--preset--spacing--80);padding-bottom:var(--wp--preset--spacing--80)\">\n<h2 class=\"wp-block-heading\" style=\"padding-top:var(--wp--preset--spacing--40);padding-bottom:var(--wp--preset--spacing--40);font-size:25px;font-style:normal;font-weight:600;text-transform:capitalize\">Interne Links, die Sie interessieren k\u00f6nnten<\/h2>\n\n\n\n<ul class=\"wp-block-list\">\n<li>Erfahren Sie mehr \u00fcber <a href=\"https:\/\/tangooled.com\/de\/product\/black-led-profile-with-black-diffuser-for-10mm-led-strip-light\/\"><mark style=\"background-color:rgba(0, 0, 0, 0)\" class=\"has-inline-color has-vivid-red-color\">schwarzes LED-Profil mit schwarzem Diffusor f\u00fcr 10mm LED-Streifen<\/mark><\/a><\/li>\n\n\n\n<li>Schauen Sie sich das an <a href=\"https:\/\/tangooled.com\/de\/product\/led-strip-light-channel-aluminum-profile-with-diffused-cover-6mm-height\/\"><mark style=\"background-color:rgba(0, 0, 0, 0)\" class=\"has-inline-color has-vivid-red-color\">Aluminiumprofil f\u00fcr LED-Streifen mit diffundierender Abdeckung, H\u00f6he 6 mm<\/mark><\/a><\/li>\n\n\n\n<li>Sehen Sie unsere <a href=\"https:\/\/tangooled.com\/de\/product\/surface-mount-led-profile-with-frosted-diffuser-for-10mm-rope-lights\/\"><mark style=\"background-color:rgba(0, 0, 0, 0)\" class=\"has-inline-color has-vivid-red-color\">Oberfl\u00e4chenmontage LED-Profil mit satiniertem Diffusor f\u00fcr 10mm Seilschn\u00fcre<\/mark><\/a><\/li>\n\n\n\n<li>Erfahren Sie mehr \u00fcber die <a href=\"https:\/\/tangooled.com\/de\/product\/side-lighting-2-in-1-aluminum-led-baseboard-for-15mm-strips\/\"><mark style=\"background-color:rgba(0, 0, 0, 0)\" class=\"has-inline-color has-vivid-red-color\">seitliche Beleuchtung 2-in-1 Aluminium-LED-Sockelleiste f\u00fcr 15mm Streifen<\/mark><\/a><\/li>\n\n\n\n<li>Entdecken Sie die vollst\u00e4ndigen Produktdetails unter <a href=\"https:\/\/tangooled.com\/de\/product\/waist-line-in-wall-stair-lighting-aluminum-led-profile\/\"><mark style=\"background-color:rgba(0, 0, 0, 0)\" class=\"has-inline-color has-vivid-red-color\">Wangenbeleuchtung f\u00fcr Innenw\u00e4nde aus Aluminium-LED-Profil<\/mark><\/a><\/li>\n<\/ul>\n<\/div>\n\n\n\n<div class=\"wp-block-group has-background\" style=\"background-color:#f1f1f1;padding-top:var(--wp--preset--spacing--80);padding-bottom:var(--wp--preset--spacing--80)\"><div class=\"wp-block-group__inner-container is-layout-constrained wp-block-group-is-layout-constrained\">\n<h2 class=\"wp-block-heading\" style=\"padding-top:var(--wp--preset--spacing--40);padding-right:0;padding-bottom:var(--wp--preset--spacing--40);padding-left:0;font-size:25px;font-style:normal;font-weight:600;text-transform:capitalize\">Zusammenfassung<\/h2>\n\n\n\n<p style=\"padding-right:var(--wp--preset--spacing--50);padding-left:var(--wp--preset--spacing--50)\">Unser wandintegriertes Treppenlichtprofil ist eine sichere und sch\u00f6ne M\u00f6glichkeit, Flure, Treppen und Sockelleisten zu beleuchten. Es beinhaltet eine eingelassene, eingebaute Installation, ein hochwertiges Aluminiumgeh\u00e4use und einen Polycarbonat-Diffusor, der eine wundersch\u00f6ne Lichtlinie ohne Blendung bietet. Sie k\u00f6nnen aus einer Reihe von Oberfl\u00e4chen und L\u00e4ngen w\u00e4hlen und die Profile auf die gew\u00fcnschte Gr\u00f6\u00dfe zuschneiden. Dieses Profil eignet sich perfekt zur Beleuchtung von Wohnh\u00e4usern, Gesch\u00e4ften, Gesch\u00e4ften und Hotels. Es sieht gro\u00dfartig aus und h\u00e4lt lange.<\/p>\n<\/div><\/div>\n\n\n\n<p><\/p>","protected":false},"featured_media":13693,"template":"","meta":{"_acf_changed":true,"_seopress_robots_primary_cat":"none","_seopress_titles_title":"Waist Line In-wall Stair Lighting Profile SK11 | TANGOOLED","_seopress_titles_desc":"The SK11 is a professional waist line in-wall stair lighting profile designed for seamless linear light. Create safe and elegant recessed guidance lighting along stairs and hallways.","_seopress_robots_index":""},"pcb-width":[228],"product-cat":[198],"class_list":{"0":"post-42120","1":"product","2":"type-product","3":"status-publish","4":"has-post-thumbnail","6":"pcb-width-6-12mm","7":"product-cat-skirting-profile"},"acf":[],"_links":{"self":[{"href":"https:\/\/tangooled.com\/de\/wp-json\/wp\/v2\/product\/42120","targetHints":{"allow":["GET"]}}],"collection":[{"href":"https:\/\/tangooled.com\/de\/wp-json\/wp\/v2\/product"}],"about":[{"href":"https:\/\/tangooled.com\/de\/wp-json\/wp\/v2\/types\/product"}],"wp:featuredmedia":[{"embeddable":true,"href":"https:\/\/tangooled.com\/de\/wp-json\/wp\/v2\/media\/13693"}],"wp:attachment":[{"href":"https:\/\/tangooled.com\/de\/wp-json\/wp\/v2\/media?parent=42120"}],"wp:term":[{"taxonomy":"pcb-width","embeddable":true,"href":"https:\/\/tangooled.com\/de\/wp-json\/wp\/v2\/pcb-width?post=42120"},{"taxonomy":"product-cat","embeddable":true,"href":"https:\/\/tangooled.com\/de\/wp-json\/wp\/v2\/product-cat?post=42120"}],"curies":[{"name":"wp","href":"https:\/\/api.w.org\/{rel}","templated":true}]}}