{"id":42118,"date":"2025-12-16T01:53:41","date_gmt":"2025-12-16T09:53:41","guid":{"rendered":"https:\/\/tangooled.com\/?post_type=product&#038;p=42118"},"modified":"2026-02-02T22:09:04","modified_gmt":"2026-02-03T06:09:04","slug":"waist-line-wall-recessed-lighting-indirect-ceiling-cove-12mm-led-strip-profile","status":"publish","type":"product","link":"https:\/\/tangooled.com\/de\/product\/waist-line-wall-recessed-lighting-indirect-ceiling-cove-12mm-led-strip-profile\/","title":{"rendered":"Wangenbeleuchtung f\u00fcr Wandeinbau, indirekte Deckenbeleuchtung mit 12mm LED-Streifen-Profil"},"content":{"rendered":"<div class=\"wp-block-group is-vertical is-layout-flex wp-container-core-group-is-layout-d255d7c4 wp-block-group-is-layout-flex\" style=\"padding-top:var(--wp--preset--spacing--80);padding-bottom:var(--wp--preset--spacing--80)\">\n<p>Unser wandmontierbares LED-Profil in der Taillenlinie ist ein schlanker Aluminiumkanal, der Ihre W\u00e4nde und Decken mit sanftem, hellem Licht erhellt. Es f\u00fcgt sich nahtlos in Trockenbau oder Gipskarton ein, ohne dass eine Verkleidung erforderlich ist, die die Lichtquelle verdeckt und ihm ein sauberes, modernes Aussehen verleiht. Diese Technik l\u00e4sst es so aussehen, als k\u00e4me das Licht direkt aus der Oberfl\u00e4che.<\/p>\n\n\n\n<p>Das Profil kann LED-Streifen mit einer Breite von bis zu 12 mm aufnehmen und eignet sich am besten f\u00fcr indirekte Beleuchtung. Sie k\u00f6nnen es in einer Verbindung zwischen Wand und Decke platzieren oder auf Taillenh\u00f6he an W\u00e4nden anbringen, um einen sanften, warmen Schimmer zu erzeugen, der die Atmosph\u00e4re jedes Raumes ver\u00e4ndert und verbessert.<\/p>\n<\/div>\n\n\n\n<div class=\"wp-block-group has-background is-vertical is-layout-flex wp-container-core-group-is-layout-d255d7c4 wp-block-group-is-layout-flex\" style=\"background-color:#f1f1f1;padding-top:var(--wp--preset--spacing--80);padding-bottom:var(--wp--preset--spacing--80)\">\n<div class=\"wp-block-group is-vertical is-layout-flex wp-container-core-group-is-layout-8cf370e7 wp-block-group-is-layout-flex\">\n<h2 class=\"wp-block-heading\" style=\"padding-top:var(--wp--preset--spacing--40);padding-bottom:var(--wp--preset--spacing--40);font-size:25px;font-style:normal;font-weight:600;text-transform:capitalize\">Warum unser wandmontierbares LED-Profil in der Taillenlinie w\u00e4hlen?<\/h2>\n\n\n\n<ul class=\"wp-block-list\">\n<li>Die Beleuchtung ist nahtlos und punktlos, mit einer diffusen opalen Abdeckung, die einen sanften, gleichm\u00e4\u00dfigen Schein bietet.<\/li>\n\n\n\n<li>Hergestellt aus anodisiertem Aluminium 6063-T5 f\u00fcr einen effektiven W\u00e4rmeaustausch und eine lange Lebensdauer.&nbsp;<\/li>\n\n\n\n<li>Passt zu standardm\u00e4\u00dfigen LED-Streifen mit 12 mm Breite und funktioniert mit vielen Marken, sodass Sie die gew\u00fcnschte Helligkeit und Farbe w\u00e4hlen k\u00f6nnen.<\/li>\n\n\n\n<li>Einfache Installation in 15 mm Trockenbau oder Gipskarton.&nbsp;<\/li>\n\n\n\n<li>Verleiht einen sauberen, architektonischen Look ohne sichtbare Blenden.&nbsp;<\/li>\n\n\n\n<li>Unterst\u00fctzt durchgehende Verbindungen und Eckverbindungen.<\/li>\n<\/ul>\n<\/div>\n<\/div>\n\n\n\n<div class=\"wp-block-group is-vertical is-layout-flex wp-container-core-group-is-layout-d255d7c4 wp-block-group-is-layout-flex\" style=\"padding-top:var(--wp--preset--spacing--80);padding-bottom:var(--wp--preset--spacing--80)\">\n<hr class=\"wp-block-separator has-alpha-channel-opacity\"\/>\n\n\n\n<div class=\"wp-block-media-text has-media-on-the-right is-stacked-on-mobile\" style=\"grid-template-columns:auto 40%\"><div class=\"wp-block-media-text__content\">\n<h2 class=\"wp-block-heading\" style=\"padding-top:var(--wp--preset--spacing--40);padding-bottom:var(--wp--preset--spacing--40);font-size:25px;font-style:normal;font-weight:600;text-transform:capitalize\">Installationstipps<\/h2>\n\n\n\n<ul class=\"wp-block-list\">\n<li>Befestigen Sie das Profil direkt an der Unterkonstruktion, bevor Sie Trockenbau oder Gipskarton installieren.<\/li>\n\n\n\n<li>Tragen Sie eine Verbindungsschicht oder Gips \u00fcber die Flansche auf und schleifen Sie sie glatt.<\/li>\n\n\n\n<li>Legen Sie Ihren gew\u00e4hlten 12-mm-LED-Streifen hinein und decken Sie ihn mit dem enthaltenen Diffusor ab.<\/li>\n\n\n\n<li>Verwenden Sie LED-Treiber und Dimmer, um die Helligkeit und Farbtemperatur zu \u00e4ndern.<\/li>\n<\/ul>\n<\/div><figure class=\"wp-block-media-text__media\"><img loading=\"lazy\" decoding=\"async\" width=\"500\" height=\"500\" src=\"https:\/\/tangooled.com\/wp-content\/uploads\/2025\/12\/sk10-ins.webp\" alt=\"waist line wall recessed lighting indirect ceiling cove 12mm led strip profile\" class=\"wp-image-42154 size-full\" srcset=\"https:\/\/tangooled.com\/wp-content\/uploads\/2025\/12\/sk10-ins.webp 500w, https:\/\/tangooled.com\/wp-content\/uploads\/2025\/12\/sk10-ins-300x300.webp 300w, https:\/\/tangooled.com\/wp-content\/uploads\/2025\/12\/sk10-ins-150x150.webp 150w\" sizes=\"auto, (max-width: 500px) 100vw, 500px\" \/><\/figure><\/div>\n<\/div>\n\n\n\n<div class=\"wp-block-group has-background is-vertical is-layout-flex wp-container-core-group-is-layout-b429018a wp-block-group-is-layout-flex\" style=\"background-color:#f1f1f1f2;padding-top:var(--wp--preset--spacing--70);padding-bottom:var(--wp--preset--spacing--70)\">\n<h2 class=\"wp-block-heading\" style=\"padding-top:var(--wp--preset--spacing--40);padding-bottom:var(--wp--preset--spacing--40);font-size:25px;font-style:normal;font-weight:600\">So verwenden Sie es: Anwendungsszenarien<\/h2>\n\n\n\n<ul class=\"wp-block-list\">\n<li>Cove lighting for the ceiling: To make a glowing cove light, put this profile where the wall and ceiling meet. This can make the ceiling look like it&#8217;s floating, which makes spaces feel bigger and gentler.<\/li>\n\n\n\n<li>Versenkte Beleuchtung in der Taillenlinie: F\u00fcr farbenfrohe und moderne Akzentbeleuchtung in Fluren oder zur Unterst\u00fctzung der Orientierung in Hotels und B\u00fcros platzieren Sie sie horizontal auf Taillenh\u00f6he.<\/li>\n\n\n\n<li>Beleuchtung auf Sockelleisten- und Fu\u00dfbodenh\u00f6he: Sie k\u00f6nnen es auf Bodenh\u00f6he verwenden, um sanft einen Weg zu beleuchten oder architektonische Merkmale mit einer sanften Linie indirekten LED-Lichts hervorzuheben.<\/li>\n\n\n\n<li>Akzente an der Wand: Verwenden Sie dieses Profil vertikal, um W\u00e4nde zu beleuchten oder architektonische Details ohne Blendung oder harte Bereiche hervorzuheben.<\/li>\n<\/ul>\n<\/div>\n\n\n\n<div class=\"wp-block-group is-vertical is-layout-flex wp-container-core-group-is-layout-d255d7c4 wp-block-group-is-layout-flex\" style=\"padding-top:var(--wp--preset--spacing--80);padding-bottom:var(--wp--preset--spacing--80)\">\n<h2 class=\"wp-block-heading\" style=\"padding-top:var(--wp--preset--spacing--40);padding-bottom:var(--wp--preset--spacing--40);font-size:25px;font-style:normal;font-weight:600;text-transform:capitalize\">\u00c4hnliche Produkte entdecken<\/h2>\n\n\n\n<p>Vielleicht interessieren Sie sich auch f\u00fcr diese anderen Profile f\u00fcr Ihre LED-Projekte:<\/p>\n\n\n\n<ul class=\"wp-block-list\">\n<li><a href=\"https:\/\/tangooled.com\/de\/product\/black-led-diffuser-aluminum-channel-for-12mm-tape-lights\/\"><mark style=\"background-color:rgba(0, 0, 0, 0)\" class=\"has-inline-color has-vivid-red-color\">Schwarzes LED-Diffusor-Aluminiumprofil f\u00fcr 12 mm LED-Band<\/mark><\/a><\/li>\n\n\n\n<li><a href=\"https:\/\/tangooled.com\/de\/product\/18x18mm-led-strip-corner-profile-for-12mm-led-strips\/\"><mark style=\"background-color:rgba(0, 0, 0, 0)\" class=\"has-inline-color has-vivid-red-color\">18x18mm LED-Streifen-Eckprofil f\u00fcr 12mm LED-Streifen<\/mark><\/a><\/li>\n\n\n\n<li><a href=\"https:\/\/tangooled.com\/de\/product\/aluminum-drywall-led-skirting-profile-for-12mm-tape-light\/\"><mark style=\"background-color:rgba(0, 0, 0, 0)\" class=\"has-inline-color has-vivid-red-color\">Aluminium-Drywall LED Sockelleistenprofil f\u00fcr 12 mm Lichtband<\/mark><\/a><\/li>\n\n\n\n<li><a href=\"https:\/\/tangooled.com\/de\/product\/recessed-led-aluminum-profile-up-and-down-lighting-channel-for-cabinet\/\"><mark style=\"background-color:rgba(0, 0, 0, 0)\" class=\"has-inline-color has-vivid-red-color\">Eingebauter LED Aluminiumprofil f\u00fcr oben und unten Beleuchtungskanal f\u00fcr Schr\u00e4nke<\/mark><\/a><\/li>\n<\/ul>\n<\/div>\n\n\n\n<div class=\"wp-block-group has-background\" style=\"background-color:#f1f1f1;padding-top:var(--wp--preset--spacing--80);padding-bottom:var(--wp--preset--spacing--80)\"><div class=\"wp-block-group__inner-container is-layout-constrained wp-block-group-is-layout-constrained\">\n<h2 class=\"wp-block-heading\" style=\"padding-top:var(--wp--preset--spacing--40);padding-right:0;padding-bottom:var(--wp--preset--spacing--40);padding-left:0;font-size:25px;font-style:normal;font-weight:600;text-transform:capitalize\">Zusammenfassung<\/h2>\n\n\n\n<p style=\"padding-right:var(--wp--preset--spacing--50);padding-left:var(--wp--preset--spacing--50)\">Unser wandmontierbares LED-Profil in der Taillenlinie ist der ideale Ansatz, um saubere, glatte, indirekte Decken-Cove-Beleuchtung und Akzentbeleuchtung zu erhalten. Dieses architektonische Aluminiumprofil ist einfach in Trockenbau zu installieren. Es eignet sich f\u00fcr 12-mm-LED-Streifen und erzeugt weiches, punktfreies Licht. Verwenden Sie es an W\u00e4nden, Decken, Sockelleisten oder Nischen, um jedem Raum stilvolles, blendfreies Licht hinzuzuf\u00fcgen.<\/p>\n<\/div><\/div>\n\n\n\n<p><\/p>","protected":false},"featured_media":13688,"template":"","meta":{"_acf_changed":true,"_seopress_robots_primary_cat":"none","_seopress_titles_title":"Waist Line Wall Recessed LED Profile for Indirect Lighting SK10 | TANGOOLED","_seopress_titles_desc":"The SK10 is a versatile waist line wall recessed led profile for 12mm strips. Create seamless horizontal light accents or small ceiling coves with this architectural aluminum channel.","_seopress_robots_index":""},"pcb-width":[228],"product-cat":[198],"class_list":{"0":"post-42118","1":"product","2":"type-product","3":"status-publish","4":"has-post-thumbnail","6":"pcb-width-6-12mm","7":"product-cat-skirting-profile"},"acf":[],"_links":{"self":[{"href":"https:\/\/tangooled.com\/de\/wp-json\/wp\/v2\/product\/42118","targetHints":{"allow":["GET"]}}],"collection":[{"href":"https:\/\/tangooled.com\/de\/wp-json\/wp\/v2\/product"}],"about":[{"href":"https:\/\/tangooled.com\/de\/wp-json\/wp\/v2\/types\/product"}],"wp:featuredmedia":[{"embeddable":true,"href":"https:\/\/tangooled.com\/de\/wp-json\/wp\/v2\/media\/13688"}],"wp:attachment":[{"href":"https:\/\/tangooled.com\/de\/wp-json\/wp\/v2\/media?parent=42118"}],"wp:term":[{"taxonomy":"pcb-width","embeddable":true,"href":"https:\/\/tangooled.com\/de\/wp-json\/wp\/v2\/pcb-width?post=42118"},{"taxonomy":"product-cat","embeddable":true,"href":"https:\/\/tangooled.com\/de\/wp-json\/wp\/v2\/product-cat?post=42118"}],"curies":[{"name":"wp","href":"https:\/\/api.w.org\/{rel}","templated":true}]}}