{"id":42116,"date":"2025-12-16T01:45:06","date_gmt":"2025-12-16T09:45:06","guid":{"rendered":"https:\/\/tangooled.com\/?post_type=product&#038;p=42116"},"modified":"2026-02-02T22:08:49","modified_gmt":"2026-02-03T06:08:49","slug":"low-lighting-led-strip-skirting-board-trim-channel-for-10mm-led-strip","status":"publish","type":"product","link":"https:\/\/tangooled.com\/de\/product\/low-lighting-led-strip-skirting-board-trim-channel-for-10mm-led-strip\/","title":{"rendered":"Niedrigbeleuchtungs-LED-Streifen-Leistenkanal f\u00fcr 10mm LED-Streifen"},"content":{"rendered":"<div class=\"wp-block-group is-vertical is-layout-flex wp-container-core-group-is-layout-d255d7c4 wp-block-group-is-layout-flex\" style=\"padding-top:var(--wp--preset--spacing--80);padding-bottom:var(--wp--preset--spacing--80)\">\n<p>Unser LED-Sockelleisten mit ged\u00e4mpftem Licht funktioniert sowohl mit gefliesten als auch mit Holzfurnierw\u00e4nden. Der Aluminium-LED-Sockelleistenkanal ist unsichtbar an der Stelle, wo die geflieste Wand auf den Boden trifft. Er bietet nicht nur angenehmes Umgebungslicht in kleinen R\u00e4umen, sondern f\u00fcgt sich auch in verschiedene Raumstile ein.\u00a0<\/p>\n\n\n\n<p>This low lighting led skirting channel is 10 mm wide and 70 mm tall. It\u2019s suitable for compact spaces, such as kitchens and bathrooms, where space is relatively small. Its slim size won\u2019t take up too much space.<\/p>\n\n\n\n<p>Das Licht aus diesem LED-Sockelleisten-Profil scheint nach unten und wird durch die B\u00f6gen der Profile auf den Bodenbereich reflektiert, wodurch Blendprobleme vermieden und der Komfort der LED-Beleuchtung der Sockelleiste verbessert wird.<\/p>\n<\/div>\n\n\n\n<div class=\"wp-block-group has-background is-vertical is-layout-flex wp-container-core-group-is-layout-d255d7c4 wp-block-group-is-layout-flex\" style=\"background-color:#f1f1f1;padding-top:var(--wp--preset--spacing--80);padding-bottom:var(--wp--preset--spacing--80)\">\n<div class=\"wp-block-group is-vertical is-layout-flex wp-container-core-group-is-layout-8cf370e7 wp-block-group-is-layout-flex\">\n<h2 class=\"wp-block-heading\" style=\"padding-top:var(--wp--preset--spacing--40);padding-bottom:var(--wp--preset--spacing--40);font-size:25px;font-style:normal;font-weight:600;text-transform:capitalize\">Warum unsere LED-Sockelleiste mit ged\u00e4mpftem Licht w\u00e4hlen?<\/h2>\n\n\n\n<ul class=\"wp-block-list\">\n<li>Passt gut zu 10mm LED-Streifen, sodass Sie ein sauberes Design ohne sichtbare Lichter oder Kabel haben k\u00f6nnen.<\/li>\n\n\n\n<li>Hergestellt aus robustem 6063-T5-Aluminiumlegierung, die Ihre LED-Streifen k\u00fchl und sicher h\u00e4lt.<\/li>\n\n\n\n<li>Er hat eine satinierte Diffusorabdeckung, die das Licht sanft und gleichm\u00e4\u00dfig macht, sodass es keine scharfen Stellen oder Blendung gibt.<\/li>\n\n\n\n<li>F\u00fcr die Installation in einer eingelassenen oder verputzten Weise gemacht, sodass es perfekt zu Ihren W\u00e4nden oder Sockelleisten passt und so einen ordentlichen Look erzeugt.<\/li>\n\n\n\n<li>Erh\u00e4ltlich in silber, wei\u00df und schwarz beschichtet, um das Design Ihres Raumes zu erg\u00e4nzen.\u00a0<\/li>\n\n\n\n<li>Sie k\u00f6nnen ihn leicht auf jede ben\u00f6tigte L\u00e4nge zuschneiden.<\/li>\n<\/ul>\n<\/div>\n<\/div>\n\n\n\n<div class=\"wp-block-group is-vertical is-layout-flex wp-container-core-group-is-layout-d255d7c4 wp-block-group-is-layout-flex\" style=\"padding-top:var(--wp--preset--spacing--80);padding-bottom:var(--wp--preset--spacing--80)\">\n<hr class=\"wp-block-separator has-alpha-channel-opacity\"\/>\n\n\n\n<div class=\"wp-block-media-text has-media-on-the-right is-stacked-on-mobile\" style=\"grid-template-columns:auto 40%\"><div class=\"wp-block-media-text__content\">\n<h2 class=\"wp-block-heading\" style=\"padding-top:var(--wp--preset--spacing--40);padding-bottom:var(--wp--preset--spacing--40);font-size:25px;font-style:normal;font-weight:600;text-transform:capitalize\">Schritte zur Installation<\/h2>\n\n\n\n<ul class=\"wp-block-list\">\n<li>Schneiden Sie den Kanal und die Diffusorabdeckung auf die L\u00e4nge Ihrer Sockelleiste.<\/li>\n\n\n\n<li>Set the aluminum\u00a0profile back into drywall, plasterboard, or already-installed skirting trimmings.<\/li>\n\n\n\n<li>Um die Wand sauber und b\u00fcndig aussehen zu lassen, decken Sie die Montageschwingen mit Putz ab.<\/li>\n\n\n\n<li>Legen Sie Ihren 10 mm LED-Streifen in den Kanal.<\/li>\n\n\n\n<li>Um das Licht weicher zu machen, klicken Sie die Diffusorabdeckung auf den Kanal.<\/li>\n\n\n\n<li>Stecken Sie es ein und genie\u00dfen Sie Ihr neues Umgebungslicht.<\/li>\n<\/ul>\n<\/div><figure class=\"wp-block-media-text__media\"><img loading=\"lazy\" decoding=\"async\" width=\"500\" height=\"500\" src=\"https:\/\/tangooled.com\/wp-content\/uploads\/2025\/12\/sk09-ins.webp\" alt=\"low lighting led strip skirting board trim channel for 10mm led strip\" class=\"wp-image-42153 size-full\" srcset=\"https:\/\/tangooled.com\/wp-content\/uploads\/2025\/12\/sk09-ins.webp 500w, https:\/\/tangooled.com\/wp-content\/uploads\/2025\/12\/sk09-ins-300x300.webp 300w, https:\/\/tangooled.com\/wp-content\/uploads\/2025\/12\/sk09-ins-150x150.webp 150w\" sizes=\"auto, (max-width: 500px) 100vw, 500px\" \/><\/figure><\/div>\n<\/div>\n\n\n\n<div class=\"wp-block-group has-background is-vertical is-layout-flex wp-container-core-group-is-layout-b429018a wp-block-group-is-layout-flex\" style=\"background-color:#f1f1f1f2;padding-top:var(--wp--preset--spacing--70);padding-bottom:var(--wp--preset--spacing--70)\">\n<h2 class=\"wp-block-heading\" style=\"padding-top:var(--wp--preset--spacing--40);padding-bottom:var(--wp--preset--spacing--40);font-size:25px;font-style:normal;font-weight:600\">Wo verwenden?<\/h2>\n\n\n\n<p>Unser LED-Sockelleisten trim Kanal mit ged\u00e4mpftem Licht eignet sich hervorragend f\u00fcr viele R\u00e4ume:<\/p>\n\n\n\n<ul class=\"wp-block-list\">\n<li>Flure und Korridore: Sanfte Sockelleisten-LED-Beleuchtung macht das Gehen bei Nacht sicher und stilvoll.<\/li>\n\n\n\n<li>Wohnzimmer und Schlafzimmer: Verwenden Sie Stimmungslicht, das entlang Ihrer W\u00e4nde verl\u00e4uft, um den Raum warm und einladend erscheinen zu lassen.<\/li>\n\n\n\n<li>Heimkinos und Kinos: Verwenden Sie theatrale Gangbeleuchtungseffekte, um Ihrem Mediensaal ein sanftes, ambient Licht zu verleihen.<\/li>\n\n\n\n<li>B\u00fcros und Gesch\u00e4fte: Verwenden Sie schlanke architektonische LED-Profile, um Menschen zu leiten und den Raum besser aussehen zu lassen.<\/li>\n<\/ul>\n<\/div>\n\n\n\n<div class=\"wp-block-group is-vertical is-layout-flex wp-container-core-group-is-layout-d255d7c4 wp-block-group-is-layout-flex\" style=\"padding-top:var(--wp--preset--spacing--80);padding-bottom:var(--wp--preset--spacing--80)\">\n<h2 class=\"wp-block-heading\" style=\"padding-top:var(--wp--preset--spacing--40);padding-bottom:var(--wp--preset--spacing--40);font-size:25px;font-style:normal;font-weight:600;text-transform:capitalize\">Verwandte Produkte, die Ihnen gefallen k\u00f6nnten<\/h2>\n\n\n\n<ul class=\"wp-block-list\">\n<li><a href=\"https:\/\/tangooled.com\/de\/product\/black-led-profile-with-black-diffuser-for-10mm-led-strip-light\/\"><mark style=\"background-color:rgba(0, 0, 0, 0)\" class=\"has-inline-color has-vivid-red-color\">Schwarzes LED-Profil mit schwarzem Diffusor f\u00fcr 10mm LED-Streifen<\/mark><\/a> \u2014 For a sleek, modern black aluminum finish with excellent light control.<\/li>\n\n\n\n<li><a href=\"https:\/\/tangooled.com\/de\/product\/led-light-diffuser-channel-aluminum-15x12mm-for-10mm-led-strips\/\"><mark style=\"background-color:rgba(0, 0, 0, 0)\" class=\"has-inline-color has-vivid-red-color\">LED-Licht-Diffusor-Kanal Aluminium 15x12mm f\u00fcr 10mm LED-Streifen<\/mark><\/a> \u2014 Extra sturdy profiles with great diffusion for 10mm LEDs.<\/li>\n\n\n\n<li><a href=\"https:\/\/tangooled.com\/de\/product\/25x6mm-low-profile-led-strip-channel-for-10mm-led-strip-light\/\"><mark style=\"background-color:rgba(0, 0, 0, 0)\" class=\"has-inline-color has-vivid-red-color\">25x6mm flaches LED-Streifenprofil f\u00fcr 10-mm-LED-Streifen <\/mark><\/a>\u2014 Ideal for slim spaces needing hidden LED lighting.<\/li>\n\n\n\n<li><a href=\"https:\/\/tangooled.com\/de\/product\/surface-mount-led-profile-with-frosted-diffuser-for-10mm-rope-lights\/\"><mark style=\"background-color:rgba(0, 0, 0, 0)\" class=\"has-inline-color has-vivid-red-color\">Oberfl\u00e4chenmontage-LED-Profil mit mattem Diffusor f\u00fcr 10mm Seillichter<\/mark><\/a> \u2014 Perfect for surface installations with soft light spread.<\/li>\n\n\n\n<li><a href=\"https:\/\/tangooled.com\/de\/product\/recessed-led-baseboard-molding-for-5mm-strip-lighting\/\"><mark style=\"background-color:rgba(0, 0, 0, 0)\" class=\"has-inline-color has-vivid-red-color\">Eingelassenes LED-Sockelleisten-Molding f\u00fcr 5mm Streifenbeleuchtung<\/mark><\/a> \u2014 A complementary choice for smaller, narrow LED strips.<\/li>\n<\/ul>\n<\/div>\n\n\n\n<p><\/p>","protected":false},"featured_media":13657,"template":"","meta":{"_acf_changed":true,"_seopress_robots_primary_cat":"none","_seopress_titles_title":"Low Lighting LED Skirting Board Trim Channel SK09 | TANGOOLED","_seopress_titles_desc":"The SK09 is a professional low lighting led skirting board optimized for 10mm strips. Create a soft, atmospheric glow at floor level with this durable aluminum trim channel.","_seopress_robots_index":""},"pcb-width":[228],"product-cat":[198],"class_list":{"0":"post-42116","1":"product","2":"type-product","3":"status-publish","4":"has-post-thumbnail","6":"pcb-width-6-12mm","7":"product-cat-skirting-profile"},"acf":[],"_links":{"self":[{"href":"https:\/\/tangooled.com\/de\/wp-json\/wp\/v2\/product\/42116","targetHints":{"allow":["GET"]}}],"collection":[{"href":"https:\/\/tangooled.com\/de\/wp-json\/wp\/v2\/product"}],"about":[{"href":"https:\/\/tangooled.com\/de\/wp-json\/wp\/v2\/types\/product"}],"wp:featuredmedia":[{"embeddable":true,"href":"https:\/\/tangooled.com\/de\/wp-json\/wp\/v2\/media\/13657"}],"wp:attachment":[{"href":"https:\/\/tangooled.com\/de\/wp-json\/wp\/v2\/media?parent=42116"}],"wp:term":[{"taxonomy":"pcb-width","embeddable":true,"href":"https:\/\/tangooled.com\/de\/wp-json\/wp\/v2\/pcb-width?post=42116"},{"taxonomy":"product-cat","embeddable":true,"href":"https:\/\/tangooled.com\/de\/wp-json\/wp\/v2\/product-cat?post=42116"}],"curies":[{"name":"wp","href":"https:\/\/api.w.org\/{rel}","templated":true}]}}