{"id":42114,"date":"2025-12-16T01:39:52","date_gmt":"2025-12-16T09:39:52","guid":{"rendered":"https:\/\/tangooled.com\/?post_type=product&#038;p=42114"},"modified":"2026-02-02T22:08:31","modified_gmt":"2026-02-03T06:08:31","slug":"recessed-led-baseboard-molding-for-5mm-strip-lighting","status":"publish","type":"product","link":"https:\/\/tangooled.com\/de\/product\/recessed-led-baseboard-molding-for-5mm-strip-lighting\/","title":{"rendered":"Eingelassene LED-Fu\u00dfleisten f\u00fcr 5mm Streifenbeleuchtung"},"content":{"rendered":"<div class=\"wp-block-group is-vertical is-layout-flex wp-container-core-group-is-layout-d255d7c4 wp-block-group-is-layout-flex\" style=\"padding-top:var(--wp--preset--spacing--80);padding-bottom:var(--wp--preset--spacing--80)\">\n<p>Diese eingebaute LED-Bodenleiste ist ein d\u00fcnner Kanal aus starkem Aluminiumlegierung. Sie eignet sich hervorragend zur Beleuchtung des Fu\u00dfbodens. Das Design ist so konzipiert, dass es LED-Streifenlicht mit einer Breite von 5 mm sicher h\u00e4lt. Es gibt kein grelles Licht, da der mattierte Diffusor das Licht gleichm\u00e4\u00dfig, sanft und frei von spots h\u00e4lt.<\/p>\n\n\n\n<p>Dieser Fu\u00dfleistenkanal ist nur 10 mm breit und 40 mm hoch, sodass er in kleinen Bereichen wie K\u00fcchen und B\u00e4dern passt, ohne zu viel Platz einzunehmen. Er kann ohne Verkleidung installiert werden, wo die Wand den Boden trifft, was bedeutet, dass er sowohl mit Holzfurnier als auch mit gefliesten W\u00e4nden funktioniert. Die Form f\u00fcgt sich harmonisch in die Umgebung ein, ohne sichtbare Halterungen oder Kanten, was ihm ein sauberes, modernes Aussehen verleiht.<\/p>\n<\/div>\n\n\n\n<div class=\"wp-block-group has-background is-vertical is-layout-flex wp-container-core-group-is-layout-d255d7c4 wp-block-group-is-layout-flex\" style=\"background-color:#f1f1f1;padding-top:var(--wp--preset--spacing--80);padding-bottom:var(--wp--preset--spacing--80)\">\n<div class=\"wp-block-group is-vertical is-layout-flex wp-container-core-group-is-layout-8cf370e7 wp-block-group-is-layout-flex\">\n<h2 class=\"wp-block-heading\" style=\"padding-top:var(--wp--preset--spacing--40);padding-bottom:var(--wp--preset--spacing--40);font-size:25px;font-style:normal;font-weight:600;text-transform:capitalize\">Hauptmerkmale &amp; Vorteile<\/h2>\n\n\n\n<ul class=\"wp-block-list\">\n<li>Fl\u00e4chenmontage-Design: Die eingebaute Leiste liegt b\u00fcndig mit Ihrer Wand f\u00fcr ein ordentliches Aussehen.\u00a0<\/li>\n\n\n\n<li>Funktioniert mit 5mm LED-Streifenlichtern: H\u00e4lt schmale LED-Streifen an Ort und Stelle, ohne L\u00fccken oder Bewegung.<\/li>\n\n\n\n<li>Gleichm\u00e4\u00dfiges und punktfreies Licht: Die mattierte Diffusorlinse sorgt daf\u00fcr, dass das Licht weicher ist, sodass es gleichm\u00e4\u00dfig leuchtet.<\/li>\n\n\n\n<li>Hergestellt aus starkem Aluminium: Sch\u00fctzt LED-Streifen und fungiert als W\u00e4rmeableiter, um ihre Lebensdauer zu verl\u00e4ngern.<\/li>\n\n\n\n<li>Verschiedene Oberfl\u00e4chen: Sie erhalten es in eloxiertem Silber, pulverbeschichtetem Schwarz oder lackierbarem Wei\u00df.<\/li>\n\n\n\n<li>Geeignet f\u00fcr Neubauten und Renovierungen: kann einfach in Trockenbau oder Putz installiert werden.<\/li>\n<\/ul>\n<\/div>\n<\/div>\n\n\n\n<div class=\"wp-block-group\" style=\"padding-top:var(--wp--preset--spacing--60);padding-bottom:var(--wp--preset--spacing--60)\"><div class=\"wp-block-group__inner-container is-layout-constrained wp-block-group-is-layout-constrained\">\n<div class=\"wp-block-media-text has-media-on-the-right is-stacked-on-mobile\" style=\"grid-template-columns:auto 40%\"><div class=\"wp-block-media-text__content\">\n<h2 class=\"wp-block-heading\" style=\"padding-top:var(--wp--preset--spacing--40);padding-bottom:var(--wp--preset--spacing--40);font-size:25px;font-style:normal;font-weight:600;text-transform:capitalize\">Wie man die eingebaute LED-Bodenleiste installiert<\/h2>\n\n\n\n<ul class=\"wp-block-list\">\n<li>Schneiden Sie eine \u00d6ffnung in den Trockenbau oder Putz, wo die Leiste angebracht werden soll.<\/li>\n\n\n\n<li>Setzen Sie die Aluminiumleiste ein, sodass sie b\u00fcndig mit der Wand abschlie\u00dft.<\/li>\n\n\n\n<li>Legen Sie Ihren 5mm LED-Streifen in den Kanal.<\/li>\n\n\n\n<li>Setzen Sie den mattierten Diffusor auf und schlie\u00dfen Sie die Profilenden mit Endkappen. <\/li>\n\n\n\n<li>Um es wie ein St\u00fcck aussehen zu lassen, verputzen oder streichen Sie um die Leiste herum.<\/li>\n\n\n\n<li>Schlie\u00dfen Sie an einen LED-Treiber an, der mit 12V oder 24V l\u00e4uft (separat erh\u00e4ltlich).<\/li>\n<\/ul>\n<\/div><figure class=\"wp-block-media-text__media\"><img loading=\"lazy\" decoding=\"async\" width=\"500\" height=\"500\" src=\"https:\/\/tangooled.com\/wp-content\/uploads\/2025\/12\/sk08-ins.webp\" alt=\"recessed led baseboard molding for 5mm strip lighting\" class=\"wp-image-42152 size-full\" srcset=\"https:\/\/tangooled.com\/wp-content\/uploads\/2025\/12\/sk08-ins.webp 500w, https:\/\/tangooled.com\/wp-content\/uploads\/2025\/12\/sk08-ins-300x300.webp 300w, https:\/\/tangooled.com\/wp-content\/uploads\/2025\/12\/sk08-ins-150x150.webp 150w\" sizes=\"auto, (max-width: 500px) 100vw, 500px\" \/><\/figure><\/div>\n<\/div><\/div>\n\n\n\n<div class=\"wp-block-group has-background is-vertical is-layout-flex wp-container-core-group-is-layout-b429018a wp-block-group-is-layout-flex\" style=\"background-color:#f1f1f1f2;padding-top:var(--wp--preset--spacing--70);padding-bottom:var(--wp--preset--spacing--70)\">\n<h2 class=\"wp-block-heading\" style=\"padding-top:var(--wp--preset--spacing--40);padding-bottom:var(--wp--preset--spacing--40);font-size:25px;font-style:normal;font-weight:600\">Wo kann es verwendet werden?<\/h2>\n\n\n\n<p>Unsere eingebaute LED-Bodenleiste eignet sich hervorragend f\u00fcr:<\/p>\n\n\n\n<ul class=\"wp-block-list\">\n<li>Flure und Korridore: Modernes Aussehen und sichere Nachtbeleuchtung.<\/li>\n\n\n\n<li>Wohnzimmer und Schlafzimmer: F\u00fcgt dem Boden einen warmen Glanz hinzu, der den Raum einladend wirken l\u00e4sst.<\/li>\n\n\n\n<li>K\u00fcchen und Badezimmer: Die Beleuchtung unter der Schrankkante ist eine saubere und stilvolle M\u00f6glichkeit, Aufgaben zu beleuchten.<\/li>\n\n\n\n<li>Gewerbliche R\u00e4ume: Hotels, Restaurants und Arbeitspl\u00e4tze sch\u00e4tzen die indirekte Beleuchtung, die so elegant ist.<\/li>\n<\/ul>\n<\/div>\n\n\n\n<div class=\"wp-block-group is-vertical is-layout-flex wp-container-core-group-is-layout-d255d7c4 wp-block-group-is-layout-flex\" style=\"padding-top:var(--wp--preset--spacing--80);padding-bottom:var(--wp--preset--spacing--80)\">\n<h2 class=\"wp-block-heading\" style=\"padding-top:var(--wp--preset--spacing--40);padding-bottom:var(--wp--preset--spacing--40);font-size:25px;font-style:normal;font-weight:600;text-transform:capitalize\">Verwandte Produkte<\/h2>\n\n\n\n<ul class=\"wp-block-list\">\n<li>Entdecken Sie das<a href=\"https:\/\/tangooled.com\/de\/product\/8x9mm-led-profile-aluminum-channel-rigid-bar-for-5mm-led-strips\/\"><mark style=\"background-color:rgba(0, 0, 0, 0)\" class=\"has-inline-color has-vivid-red-color\"> 8x9mm LED-Profil Aluminiumkanal f\u00fcr 5mm LED-Streifen<\/mark><\/a> f\u00fcr alternative Kanaldesigns.<\/li>\n\n\n\n<li>Suchen Sie nach weiteren Beleuchtungskan\u00e4len? Probieren Sie das <a href=\"https:\/\/tangooled.com\/de\/product\/recessed-aluminum-profile-17x8mm-for-led-strip-lighting\/\"><mark style=\"background-color:rgba(0, 0, 0, 0)\" class=\"has-inline-color has-vivid-red-color\">Eingebautes LED-Aluprofil 17x8mm f\u00fcr LED-Streifenbeleuchtung<\/mark> <\/a>f\u00fcr unterschiedliche Gr\u00f6\u00dfen.<\/li>\n\n\n\n<li>Brauchen Sie einen Diffusor f\u00fcr breitere Streifen? \u00dcberpr\u00fcfen Sie <mark style=\"background-color:rgba(0, 0, 0, 0)\" class=\"has-inline-color has-vivid-red-color\"><a href=\"https:\/\/tangooled.com\/de\/product\/black-led-diffuser-aluminum-channel-for-12mm-tape-lights\/\">Schwarzes LED-Diffusor-Aluminiumprofil f\u00fcr 12 mm LED-Band<\/a><\/mark><mark style=\"background-color:rgba(0, 0, 0, 0)\" class=\"has-inline-color has-black-color\">.<\/mark><\/li>\n<\/ul>\n<\/div>\n\n\n\n<div class=\"wp-block-group has-background\" style=\"background-color:#f1f1f1;padding-top:var(--wp--preset--spacing--80);padding-bottom:var(--wp--preset--spacing--80)\"><div class=\"wp-block-group__inner-container is-layout-constrained wp-block-group-is-layout-constrained\">\n<h2 class=\"wp-block-heading\" style=\"padding-top:var(--wp--preset--spacing--40);padding-right:0;padding-bottom:var(--wp--preset--spacing--40);padding-left:0;font-size:25px;font-style:normal;font-weight:600;text-transform:capitalize\">Zusammenfassung<\/h2>\n\n\n\n<p style=\"padding-right:var(--wp--preset--spacing--50);padding-left:var(--wp--preset--spacing--50)\">Unsere eingebaute LED-Bodenleiste f\u00fcr 5mm Streifenbeleuchtung f\u00fcgt stilvolle, diskrete Beleuchtung zu modernen H\u00e4usern und Unternehmen hinzu. Sie sorgt f\u00fcr wundersch\u00f6nes, gleichm\u00e4\u00dfiges Licht entlang von W\u00e4nden und B\u00f6den mit ihrer starken Aluminium-Bodenleiste, b\u00fcndigen Bauweise und mattierten Diffusorlinse. Sie bietet Sicherheit und Stil f\u00fcr Flure, K\u00fcchen, Wohnr\u00e4ume und B\u00fcros.<\/p>\n<\/div><\/div>\n\n\n\n<p><\/p>","protected":false},"featured_media":13655,"template":"","meta":{"_acf_changed":true,"_seopress_robots_primary_cat":"none","_seopress_titles_title":"Recessed LED Baseboard Molding for 5mm Strip SK08 | TANGOOLED","_seopress_titles_desc":"The SK08 is a premium recessed led baseboard molding specifically designed for ultra-narrow 5mm strips. Create a subtle, minimalist glowing line at the floor level with this slim aluminum profile.","_seopress_robots_index":""},"pcb-width":[228],"product-cat":[198],"class_list":{"0":"post-42114","1":"product","2":"type-product","3":"status-publish","4":"has-post-thumbnail","6":"pcb-width-6-12mm","7":"product-cat-skirting-profile"},"acf":[],"_links":{"self":[{"href":"https:\/\/tangooled.com\/de\/wp-json\/wp\/v2\/product\/42114","targetHints":{"allow":["GET"]}}],"collection":[{"href":"https:\/\/tangooled.com\/de\/wp-json\/wp\/v2\/product"}],"about":[{"href":"https:\/\/tangooled.com\/de\/wp-json\/wp\/v2\/types\/product"}],"wp:featuredmedia":[{"embeddable":true,"href":"https:\/\/tangooled.com\/de\/wp-json\/wp\/v2\/media\/13655"}],"wp:attachment":[{"href":"https:\/\/tangooled.com\/de\/wp-json\/wp\/v2\/media?parent=42114"}],"wp:term":[{"taxonomy":"pcb-width","embeddable":true,"href":"https:\/\/tangooled.com\/de\/wp-json\/wp\/v2\/pcb-width?post=42114"},{"taxonomy":"product-cat","embeddable":true,"href":"https:\/\/tangooled.com\/de\/wp-json\/wp\/v2\/product-cat?post=42114"}],"curies":[{"name":"wp","href":"https:\/\/api.w.org\/{rel}","templated":true}]}}