{"id":42112,"date":"2025-12-16T01:34:52","date_gmt":"2025-12-16T09:34:52","guid":{"rendered":"https:\/\/tangooled.com\/?post_type=product&#038;p=42112"},"modified":"2026-02-02T22:08:15","modified_gmt":"2026-02-03T06:08:15","slug":"aluminum-drywall-led-skirting-profile-for-12mm-tape-light","status":"publish","type":"product","link":"https:\/\/tangooled.com\/de\/product\/aluminum-drywall-led-skirting-profile-for-12mm-tape-light\/","title":{"rendered":"Aluminium Trockenbau LED Sockelleiste f\u00fcr 12mm Lichtband"},"content":{"rendered":"<div class=\"wp-block-group is-vertical is-layout-flex wp-container-core-group-is-layout-d255d7c4 wp-block-group-is-layout-flex\" style=\"padding-top:var(--wp--preset--spacing--80);padding-bottom:var(--wp--preset--spacing--80)\">\n<p>Dieses Aluminium Trockenbau LED Sockelleistenprofil f\u00fcr 12mm Lichtband ist ein einfaches, hochflexibles Verkleidungselement, das perfekt ist, um saubere, versteckte Akzentbeleuchtung zu erstellen. Hergestellt aus starkem Aluminium, bietet es Ihnen einen langlebigen, minimalistischen Look, um \u00fcberall dort gerade Lichtlinien zu erzeugen, wo Sie m\u00f6chten. Im Gegensatz zu vielen anderen Profilen ist dieses Design bewusst diffuserfrei gehalten, um die Struktur einfach zu halten, damit Sie das direkteste Licht aus Ihrem LED-Streifen erhalten.<\/p>\n\n\n\n<p>Dieser Kanal kann einfach in Trockenbau oder Gipskarton eingebettet werden, entweder als moderne LED Sockelleiste nahe dem Boden oder als dezentes Wandprofil, wenn es h\u00f6her an der Wand installiert wird. Sein Design konzentriert sich auf die Platzierung in der unteren bis mittleren Wandh\u00f6he, um sauberes, indirektes Licht zu liefern, ohne dass es an hohen Wand- oder Decken\u00fcberg\u00e4ngen endet.<\/p>\n\n\n\n<p>Since it&#8217;s designed to be trimless, the whole profile hides completely inside the wall. This provides an incredibly clean and modern finish, with no visible aluminum edges once installation and plastering are complete. The channel is compatible with a range of common strip light widths, fitting LED tapes that are 8 mm, 10 mm, and up to 12 mm wide, ensuring broad flexibility in your choice of lighting.<\/p>\n<\/div>\n\n\n\n<div class=\"wp-block-group has-background is-vertical is-layout-flex wp-container-core-group-is-layout-d255d7c4 wp-block-group-is-layout-flex\" style=\"background-color:#f1f1f1;padding-top:var(--wp--preset--spacing--80);padding-bottom:var(--wp--preset--spacing--80)\">\n<div class=\"wp-block-group is-vertical is-layout-flex wp-container-core-group-is-layout-8cf370e7 wp-block-group-is-layout-flex\">\n<h2 class=\"wp-block-heading\" style=\"padding-top:var(--wp--preset--spacing--40);padding-bottom:var(--wp--preset--spacing--40);font-size:25px;font-style:normal;font-weight:600;text-transform:capitalize\">Warum unser Trockenbau LED Sockelleistenprofil w\u00e4hlen<\/h2>\n\n\n\n<ul class=\"wp-block-list\">\n<li>Fugenloses, trimmloses Finish: Dieses Profil geht direkt in Ihren Trockenbau. Sie verputzen dar\u00fcber, ohne L\u00fccken oder N\u00e4hte.<\/li>\n\n\n\n<li>Robuste Aluminiumkonstruktion: Hergestellt aus hochwertigem anodisiertem Aluminium 6063-T5, k\u00fchlt es Ihre LED-Streifen, damit diese l\u00e4nger halten.<\/li>\n\n\n\n<li>Geeignet f\u00fcr 12mm breite LED Lichtb\u00e4nder: Perfekte Gr\u00f6\u00dfe f\u00fcr die meisten LED-Streifen auf dem Markt.<\/li>\n\n\n\n<li>Vielseitige Verwendung: Ideal f\u00fcr Flure, Treppen, Wohnr\u00e4ume, Hotels, Gesch\u00e4fte oder B\u00fcros.<\/li>\n<\/ul>\n<\/div>\n<\/div>\n\n\n\n<div class=\"wp-block-group\" style=\"padding-top:var(--wp--preset--spacing--60);padding-bottom:var(--wp--preset--spacing--60)\"><div class=\"wp-block-group__inner-container is-layout-constrained wp-block-group-is-layout-constrained\">\n<div class=\"wp-block-media-text has-media-on-the-right is-stacked-on-mobile\" style=\"grid-template-columns:auto 40%\"><div class=\"wp-block-media-text__content\">\n<h2 class=\"wp-block-heading\" style=\"padding-top:var(--wp--preset--spacing--40);padding-bottom:var(--wp--preset--spacing--40);font-size:25px;font-style:normal;font-weight:600;text-transform:capitalize\">Einfache Schritte zur Installation<\/h2>\n\n\n\n<ul class=\"wp-block-list\">\n<li>Schrauben Sie den Aluminiumkanal an Ihren Trockenbau oder Holzst\u00e4nder.<\/li>\n\n\n\n<li>Bedecken Sie die Flansche mit Putz oder Trockenbaum\u00f6rtel.<\/li>\n\n\n\n<li>Schleifen Sie es glatt und streichen Sie Ihre Wand.<\/li>\n\n\n\n<li>Kleben Sie Ihr 12mm LED Lichtband hinein.<\/li>\n\n\n\n<li>Stecken Sie den LED-Streifen in ein Niederspannungsnetzteil.<\/li>\n<\/ul>\n<\/div><figure class=\"wp-block-media-text__media\"><img loading=\"lazy\" decoding=\"async\" width=\"500\" height=\"500\" src=\"https:\/\/tangooled.com\/wp-content\/uploads\/2025\/12\/sk07-ins.webp\" alt=\"aluminum drywall led skirting profile for 12mm tape light\" class=\"wp-image-42147 size-full\" srcset=\"https:\/\/tangooled.com\/wp-content\/uploads\/2025\/12\/sk07-ins.webp 500w, https:\/\/tangooled.com\/wp-content\/uploads\/2025\/12\/sk07-ins-300x300.webp 300w, https:\/\/tangooled.com\/wp-content\/uploads\/2025\/12\/sk07-ins-150x150.webp 150w\" sizes=\"auto, (max-width: 500px) 100vw, 500px\" \/><\/figure><\/div>\n<\/div><\/div>\n\n\n\n<div class=\"wp-block-group has-background is-vertical is-layout-flex wp-container-core-group-is-layout-b429018a wp-block-group-is-layout-flex\" style=\"background-color:#f1f1f1f2;padding-top:var(--wp--preset--spacing--70);padding-bottom:var(--wp--preset--spacing--70)\">\n<h2 class=\"wp-block-heading\" style=\"padding-top:var(--wp--preset--spacing--40);padding-bottom:var(--wp--preset--spacing--40);font-size:25px;font-style:normal;font-weight:600\">Ideal f\u00fcr viele Orte<\/h2>\n\n\n\n<p>Diese Aluminium LED Sockelleiste kann in vielen verschiedenen R\u00e4umen und Bereichen verwendet werden:<\/p>\n\n\n\n<ul class=\"wp-block-list\">\n<li>Zuhause: Wohnzimmer, Treppen und Flure<\/li>\n\n\n\n<li>Hotels: Lobbys, Flure und G\u00e4stezimmer<\/li>\n\n\n\n<li>Gesch\u00e4fte: Akzentbeleuchtung zur Hervorhebung von W\u00e4nden<\/li>\n\n\n\n<li>B\u00fcros: Unter Schreibtischen oder entlang von Wegen f\u00fcr sanfte Beleuchtung.<\/li>\n\n\n\n<li>Krankenh\u00e4user und Kinos: Sichere, blendfreie Beleuchtung<\/li>\n<\/ul>\n<\/div>\n\n\n\n<div class=\"wp-block-group\" style=\"padding-top:var(--wp--preset--spacing--80);padding-bottom:var(--wp--preset--spacing--80)\"><div class=\"wp-block-group__inner-container is-layout-constrained wp-block-group-is-layout-constrained\">\n<h2 class=\"wp-block-heading\" style=\"padding-top:var(--wp--preset--spacing--40);padding-bottom:var(--wp--preset--spacing--40);font-size:25px;font-style:normal;font-weight:600;text-transform:capitalize\">Verwandte Produkte, die Ihnen gefallen k\u00f6nnten<\/h2>\n\n\n\n<ul class=\"wp-block-list\">\n<li>Black LED diffuser aluminum channel for 12mm tape lights \u2014 <a href=\"https:\/\/tangooled.com\/de\/product\/black-led-diffuser-aluminum-channel-for-12mm-tape-lights\/\"><mark style=\"background-color:rgba(0, 0, 0, 0)\" class=\"has-inline-color has-vivid-red-color\">Produkt anzeigen<\/mark><\/a><\/li>\n\n\n\n<li>Surface mount LED profile with frosted diffuser for 10mm rope lights \u2014 <a href=\"https:\/\/tangooled.com\/de\/product\/surface-mount-led-profile-with-frosted-diffuser-for-10mm-rope-lights\/\"><mark style=\"background-color:rgba(0, 0, 0, 0)\" class=\"has-inline-color has-vivid-red-color\">Produkt anzeigen<\/mark><\/a><\/li>\n\n\n\n<li>18mm flexible LED profile for 12mm LED strips \u2014 <a href=\"https:\/\/tangooled.com\/de\/product\/18mm-flexible-led-profile-for-12mm-led-strips\/\"><mark style=\"background-color:rgba(0, 0, 0, 0)\" class=\"has-inline-color has-vivid-red-color\">Produkt anzeigen<\/mark><\/a><\/li>\n<\/ul>\n<\/div><\/div>\n\n\n\n<div class=\"wp-block-group has-background\" style=\"background-color:#f1f1f1;padding-top:var(--wp--preset--spacing--80);padding-bottom:var(--wp--preset--spacing--80)\"><div class=\"wp-block-group__inner-container is-layout-constrained wp-block-group-is-layout-constrained\">\n<h2 class=\"wp-block-heading\" style=\"padding-top:var(--wp--preset--spacing--40);padding-right:0;padding-bottom:var(--wp--preset--spacing--40);padding-left:0;font-size:25px;font-style:normal;font-weight:600;text-transform:capitalize\">Zusammenfassung<\/h2>\n\n\n\n<p style=\"padding-right:var(--wp--preset--spacing--50);padding-left:var(--wp--preset--spacing--50)\">Das Aluminium Trockenbau LED Sockelleistenprofil f\u00fcr 12mm Lichtband ist eine clevere M\u00f6glichkeit, indirekte Beleuchtung an Ihren W\u00e4nden zu installieren, die sauber und glatt ist. Es funktioniert gut mit 12mm LED Lichtstreifen und integriert sich in Ihren Trockenbau f\u00fcr ein sauberes Aussehen. Verwenden Sie es in Wohnh\u00e4usern, Unternehmen, Hotels oder im Einzelhandel, um stilvolle, moderne Beleuchtung hinzuzuf\u00fcgen, die perfekt passt.<\/p>\n<\/div><\/div>\n\n\n\n<p><\/p>","protected":false},"featured_media":13653,"template":"","meta":{"_acf_changed":true,"_seopress_robots_primary_cat":"none","_seopress_titles_title":"Aluminum Drywall LED Skirting Profile for 12mm Tape Light SK07 | TANGOOLED","_seopress_titles_desc":"The SK07 is a durable aluminum drywall led skirting profile optimized for 12mm tape lights. Achieve a clean, integrated linear light finish in plasterboard walls with this recessed baseboard.","_seopress_robots_index":""},"pcb-width":[228],"product-cat":[198],"class_list":{"0":"post-42112","1":"product","2":"type-product","3":"status-publish","4":"has-post-thumbnail","6":"pcb-width-6-12mm","7":"product-cat-skirting-profile"},"acf":[],"_links":{"self":[{"href":"https:\/\/tangooled.com\/de\/wp-json\/wp\/v2\/product\/42112","targetHints":{"allow":["GET"]}}],"collection":[{"href":"https:\/\/tangooled.com\/de\/wp-json\/wp\/v2\/product"}],"about":[{"href":"https:\/\/tangooled.com\/de\/wp-json\/wp\/v2\/types\/product"}],"wp:featuredmedia":[{"embeddable":true,"href":"https:\/\/tangooled.com\/de\/wp-json\/wp\/v2\/media\/13653"}],"wp:attachment":[{"href":"https:\/\/tangooled.com\/de\/wp-json\/wp\/v2\/media?parent=42112"}],"wp:term":[{"taxonomy":"pcb-width","embeddable":true,"href":"https:\/\/tangooled.com\/de\/wp-json\/wp\/v2\/pcb-width?post=42112"},{"taxonomy":"product-cat","embeddable":true,"href":"https:\/\/tangooled.com\/de\/wp-json\/wp\/v2\/product-cat?post=42112"}],"curies":[{"name":"wp","href":"https:\/\/api.w.org\/{rel}","templated":true}]}}