{"id":42111,"date":"2025-12-16T01:31:08","date_gmt":"2025-12-16T09:31:08","guid":{"rendered":"https:\/\/tangooled.com\/?post_type=product&#038;p=42111"},"modified":"2026-02-02T22:07:57","modified_gmt":"2026-02-03T06:07:57","slug":"tile-trim-led-baseboard-profile-channel-for-10mm-strip-light","status":"publish","type":"product","link":"https:\/\/tangooled.com\/de\/product\/tile-trim-led-baseboard-profile-channel-for-10mm-strip-light\/","title":{"rendered":"Fliesenleisten-LED-Sockelleistenprofilkanal f\u00fcr 10 mm Streifenlicht"},"content":{"rendered":"<div class=\"wp-block-group is-vertical is-layout-flex wp-container-core-group-is-layout-d255d7c4 wp-block-group-is-layout-flex\" style=\"padding-top:var(--wp--preset--spacing--80);padding-bottom:var(--wp--preset--spacing--80)\">\n<p>Gestalten Sie Ihren Raum mit unserem Fliesenleisten-LED-Sockelleistenprofil! Die LED-Sockelleiste verf\u00fcgt \u00fcber ein einzigartiges modulares Design, das aus einem festen Installationsteil und einem Lichtk\u00f6rperteil besteht. Dieses Design ist sehr flexibel und einfach zu installieren, und erm\u00f6glicht sowohl die Oberfl\u00e4chenmontage als auch die b\u00fcndige Installation, um die Beleuchtungsbed\u00fcrfnisse verschiedener Standorte zu erf\u00fcllen.<\/p>\n\n\n\n<p>Das Licht strahlt nach unten und durch die kurvenf\u00f6rmige Gestaltung der Sockelleiste, wodurch der Bereich nahe dem Boden weich und gleichm\u00e4\u00dfig aussieht. Es eignet sich hervorragend f\u00fcr moderne Wohnh\u00e4user und Unternehmen oder \u00fcberall dort, wo ein starker dekorativer Akzent erforderlich ist.<\/p>\n\n\n\n<p>Diese Sockelleiste ist in den Ausf\u00fchrungen Silber, Sand-Schwarz, Eisen-Grau und Gold erh\u00e4ltlich, sodass sie zu vielen verschiedenen Einrichtungsstilen passt. Sie k\u00f6nnen die passende Farbe ausw\u00e4hlen, um das Erscheinungsbild Ihres Raumes zu verbessern, egal ob modern und minimalistisch, industriell oder luxuri\u00f6s.<\/p>\n<\/div>\n\n\n\n<div class=\"wp-block-group has-background is-vertical is-layout-flex wp-container-core-group-is-layout-d255d7c4 wp-block-group-is-layout-flex\" style=\"background-color:#f1f1f1;padding-top:var(--wp--preset--spacing--80);padding-bottom:var(--wp--preset--spacing--80)\">\n<div class=\"wp-block-group is-vertical is-layout-flex wp-container-core-group-is-layout-8cf370e7 wp-block-group-is-layout-flex\">\n<h2 class=\"wp-block-heading\" style=\"padding-top:var(--wp--preset--spacing--40);padding-bottom:var(--wp--preset--spacing--40);font-size:25px;font-style:normal;font-weight:600;text-transform:capitalize\">Warum dieses Produkt w\u00e4hlen?<\/h2>\n\n\n\n<ul class=\"wp-block-list\">\n<li>Modulares Design: Verf\u00fcgt \u00fcber ein einzigartiges modulares Design, das das feste Installationsteil vom Lichtk\u00f6rperteil trennt.<\/li>\n\n\n\n<li> Vielseitige Installation: Unterst\u00fctzt sowohl die Oberfl\u00e4chenmontage als auch die b\u00fcndige Installation.<\/li>\n\n\n\n<li>Mehrfarbenoption: Silber, Schwarz, Grau und Gold zur Auswahl.<\/li>\n\n\n\n<li>Einfach zu installieren: Das Design ist sehr flexibel und einfach zu installieren.<\/li>\n\n\n\n<li>Vielf\u00e4ltige Verwendungsm\u00f6glichkeiten: Ideal f\u00fcr Badezimmerb\u00f6den, K\u00fcchen, Treppen, Flure und W\u00e4nde. Es verleiht Stil und Sicherheit.<\/li>\n<\/ul>\n<\/div>\n<\/div>\n\n\n\n<div class=\"wp-block-group is-vertical is-layout-flex wp-container-core-group-is-layout-d255d7c4 wp-block-group-is-layout-flex\" style=\"padding-top:var(--wp--preset--spacing--80);padding-bottom:var(--wp--preset--spacing--80)\">\n<hr class=\"wp-block-separator has-alpha-channel-opacity\"\/>\n\n\n\n<div class=\"wp-block-media-text has-media-on-the-right is-stacked-on-mobile\" style=\"grid-template-columns:auto 40%\"><div class=\"wp-block-media-text__content\">\n<h2 class=\"wp-block-heading\" style=\"padding-top:var(--wp--preset--spacing--40);padding-bottom:var(--wp--preset--spacing--40);font-size:25px;font-style:normal;font-weight:600;text-transform:capitalize\">Wo zu verwenden<\/h2>\n\n\n\n<p>Unser Fliesenleisten-LED-Sockelleistenprofil ist ideal f\u00fcr:<\/p>\n\n\n\n<ul class=\"wp-block-list\">\n<li>K\u00fcche und Badezimmer: Lassen Sie Fliesen und B\u00f6den strahlen<\/li>\n\n\n\n<li>Treppenbeleuchtung: Sichere und elegante Beleuchtung f\u00fcr Stufen<\/li>\n\n\n\n<li>Sockelbeleuchtung im Flur: Sanftes Weglicht f\u00fcr Gehbereiche<\/li>\n\n\n\n<li>Akzentw\u00e4nde und Decken: Erzeugen Sie leuchtende Linien, um die Textur von Fliesen oder Putz hervorzuheben.<\/li>\n<\/ul>\n<\/div><figure class=\"wp-block-media-text__media\"><img loading=\"lazy\" decoding=\"async\" width=\"500\" height=\"500\" src=\"https:\/\/tangooled.com\/wp-content\/uploads\/2025\/12\/sk06-ins.webp\" alt=\"tile trim led baseboard profile channel for 10mm strip light\" class=\"wp-image-42145 size-full\" srcset=\"https:\/\/tangooled.com\/wp-content\/uploads\/2025\/12\/sk06-ins.webp 500w, https:\/\/tangooled.com\/wp-content\/uploads\/2025\/12\/sk06-ins-300x300.webp 300w, https:\/\/tangooled.com\/wp-content\/uploads\/2025\/12\/sk06-ins-150x150.webp 150w\" sizes=\"auto, (max-width: 500px) 100vw, 500px\" \/><\/figure><\/div>\n<\/div>\n\n\n\n<div class=\"wp-block-group has-background is-vertical is-layout-flex wp-container-core-group-is-layout-b429018a wp-block-group-is-layout-flex\" style=\"background-color:#f1f1f1f2;padding-top:var(--wp--preset--spacing--70);padding-bottom:var(--wp--preset--spacing--70)\">\n<h2 class=\"wp-block-heading\" style=\"padding-top:var(--wp--preset--spacing--40);padding-bottom:var(--wp--preset--spacing--40);font-size:25px;font-style:normal;font-weight:600\">Vorteile, die Sie sehen werden<\/h2>\n\n\n\n<ul class=\"wp-block-list\">\n<li>Ihr Fliesenleisten-LED-Sockelleistenprofil verleiht Ihrem Raum ein professionelles Aussehen und l\u00e4sst das Licht frei flie\u00dfen.<\/li>\n\n\n\n<li>Funktioniert als K\u00fchlk\u00f6rper zum Schutz der LED-Streifen und verl\u00e4ngert deren Lebensdauer.<\/li>\n\n\n\n<li>Passt perfekt zu Fliesen- oder Trockenbauprojekten f\u00fcr glatte Lichtlinien.<\/li>\n\n\n\n<li>Sie k\u00f6nnen aus silbernen, wei\u00dfen oder schwarzen Ausf\u00fchrungen w\u00e4hlen, um jeden Raum zu erg\u00e4nzen oder zu kontrastieren.<\/li>\n\n\n\n<li>Ideal f\u00fcr Flure und Treppen, da sie sanftes, gleichm\u00e4\u00dfiges Licht abgeben, das sie sicher und einladend erscheinen l\u00e4sst.<\/li>\n<\/ul>\n<\/div>\n\n\n\n<div class=\"wp-block-group is-vertical is-layout-flex wp-container-core-group-is-layout-d255d7c4 wp-block-group-is-layout-flex\" style=\"padding-top:var(--wp--preset--spacing--80);padding-bottom:var(--wp--preset--spacing--80)\">\n<h2 class=\"wp-block-heading\" style=\"padding-top:var(--wp--preset--spacing--40);padding-bottom:var(--wp--preset--spacing--40);font-size:25px;font-style:normal;font-weight:600;text-transform:capitalize\">What&#8217; in a kit?<\/h2>\n\n\n\n<ul class=\"wp-block-list\">\n<li>Aluminium-LED-Sockelleistenkanal<\/li>\n\n\n\n<li>Opal-Polycarbonat-Diffusor<\/li>\n\n\n\n<li>Endkappen<\/li>\n<\/ul>\n<\/div>\n\n\n\n<div class=\"wp-block-group has-background\" style=\"background-color:#f1f1f1;padding-top:var(--wp--preset--spacing--80);padding-bottom:var(--wp--preset--spacing--80)\"><div class=\"wp-block-group__inner-container is-layout-constrained wp-block-group-is-layout-constrained\">\n<h2 class=\"wp-block-heading\" style=\"padding-top:var(--wp--preset--spacing--40);padding-right:0;padding-bottom:var(--wp--preset--spacing--40);padding-left:0;font-size:25px;font-style:normal;font-weight:600;text-transform:capitalize\">Zusammenfassung<\/h2>\n\n\n\n<p style=\"padding-right:var(--wp--preset--spacing--50);padding-left:var(--wp--preset--spacing--50)\">Our tile trim led baseboard profile is a long-lasting, simple way to hide LED strips so they are flat with tiles or drywall. It protects your LED strips by acting as a heat sink and generating beautiful ambient light. It has a smooth, dot-free light line that makes it safe and beautiful. It&#8217;s great for modern homes, businesses, bathrooms, kitchens, and staircases. For details on other matching profiles and accessories, check our full <a href=\"https:\/\/tangooled.com\/de\/led-profiles\/\"><mark style=\"background-color:rgba(0, 0, 0, 0)\" class=\"has-inline-color has-vivid-red-color\">LED-Aluminiumprofile<\/mark><\/a> Kollektion.<\/p>\n<\/div><\/div>\n\n\n\n<p><\/p>","protected":false},"featured_media":13644,"template":"","meta":{"_acf_changed":true,"_seopress_robots_primary_cat":"none","_seopress_titles_title":"Tile Trim LED Baseboard Profile for 10mm Strip SK06 | TANGOOLED","_seopress_titles_desc":"The SK06 is a versatile tile trim led baseboard profile for 10mm strips. Protect tile edges while creating a modern integrated light finish at the wall base.","_seopress_robots_index":""},"pcb-width":[228],"product-cat":[198],"class_list":{"0":"post-42111","1":"product","2":"type-product","3":"status-publish","4":"has-post-thumbnail","6":"pcb-width-6-12mm","7":"product-cat-skirting-profile"},"acf":[],"_links":{"self":[{"href":"https:\/\/tangooled.com\/de\/wp-json\/wp\/v2\/product\/42111","targetHints":{"allow":["GET"]}}],"collection":[{"href":"https:\/\/tangooled.com\/de\/wp-json\/wp\/v2\/product"}],"about":[{"href":"https:\/\/tangooled.com\/de\/wp-json\/wp\/v2\/types\/product"}],"wp:featuredmedia":[{"embeddable":true,"href":"https:\/\/tangooled.com\/de\/wp-json\/wp\/v2\/media\/13644"}],"wp:attachment":[{"href":"https:\/\/tangooled.com\/de\/wp-json\/wp\/v2\/media?parent=42111"}],"wp:term":[{"taxonomy":"pcb-width","embeddable":true,"href":"https:\/\/tangooled.com\/de\/wp-json\/wp\/v2\/pcb-width?post=42111"},{"taxonomy":"product-cat","embeddable":true,"href":"https:\/\/tangooled.com\/de\/wp-json\/wp\/v2\/product-cat?post=42111"}],"curies":[{"name":"wp","href":"https:\/\/api.w.org\/{rel}","templated":true}]}}