{"id":42108,"date":"2025-12-16T01:28:09","date_gmt":"2025-12-16T09:28:09","guid":{"rendered":"https:\/\/tangooled.com\/?post_type=product&#038;p=42108"},"modified":"2026-02-02T22:07:20","modified_gmt":"2026-02-03T06:07:20","slug":"side-lighting-2-in-1-aluminum-led-baseboard-for-15mm-strips","status":"publish","type":"product","link":"https:\/\/tangooled.com\/de\/product\/side-lighting-2-in-1-aluminum-led-baseboard-for-15mm-strips\/","title":{"rendered":"Seitenbeleuchtung 2-in-1 Aluminium LED Fu\u00dfleiste f\u00fcr 15mm Streifen"},"content":{"rendered":"<div class=\"wp-block-group is-vertical is-layout-flex wp-container-core-group-is-layout-d255d7c4 wp-block-group-is-layout-flex\" style=\"padding-top:var(--wp--preset--spacing--80);padding-bottom:var(--wp--preset--spacing--80)\">\n<p>Brighten your space with the 2-in-1 LED Baseboard\u2014a smart, modern way for room lighting. This creative LED aluminum skirting serves a dual purpose; it works as a standard wall baseboard and as a hidden lighting channel. The design features two aluminum parts: one for fixed installation, and the other holds the LED strip lights.<\/p>\n\n\n\n<p>Dieser Aluminium LED Fu\u00dfleisten-Seitenbeleuchtungskanal funktioniert mit vielen verschiedenen LED-Streifen. Die innere Breite betr\u00e4gt 16,8 mm, was perfekt f\u00fcr die meisten LED-Streifen bis zu 15 mm Breite geeignet ist. So k\u00f6nnen Sie LED-Streifen mit verschiedenen Helligkeitsstufen und Farbtemperaturen ausw\u00e4hlen, um Ihre spezifischen und personalisierten Beleuchtung Anforderungen zu erf\u00fcllen.<\/p>\n\n\n\n<p>Die \u00e4u\u00dferen Abmessungen des Kanals betragen 60 mm in der H\u00f6he und 16,5 mm in der Breite. Die Farben sind in vier eleganten Oberfl\u00e4chen erh\u00e4ltlich: Silber, Wei\u00df, Schwarz und Grau. Dies gew\u00e4hrleistet, dass die Fu\u00dfleiste zu einer Vielzahl von Innenstilen passt. Egal, ob Ihr Raum modern-minimalistisch, industriell oder luxuri\u00f6s ist, Sie k\u00f6nnen das passende finden, um die gesamte \u00c4sthetik zu erh\u00f6hen.<\/p>\n<\/div>\n\n\n\n<div class=\"wp-block-group has-background is-vertical is-layout-flex wp-container-core-group-is-layout-d255d7c4 wp-block-group-is-layout-flex\" style=\"background-color:#f1f1f1;padding-top:var(--wp--preset--spacing--80);padding-bottom:var(--wp--preset--spacing--80)\">\n<div class=\"wp-block-group is-vertical is-layout-flex wp-container-core-group-is-layout-8cf370e7 wp-block-group-is-layout-flex\">\n<h2 class=\"wp-block-heading\" style=\"padding-top:var(--wp--preset--spacing--40);padding-bottom:var(--wp--preset--spacing--40);font-size:25px;font-style:normal;font-weight:600;text-transform:capitalize\">Warum diese Seitenbeleuchtung 2-in-1 LED Fu\u00dfleiste w\u00e4hlen?<\/h2>\n\n\n\n<ul class=\"wp-block-list\">\n<li>Seitenbeleuchtungseffekt: Die LED-Streifen leuchten seitlich und bieten W\u00e4nden und B\u00f6den ein sanftes, gleichm\u00e4\u00dfiges Licht, das den Raum warm und modern wirken l\u00e4sst.<\/li>\n\n\n\n<li>2-in-1 Aluminium Fu\u00dfleiste: Diese Aluminium-Extrusion ersetzt traditionelle, unhandliche Fu\u00dfleisten und f\u00fcgt versteckte LED-Lichter f\u00fcr Stil und Zweck hinzu.<\/li>\n\n\n\n<li>Passt zu LED-Streifen mit 15mm Breite: Dies bietet ausreichend Platz f\u00fcr viele beliebte LED-Streifen, unabh\u00e4ngig davon, ob sie hochdicht und wasserdicht sind.<\/li>\n\n\n\n<li>Langlebig und einfach einzurichten: Vor Ort auf die gew\u00fcnschte Gr\u00f6\u00dfe zuschneiden und die bereitgestellten Endkappen verwenden, um sie b\u00fcndig in die Trockenbauwand einzuf\u00fcgen f\u00fcr ein sauberes Finish.<\/li>\n\n\n\n<li>Verbessertes W\u00e4rme-Management: Die Aluminiumlegierungsfu\u00dfleiste h\u00e4lt die W\u00e4rme von den LEDs fern, um Besch\u00e4digungen zu vermeiden und das Licht l\u00e4nger hell zu halten.<br><br><br><\/li>\n<\/ul>\n<\/div>\n<\/div>\n\n\n\n<div class=\"wp-block-group is-vertical is-layout-flex wp-container-core-group-is-layout-d255d7c4 wp-block-group-is-layout-flex\" style=\"padding-top:var(--wp--preset--spacing--80);padding-bottom:var(--wp--preset--spacing--80)\">\n<hr class=\"wp-block-separator has-alpha-channel-opacity\"\/>\n\n\n\n<div class=\"wp-block-media-text has-media-on-the-right is-stacked-on-mobile\" style=\"grid-template-columns:auto 40%\"><div class=\"wp-block-media-text__content\">\n<h2 class=\"wp-block-heading\" style=\"padding-top:var(--wp--preset--spacing--40);padding-bottom:var(--wp--preset--spacing--40);font-size:25px;font-style:normal;font-weight:600;text-transform:capitalize\">wie man es verwendet<\/h2>\n\n\n\n<ul class=\"wp-block-list\">\n<li>Entscheiden Sie, wo Sie das Licht und die Fu\u00dfleiste installieren m\u00f6chten.<\/li>\n\n\n\n<li>Schneiden Sie das Seitenbeleuchtung 2-in-1 LED Fu\u00dfleisten-Aluminiumprofil auf die L\u00e4nge Ihrer Wand.<\/li>\n\n\n\n<li>Platzieren Sie das LED-Streifenlicht im Kanal.<\/li>\n\n\n\n<li>Setzen Sie den mattierten Diffusor auf, um das Licht gleichm\u00e4\u00dfig zu verteilen.<\/li>\n\n\n\n<li>Installieren Sie den Aluminiumkanal so, dass er mit der Trockenbauwand ausgerichtet ist.<\/li>\n\n\n\n<li>Schlie\u00dfen Sie den LED-Streifen an eine geeignete Stromquelle an.<\/li>\n<\/ul>\n<\/div><figure class=\"wp-block-media-text__media\"><img loading=\"lazy\" decoding=\"async\" width=\"500\" height=\"500\" src=\"https:\/\/tangooled.com\/wp-content\/uploads\/2025\/12\/sk05-ins.webp\" alt=\"side lighting 2 in 1 aluminum led baseboard for 15mm strips\" class=\"wp-image-42142 size-full\" srcset=\"https:\/\/tangooled.com\/wp-content\/uploads\/2025\/12\/sk05-ins.webp 500w, https:\/\/tangooled.com\/wp-content\/uploads\/2025\/12\/sk05-ins-300x300.webp 300w, https:\/\/tangooled.com\/wp-content\/uploads\/2025\/12\/sk05-ins-150x150.webp 150w\" sizes=\"auto, (max-width: 500px) 100vw, 500px\" \/><\/figure><\/div>\n<\/div>\n\n\n\n<div class=\"wp-block-group has-background is-vertical is-layout-flex wp-container-core-group-is-layout-b429018a wp-block-group-is-layout-flex\" style=\"background-color:#f1f1f1f2;padding-top:var(--wp--preset--spacing--70);padding-bottom:var(--wp--preset--spacing--70)\">\n<h2 class=\"wp-block-heading\" style=\"padding-top:var(--wp--preset--spacing--40);padding-bottom:var(--wp--preset--spacing--40);font-size:25px;font-style:normal;font-weight:600\">Wo kann man es verwenden?<\/h2>\n\n\n\n<ul class=\"wp-block-list\">\n<li>Flure und Korridore<\/li>\n\n\n\n<li>Treppen und Podeste<\/li>\n\n\n\n<li>K\u00fcchen (Sockelbeleuchtung)<\/li>\n\n\n\n<li>Wohnzimmer und Heimkinos<\/li>\n\n\n\n<li>Schlafzimmer und B\u00e4der<\/li>\n\n\n\n<li>B\u00fcros und Unternehmen wie Hotels und Gesch\u00e4fte<\/li>\n<\/ul>\n<\/div>\n\n\n\n<div class=\"wp-block-group is-vertical is-layout-flex wp-container-core-group-is-layout-d255d7c4 wp-block-group-is-layout-flex\" style=\"padding-top:var(--wp--preset--spacing--80);padding-bottom:var(--wp--preset--spacing--80)\">\n<h2 class=\"wp-block-heading\" style=\"padding-top:var(--wp--preset--spacing--40);padding-bottom:var(--wp--preset--spacing--40);font-size:25px;font-style:normal;font-weight:600;text-transform:capitalize\">What\u2019s in the kit?<\/h2>\n\n\n\n<ul class=\"wp-block-list\">\n<li>Aluminium LED Fu\u00dfleistenkanal<\/li>\n\n\n\n<li>Satiniertes Polycarbonat-Diffusorcover<\/li>\n\n\n\n<li>Endkappen<\/li>\n\n\n\n<li>Eckverbinder<\/li>\n<\/ul>\n<\/div>\n\n\n\n<div class=\"wp-block-group has-background\" style=\"background-color:#f1f1f1;padding-top:var(--wp--preset--spacing--80);padding-bottom:var(--wp--preset--spacing--80)\"><div class=\"wp-block-group__inner-container is-layout-constrained wp-block-group-is-layout-constrained\">\n<h2 class=\"wp-block-heading\" style=\"padding-top:var(--wp--preset--spacing--40);padding-right:0;padding-bottom:var(--wp--preset--spacing--40);padding-left:0;font-size:25px;font-style:normal;font-weight:600;text-transform:capitalize\">Verwandte Produkte f\u00fcr Ihr Projekt<\/h2>\n\n\n\n<ul class=\"wp-block-list\">\n<li>F\u00fcr l\u00e4ngere oder doppelte LED-Streifen w\u00e4hlen Sie unsere <a href=\"https:\/\/tangooled.com\/de\/product\/22x15mm-led-light-channel-aluminum-extrusion-for-flexible-strips\/\"><mark style=\"background-color:rgba(0, 0, 0, 0)\" class=\"has-inline-color has-vivid-red-color\">22x15mm LED-Lichtkanal Aluminium-Extrusion f\u00fcr flexible Streifen<\/mark><\/a><\/li>\n\n\n\n<li>Schauen Sie sich das an <a href=\"https:\/\/tangooled.com\/de\/product\/25mm-u-shape-led-mounting-channel-for-15mm-double-row-led-strip-lights\/\"><mark style=\"background-color:rgba(0, 0, 0, 0)\" class=\"has-inline-color has-vivid-red-color\">25mm U-f\u00f6rmiger LED-Montagekanal f\u00fcr 15mm doppelte LED-Streifenlichter<\/mark><\/a> wenn Sie stilvolle Randbeleuchtung w\u00fcnschen.<\/li>\n\n\n\n<li>Schauen Sie sich die <a href=\"https:\/\/tangooled.com\/de\/product\/black-led-profile-with-black-diffuser-for-10mm-led-strip-light\/\"><mark style=\"background-color:rgba(0, 0, 0, 0)\" class=\"has-inline-color has-vivid-red-color\">schwarzes LED-Profil mit schwarzem Diffusor f\u00fcr 10mm LED-Streifen<\/mark><\/a>.<\/li>\n\n\n\n<li>F\u00fcgen Sie Diffusoren hinzu, indem Sie sich die <a href=\"https:\/\/tangooled.com\/de\/product\/led-light-diffuser-channel-aluminum-15x12mm-for-10mm-led-strips\/\"><mark style=\"background-color:rgba(0, 0, 0, 0)\" class=\"has-inline-color has-vivid-red-color\">LED-Lichtdiffusor-Kanal aus Aluminium 15x12mm f\u00fcr 10mm LED-Streifen<\/mark><\/a>.<\/li>\n<\/ul>\n<\/div><\/div>\n\n\n\n<div class=\"wp-block-group\" style=\"padding-top:var(--wp--preset--spacing--80);padding-bottom:var(--wp--preset--spacing--80)\"><div class=\"wp-block-group__inner-container is-layout-constrained wp-block-group-is-layout-constrained\">\n<p>Our side lighting 2-in-1 aluminum LED baseboard is a simple solution to have durable, long-lasting baseboards that look great in your house or business. It&#8217;s a modern, sleek way to light up your home and decorate it.<br>F\u00fcr weitere Informationen zu \u00e4hnlichen Produkten und Zubeh\u00f6r besuchen Sie unsere <a href=\"https:\/\/tangooled.com\/de\/led-profiles\/\"><mark style=\"background-color:rgba(0, 0, 0, 0)\" class=\"has-inline-color has-vivid-red-color\">LED-Streifenlicht-Kanal Aluminiumprofil<\/mark><\/a> Kollektion oder schauen Sie sich unser <mark style=\"background-color:rgba(0, 0, 0, 0)\" class=\"has-inline-color has-vivid-red-color\">Oberfl\u00e4chenmontage LED-Profil mit satiniertem Diffusor f\u00fcr 10mm Seilschn\u00fcre<\/mark> um Ihre Beleuchtungsbed\u00fcrfnisse perfekt abzustimmen.<\/p>\n<\/div><\/div>","protected":false},"featured_media":13640,"template":"","meta":{"_acf_changed":true,"_seopress_robots_primary_cat":"none","_seopress_titles_title":"Side Lighting 2-in-1 LED Baseboard for 15mm Strip SK05 | TANGOOLED","_seopress_titles_desc":"The SK05 is a high-performance side lighting 2-in-1 led baseboard optimized for 15mm strips. Create a sophisticated, integrated linear glow at the wall base with this heavy-duty aluminum profile.","_seopress_robots_index":""},"pcb-width":[228],"product-cat":[198],"class_list":{"0":"post-42108","1":"product","2":"type-product","3":"status-publish","4":"has-post-thumbnail","6":"pcb-width-6-12mm","7":"product-cat-skirting-profile"},"acf":[],"_links":{"self":[{"href":"https:\/\/tangooled.com\/de\/wp-json\/wp\/v2\/product\/42108","targetHints":{"allow":["GET"]}}],"collection":[{"href":"https:\/\/tangooled.com\/de\/wp-json\/wp\/v2\/product"}],"about":[{"href":"https:\/\/tangooled.com\/de\/wp-json\/wp\/v2\/types\/product"}],"wp:featuredmedia":[{"embeddable":true,"href":"https:\/\/tangooled.com\/de\/wp-json\/wp\/v2\/media\/13640"}],"wp:attachment":[{"href":"https:\/\/tangooled.com\/de\/wp-json\/wp\/v2\/media?parent=42108"}],"wp:term":[{"taxonomy":"pcb-width","embeddable":true,"href":"https:\/\/tangooled.com\/de\/wp-json\/wp\/v2\/pcb-width?post=42108"},{"taxonomy":"product-cat","embeddable":true,"href":"https:\/\/tangooled.com\/de\/wp-json\/wp\/v2\/product-cat?post=42108"}],"curies":[{"name":"wp","href":"https:\/\/api.w.org\/{rel}","templated":true}]}}