{"id":42107,"date":"2025-12-16T01:24:38","date_gmt":"2025-12-16T09:24:38","guid":{"rendered":"https:\/\/tangooled.com\/?post_type=product&#038;p=42107"},"modified":"2026-02-02T22:07:04","modified_gmt":"2026-02-03T06:07:04","slug":"80mm-aluminum-embedded-led-floor-baseboard-for-8mm-tape-light","status":"publish","type":"product","link":"https:\/\/tangooled.com\/de\/product\/80mm-aluminum-embedded-led-floor-baseboard-for-8mm-tape-light\/","title":{"rendered":"80 mm Aluminium integrierte LED-Fu\u00dfleiste f\u00fcr 8 mm Bandlicht"},"content":{"rendered":"<div class=\"wp-block-group is-vertical is-layout-flex wp-container-core-group-is-layout-d255d7c4 wp-block-group-is-layout-flex\" style=\"padding-top:var(--wp--preset--spacing--80);padding-bottom:var(--wp--preset--spacing--80)\">\n<p>Diese 80 mm integrierte LED-Fu\u00dfleiste hat ein einzigartiges modulares Design mit einem festen Installationsprofil aus Aluminium und einem separaten Aluminium-Lichtk\u00f6rper.<\/p>\n\n\n\n<p>Dieses flexible Design erm\u00f6glicht die Installation der Fu\u00dfleiste auf zwei Arten, um den Beleuchtungsbed\u00fcrfnissen verschiedener R\u00e4ume gerecht zu werden: Sie kann versenkt (versteckt) werden f\u00fcr einen eleganten, b\u00fcndigen Look oder oberfl\u00e4chenmontiert (offen installiert) w\u00e4hrend einer Renovierung oder einem Neubau. Sie kann ganz einfach an bestehenden Fliesen, Holzpaneelen oder Trockenbauw\u00e4nden hinzugef\u00fcgt werden.<\/p>\n\n\n\n<p>The 80\u00a0mm height of the baseboard clearly defines the boundary between the wall and the floor. This dimension also provides a larger reflection area, ensuring the LED lighting effect is more pronounced. The baseboard&#8217;s arched shape directs the light down and softly spreads it out, making the area near the floor softly and evenly lit.<\/p>\n\n\n\n<p>.<\/p>\n<\/div>\n\n\n\n<div class=\"wp-block-group has-background is-vertical is-layout-flex wp-container-core-group-is-layout-d255d7c4 wp-block-group-is-layout-flex\" style=\"background-color:#f1f1f1;padding-top:var(--wp--preset--spacing--80);padding-bottom:var(--wp--preset--spacing--80)\">\n<div class=\"wp-block-group is-vertical is-layout-flex wp-container-core-group-is-layout-8cf370e7 wp-block-group-is-layout-flex\">\n<h2 class=\"wp-block-heading\" style=\"padding-top:var(--wp--preset--spacing--40);padding-bottom:var(--wp--preset--spacing--40);font-size:25px;font-style:normal;font-weight:600;text-transform:capitalize\">Warum diese integrierte LED-Fu\u00dfleiste w\u00e4hlen?<\/h2>\n\n\n\n<ul class=\"wp-block-list\">\n<li>Einfache Zwei-in-Eins-Structure: der Montagebereich und der Lichtk\u00f6rper sind kombiniert, was die Installation einfacher und schneller macht.<\/li>\n\n\n\n<li>80 mm Profilh\u00f6he: l\u00e4sst die Sockelleiste besser aussehen und sch\u00fctzt Ihre Sockelw\u00e4nde vor Besch\u00e4digungen.<\/li>\n\n\n\n<li>Hochwertiges Material: oxidierte Aluminiumlegierung, die lange h\u00e4lt und Ihre Lichter sicher sch\u00fctzt.<\/li>\n\n\n\n<li>B\u00fcndig montierte LED-Fu\u00dfleiste: Sie f\u00fcgt sich gut in Ihre Wand und Ihren Boden ein, was einen ordentlichen Eindruck hinterl\u00e4sst.<\/li>\n\n\n\n<li>Passt zu Standard-Bandlichtern: Funktioniert gut mit LED-Streifen-Lichtkan\u00e4len, die 8 mm breit sind.<\/li>\n<\/ul>\n<\/div>\n<\/div>\n\n\n\n<div class=\"wp-block-group is-vertical is-layout-flex wp-container-core-group-is-layout-d255d7c4 wp-block-group-is-layout-flex\" style=\"padding-top:var(--wp--preset--spacing--80);padding-bottom:var(--wp--preset--spacing--80)\">\n<hr class=\"wp-block-separator has-alpha-channel-opacity\"\/>\n\n\n\n<div class=\"wp-block-media-text has-media-on-the-right is-stacked-on-mobile\" style=\"grid-template-columns:auto 40%\"><div class=\"wp-block-media-text__content\">\n<h2 class=\"wp-block-heading\" style=\"padding-top:var(--wp--preset--spacing--40);padding-bottom:var(--wp--preset--spacing--40);font-size:25px;font-style:normal;font-weight:600;text-transform:capitalize\">So verwenden Sie die 80 mm integrierte LED-Fu\u00dfleiste<\/h2>\n\n\n\n<ul class=\"wp-block-list\">\n<li>Machen Sie einen Schlitz an der Kante Ihres Bodens oder Ihrer Wand, damit die versenkte Aluminium-Fu\u00dfleiste passt.<\/li>\n\n\n\n<li>Setzen Sie das versenkte Aluminiumprofil in den Schlitz und verwenden Sie Gips, um die Gipsfaser-LED-Leiste an Ort und Stelle zu halten.<\/li>\n\n\n\n<li>Befestigen Sie Ihr 8 mm LED-Bandlicht im Aluminium-Lichtbereich.<\/li>\n\n\n\n<li>Setzen Sie den Aluminium-Lichtk\u00f6rper in das feste Profil und klicken Sie den frostigen Diffusor auf.<\/li>\n\n\n\n<li>Verwenden Sie den richtigen LED-Treiber und Dimmer, um Strom und Steuerung zu verbinden.<\/li>\n<\/ul>\n<\/div><figure class=\"wp-block-media-text__media\"><img loading=\"lazy\" decoding=\"async\" width=\"500\" height=\"500\" src=\"https:\/\/tangooled.com\/wp-content\/uploads\/2025\/12\/sk04-ins.webp\" alt=\"80mm aluminum embedded led floor baseboard for 8mm tape light\" class=\"wp-image-42138 size-full\" srcset=\"https:\/\/tangooled.com\/wp-content\/uploads\/2025\/12\/sk04-ins.webp 500w, https:\/\/tangooled.com\/wp-content\/uploads\/2025\/12\/sk04-ins-300x300.webp 300w, https:\/\/tangooled.com\/wp-content\/uploads\/2025\/12\/sk04-ins-150x150.webp 150w\" sizes=\"auto, (max-width: 500px) 100vw, 500px\" \/><\/figure><\/div>\n<\/div>\n\n\n\n<div class=\"wp-block-group has-background is-vertical is-layout-flex wp-container-core-group-is-layout-b429018a wp-block-group-is-layout-flex\" style=\"background-color:#f1f1f1f2;padding-top:var(--wp--preset--spacing--70);padding-bottom:var(--wp--preset--spacing--70)\">\n<h2 class=\"wp-block-heading\" style=\"padding-top:var(--wp--preset--spacing--40);padding-bottom:var(--wp--preset--spacing--40);font-size:25px;font-style:normal;font-weight:600\">Wo kann man es verwenden?<\/h2>\n\n\n\n<p>Die 80 mm integrierte LED-Fu\u00dfleiste ist ideal f\u00fcr:<\/p>\n\n\n\n<ul class=\"wp-block-list\">\n<li>Flure und Korridore (sichere F\u00fchrungsbeleuchtung)<\/li>\n\n\n\n<li>Moderne Schlafzimmer und Wohnr\u00e4ume\u00a0<\/li>\n\n\n\n<li>Hotels und andere Hospitality-Bereiche<\/li>\n\n\n\n<li>K\u00fcchen (ausgezeichnete Beleuchtung unter Schr\u00e4nken und am Sockel)<\/li>\n\n\n\n<li>Treppen und Badezimmer (sanfte Bodenwaschbeleuchtung)<\/li>\n<\/ul>\n<\/div>\n\n\n\n<div class=\"wp-block-group is-vertical is-layout-flex wp-container-core-group-is-layout-d255d7c4 wp-block-group-is-layout-flex\" style=\"padding-top:var(--wp--preset--spacing--80);padding-bottom:var(--wp--preset--spacing--80)\">\n<h2 class=\"wp-block-heading\" style=\"padding-top:var(--wp--preset--spacing--40);padding-bottom:var(--wp--preset--spacing--40);font-size:25px;font-style:normal;font-weight:600;text-transform:capitalize\">What\u2019s in the box?<\/h2>\n\n\n\n<ul class=\"wp-block-list\">\n<li>Aluminiumprofil f\u00fcr LED-Fu\u00dfleisten<\/li>\n\n\n\n<li>Opal-Diffusor<\/li>\n\n\n\n<li>Endkappen<\/li>\n\n\n\n<li>Eckverbinder<\/li>\n<\/ul>\n<\/div>\n\n\n\n<div class=\"wp-block-group has-background\" style=\"background-color:#f1f1f1;padding-top:var(--wp--preset--spacing--80);padding-bottom:var(--wp--preset--spacing--80)\"><div class=\"wp-block-group__inner-container is-layout-constrained wp-block-group-is-layout-constrained\">\n<h2 class=\"wp-block-heading\" style=\"padding-top:var(--wp--preset--spacing--40);padding-right:0;padding-bottom:var(--wp--preset--spacing--40);padding-left:0;font-size:25px;font-style:normal;font-weight:600;text-transform:capitalize\">Zusammenfassung<\/h2>\n\n\n\n<p style=\"padding-right:var(--wp--preset--spacing--50);padding-left:var(--wp--preset--spacing--50)\">Unsere 80 mm integrierte LED-Fu\u00dfleiste ist eine moderne, langlebige und ordentliche M\u00f6glichkeit, niedrige Bereiche zu beleuchten. Sie passt pr\u00e4zise zu einem 8 mm Bandlicht und erzeugt sanftes, atmosph\u00e4risches Licht, ohne Unordnung zu verursachen. Ihre W\u00e4nde wirken durch das b\u00fcndige Montagedesign glatt und attraktiv. W\u00e4hlen Sie TG-SK04 heute f\u00fcr ein einfach zu installierendes, sicheres Licht auf Fu\u00dfbodenniveau, das in jedem Zuhause oder Gesch\u00e4ft gro\u00dfartig aussieht.<\/p>\n<\/div><\/div>\n\n\n\n<p><\/p>","protected":false},"featured_media":13628,"template":"","meta":{"_acf_changed":true,"_seopress_robots_primary_cat":"none","_seopress_titles_title":"80mm Embedded LED Floor Baseboard | Flush Aluminum Profile SK04","_seopress_titles_desc":"The SK04 is an 80mm embedded led floor baseboard designed for a seamless flush finish. This aluminum profile houses 8mm tape lights to create a professional linear glow at the wall base.","_seopress_robots_index":""},"pcb-width":[228],"product-cat":[198],"class_list":{"0":"post-42107","1":"product","2":"type-product","3":"status-publish","4":"has-post-thumbnail","6":"pcb-width-6-12mm","7":"product-cat-skirting-profile"},"acf":[],"_links":{"self":[{"href":"https:\/\/tangooled.com\/de\/wp-json\/wp\/v2\/product\/42107","targetHints":{"allow":["GET"]}}],"collection":[{"href":"https:\/\/tangooled.com\/de\/wp-json\/wp\/v2\/product"}],"about":[{"href":"https:\/\/tangooled.com\/de\/wp-json\/wp\/v2\/types\/product"}],"wp:featuredmedia":[{"embeddable":true,"href":"https:\/\/tangooled.com\/de\/wp-json\/wp\/v2\/media\/13628"}],"wp:attachment":[{"href":"https:\/\/tangooled.com\/de\/wp-json\/wp\/v2\/media?parent=42107"}],"wp:term":[{"taxonomy":"pcb-width","embeddable":true,"href":"https:\/\/tangooled.com\/de\/wp-json\/wp\/v2\/pcb-width?post=42107"},{"taxonomy":"product-cat","embeddable":true,"href":"https:\/\/tangooled.com\/de\/wp-json\/wp\/v2\/product-cat?post=42107"}],"curies":[{"name":"wp","href":"https:\/\/api.w.org\/{rel}","templated":true}]}}