{"id":42104,"date":"2025-12-16T01:19:59","date_gmt":"2025-12-16T09:19:59","guid":{"rendered":"https:\/\/tangooled.com\/?post_type=product&#038;p=42104"},"modified":"2026-02-02T22:06:44","modified_gmt":"2026-02-03T06:06:44","slug":"tile-wall-skirting-board-black-aluminum-profile-for-8mm-led-strip","status":"publish","type":"product","link":"https:\/\/tangooled.com\/de\/product\/tile-wall-skirting-board-black-aluminum-profile-for-8mm-led-strip\/","title":{"rendered":"Fliesensockelleiste aus schwarzem Aluminiumprofil f\u00fcr 8 mm LED-Streifen"},"content":{"rendered":"<div class=\"wp-block-group is-vertical is-layout-flex wp-container-core-group-is-layout-d255d7c4 wp-block-group-is-layout-flex\" style=\"padding-top:var(--wp--preset--spacing--80);padding-bottom:var(--wp--preset--spacing--80)\">\n<p>Unsere hochwertige Aluminium-Fliesensockelleiste ist f\u00fcr 8 mm LED-Streifenlichter entwickelt und wird das Erscheinungsbild der Bodenbeleuchtung in Ihrem Raum verbessern. Dieses glatte, schwarz anodisierte Aluminiumprofil f\u00fcgt sich perfekt in Ihre Wand ein und bietet sanftes, ambient Licht. Sein modernes Design sorgt f\u00fcr eine beruhigende und einladende Atmosph\u00e4re, die jede Dekoration erg\u00e4nzt. Die Sockelleiste mit Beleuchtung schafft einen Licht- und Schattenspiel zwischen Boden und Wand, wodurch der Raum sofort offener und ger\u00e4umiger wirkt.<\/p>\n\n\n\n<p>Dieses Profil ist so konzipiert, dass es Ihren W\u00e4nden sowohl Licht als auch Schutz bietet und Ihnen hilft, elegante, moderne Sockelleisten zu erstellen. Dieses Produkt ist ideal f\u00fcr Akzentbeleuchtung und strapazierf\u00e4hige Bodenabschl\u00fcsse. Optimieren Sie Ihr n\u00e4chstes Raumdesign mit unserer LED-Beleuchtungssockelleiste.<\/p>\n<\/div>\n\n\n\n<div class=\"wp-block-group has-background is-vertical is-layout-flex wp-container-core-group-is-layout-d255d7c4 wp-block-group-is-layout-flex\" style=\"background-color:#f1f1f1;padding-top:var(--wp--preset--spacing--80);padding-bottom:var(--wp--preset--spacing--80)\">\n<div class=\"wp-block-group is-vertical is-layout-flex wp-container-core-group-is-layout-8cf370e7 wp-block-group-is-layout-flex\">\n<h2 class=\"wp-block-heading\" style=\"padding-top:var(--wp--preset--spacing--40);padding-bottom:var(--wp--preset--spacing--40);font-size:25px;font-style:normal;font-weight:600;text-transform:capitalize\">Warum unsere Fliesensockelleiste w\u00e4hlen?<\/h2>\n\n\n\n<ul class=\"wp-block-list\">\n<li>Stark und langlebig: Sie besteht aus 6063 Aluminiumlegierung, die feuchtigkeits- und schadenresistenter ist als Holz oder MDF.<\/li>\n\n\n\n<li>Die richtige Gr\u00f6\u00dfe f\u00fcr 8 mm LED-Streifen; sie h\u00e4lt Ihr Lichtband fest.<\/li>\n\n\n\n<li>Die matte schwarze Oberfl\u00e4chenbeschaffenheit sieht fantastisch aus und erg\u00e4nzt jeden Einrichtungsstil.<\/li>\n\n\n\n<li>Der enthaltene Polycarbonat-Diffusor sorgt f\u00fcr sanfte und blendfreie Beleuchtung.<\/li>\n\n\n\n<li>Hilft, L\u00fccken im Boden und Verkabelungen ordentlich zu \u00fcberdecken.<\/li>\n<\/ul>\n<\/div>\n<\/div>\n\n\n\n<div class=\"wp-block-group\" style=\"padding-top:var(--wp--preset--spacing--60);padding-bottom:var(--wp--preset--spacing--60)\"><div class=\"wp-block-group__inner-container is-layout-constrained wp-block-group-is-layout-constrained\">\n<div class=\"wp-block-media-text has-media-on-the-right is-stacked-on-mobile\" style=\"grid-template-columns:auto 40%\"><div class=\"wp-block-media-text__content\">\n<h2 class=\"wp-block-heading\" style=\"padding-top:var(--wp--preset--spacing--40);padding-bottom:var(--wp--preset--spacing--40);font-size:25px;font-style:normal;font-weight:600;text-transform:capitalize\">Installation<\/h2>\n\n\n\n<ul class=\"wp-block-list\">\n<li>Kleben Sie das LED-Streifenlicht in dieses Aluminiumprofil.<\/li>\n\n\n\n<li>Dr\u00fccken Sie den Diffusor in dieses Aluminiumprofil.<\/li>\n\n\n\n<li>Einfach zu installieren: Schrauben Sie das Sockelprofil an die Wand oder verwenden Sie starken Konstruktionskleber f\u00fcr ein b\u00fcndiges Finish.<\/li>\n<\/ul>\n<\/div><figure class=\"wp-block-media-text__media\"><img loading=\"lazy\" decoding=\"async\" width=\"500\" height=\"500\" src=\"https:\/\/tangooled.com\/wp-content\/uploads\/2025\/12\/sk03-ins.webp\" alt=\"tile wall skirting board black aluminum profile for 8mm led strip\" class=\"wp-image-42135 size-full\" srcset=\"https:\/\/tangooled.com\/wp-content\/uploads\/2025\/12\/sk03-ins.webp 500w, https:\/\/tangooled.com\/wp-content\/uploads\/2025\/12\/sk03-ins-300x300.webp 300w, https:\/\/tangooled.com\/wp-content\/uploads\/2025\/12\/sk03-ins-150x150.webp 150w\" sizes=\"auto, (max-width: 500px) 100vw, 500px\" \/><\/figure><\/div>\n<\/div><\/div>\n\n\n\n<div class=\"wp-block-group has-background is-vertical is-layout-flex wp-container-core-group-is-layout-b429018a wp-block-group-is-layout-flex\" style=\"background-color:#f1f1f1f2;padding-top:var(--wp--preset--spacing--70);padding-bottom:var(--wp--preset--spacing--70)\">\n<h2 class=\"wp-block-heading\" style=\"padding-top:var(--wp--preset--spacing--40);padding-bottom:var(--wp--preset--spacing--40);font-size:25px;font-style:normal;font-weight:600\">Nutzungsszenarien &amp; Vorteile<\/h2>\n\n\n\n<p>Ihre Fliesensockelleiste aus schwarzem Aluminiumprofil kann an folgenden Orten verwendet werden:<\/p>\n\n\n\n<ul class=\"wp-block-list\">\n<li>LED-Sockelleiste f\u00fcr Flure und Korridore: Wegbeleuchtung bietet Ihnen sicheres, sanftes Licht auf Bodenh\u00f6he, um Ihnen den Weg zu weisen.<\/li>\n\n\n\n<li>Wohnzimmer und Schlafzimmer: Verwenden Sie glatte, gleichm\u00e4\u00dfige Lichtlinien, um die Atmosph\u00e4re entspannender zu gestalten.<\/li>\n\n\n\n<li>In Gewerbeimmobilien wie Arbeitspl\u00e4tzen und Hotels ist eine saubere architektonische Beleuchtung wichtig, und W\u00e4nde sollten vor Besch\u00e4digungen gesch\u00fctzt werden.<\/li>\n\n\n\n<li>Verwenden Sie als Kantenschutz, wo Fliesen auf Trockenbau oder Gipskarton treffen.<\/li>\n\n\n\n<li>Ideal, um Kabel in modernen R\u00e4umen zu verstecken und das Design einfach zu halten.<\/li>\n<\/ul>\n\n\n\n<p>Mit diesem Profil erhalten Sie auch Schutz vor Kratzern und Schmutz, wobei der Dehnungsabstand, der bei Fliesenverlegungen \u00fcblich ist, verborgen wird.<\/p>\n<\/div>\n\n\n\n<div class=\"wp-block-group is-vertical is-layout-flex wp-container-core-group-is-layout-d255d7c4 wp-block-group-is-layout-flex\" style=\"padding-top:var(--wp--preset--spacing--80);padding-bottom:var(--wp--preset--spacing--80)\">\n<h2 class=\"wp-block-heading\" style=\"padding-top:var(--wp--preset--spacing--40);padding-bottom:var(--wp--preset--spacing--40);font-size:25px;font-style:normal;font-weight:600;text-transform:capitalize\">Verwandte Produkte<\/h2>\n\n\n\n<ul class=\"wp-block-list\">\n<li>Entdecken Sie das <a href=\"https:\/\/tangooled.com\/de\/product\/black-led-profile-with-black-diffuser-for-10mm-led-strip-light\/\"><mark style=\"background-color:rgba(0, 0, 0, 0)\" class=\"has-inline-color has-vivid-red-color\">schwarzes LED-Profil mit schwarzem Diffusor f\u00fcr 10mm LED-Streifen<\/mark><\/a><\/li>\n\n\n\n<li>Sehen Sie die <a href=\"https:\/\/tangooled.com\/de\/product\/led-strip-light-channel-aluminum-profile-with-diffused-cover-6mm-height\/\"><mark style=\"background-color:rgba(0, 0, 0, 0)\" class=\"has-inline-color has-vivid-red-color\">Aluminiumprofil f\u00fcr LED-Streifen mit diffundierender Abdeckung, H\u00f6he 6 mm<\/mark><\/a><\/li>\n\n\n\n<li>\u00dcberpr\u00fcfen Sie die <a href=\"https:\/\/tangooled.com\/de\/product\/surface-mount-led-profile-with-frosted-diffuser-for-10mm-rope-lights\/\"><mark style=\"background-color:rgba(0, 0, 0, 0)\" class=\"has-inline-color has-vivid-red-color\">Oberfl\u00e4chenmontage LED-Profil mit satiniertem Diffusor f\u00fcr 10mm Seilschn\u00fcre<\/mark><\/a><\/li>\n<\/ul>\n<\/div>\n\n\n\n<div class=\"wp-block-group has-background\" style=\"background-color:#f1f1f1;padding-top:var(--wp--preset--spacing--80);padding-bottom:var(--wp--preset--spacing--80)\"><div class=\"wp-block-group__inner-container is-layout-constrained wp-block-group-is-layout-constrained\">\n<p style=\"padding-right:var(--wp--preset--spacing--50);padding-left:var(--wp--preset--spacing--50)\">Diese Fliesensockelleiste aus Aluminiumprofil f\u00fcr 8 mm LED-Streifen ist eine gro\u00dfartige M\u00f6glichkeit, Ihrem Umfeld Flair und Zweck zu verleihen. Diese architektonische Beleuchtungsl\u00f6sung ist ein Muss, da sie dauerhafte Sch\u00f6nheit hinzuf\u00fcgt und die Kanten Ihrer B\u00f6den sch\u00fctzt.<\/p>\n<\/div><\/div>\n\n\n\n<p><\/p>","protected":false},"featured_media":13626,"template":"","meta":{"_acf_changed":true,"_seopress_robots_primary_cat":"none","_seopress_titles_title":"Tile Wall Skirting Board | Recessed Aluminum LED Profile SK03","_seopress_titles_desc":"The SK03 is a professional tile wall skirting board made from black aluminum. Optimized for 8mm led strips, it creates a sleek, recessed light path between tiles and floors.","_seopress_robots_index":""},"pcb-width":[228],"product-cat":[198],"class_list":{"0":"post-42104","1":"product","2":"type-product","3":"status-publish","4":"has-post-thumbnail","6":"pcb-width-6-12mm","7":"product-cat-skirting-profile"},"acf":[],"_links":{"self":[{"href":"https:\/\/tangooled.com\/de\/wp-json\/wp\/v2\/product\/42104","targetHints":{"allow":["GET"]}}],"collection":[{"href":"https:\/\/tangooled.com\/de\/wp-json\/wp\/v2\/product"}],"about":[{"href":"https:\/\/tangooled.com\/de\/wp-json\/wp\/v2\/types\/product"}],"wp:featuredmedia":[{"embeddable":true,"href":"https:\/\/tangooled.com\/de\/wp-json\/wp\/v2\/media\/13626"}],"wp:attachment":[{"href":"https:\/\/tangooled.com\/de\/wp-json\/wp\/v2\/media?parent=42104"}],"wp:term":[{"taxonomy":"pcb-width","embeddable":true,"href":"https:\/\/tangooled.com\/de\/wp-json\/wp\/v2\/pcb-width?post=42104"},{"taxonomy":"product-cat","embeddable":true,"href":"https:\/\/tangooled.com\/de\/wp-json\/wp\/v2\/product-cat?post=42104"}],"curies":[{"name":"wp","href":"https:\/\/api.w.org\/{rel}","templated":true}]}}