{"id":42103,"date":"2025-12-16T01:16:15","date_gmt":"2025-12-16T09:16:15","guid":{"rendered":"https:\/\/tangooled.com\/?post_type=product&#038;p=42103"},"modified":"2026-02-02T22:06:25","modified_gmt":"2026-02-03T06:06:25","slug":"ultra-thin-aluminum-skirting-wall-profile-for-10mm-tile-wall","status":"publish","type":"product","link":"https:\/\/tangooled.com\/de\/product\/ultra-thin-aluminum-skirting-wall-profile-for-10mm-tile-wall\/","title":{"rendered":"Ultrad\u00fcnnes Aluminium-Sockelleistenprofil f\u00fcr 10 mm Fliesenw\u00e4nde"},"content":{"rendered":"<div class=\"wp-block-group is-vertical is-layout-flex wp-container-core-group-is-layout-d255d7c4 wp-block-group-is-layout-flex\" style=\"padding-top:var(--wp--preset--spacing--80);padding-bottom:var(--wp--preset--spacing--80)\">\n<p>If you want a clean, modern, and long-lasting finish for your space, our Ultra-Thin Aluminum Skirting Wall Profile is the way to go. It is made to fit nicely with tiles that are 10 mm thick, especially very thin ceramic or porcelain tiles, so the baseboard doesn&#8217;t make the borders look too thick. You can&#8217;t see the fixtures when this profile is placed; only the light is visible. When the skirting is put into the drywall, it makes the room look cleaner and more organized.<\/p>\n\n\n\n<p>Die Lichtquelle ist absichtlich 40 mm \u00fcber dem Boden in diesem Aluminiumprofil angebracht, um Licht bereitzustellen. Diese geplante H\u00f6he ist ideal f\u00fcr moderne Innenr\u00e4ume wie K\u00fcchen und Wohnzimmer, da sie sanftes Umgebungslicht abgibt. Das schwarze Aluminium-Finish passt gut zu vielen verschiedenen Innendekorationen.<\/p>\n<\/div>\n\n\n\n<div class=\"wp-block-group has-background is-vertical is-layout-flex wp-container-core-group-is-layout-d255d7c4 wp-block-group-is-layout-flex\" style=\"background-color:#f1f1f1;padding-top:var(--wp--preset--spacing--80);padding-bottom:var(--wp--preset--spacing--80)\">\n<div class=\"wp-block-group is-vertical is-layout-flex wp-container-core-group-is-layout-8cf370e7 wp-block-group-is-layout-flex\">\n<h2 class=\"wp-block-heading\" style=\"padding-top:var(--wp--preset--spacing--40);padding-bottom:var(--wp--preset--spacing--40);font-size:25px;font-style:normal;font-weight:600;text-transform:capitalize\">Warum unser ultrad\u00fcnnes Aluminium-Sockelleistenprofil w\u00e4hlen?<\/h2>\n\n\n\n<ul class=\"wp-block-list\">\n<li>Flush und minimalistisches Design: Das sehr d\u00fcnne Profil sorgt f\u00fcr eine glatte, flache Kante, die gut zu Ihrer Wand und Ihrem Boden passt.<\/li>\n\n\n\n<li>Durable and Rust-Resistant: This product is made of anodized aluminum, which makes it resistant to rust, corrosion, and wear. It&#8217;s great for bathrooms, kitchens, and places with a lot of foot traffic.<\/li>\n\n\n\n<li>Simple to put together: just cut it to size, stick it on the wall, and you&#8217;re done. Special end caps help keep corners clean.<\/li>\n\n\n\n<li>Verhindert das Abplatzen oder die Rissbildung von Fliesen und f\u00fcllt die L\u00fccken zwischen W\u00e4nden und B\u00f6den.<\/li>\n\n\n\n<li>Erh\u00e4ltlich in anodisiertem Silber, Schwarz, Wei\u00df, Gold und Holzmaserung, um jeden Stil zu erg\u00e4nzen.<\/li>\n<\/ul>\n<\/div>\n<\/div>\n\n\n\n<div class=\"wp-block-group\" style=\"padding-top:var(--wp--preset--spacing--60);padding-bottom:var(--wp--preset--spacing--60)\"><div class=\"wp-block-group__inner-container is-layout-constrained wp-block-group-is-layout-constrained\">\n<div class=\"wp-block-media-text has-media-on-the-right is-stacked-on-mobile\" style=\"grid-template-columns:auto 40%\"><div class=\"wp-block-media-text__content\">\n<h2 class=\"wp-block-heading\" style=\"padding-top:var(--wp--preset--spacing--40);padding-bottom:var(--wp--preset--spacing--40);font-size:25px;font-style:normal;font-weight:600;text-transform:capitalize\">Installationsanleitung<\/h2>\n\n\n\n<ul class=\"wp-block-list\">\n<li>Kleben Sie den 6 mm LED-Streifen in dieses Aluminiumprofil ein.<\/li>\n\n\n\n<li>Dr\u00fccken Sie den Diffusor in dieses Aluminiumprofil.<\/li>\n\n\n\n<li>Einfach zu installieren: Schrauben Sie das Sockelprofil an die Wand oder verwenden Sie starken Konstruktionskleber f\u00fcr ein b\u00fcndiges Finish.<\/li>\n<\/ul>\n<\/div><figure class=\"wp-block-media-text__media\"><img loading=\"lazy\" decoding=\"async\" width=\"500\" height=\"500\" src=\"https:\/\/tangooled.com\/wp-content\/uploads\/2025\/12\/sk02-ins.webp\" alt=\"ultra thin aluminum skirting wall profile for 10mm tile wall\" class=\"wp-image-42132 size-full\" srcset=\"https:\/\/tangooled.com\/wp-content\/uploads\/2025\/12\/sk02-ins.webp 500w, https:\/\/tangooled.com\/wp-content\/uploads\/2025\/12\/sk02-ins-300x300.webp 300w, https:\/\/tangooled.com\/wp-content\/uploads\/2025\/12\/sk02-ins-150x150.webp 150w\" sizes=\"auto, (max-width: 500px) 100vw, 500px\" \/><\/figure><\/div>\n<\/div><\/div>\n\n\n\n<div class=\"wp-block-group has-background is-vertical is-layout-flex wp-container-core-group-is-layout-b429018a wp-block-group-is-layout-flex\" style=\"background-color:#f1f1f1f2;padding-top:var(--wp--preset--spacing--70);padding-bottom:var(--wp--preset--spacing--70)\">\n<h2 class=\"wp-block-heading\" style=\"padding-top:var(--wp--preset--spacing--40);padding-bottom:var(--wp--preset--spacing--40);font-size:25px;font-style:normal;font-weight:600;text-transform:capitalize\">Perfekt f\u00fcr diese Anwendungen<\/h2>\n\n\n\n<ul class=\"wp-block-list\">\n<li>Wohnbedarf: Flure, Wohnzimmer, K\u00fcchen und Badezimmer. Sorgt daf\u00fcr, dass Fliesen und W\u00e4nde vor Wasser und Besch\u00e4digungen gesch\u00fctzt sind.<\/li>\n\n\n\n<li>Gewerbliche R\u00e4ume: Ausstellungsr\u00e4ume, B\u00fcros, Hotels und Einzelh\u00e4ndler. Hilft dabei, W\u00e4nde sauber und schadensfrei zu halten.<\/li>\n\n\n\n<li>\u00d6ffentliche Geb\u00e4ude: Krankenh\u00e4user und Schulen erf\u00fcllen die Anforderungen an Sauberkeit und Langlebigkeit.<\/li>\n\n\n\n<li>Sonderanwendungen: Kann verwendet werden, um die R\u00e4nder von W\u00e4nden und B\u00f6den abzudecken.<\/li>\n<\/ul>\n<\/div>\n\n\n\n<div class=\"wp-block-group is-vertical is-layout-flex wp-container-core-group-is-layout-d255d7c4 wp-block-group-is-layout-flex\" style=\"padding-top:var(--wp--preset--spacing--80);padding-bottom:var(--wp--preset--spacing--80)\">\n<p>Verwandte Produkte auf Tangooled<\/p>\n\n\n\n<ul class=\"wp-block-list\">\n<li><a href=\"https:\/\/tangooled.com\/de\/product\/black-aluminum-u-channel-profile-for-10mm-led-strips\/\"><mark style=\"background-color:rgba(0, 0, 0, 0)\" class=\"has-inline-color has-vivid-red-color\">Schwarzes Aluminium-U-Profil f\u00fcr 10 mm LED-Streifen.<\/mark><\/a><\/li>\n\n\n\n<li><mark style=\"background-color:rgba(0, 0, 0, 0)\" class=\"has-inline-color has-vivid-red-color\"><a href=\"https:\/\/tangooled.com\/de\/product\/surface-mount-led-profile-with-frosted-diffuser-for-10mm-rope-lights\/\">Oberfl\u00e4chenmontiertes LED-Profil mit satinierter Abdeckung<\/a>.<\/mark><\/li>\n\n\n\n<li><a href=\"https:\/\/tangooled.com\/de\/product\/black-led-profile-with-black-diffuser-for-10mm-led-strip-light\/\"><mark style=\"background-color:rgba(0, 0, 0, 0)\" class=\"has-inline-color has-vivid-red-color\">Schwarzes LED-Profil mit schwarzem Diffusor f\u00fcr 10mm LED-Streifen<\/mark><\/a>.<\/li>\n\n\n\n<li><a href=\"https:\/\/tangooled.com\/de\/product\/surface-mount-led-profile-with-frosted-diffuser-for-10mm-rope-lights\/\"><mark style=\"background-color:rgba(0, 0, 0, 0)\" class=\"has-inline-color has-vivid-red-color\">Oberfl\u00e4chenmontierter LED-Profil mit mattiertem Diffusor f\u00fcr 10 mm LED-Lichterketten<\/mark><\/a>.<\/li>\n\n\n\n<li><a href=\"https:\/\/tangooled.com\/de\/product\/ultra-thin-aluminum-skirting-wall-profile-for-10mm-tile-wall\/\"><mark style=\"background-color:rgba(0, 0, 0, 0)\" class=\"has-inline-color has-vivid-red-color\">Ultrad\u00fcnnes Aluminium-Sockelleistenprofil f\u00fcr 10 mm Fliesenw\u00e4nde<\/mark><\/a>.<\/li>\n<\/ul>\n<\/div>\n\n\n\n<div class=\"wp-block-group has-background\" style=\"background-color:#f1f1f1;padding-top:var(--wp--preset--spacing--80);padding-bottom:var(--wp--preset--spacing--80)\"><div class=\"wp-block-group__inner-container is-layout-constrained wp-block-group-is-layout-constrained\">\n<h2 class=\"wp-block-heading\" style=\"padding-top:var(--wp--preset--spacing--40);padding-right:0;padding-bottom:var(--wp--preset--spacing--40);padding-left:0;font-size:25px;font-style:normal;font-weight:600;text-transform:capitalize\">Zusammenfassung<\/h2>\n\n\n\n<p style=\"padding-right:var(--wp--preset--spacing--50);padding-left:var(--wp--preset--spacing--50)\">If you want a modern, long-lasting, and easy-to-install tile edge protector and baseboard, our Ultra Thin Aluminum Skirting Wall Profile for 10mm Tile Wall is the way to go. It protects against chipping, cracking, and dampness for a long time and gives walls and floors a smooth, stylish look. Choose this aluminum profile for homes, workplaces, hospitals, or stores. It&#8217;s lightweight yet robust and won&#8217;t rust, and it will keep its neat edges for years.<\/p>\n<\/div><\/div>\n\n\n\n<p><\/p>","protected":false},"featured_media":13624,"template":"","meta":{"_acf_changed":true,"_seopress_robots_primary_cat":"none","_seopress_titles_title":"Ultra Thin LED Skirting Profile | Baseboard for 10mm Tile SK02","_seopress_titles_desc":"The SK02 is an ultra thin aluminum led skirting profile designed specifically for 10mm tile walls. Achieve a flush, minimalist baseboard finish with integrated linear lighting.","_seopress_robots_index":""},"pcb-width":[228],"product-cat":[198],"class_list":{"0":"post-42103","1":"product","2":"type-product","3":"status-publish","4":"has-post-thumbnail","6":"pcb-width-6-12mm","7":"product-cat-skirting-profile"},"acf":[],"_links":{"self":[{"href":"https:\/\/tangooled.com\/de\/wp-json\/wp\/v2\/product\/42103","targetHints":{"allow":["GET"]}}],"collection":[{"href":"https:\/\/tangooled.com\/de\/wp-json\/wp\/v2\/product"}],"about":[{"href":"https:\/\/tangooled.com\/de\/wp-json\/wp\/v2\/types\/product"}],"wp:featuredmedia":[{"embeddable":true,"href":"https:\/\/tangooled.com\/de\/wp-json\/wp\/v2\/media\/13624"}],"wp:attachment":[{"href":"https:\/\/tangooled.com\/de\/wp-json\/wp\/v2\/media?parent=42103"}],"wp:term":[{"taxonomy":"pcb-width","embeddable":true,"href":"https:\/\/tangooled.com\/de\/wp-json\/wp\/v2\/pcb-width?post=42103"},{"taxonomy":"product-cat","embeddable":true,"href":"https:\/\/tangooled.com\/de\/wp-json\/wp\/v2\/product-cat?post=42103"}],"curies":[{"name":"wp","href":"https:\/\/api.w.org\/{rel}","templated":true}]}}