{"id":42071,"date":"2025-12-15T00:37:30","date_gmt":"2025-12-15T08:37:30","guid":{"rendered":"https:\/\/tangooled.com\/?post_type=product&#038;p=42071"},"modified":"2026-01-31T06:28:44","modified_gmt":"2026-01-31T14:28:44","slug":"up-lighting-led-wall-aluminum-channel-with-tall-flange-for-12mm-led-tape-light","status":"publish","type":"product","link":"https:\/\/tangooled.com\/de\/product\/up-lighting-led-wall-aluminum-channel-with-tall-flange-for-12mm-led-tape-light\/","title":{"rendered":"LED-Wandprofil aus Aluminium mit hoher Flansch f\u00fcr 12mm LED-Bandlicht"},"content":{"rendered":"<div class=\"wp-block-group is-vertical is-layout-flex wp-container-core-group-is-layout-d255d7c4 wp-block-group-is-layout-flex\" style=\"padding-top:var(--wp--preset--spacing--80);padding-bottom:var(--wp--preset--spacing--80)\">\n<p>Unser LED-Wandkanal f\u00fcr Auflicht hat einen hohen Flansch, der es einfach und sicher macht, ihn an einer Wand anzubringen. Dieses Profil ist ideal f\u00fcr eine sch\u00f6ne, indirekte Beleuchtung Ihrer W\u00e4nde.<\/p>\n\n\n\n<p>Der Kanal besteht aus stabilem 6063 T5-extrudiertem Aluminium, was daf\u00fcr sorgt, dass Ihr 12mm LED-Band k\u00fchl bleibt und l\u00e4nger h\u00e4lt. Er hat einen aufsteckbaren Polycarbonat (PC) Diffusor, der das Licht weich macht, Flecken beseitigt und einen sanften, ambienten Schein erzeugt.<\/p>\n\n\n\n<p>Sie k\u00f6nnen den hohen Flansch direkt an der Wand anschrauben, was einen stabilen Wandkanal f\u00fcr die Auflichtinstallation ergibt. Sobald das Aluminiumprofil an der Wand fixiert ist, bringen Sie Ihr LED-Band an und clippen die Endkappen und den Diffusor auf, um ein sauberes und professionelles Aussehen zu erzielen.<\/p>\n\n\n\n<p>Dieses anpassungsf\u00e4hige Profil eignet sich gut f\u00fcr viele verschiedene Anwendungen. Verwenden Sie es in Ihrem Zuhause, um einen modernen Akzent in Wohnzimmern oder Fluren zu setzen. Es verleiht Hotels und Restaurants ein einladendes und elegantes Ambiente. Es ist auch ideal f\u00fcr Gesch\u00e4ftsbereiche, die architektonische Highlights mit exquisitem Auflicht pr\u00e4sentieren m\u00f6chten.<\/p>\n<\/div>\n\n\n\n<div class=\"wp-block-group has-background is-vertical is-layout-flex wp-container-core-group-is-layout-d255d7c4 wp-block-group-is-layout-flex\" style=\"background-color:#f1f1f1;padding-top:var(--wp--preset--spacing--80);padding-bottom:var(--wp--preset--spacing--80)\">\n<div class=\"wp-block-group is-vertical is-layout-flex wp-container-core-group-is-layout-8cf370e7 wp-block-group-is-layout-flex\">\n<h2 class=\"wp-block-heading\" style=\"padding-top:var(--wp--preset--spacing--40);padding-bottom:var(--wp--preset--spacing--40);font-size:25px;font-style:normal;font-weight:600;text-transform:capitalize\">Warum dieses LED-Wandprofil mit hohem Flansch w\u00e4hlen?<\/h2>\n\n\n\n<ul class=\"wp-block-list\">\n<li>Lichtsteuerung: Der 45-Grad-Winkel l\u00e4sst das Licht nach oben und au\u00dfen str\u00f6men, was hervorragend f\u00fcr Wandwaschungen und indirekte Beleuchtung geeignet ist.<\/li>\n\n\n\n<li>Passt f\u00fcr LED-Streifen bis zu 14mm Breite, einschlie\u00dflich Hochleistungs-, RGB+W-LED-B\u00e4ndern und COB-LED-Streifen. Damit k\u00f6nnen Sie all Ihre Beleuchtungsbed\u00fcrfnisse erf\u00fcllen.<\/li>\n\n\n\n<li>Einfach zusammenzubauen: Es wird mit Endkappen und Montageclips f\u00fcr ein sauberes Finish geliefert. Sie k\u00f6nnen es an W\u00e4nden aufh\u00e4ngen oder in architektonischen Nischen platzieren.<\/li>\n\n\n\n<li>Funktioniert gut in modernen Wohnungen, B\u00fcros, Gesch\u00e4ften und Hotels.<\/li>\n\n\n\n<li>Kann vor Ort f\u00fcr einzigartige Installationen zugeschnitten werden.<\/li>\n<\/ul>\n<\/div>\n<\/div>\n\n\n\n<div class=\"wp-block-group is-vertical is-layout-flex wp-container-core-group-is-layout-d255d7c4 wp-block-group-is-layout-flex\" style=\"padding-top:var(--wp--preset--spacing--80);padding-bottom:var(--wp--preset--spacing--80)\">\n<hr class=\"wp-block-separator has-alpha-channel-opacity\"\/>\n\n\n\n<div class=\"wp-block-media-text has-media-on-the-right is-stacked-on-mobile\" style=\"grid-template-columns:auto 40%\"><div class=\"wp-block-media-text__content\">\n<h2 class=\"wp-block-heading\" style=\"padding-top:var(--wp--preset--spacing--40);padding-bottom:var(--wp--preset--spacing--40);font-size:25px;font-style:normal;font-weight:600;text-transform:capitalize\">Wie man diesen Aluminiumkanal f\u00fcr LED-Auflicht verwendet.<\/h2>\n\n\n\n<ul class=\"wp-block-list\">\n<li>Schneiden Sie den Kanal auf die gew\u00fcnschte L\u00e4nge.<\/li>\n\n\n\n<li>Verwenden Sie Schrauben, um den Kanal an den Wandstollen oder der Trockenbauwand zu befestigen.<\/li>\n\n\n\n<li>Legen Sie Ihr 12mm LED-Band innen ein.<\/li>\n\n\n\n<li>Um das Licht weicher zu machen, setzen Sie den mattierten Diffusor auf.<\/li>\n\n\n\n<li>F\u00fcgen Sie Endkappen hinzu, um ein sauberes Aussehen zu erzielen.<\/li>\n<\/ul>\n<\/div><figure class=\"wp-block-media-text__media\"><img loading=\"lazy\" decoding=\"async\" width=\"500\" height=\"500\" src=\"https:\/\/tangooled.com\/wp-content\/uploads\/2025\/12\/wp08-ins.webp\" alt=\"up lighting wall angled led channel inner width 14mm (copy)\" class=\"wp-image-42072 size-full\" srcset=\"https:\/\/tangooled.com\/wp-content\/uploads\/2025\/12\/wp08-ins.webp 500w, https:\/\/tangooled.com\/wp-content\/uploads\/2025\/12\/wp08-ins-300x300.webp 300w, https:\/\/tangooled.com\/wp-content\/uploads\/2025\/12\/wp08-ins-150x150.webp 150w\" sizes=\"auto, (max-width: 500px) 100vw, 500px\" \/><\/figure><\/div>\n<\/div>\n\n\n\n<div class=\"wp-block-group has-background is-vertical is-layout-flex wp-container-core-group-is-layout-b429018a wp-block-group-is-layout-flex\" style=\"background-color:#f1f1f1f2;padding-top:var(--wp--preset--spacing--70);padding-bottom:var(--wp--preset--spacing--70)\">\n<h2 class=\"wp-block-heading\" style=\"padding-top:var(--wp--preset--spacing--40);padding-bottom:var(--wp--preset--spacing--40);font-size:25px;font-style:normal;font-weight:600\">Nutzungsszenarien<\/h2>\n\n\n\n<ul class=\"wp-block-list\">\n<li>Eignet sich f\u00fcr Flure und Wohnzimmer, um sanftes Auflicht zu erzeugen.<\/li>\n\n\n\n<li>Ideal f\u00fcr moderne K\u00fcchen oder Heimkinos, wo die Lichtatmosph\u00e4re entscheidend ist.<\/li>\n\n\n\n<li>Perfekt f\u00fcr die W\u00e4nde von Restaurants, Hotel-Lobbys, B\u00fcrokorridoren und Verkaufsdisplays.<\/li>\n\n\n\n<li>Erzeugt Akzentlichter mit scharfen Linien, die die Architektur hervorheben.<\/li>\n<\/ul>\n<\/div>\n\n\n\n<div class=\"wp-block-group is-vertical is-layout-flex wp-container-core-group-is-layout-d255d7c4 wp-block-group-is-layout-flex\" style=\"padding-top:var(--wp--preset--spacing--80);padding-bottom:var(--wp--preset--spacing--80)\">\n<h2 class=\"wp-block-heading\" style=\"padding-top:var(--wp--preset--spacing--40);padding-bottom:var(--wp--preset--spacing--40);font-size:25px;font-style:normal;font-weight:600;text-transform:capitalize\">Verwandte Produkte f\u00fcr Ihr Projekt<\/h2>\n\n\n\n<ul class=\"wp-block-list\">\n<li>Entdecken Sie das <a href=\"https:\/\/tangooled.com\/de\/product\/black-led-diffuser-aluminum-channel-for-12mm-tape-lights\/\"><mark style=\"background-color:rgba(0, 0, 0, 0)\" class=\"has-inline-color has-vivid-red-color\">schwarzes LED-Diffusor-Aluminiumprofil f\u00fcr 12mm LED-B\u00e4nder <\/mark><\/a>f\u00fcr ein elegantes, dunkles Finish.<\/li>\n\n\n\n<li>\u00dcberpr\u00fcfen Sie dies <a href=\"https:\/\/tangooled.com\/de\/product\/surface-mount-led-profile-with-frosted-diffuser-for-10mm-rope-lights\/\"><mark style=\"background-color:rgba(0, 0, 0, 0)\" class=\"has-inline-color has-vivid-red-color\">Oberfl\u00e4chenmontage LED-Profil mit satiniertem Diffusor f\u00fcr 10mm Seilschn\u00fcre<\/mark><\/a> wenn Sie eine Oberfl\u00e4chenmontageoption w\u00fcnschen.<\/li>\n\n\n\n<li>Testen Sie das <a href=\"https:\/\/tangooled.com\/de\/product\/18x18mm-led-strip-corner-profile-for-12mm-led-strips\/\"><mark style=\"background-color:rgba(0, 0, 0, 0)\" class=\"has-inline-color has-vivid-red-color\">18x18mm LED-Streifen-Eckprofil f\u00fcr 12mm LED-Streifen<\/mark><\/a> f\u00fcr Eckinstallationen.<\/li>\n\n\n\n<li>Ber\u00fccksichtigen Sie die <a href=\"https:\/\/tangooled.com\/de\/product\/recessed-led-aluminum-profile-up-and-down-lighting-channel-for-cabinet\/\"><mark style=\"background-color:rgba(0, 0, 0, 0)\" class=\"has-inline-color has-vivid-red-color\">Eingelassener LED-Aluminiumprofilkanal f\u00fcr die Beleuchtung an Schr\u00e4nken<\/mark><\/a> f\u00fcr eine Auf- und Abbeleuchtung.<\/li>\n\n\n\n<li>Sehen Sie die <a href=\"https:\/\/tangooled.com\/de\/product\/25x14m-surface-mounted-led-light-aluminum-profile\/\"><mark style=\"background-color:rgba(0, 0, 0, 0)\" class=\"has-inline-color has-vivid-red-color\">25x14m oberfl\u00e4chenmontiertes LED-Leuchten-Aluprofil<\/mark><\/a> f\u00fcr erweiterte Oberfl\u00e4chenmontageprojekte.<\/li>\n<\/ul>\n<\/div>\n\n\n\n<div class=\"wp-block-group has-background\" style=\"background-color:#f1f1f1;padding-top:var(--wp--preset--spacing--80);padding-bottom:var(--wp--preset--spacing--80)\"><div class=\"wp-block-group__inner-container is-layout-constrained wp-block-group-is-layout-constrained\">\n<h2 class=\"wp-block-heading\" style=\"padding-top:var(--wp--preset--spacing--40);padding-bottom:var(--wp--preset--spacing--40);font-size:25px;font-style:normal;font-weight:600;text-transform:capitalize\">Warum unser LED-Wandkanal f\u00fcr Auflicht die beste Wahl ist.<\/h2>\n\n\n\n<p style=\"padding-right:var(--wp--preset--spacing--50);padding-left:var(--wp--preset--spacing--50)\">This product is designed for simple installation and long-lasting. It meets the standards for professional architectural lighting and is great for anyone who wants modern lighting design.The tall flange and durable aluminum alloy keep your LED tape safe while giving it a smooth, professional look. It\u2019s also a flexible choice for many locations \u2014 from residential to office to retail.<\/p>\n<\/div><\/div>\n\n\n\n<p><\/p>","protected":false},"featured_media":13519,"template":"","meta":{"_acf_changed":true,"_seopress_robots_primary_cat":"none","_seopress_titles_title":"Up Lighting LED Wall Channel with Tall Flange | TANGOOLED","_seopress_titles_desc":"The WP08 is a professional up lighting led wall channel featuring a tall flange to eliminate glare. Optimized for 12mm led tape lights, this aluminum profile creates a clean upward glow for architectural wall washing.","_seopress_robots_index":""},"pcb-width":[228],"product-cat":[195],"class_list":{"0":"post-42071","1":"product","2":"type-product","3":"status-publish","4":"has-post-thumbnail","6":"pcb-width-6-12mm","7":"product-cat-wall-mout-profile"},"acf":[],"_links":{"self":[{"href":"https:\/\/tangooled.com\/de\/wp-json\/wp\/v2\/product\/42071","targetHints":{"allow":["GET"]}}],"collection":[{"href":"https:\/\/tangooled.com\/de\/wp-json\/wp\/v2\/product"}],"about":[{"href":"https:\/\/tangooled.com\/de\/wp-json\/wp\/v2\/types\/product"}],"wp:featuredmedia":[{"embeddable":true,"href":"https:\/\/tangooled.com\/de\/wp-json\/wp\/v2\/media\/13519"}],"wp:attachment":[{"href":"https:\/\/tangooled.com\/de\/wp-json\/wp\/v2\/media?parent=42071"}],"wp:term":[{"taxonomy":"pcb-width","embeddable":true,"href":"https:\/\/tangooled.com\/de\/wp-json\/wp\/v2\/pcb-width?post=42071"},{"taxonomy":"product-cat","embeddable":true,"href":"https:\/\/tangooled.com\/de\/wp-json\/wp\/v2\/product-cat?post=42071"}],"curies":[{"name":"wp","href":"https:\/\/api.w.org\/{rel}","templated":true}]}}