{"id":38886,"date":"2025-08-20T22:52:22","date_gmt":"2025-08-21T06:52:22","guid":{"rendered":"https:\/\/tangooled.com\/?post_type=product&#038;p=38886"},"modified":"2026-02-02T02:20:38","modified_gmt":"2026-02-02T10:20:38","slug":"v-shape-diffuser-corner-led-profile-inner-20mm","status":"publish","type":"product","link":"https:\/\/tangooled.com\/de\/product\/v-shape-diffuser-corner-led-profile-inner-20mm\/","title":{"rendered":"V-Form Diffuser Eck Aluminium LED-Profil innen 20mm"},"content":{"rendered":"<div class=\"wp-block-group is-vertical is-layout-flex wp-container-core-group-is-layout-d255d7c4 wp-block-group-is-layout-flex\" style=\"padding-top:var(--wp--preset--spacing--80);padding-bottom:var(--wp--preset--spacing--80)\">\n<p>Unser V-Form-Diffuser-Eck-LED-Profil ist eine ideale M\u00f6glichkeit, um Ihre Ecken zu beleuchten. Dieses robuste Aluminiumprofil ist so konzipiert, dass es perfekt in jede 90-Grad-Ecke passt. Es kann LED-Streifenlichter von bis zu 20 mm Breite sicher unterst\u00fctzen.<\/p>\n\n\n\n<p>Dieses Profil gibt ein sanftes, gleichm\u00e4\u00dfiges Licht ab, ohne blendende Stellen, was sicherstellt, dass Ihre Beleuchtung glatt und sauber ist. Der mitgelieferte mattierte Diffusor deckt hei\u00dfe Bereiche ab und mildert scharfe LED-Punkte in kontinuierliches Licht. Das robuste anodisierte Aluminiumprofil hilft auch, Ihre LED-Streifen k\u00fchl zu halten, was sie vor Staub und Besch\u00e4digung sch\u00fctzt und ihre Lebensdauer verl\u00e4ngert.<\/p>\n<\/div>\n\n\n\n<div class=\"wp-block-group has-background is-vertical is-layout-flex wp-container-core-group-is-layout-d255d7c4 wp-block-group-is-layout-flex\" style=\"background-color:#f1f1f1;padding-top:var(--wp--preset--spacing--80);padding-bottom:var(--wp--preset--spacing--80)\">\n<div class=\"wp-block-group is-vertical is-layout-flex wp-container-core-group-is-layout-8cf370e7 wp-block-group-is-layout-flex\">\n<h2 class=\"wp-block-heading\" style=\"padding-top:var(--wp--preset--spacing--40);padding-bottom:var(--wp--preset--spacing--40);font-size:25px;font-style:normal;font-weight:600;text-transform:capitalize\">Was macht dieses V-Form-Profil besonders?<\/h2>\n\n\n\n<ul class=\"wp-block-list\">\n<li>Gleichm\u00e4\u00dfige Lichtabgabe: Der mattierte Diffusor sorgt f\u00fcr eine gleichm\u00e4\u00dfige Lichtlinie ohne Flecken oder Blendung.<\/li>\n\n\n\n<li>Hochwertiges Aluminium: Ein Kanal, der robust und langlebig ist und als K\u00fchlk\u00f6rper fungiert.<\/li>\n\n\n\n<li>Einfach zusammenzubauen: Schrauben Sie einfach das Profil an die Oberfl\u00e4che und klicken Sie den Diffusor auf.&nbsp;<\/li>\n\n\n\n<li>Funktioniert mit hochlichten LED-Streifen, intelligenten LED-B\u00e4ndern oder doppelt-reihigen LED-Streifen mit zus\u00e4tzlichem Platz. Funktioniert hervorragend mit 20mm LED-Streifen.<\/li>\n<\/ul>\n<\/div>\n<\/div>\n\n\n\n<div class=\"wp-block-group\" style=\"padding-top:var(--wp--preset--spacing--60);padding-bottom:var(--wp--preset--spacing--60)\"><div class=\"wp-block-group__inner-container is-layout-constrained wp-block-group-is-layout-constrained\">\n<div class=\"wp-block-media-text has-media-on-the-right is-stacked-on-mobile\" style=\"grid-template-columns:auto 40%\"><div class=\"wp-block-media-text__content\">\n<h2 class=\"wp-block-heading\" style=\"padding-top:var(--wp--preset--spacing--40);padding-bottom:var(--wp--preset--spacing--40);font-size:25px;font-style:normal;font-weight:600;text-transform:capitalize\">So installieren Sie einfach<\/h2>\n\n\n\n<ul class=\"wp-block-list\">\n<li>Verwenden Sie Schrauben, um dieses Kanalprofil an der Ecke zu befestigen.<\/li>\n\n\n\n<li>Platzieren Sie den LED-Streifen im Kanal.<\/li>\n\n\n\n<li>Klicken Sie den LED-Diffusor auf, um das Licht gleichm\u00e4\u00dfig zu verteilen.<\/li>\n\n\n\n<li>Setzen Sie die Endkappen auf, um es fertig aussehen zu lassen.<\/li>\n<\/ul>\n<\/div><figure class=\"wp-block-media-text__media\"><img loading=\"lazy\" decoding=\"async\" width=\"500\" height=\"500\" src=\"https:\/\/tangooled.com\/wp-content\/uploads\/2025\/08\/la30a-ins.webp\" alt=\"V-Form Diffuser Eck Aluminium LED-Profil innen 20mm\" class=\"wp-image-41961 size-full\" srcset=\"https:\/\/tangooled.com\/wp-content\/uploads\/2025\/08\/la30a-ins.webp 500w, https:\/\/tangooled.com\/wp-content\/uploads\/2025\/08\/la30a-ins-300x300.webp 300w, https:\/\/tangooled.com\/wp-content\/uploads\/2025\/08\/la30a-ins-150x150.webp 150w\" sizes=\"auto, (max-width: 500px) 100vw, 500px\" \/><\/figure><\/div>\n<\/div><\/div>\n\n\n\n<div class=\"wp-block-group has-background is-vertical is-layout-flex wp-container-core-group-is-layout-b429018a wp-block-group-is-layout-flex\" style=\"background-color:#f1f1f1f2;padding-top:var(--wp--preset--spacing--70);padding-bottom:var(--wp--preset--spacing--70)\">\n<h2 class=\"wp-block-heading\" style=\"padding-top:var(--wp--preset--spacing--40);padding-bottom:var(--wp--preset--spacing--40);font-size:25px;font-style:normal;font-weight:600;text-transform:capitalize\">So verwenden Sie das V-Form-Diffuser-Eck-LED-Profil<\/h2>\n\n\n\n<p style=\"padding-right:var(--wp--preset--spacing--50);padding-left:var(--wp--preset--spacing--50)\">Dieses Aluminiumprofil ist sehr n\u00fctzlich f\u00fcr viele Beleuchtungsprojekte. Es strahlt Licht in einem 45-Grad-Winkel aus und funktioniert mit breiten LED-Streifenlichtern (bis zu 20mm). Ideal f\u00fcr Orte, an denen Licht gleichm\u00e4\u00dfig in Ecken verteilt werden muss.<\/p>\n\n\n\n<ul class=\"wp-block-list\">\n<li>Lampen unter Schr\u00e4nken in K\u00fcchen&nbsp;<\/li>\n\n\n\n<li>Beleuchtung in Kleiderschr\u00e4nken und Vorratsr\u00e4umen&nbsp;<\/li>\n\n\n\n<li>Beleuchtung auf Verkaufsregalen<\/li>\n\n\n\n<li>Beleuchtung in architektonischen Nischen&nbsp;<\/li>\n<\/ul>\n<\/div>\n\n\n\n<div class=\"wp-block-group is-vertical is-layout-flex wp-container-core-group-is-layout-d255d7c4 wp-block-group-is-layout-flex\" style=\"padding-top:var(--wp--preset--spacing--80);padding-bottom:var(--wp--preset--spacing--80)\">\n<h2 class=\"wp-block-heading\" style=\"padding-top:var(--wp--preset--spacing--40);padding-bottom:var(--wp--preset--spacing--40);font-size:25px;font-style:normal;font-weight:600;text-transform:capitalize\">Anwendungen von Oberfl\u00e4chenmontage-LED-Profilen<\/h2>\n\n\n\n<p>Unser V-Form-Diffuser-Eck-Aluminium-LED-Profil wurde entwickelt, um Ihr Licht sauber, hell und professionell aussehen zu lassen. Es passt zu breiten LED-Streifen, sch\u00fctzt sie und verbreitet das Licht gleichm\u00e4\u00dfig in kleinen R\u00e4umen. Verwenden Sie es in K\u00fcchen, Schr\u00e4nken, B\u00fcros und Ladenauslagen, um das richtige Gleichgewicht zwischen Stil und N\u00fctzlichkeit zu finden. Sie k\u00f6nnen Ihr Beleuchtungssystem schnell abschlie\u00dfen, indem Sie verschiedene <a href=\"https:\/\/tangooled.com\/de\/led-profiles\/\"><mark style=\"background-color:rgba(0, 0, 0, 0)\" class=\"has-inline-color has-vivid-red-color\">Aluminiumprofile<\/mark><\/a> auf der Tangooled-Website<\/p>\n<\/div>","protected":false},"featured_media":40756,"template":"","meta":{"_acf_changed":false,"_seopress_robots_primary_cat":"none","_seopress_titles_title":"V Shape Diffuser Corner LED Profile | 20mm Inner Width | TANGOOLED","_seopress_titles_desc":"Source the LA30A V shape diffuser corner LED profile. Features a 20mm inner width for high-output strips and heavy-duty aluminum for heat management.","_seopress_robots_index":""},"pcb-width":[229],"product-cat":[196],"class_list":{"0":"post-38886","1":"product","2":"type-product","3":"status-publish","4":"has-post-thumbnail","6":"pcb-width-15-20mm","7":"product-cat-corner-profile"},"acf":[],"_links":{"self":[{"href":"https:\/\/tangooled.com\/de\/wp-json\/wp\/v2\/product\/38886","targetHints":{"allow":["GET"]}}],"collection":[{"href":"https:\/\/tangooled.com\/de\/wp-json\/wp\/v2\/product"}],"about":[{"href":"https:\/\/tangooled.com\/de\/wp-json\/wp\/v2\/types\/product"}],"wp:featuredmedia":[{"embeddable":true,"href":"https:\/\/tangooled.com\/de\/wp-json\/wp\/v2\/media\/40756"}],"wp:attachment":[{"href":"https:\/\/tangooled.com\/de\/wp-json\/wp\/v2\/media?parent=38886"}],"wp:term":[{"taxonomy":"pcb-width","embeddable":true,"href":"https:\/\/tangooled.com\/de\/wp-json\/wp\/v2\/pcb-width?post=38886"},{"taxonomy":"product-cat","embeddable":true,"href":"https:\/\/tangooled.com\/de\/wp-json\/wp\/v2\/product-cat?post=38886"}],"curies":[{"name":"wp","href":"https:\/\/api.w.org\/{rel}","templated":true}]}}