{"id":35408,"date":"2025-07-03T22:21:36","date_gmt":"2025-07-04T06:21:36","guid":{"rendered":"https:\/\/tangooled.com\/?post_type=product&#038;p=35408"},"modified":"2026-01-31T01:47:57","modified_gmt":"2026-01-31T09:47:57","slug":"up-lighting-wall-angled-led-channel-inner-width-14mm","status":"publish","type":"product","link":"https:\/\/tangooled.com\/de\/product\/up-lighting-wall-angled-led-channel-inner-width-14mm\/","title":{"rendered":"Wandeinbau LED-Kanal mit schr\u00e4g angebrachtem Auflicht, Innenbreite 14mm"},"content":{"rendered":"<div class=\"wp-block-group is-vertical is-layout-flex wp-container-core-group-is-layout-d255d7c4 wp-block-group-is-layout-flex\" style=\"padding-top:var(--wp--preset--spacing--80);padding-bottom:var(--wp--preset--spacing--80)\">\n<p>Unser LED-Kanal f\u00fcr schr\u00e4g angewinkeltes Auflicht wird Ihre W\u00e4nde heller machen. Der Kanal besteht aus anodisiertem Aluminium 6063-T5, das stark ist. Er ist so konzipiert, dass er das Licht in einem Winkel von 45 Grad auf die W\u00e4nde strahlt. Diese genaue Position sendet weiches Licht nach oben, ohne Blendung oder dunkle Flecken.<\/p>\n\n\n\n<p>Dieser LED-Kanal f\u00fcr schr\u00e4g angebrachtes Auflicht kann zahlreiche LED-Streifen halten und hat eine Innenbreite von 14 mm. Wir bieten auch drei verschiedene Diffusoren an: opal, matt und klar. Sie k\u00f6nnen denjenigen ausw\u00e4hlen, der Ihnen das beste Licht gibt. Der Kanal enth\u00e4lt Endkappen und Montageclips, um sicherzustellen, dass das Finish sauber und komplett ist.<\/p>\n\n\n\n<p>Diese Technologie ist gro\u00dfartig f\u00fcr architektonische Beleuchtung, da sie gleichm\u00e4\u00dfiges, punktfreies Licht nach oben abgibt. Sie funktioniert effektiv in Wohnh\u00e4usern, Hotels und Unternehmen.<\/p>\n<\/div>\n\n\n\n<div class=\"wp-block-group has-background is-vertical is-layout-flex wp-container-core-group-is-layout-d255d7c4 wp-block-group-is-layout-flex\" style=\"background-color:#f1f1f1;padding-top:var(--wp--preset--spacing--80);padding-bottom:var(--wp--preset--spacing--80)\">\n<div class=\"wp-block-group is-vertical is-layout-flex wp-container-core-group-is-layout-8cf370e7 wp-block-group-is-layout-flex\">\n<h2 class=\"wp-block-heading\" style=\"padding-top:var(--wp--preset--spacing--40);padding-bottom:var(--wp--preset--spacing--40);font-size:25px;font-style:normal;font-weight:600;text-transform:capitalize\">Warum unser LED-Kanal f\u00fcr schr\u00e4g angebrachtes Auflicht w\u00e4hlen?<\/h2>\n\n\n\n<ul class=\"wp-block-list\">\n<li>Lichtsteuerung: Der 45-Grad-Winkel l\u00e4sst das Licht nach oben und au\u00dfen str\u00f6men, was hervorragend f\u00fcr Wandwaschungen und indirekte Beleuchtung geeignet ist.<\/li>\n\n\n\n<li>Passt f\u00fcr LED-Streifen bis zu 14mm Breite, einschlie\u00dflich Hochleistungs-, RGB+W-LED-B\u00e4ndern und COB-LED-Streifen. Damit k\u00f6nnen Sie all Ihre Beleuchtungsbed\u00fcrfnisse erf\u00fcllen.<\/li>\n\n\n\n<li>Einfach zusammenzubauen: Es wird mit Endkappen und Montageclips f\u00fcr ein sauberes Finish geliefert. Sie k\u00f6nnen es an W\u00e4nden aufh\u00e4ngen oder in architektonischen Nischen platzieren.<\/li>\n\n\n\n<li>Funktioniert gut in modernen Wohnungen, B\u00fcros, Gesch\u00e4ften und Hotels.<\/li>\n\n\n\n<li>Kann vor Ort f\u00fcr einzigartige Installationen zugeschnitten werden.<\/li>\n<\/ul>\n<\/div>\n<\/div>\n\n\n\n<div class=\"wp-block-group\" style=\"padding-top:var(--wp--preset--spacing--60);padding-bottom:var(--wp--preset--spacing--60)\"><div class=\"wp-block-group__inner-container is-layout-constrained wp-block-group-is-layout-constrained\">\n<div class=\"wp-block-media-text has-media-on-the-right is-stacked-on-mobile\"><div class=\"wp-block-media-text__content\">\n<h2 class=\"wp-block-heading\" style=\"padding-top:var(--wp--preset--spacing--40);padding-bottom:var(--wp--preset--spacing--40);font-size:25px;font-style:normal;font-weight:600;text-transform:capitalize\">H\u00e4ufige Anwendungsszenarien<\/h2>\n\n\n\n<ul class=\"wp-block-list\">\n<li>Akzentw\u00e4nde: Verwenden Sie unseren Kanal, um W\u00e4nde mit Texturen wie Ziegel oder Stein hervorzuheben.<\/li>\n\n\n\n<li>Wohnzimmer und Schlafzimmer: F\u00fcgen Sie sanftes, warmes Auflicht hinzu, um die Stimmung zu setzen und eine gem\u00fctliche Atmosph\u00e4re zu schaffen.<\/li>\n\n\n\n<li>Hallways and Corridors: Give modern lighting that doesn&#8217;t glare.<\/li>\n\n\n\n<li>Home Theaters: Make the perfect mood lighting that isn&#8217;t too bright.<\/li>\n<\/ul>\n<\/div><figure class=\"wp-block-media-text__media\"><img loading=\"lazy\" decoding=\"async\" width=\"500\" height=\"500\" src=\"https:\/\/tangooled.com\/wp-content\/uploads\/2025\/07\/wp02-ins.webp\" alt=\"up lighting led wall aluminum channel with tall flange for 12mm led tape light\" class=\"wp-image-42068 size-full\" srcset=\"https:\/\/tangooled.com\/wp-content\/uploads\/2025\/07\/wp02-ins.webp 500w, https:\/\/tangooled.com\/wp-content\/uploads\/2025\/07\/wp02-ins-300x300.webp 300w, https:\/\/tangooled.com\/wp-content\/uploads\/2025\/07\/wp02-ins-150x150.webp 150w\" sizes=\"auto, (max-width: 500px) 100vw, 500px\" \/><\/figure><\/div>\n<\/div><\/div>\n\n\n\n<div class=\"wp-block-group has-background is-vertical is-layout-flex wp-container-core-group-is-layout-b429018a wp-block-group-is-layout-flex\" style=\"background-color:#f1f1f1f2;padding-top:var(--wp--preset--spacing--70);padding-bottom:var(--wp--preset--spacing--70)\">\n<h2 class=\"wp-block-heading\" style=\"padding-top:var(--wp--preset--spacing--40);padding-bottom:var(--wp--preset--spacing--40);font-size:25px;font-style:normal;font-weight:600\">What\u2019s in the Box?<\/h2>\n\n\n\n<ul class=\"wp-block-list\">\n<li>1 x Aluminium LED-Kanal mit schr\u00e4g angebrachtem Auflicht <\/li>\n\n\n\n<li>1 x Mattes Diffusordeckel (zum Einrasten)<\/li>\n\n\n\n<li>2 x Montageclips pro Meter<\/li>\n\n\n\n<li>2 x Endkappen (ungepr\u00e4gt und mit Drahtloch)<\/li>\n<\/ul>\n<\/div>\n\n\n\n<div class=\"wp-block-group is-vertical is-layout-flex wp-container-core-group-is-layout-d255d7c4 wp-block-group-is-layout-flex\" style=\"padding-top:var(--wp--preset--spacing--80);padding-bottom:var(--wp--preset--spacing--80)\">\n<h2 class=\"wp-block-heading\" style=\"padding-top:var(--wp--preset--spacing--40);padding-bottom:var(--wp--preset--spacing--40);font-size:25px;font-style:normal;font-weight:600;text-transform:capitalize\">\u00c4hnliche Produkte entdecken<\/h2>\n\n\n\n<ul class=\"wp-block-list\">\n<li>F\u00fcr schmale LED-Streifen, werfen Sie einen Blick auf dieses <a href=\"https:\/\/tangooled.com\/de\/product\/black-led-profile-with-black-diffuser-for-10mm-led-strip-light\/\"><mark style=\"background-color:rgba(0, 0, 0, 0)\" class=\"has-inline-color has-vivid-red-color\">schwarzes LED-Profil mit schwarzem Diffusor f\u00fcr 10mm LED-Streifen<\/mark><\/a>.<\/li>\n\n\n\n<li>Ben\u00f6tigen Sie einen Diffusor f\u00fcr mittlere Breite? Sehen Sie sich den <a href=\"https:\/\/tangooled.com\/de\/product\/black-led-diffuser-aluminum-channel-for-12mm-tape-lights\/\"><mark style=\"background-color:rgba(0, 0, 0, 0)\" class=\"has-inline-color has-vivid-red-color\">schwarzen LED-Diffusor-Aluminiumkanal f\u00fcr 12mm Band <\/mark><\/a><a href=\"https:\/\/tangooled.com\/de\/product\/led-strip-light-channel-aluminum-profile-with-diffused-cover-6mm-height\/\"><mark style=\"background-color:rgba(0, 0, 0, 0)\" class=\"has-inline-color has-vivid-red-color\">Lichter<\/mark><\/a>.<\/li>\n\n\n\n<li>M\u00f6chten Sie ein schlankes Profil? Probieren Sie den <a href=\"https:\/\/tangooled.com\/de\/product\/led-strip-light-channel-aluminum-profile-with-diffused-cover-6mm-height\/\"><mark style=\"background-color:rgba(0, 0, 0, 0)\" class=\"has-inline-color has-vivid-red-color\">Aluminiumprofil f\u00fcr LED-Streifen mit diffundierender Abdeckung, H\u00f6he 6 mm<\/mark><\/a>.<\/li>\n<\/ul>\n<\/div>\n\n\n\n<div class=\"wp-block-group has-background\" style=\"background-color:#f1f1f1;padding-top:var(--wp--preset--spacing--80);padding-bottom:var(--wp--preset--spacing--80)\"><div class=\"wp-block-group__inner-container is-layout-constrained wp-block-group-is-layout-constrained\">\n<h2 class=\"wp-block-heading\" style=\"padding-top:var(--wp--preset--spacing--40);padding-bottom:var(--wp--preset--spacing--40);font-size:25px;font-style:normal;font-weight:600;text-transform:capitalize\">Zusammenfassung<\/h2>\n\n\n\n<p style=\"padding-right:var(--wp--preset--spacing--50);padding-left:var(--wp--preset--spacing--50)\">Unser LED-Kanal f\u00fcr schr\u00e4g angebrachtes Auflicht mit einer Innenbreite von 14mm ist die beste Wahl f\u00fcr sauberes, helles und langlebiges Auflicht. Er passt f\u00fcr viele LED-Streifen, sch\u00fctzt Ihre LEDs und erzeugt sch\u00f6ne indirekte Lichteffekte f\u00fcr jeden Raum.<\/p>\n<\/div><\/div>\n\n\n\n<p><\/p>","protected":false},"featured_media":13473,"template":"","meta":{"_acf_changed":true,"_seopress_robots_primary_cat":"none","_seopress_titles_title":"Up Lighting Wall Angled LED Channel | 14mm Inner Width WP01 Profile | TANGOOLED","_seopress_titles_desc":"The WP02 is a professional up lighting wall angled led channel with a 14mm inner width. Designed for indirect wall washing, its angled aluminum profile creates a soft upward glow.","_seopress_robots_index":""},"pcb-width":[228],"product-cat":[195],"class_list":{"0":"post-35408","1":"product","2":"type-product","3":"status-publish","4":"has-post-thumbnail","6":"pcb-width-6-12mm","7":"product-cat-wall-mout-profile"},"acf":[],"_links":{"self":[{"href":"https:\/\/tangooled.com\/de\/wp-json\/wp\/v2\/product\/35408","targetHints":{"allow":["GET"]}}],"collection":[{"href":"https:\/\/tangooled.com\/de\/wp-json\/wp\/v2\/product"}],"about":[{"href":"https:\/\/tangooled.com\/de\/wp-json\/wp\/v2\/types\/product"}],"wp:featuredmedia":[{"embeddable":true,"href":"https:\/\/tangooled.com\/de\/wp-json\/wp\/v2\/media\/13473"}],"wp:attachment":[{"href":"https:\/\/tangooled.com\/de\/wp-json\/wp\/v2\/media?parent=35408"}],"wp:term":[{"taxonomy":"pcb-width","embeddable":true,"href":"https:\/\/tangooled.com\/de\/wp-json\/wp\/v2\/pcb-width?post=35408"},{"taxonomy":"product-cat","embeddable":true,"href":"https:\/\/tangooled.com\/de\/wp-json\/wp\/v2\/product-cat?post=35408"}],"curies":[{"name":"wp","href":"https:\/\/api.w.org\/{rel}","templated":true}]}}