{"id":35407,"date":"2025-07-03T22:18:59","date_gmt":"2025-07-04T06:18:59","guid":{"rendered":"https:\/\/tangooled.com\/?post_type=product&#038;p=35407"},"modified":"2026-01-26T23:41:44","modified_gmt":"2026-01-27T07:41:44","slug":"wall-mount-up-lighting-led-profile-with-outer-curved-aluminum-channel","status":"publish","type":"product","link":"https:\/\/tangooled.com\/de\/product\/wall-mount-up-lighting-led-profile-with-outer-curved-aluminum-channel\/","title":{"rendered":"Wandmontiertes LED-Profil mit \u00e4u\u00dferem gebogenen Aluminiumkanal"},"content":{"rendered":"<div class=\"wp-block-group is-vertical is-layout-flex wp-container-core-group-is-layout-d255d7c4 wp-block-group-is-layout-flex\" style=\"padding-top:var(--wp--preset--spacing--80);padding-bottom:var(--wp--preset--spacing--80)\">\n<p>Entdecken Sie unser LED-Wandprofil mit \u00e4u\u00dferer, gebogener Aluminium-Extrusion. Dieses neue Design hat zwei Teile: einen Hauptkanal f\u00fcr Ihren LED-Streifen und eine gebogene Aluminiumabdeckung, die au\u00dfen eingeklickt wird. Der integrierte PC-Diffusor macht das Licht weicher und verleiht ihm einen sanften, angenehmen Schimmer.<\/p>\n\n\n\n<p>Die Installation ist unkompliziert. Schrauben Sie einfach den Hauptwandmontagekanal an die Wand, und klemmen Sie dann die gebogene Aluminiumabdeckung f\u00fcr ein glattes, schraubenfreies Aussehen auf. Sie k\u00f6nnen es f\u00fcr n\u00fctzliche Deckenbeleuchtung oder funktionale Stehlampen montieren, die Ihnen die vollst\u00e4ndige Kontrolle \u00fcber die Stimmung in Ihrem Raum geben.<\/p>\n\n\n\n<p>Was dieses Profil besonders macht, ist seine F\u00e4higkeit, kontinuierliche Lichtlinien zu erzeugen. Mit Hilfe von Verbindungsst\u00fccken k\u00f6nnen Sie Abschnitte einfach verbinden, um innen und au\u00dfen Ecken zu navigieren, perfekt zum Umrei\u00dfen von W\u00e4nden oder architektonischen Merkmalen.<\/p>\n\n\n\n<p>Dieser anpassbare Lichtkanal ist ideal f\u00fcr jede Umgebung. Er kann in Wohnr\u00e4umen als moderne Akzente im Flur oder Wohnzimmer, in Hotels zur Verfeinerung oder in gewerblichen R\u00e4umen zur Schaffung dynamischer und ansprechender Umgebungen verwendet werden.<\/p>\n<\/div>\n\n\n\n<div class=\"wp-block-group has-background is-vertical is-layout-flex wp-container-core-group-is-layout-d255d7c4 wp-block-group-is-layout-flex\" style=\"background-color:#f1f1f1;padding-top:var(--wp--preset--spacing--80);padding-bottom:var(--wp--preset--spacing--80)\">\n<div class=\"wp-block-group is-vertical is-layout-flex wp-container-core-group-is-layout-8cf370e7 wp-block-group-is-layout-flex\">\n<h2 class=\"wp-block-heading\" style=\"padding-top:var(--wp--preset--spacing--40);padding-bottom:var(--wp--preset--spacing--40);font-size:25px;font-style:normal;font-weight:600;text-transform:capitalize\">Warum dieses Profil w\u00e4hlen?<\/h2>\n\n\n\n<ul class=\"wp-block-list\">\n<li>Hergestellt f\u00fcr moderne Wohnungen und architektonische Anwendungen.<\/li>\n\n\n\n<li>Ideal f\u00fcr Wandleuchten und Akzentbeleuchtung.<\/li>\n\n\n\n<li>Erzeugt zarte Wandwasch- und grazing-Effekte ohne Blendeffekte.<\/li>\n\n\n\n<li>Funktioniert in einer Vielzahl von gewerblichen Anwendungen, wie Beleuchtung f\u00fcr Hotels, Unternehmen und Schulen.<\/li>\n<\/ul>\n<\/div>\n<\/div>\n\n\n\n<div class=\"wp-block-group\" style=\"padding-top:var(--wp--preset--spacing--60);padding-bottom:var(--wp--preset--spacing--60)\"><div class=\"wp-block-group__inner-container is-layout-constrained wp-block-group-is-layout-constrained\">\n<div class=\"wp-block-media-text has-media-on-the-right is-stacked-on-mobile\" style=\"grid-template-columns:auto 40%\"><div class=\"wp-block-media-text__content\">\n<h2 class=\"wp-block-heading\" style=\"padding-top:var(--wp--preset--spacing--40);padding-bottom:var(--wp--preset--spacing--40);font-size:25px;font-style:normal;font-weight:600;text-transform:capitalize\">Installation<\/h2>\n\n\n\n<ul class=\"wp-block-list\">\n<li>Befestigen Sie den Aluminium-Lichtkanal mit Schrauben an der Wand.<\/li>\n\n\n\n<li>Befestigen Sie die LED-Streifen in diesem Lichtkanal.<\/li>\n\n\n\n<li>Klicken Sie die Diffusorabdeckung ein, um die LEDs zu sch\u00fctzen und das Licht zu d\u00e4mpfen.<\/li>\n\n\n\n<li>Befestigen Sie das gebogene Aluminiumteil und die Endkappen am Lichtkanal f\u00fcr ein sauberes Finish.<\/li>\n\n\n\n<li>Schlie\u00dfen Sie die Stromversorgung an und genie\u00dfen Sie Ihre indirekte Deckenbeleuchtung.<\/li>\n<\/ul>\n<\/div><figure class=\"wp-block-media-text__media\"><img loading=\"lazy\" decoding=\"async\" width=\"500\" height=\"500\" src=\"https:\/\/tangooled.com\/wp-content\/uploads\/2025\/07\/wp07-ins.webp\" alt=\"Wandmontiertes LED-Profil mit \u00e4u\u00dferem gebogenen Aluminiumkanal\" class=\"wp-image-42099 size-full\" srcset=\"https:\/\/tangooled.com\/wp-content\/uploads\/2025\/07\/wp07-ins.webp 500w, https:\/\/tangooled.com\/wp-content\/uploads\/2025\/07\/wp07-ins-300x300.webp 300w, https:\/\/tangooled.com\/wp-content\/uploads\/2025\/07\/wp07-ins-150x150.webp 150w\" sizes=\"auto, (max-width: 500px) 100vw, 500px\" \/><\/figure><\/div>\n<\/div><\/div>\n\n\n\n<div class=\"wp-block-group has-background is-vertical is-layout-flex wp-container-core-group-is-layout-b429018a wp-block-group-is-layout-flex\" style=\"background-color:#f1f1f1f2;padding-top:var(--wp--preset--spacing--70);padding-bottom:var(--wp--preset--spacing--70)\">\n<h2 class=\"wp-block-heading\" style=\"padding-top:var(--wp--preset--spacing--40);padding-bottom:var(--wp--preset--spacing--40);font-size:25px;font-style:normal;font-weight:600;text-transform:capitalize\">what&#8217;s in the kit?<\/h2>\n\n\n\n<ul class=\"wp-block-list\">\n<li>2x eloxierte Aluminiumkan\u00e4le (einer f\u00fcr die Montage, einer f\u00fcr die LED-Streifen)<\/li>\n\n\n\n<li>1x opaler Lichtdiffusor<\/li>\n\n\n\n<li>Endkappen<\/li>\n\n\n\n<li>Verbindungsst\u00fccke f\u00fcr kontinuierliche Verbindungen<\/li>\n<\/ul>\n<\/div>\n\n\n\n<div class=\"wp-block-group is-vertical is-layout-flex wp-container-core-group-is-layout-d255d7c4 wp-block-group-is-layout-flex\" style=\"padding-top:var(--wp--preset--spacing--80);padding-bottom:var(--wp--preset--spacing--80)\">\n<h2 class=\"wp-block-heading\" style=\"padding-top:var(--wp--preset--spacing--40);padding-bottom:var(--wp--preset--spacing--40);font-size:25px;font-style:normal;font-weight:600;text-transform:capitalize\">Wo zu verwenden<\/h2>\n\n\n\n<ul class=\"wp-block-list\">\n<li>Wohnzimmer: Schafft eine warme und gehobene Atmosph\u00e4re mit indirektem Licht.<\/li>\n\n\n\n<li>Flure: F\u00fcgt n\u00fctzliches Licht hinzu, ohne zu viel Platz einzunehmen.<\/li>\n\n\n\n<li>Home Theaters: Reduziert Blendeffekte und bringt W\u00e4nde und Decken zur Geltung.<\/li>\n\n\n\n<li>Einzelhandelsgesch\u00e4fte: Verwendet moderne Akzentbeleuchtung, um Aufmerksamkeit auf Produkte zu lenken.<\/li>\n\n\n\n<li>Restaurants: Weiches, einladendes Licht sorgt f\u00fcr Wohlbefinden.<\/li>\n\n\n\n<li>Offices: A modern style and light that doesn&#8217;t glare make it comfortable.<\/li>\n<\/ul>\n<\/div>\n\n\n\n<div class=\"wp-block-group has-background\" style=\"background-color:#f1f1f1;padding-top:var(--wp--preset--spacing--80);padding-bottom:var(--wp--preset--spacing--80)\"><div class=\"wp-block-group__inner-container is-layout-constrained wp-block-group-is-layout-constrained\">\n<h2 class=\"wp-block-heading\" style=\"padding-top:var(--wp--preset--spacing--40);padding-bottom:var(--wp--preset--spacing--40);font-size:25px;font-style:normal;font-weight:600;text-transform:capitalize\">Weitere Profile und Zubeh\u00f6r entdecken:<\/h2>\n\n\n\n<ul class=\"wp-block-list\">\n<li><a href=\"https:\/\/tangooled.com\/de\/product\/black-led-profile-with-black-diffuser-for-10mm-led-strip-light\/\"><mark style=\"background-color:rgba(0, 0, 0, 0)\" class=\"has-inline-color has-vivid-red-color\">Schwarzes LED-Profil mit schwarzem Diffusor f\u00fcr 10mm LED-Streifen.<\/mark><\/a><\/li>\n\n\n\n<li><a href=\"https:\/\/tangooled.com\/de\/product\/surface-mount-led-profile-with-frosted-diffuser-for-10mm-rope-lights\/\"><mark style=\"background-color:rgba(0, 0, 0, 0)\" class=\"has-inline-color has-vivid-red-color\">Oberfl\u00e4chenmontierter LED-Profil mit mattiertem Diffusor f\u00fcr 10 mm LED-Lichterketten<\/mark><\/a>.<\/li>\n\n\n\n<li><a href=\"https:\/\/tangooled.com\/de\/product\/aluminum-led-profile-with-30-degree-lens-diffuser-for-10mm-led-strips\/\"><mark style=\"background-color:rgba(0, 0, 0, 0)\" class=\"has-inline-color has-vivid-red-color\">Aluminium-LED-Profil mit 30-Grad-Linsendiffusor f\u00fcr 10mm LED-Streifen.<\/mark><\/a>.<\/li>\n\n\n\n<li><a href=\"https:\/\/tangooled.com\/de\/product\/vertical-wall-mount-curved-led-profile-for-upward-lighting\/\"><mark style=\"background-color:rgba(0, 0, 0, 0)\" class=\"has-inline-color has-vivid-red-color\">Vertikales Wandmontage-Profil f\u00fcr aufw\u00e4rts gerichtete Beleuchtung.<\/mark><\/a><\/li>\n<\/ul>\n<\/div><\/div>\n\n\n\n<div class=\"wp-block-group\" style=\"padding-top:var(--wp--preset--spacing--80);padding-bottom:var(--wp--preset--spacing--80)\"><div class=\"wp-block-group__inner-container is-layout-constrained wp-block-group-is-layout-constrained\">\n<h2 class=\"wp-block-heading\" style=\"padding-top:var(--wp--preset--spacing--40);padding-bottom:var(--wp--preset--spacing--40);font-size:25px;font-style:normal;font-weight:600;text-transform:capitalize\">Warum unser LED-Wandprofil verwenden?<\/h2>\n\n\n\n<p>Unser LED-Wandprofil verf\u00fcgt \u00fcber eine \u00e4u\u00dfere, gebogene Aluminium-Extrusion, die es schlank aussehen l\u00e4sst und die LEDs besser sch\u00fctzt, w\u00e4hrend sie auch die W\u00e4rme besser verwaltet. Dies macht es ideal f\u00fcr sch\u00f6ne Wandleuchten und indirekte Beleuchtung in der Architektur. Es ist f\u00fcr eine Vielzahl von Anwendungen konzipiert, wie z.B. aufw\u00e4rtsgerichtete Beleuchtung, abw\u00e4rtsgerichtete Beleuchtung und Akzentbeleuchtung, und es hat ein professionelles Finish. Sie k\u00f6nnen OEM- und ODM-Dienste in Anspruch nehmen, um die L\u00e4ngen, Oberfl\u00e4chen und Zubeh\u00f6r zu \u00e4ndern, die damit kompatibel sind.<\/p>\n\n\n\n<p><\/p>\n<\/div><\/div>","protected":false},"featured_media":33662,"template":"","meta":{"_acf_changed":true,"_seopress_robots_primary_cat":"none","_seopress_titles_title":"Wall Mount LED Profile with Outer Curved Aluminum Channel | TANGOOLED","_seopress_titles_desc":"The WP07 is a premium wall mount up lighting led profile featuring a distinctive outer curved aluminum channel. Designed for soft indirect illumination, this curved profile adds architectural elegance to walls while providing a smooth upward glow.","_seopress_robots_index":""},"pcb-width":[228],"product-cat":[195],"class_list":{"0":"post-35407","1":"product","2":"type-product","3":"status-publish","4":"has-post-thumbnail","6":"pcb-width-6-12mm","7":"product-cat-wall-mout-profile"},"acf":[],"_links":{"self":[{"href":"https:\/\/tangooled.com\/de\/wp-json\/wp\/v2\/product\/35407","targetHints":{"allow":["GET"]}}],"collection":[{"href":"https:\/\/tangooled.com\/de\/wp-json\/wp\/v2\/product"}],"about":[{"href":"https:\/\/tangooled.com\/de\/wp-json\/wp\/v2\/types\/product"}],"wp:featuredmedia":[{"embeddable":true,"href":"https:\/\/tangooled.com\/de\/wp-json\/wp\/v2\/media\/33662"}],"wp:attachment":[{"href":"https:\/\/tangooled.com\/de\/wp-json\/wp\/v2\/media?parent=35407"}],"wp:term":[{"taxonomy":"pcb-width","embeddable":true,"href":"https:\/\/tangooled.com\/de\/wp-json\/wp\/v2\/pcb-width?post=35407"},{"taxonomy":"product-cat","embeddable":true,"href":"https:\/\/tangooled.com\/de\/wp-json\/wp\/v2\/product-cat?post=35407"}],"curies":[{"name":"wp","href":"https:\/\/api.w.org\/{rel}","templated":true}]}}