{"id":35406,"date":"2025-07-03T22:13:06","date_gmt":"2025-07-04T06:13:06","guid":{"rendered":"https:\/\/tangooled.com\/?post_type=product&#038;p=35406"},"modified":"2026-01-31T01:54:58","modified_gmt":"2026-01-31T09:54:58","slug":"low-lighting-slim-in-wall-aluminum-led-channel-for-8mm-led-strip","status":"publish","type":"product","link":"https:\/\/tangooled.com\/de\/product\/low-lighting-slim-in-wall-aluminum-led-channel-for-8mm-led-strip\/","title":{"rendered":"Schmale LED-Kan\u00e4le aus Aluminium f\u00fcr 8mm LED-Streifen mit niedrigem Licht."},"content":{"rendered":"<div class=\"wp-block-group is-vertical is-layout-flex wp-container-core-group-is-layout-d255d7c4 wp-block-group-is-layout-flex\" style=\"padding-top:var(--wp--preset--spacing--80);padding-bottom:var(--wp--preset--spacing--80)\">\n<p>Treffen Sie unser schlankes LED-Kanallicht f\u00fcr dunkle Beleuchtung ein, eine hervorragende Wahl, um sanftes und modernes Akzentlicht in Ihren R\u00e4umen hinzuzuf\u00fcgen. Dieser eingelassene LED-Gipskarton-Kanal besteht aus robustem 6063-Aluminium, das dazu beitr\u00e4gt, Ihre LED-Streifen k\u00fchl zu halten, damit sie l\u00e4nger halten. Er enth\u00e4lt eine Polycarbonatabdeckung (PC), die einrastet und f\u00fcr ein sanftes und gleichm\u00e4\u00dfiges Licht sorgt, ohne helle Flecken.<\/p>\n\n\n\n<p>Entwickelt, um eingelassen zu werden, passt dieser Aluminium-LED-Kanal b\u00fcndig in den Gipskarton mit einfach zu verwendenden Federklemmen, die Ihnen ein professionelles, eingebautes Aussehen verleihen. Das Profil wirft das Licht nach unten, was es ideal macht, um sanfte, indirekte Beleuchtung entlang der W\u00e4nde zu schaffen.<\/p>\n\n\n\n<p>It&#8217;s a versatile solution for many places. Use it in your home to light up hallways or stairs. In hotels and restaurants, it creates a warm and welcoming atmosphere. It\u2019s also great for commercial spaces like retail stores or offices wanting a touch of sleek, understated light.<\/p>\n<\/div>\n\n\n\n<div class=\"wp-block-group has-background is-vertical is-layout-flex wp-container-core-group-is-layout-d255d7c4 wp-block-group-is-layout-flex\" style=\"background-color:#f1f1f1;padding-top:var(--wp--preset--spacing--80);padding-bottom:var(--wp--preset--spacing--80)\">\n<div class=\"wp-block-group is-vertical is-layout-flex wp-container-core-group-is-layout-8cf370e7 wp-block-group-is-layout-flex\">\n<h2 class=\"wp-block-heading\" style=\"padding-top:var(--wp--preset--spacing--40);padding-bottom:var(--wp--preset--spacing--40);font-size:25px;font-style:normal;font-weight:600;text-transform:capitalize\">Warum unser schlankes LED-Kanallicht f\u00fcr dunkle Beleuchtung w\u00e4hlen<\/h2>\n\n\n\n<ul class=\"wp-block-list\">\n<li>Kein Beschnitt, Gips-in-Design macht es einfach, mit Gipskarton zu verwenden<\/li>\n\n\n\n<li>Funktioniert mit typischen 8mm LED-Streifen, wie COB und 2835<\/li>\n\n\n\n<li>Ideal f\u00fcr Cove-Beleuchtung oder architektonische Beleuchtung<\/li>\n\n\n\n<li>Kann in Boden-LEDs, Regalen oder Treppenbeleuchtung verwendet werden<\/li>\n\n\n\n<li>Das super schlanke Profil passt gut zu modernen und minimalistischen Stilen.<\/li>\n<\/ul>\n<\/div>\n<\/div>\n\n\n\n<div class=\"wp-block-group\" style=\"padding-top:var(--wp--preset--spacing--60);padding-bottom:var(--wp--preset--spacing--60)\"><div class=\"wp-block-group__inner-container is-layout-constrained wp-block-group-is-layout-constrained\">\n<div class=\"wp-block-media-text has-media-on-the-right is-stacked-on-mobile\" style=\"grid-template-columns:auto 40%\"><div class=\"wp-block-media-text__content\">\n<h2 class=\"wp-block-heading\" style=\"padding-top:var(--wp--preset--spacing--40);padding-bottom:var(--wp--preset--spacing--40);font-size:25px;font-style:normal;font-weight:600;text-transform:capitalize\">wie man es verwendet<\/h2>\n\n\n\n<ul class=\"wp-block-list\">\n<li>Unser schlanker Aluminium-LED-Kanal mit niedrigem Profil ist f\u00fcr eine einfache Installation in Gipskarton oder Decken konzipiert.<\/li>\n\n\n\n<li>Der Kanal wird von Federst\u00fctzklemmen in einer vorgeschnittenen Nut gehalten, was die Montage erleichtert und verhindert, dass er auf einer Flanschfl\u00e4chen mit Putz oder Gipskartonmasse versehen werden muss.<\/li>\n\n\n\n<li>Sobald er installiert ist, soll er Licht in eine bestimmte Richtung abgeben, entweder nach unten oder zur Seite (links oder rechts).<\/li>\n\n\n\n<li>Legen Sie einfach Ihren 8mm LED-Streifen in das Profil und f\u00fcgen Sie den matten Diffusor hinzu, um das Design abzuschlie\u00dfen. Dies sorgt f\u00fcr eine gleichm\u00e4\u00dfige, punktfreie Beleuchtung.<\/li>\n<\/ul>\n<\/div><figure class=\"wp-block-media-text__media\"><img loading=\"lazy\" decoding=\"async\" width=\"500\" height=\"500\" src=\"https:\/\/tangooled.com\/wp-content\/uploads\/2025\/07\/wp06-ins.webp\" alt=\"low lighting slim in wall aluminum led channel for 8mm led strip\" class=\"wp-image-42094 size-full\" srcset=\"https:\/\/tangooled.com\/wp-content\/uploads\/2025\/07\/wp06-ins.webp 500w, https:\/\/tangooled.com\/wp-content\/uploads\/2025\/07\/wp06-ins-300x300.webp 300w, https:\/\/tangooled.com\/wp-content\/uploads\/2025\/07\/wp06-ins-150x150.webp 150w\" sizes=\"auto, (max-width: 500px) 100vw, 500px\" \/><\/figure><\/div>\n<\/div><\/div>\n\n\n\n<div class=\"wp-block-group has-background is-vertical is-layout-flex wp-container-core-group-is-layout-b429018a wp-block-group-is-layout-flex\" style=\"background-color:#f1f1f1f2;padding-top:var(--wp--preset--spacing--70);padding-bottom:var(--wp--preset--spacing--70)\">\n<h2 class=\"wp-block-heading\" style=\"padding-top:var(--wp--preset--spacing--40);padding-bottom:var(--wp--preset--spacing--40);font-size:25px;font-style:normal;font-weight:600\">Beste Anwendungen f\u00fcr schlankes LED-Kanallicht f\u00fcr dunkle Beleuchtung<\/h2>\n\n\n\n<ul class=\"wp-block-list\">\n<li>Architektonische Akzentbeleuchtung: Verwenden Sie lineares Licht, um W\u00e4nde, Regale oder Decken hervorzuheben.<\/li>\n\n\n\n<li>Cove-Beleuchtung: Legen Sie es um Decken, um ein sanftes, indirektes Leuchten zu erzeugen.<\/li>\n\n\n\n<li>Beleuchtung f\u00fcr Schr\u00e4nke und Regale: F\u00fcgen Sie Ihren M\u00f6beln sch\u00f6ne, diskrete Lichtstreifen hinzu.<\/li>\n\n\n\n<li>Beleuchtung f\u00fcr Treppen und Sockelleisten: Machen Sie Stufen oder Bodenr\u00e4nder sicher und nicht zu hell.<\/li>\n\n\n\n<li>Integration mit Gipskarton: Funktioniert mit Putz oder Masse, was es ideal f\u00fcr moderne Gipskartonbauten macht.<\/li>\n<\/ul>\n<\/div>\n\n\n\n<div class=\"wp-block-group is-vertical is-layout-flex wp-container-core-group-is-layout-d255d7c4 wp-block-group-is-layout-flex\" style=\"padding-top:var(--wp--preset--spacing--80);padding-bottom:var(--wp--preset--spacing--80)\">\n<h2 class=\"wp-block-heading\" style=\"font-size:25px;font-style:normal;font-weight:600;text-transform:capitalize\">Verwandte Produkte<\/h2>\n\n\n\n<ul class=\"wp-block-list\">\n<li>Probieren Sie unseren <a href=\"https:\/\/tangooled.com\/de\/product\/black-led-diffuser-aluminum-channel-for-12mm-tape-lights\/\"><mark style=\"background-color:rgba(0, 0, 0, 0)\" class=\"has-inline-color has-vivid-red-color\">schwarzer Diffusor-Aluminiumkanal f\u00fcr 12mm Bandlichter<\/mark><\/a> f\u00fcr breitere LED-Streifen.<\/li>\n\n\n\n<li>\u00dcberpr\u00fcfen Sie die <a href=\"https:\/\/tangooled.com\/de\/product\/led-strip-light-channel-aluminum-profile-with-diffused-cover-6mm-height\/\"><mark style=\"background-color:rgba(0, 0, 0, 0)\" class=\"has-inline-color has-vivid-red-color\">Aluminiumprofil f\u00fcr LED-Streifen mit diffundierender Abdeckung, H\u00f6he 6 mm<\/mark><\/a> f\u00fcr ultrad\u00fcnne Anforderungen.<\/li>\n\n\n\n<li>F\u00fcr Oberfl\u00e4chenmontage-Anforderungen siehe unsere <a href=\"https:\/\/tangooled.com\/de\/product\/surface-mount-led-profile-with-frosted-diffuser-for-10mm-rope-lights\/\"><mark style=\"background-color:rgba(0, 0, 0, 0)\" class=\"has-inline-color has-vivid-red-color\">Oberfl\u00e4chenmontage LED-Profil mit satiniertem Diffusor f\u00fcr 10mm Seilschn\u00fcre<\/mark><\/a>.<\/li>\n<\/ul>\n<\/div>\n\n\n\n<p><\/p>","protected":false},"featured_media":13499,"template":"","meta":{"_acf_changed":true,"_seopress_robots_primary_cat":"none","_seopress_titles_title":"Slim In-Wall LED Channel for Low Lighting WP06 | TANGOOLED","_seopress_titles_desc":"The WP06 is an ultra-slim in-wall led channel designed for low lighting applications. Optimized for 8mm led strips, this minimalist aluminum profile provides subtle footlight and path illumination for modern hallways.","_seopress_robots_index":""},"pcb-width":[228],"product-cat":[195],"class_list":{"0":"post-35406","1":"product","2":"type-product","3":"status-publish","4":"has-post-thumbnail","6":"pcb-width-6-12mm","7":"product-cat-wall-mout-profile"},"acf":[],"_links":{"self":[{"href":"https:\/\/tangooled.com\/de\/wp-json\/wp\/v2\/product\/35406","targetHints":{"allow":["GET"]}}],"collection":[{"href":"https:\/\/tangooled.com\/de\/wp-json\/wp\/v2\/product"}],"about":[{"href":"https:\/\/tangooled.com\/de\/wp-json\/wp\/v2\/types\/product"}],"wp:featuredmedia":[{"embeddable":true,"href":"https:\/\/tangooled.com\/de\/wp-json\/wp\/v2\/media\/13499"}],"wp:attachment":[{"href":"https:\/\/tangooled.com\/de\/wp-json\/wp\/v2\/media?parent=35406"}],"wp:term":[{"taxonomy":"pcb-width","embeddable":true,"href":"https:\/\/tangooled.com\/de\/wp-json\/wp\/v2\/pcb-width?post=35406"},{"taxonomy":"product-cat","embeddable":true,"href":"https:\/\/tangooled.com\/de\/wp-json\/wp\/v2\/product-cat?post=35406"}],"curies":[{"name":"wp","href":"https:\/\/api.w.org\/{rel}","templated":true}]}}