{"id":35405,"date":"2025-07-03T22:11:08","date_gmt":"2025-07-04T06:11:08","guid":{"rendered":"https:\/\/tangooled.com\/?post_type=product&#038;p=35405"},"modified":"2026-01-26T23:35:02","modified_gmt":"2026-01-27T07:35:02","slug":"wall-recessed-down-lighting-60mm-led-aluminum-profile","status":"publish","type":"product","link":"https:\/\/tangooled.com\/de\/product\/wall-recessed-down-lighting-60mm-led-aluminum-profile\/","title":{"rendered":"Wandeinbau-LED-Aluminiumprofil f\u00fcr 60mm Abstrahllicht."},"content":{"rendered":"<div class=\"wp-block-group is-vertical is-layout-flex wp-container-core-group-is-layout-d255d7c4 wp-block-group-is-layout-flex\" style=\"padding-top:var(--wp--preset--spacing--80);padding-bottom:var(--wp--preset--spacing--80)\">\n<p>Unser eingelassener 60mm LED-Wandprofil, der in die Wand integriert ist, verleiht Ihrer architektonischen Beleuchtung ein elegantes und modernes Aussehen. Es handelt sich um einen Kanal f\u00fcr eingelassene Deckenbeleuchtung in einer Wand, die mit Federclips in Gipskartonplatten montiert ist, um ein sauberes, rahmenloses Erscheinungsbild zu erzielen. Mit einer Gesamtexternen Abmessung von 70mm (Breite) 24.5mm (Tiefe) ist der Kanal so konstruiert, dass er in die Wand oder Decke eingelassen wird, mit einer Einbautiefe von 60mm, um den gew\u00fcnschten Effekt zu erzielen. Dieses robuste Design stellt sicher, dass das Profil b\u00fcndig und sicher sitzt, was perfekt ist, um auff\u00e4llige lineare Lichteffekte zu erzeugen.<\/p>\n\n\n\n<p>This 60mm downlighting LED wall profile features a simple design that makes it very useful. It can make homes&#8217; halls, living rooms, and stairs look elegant. It&#8217;s fantastic for emphasizing things in modern office environments, galleries, and stores when used for commercial lighting. It looks good and functions properly.<\/p>\n<\/div>\n\n\n\n<div class=\"wp-block-group has-background is-vertical is-layout-flex wp-container-core-group-is-layout-d255d7c4 wp-block-group-is-layout-flex\" style=\"background-color:#f1f1f1;padding-top:var(--wp--preset--spacing--80);padding-bottom:var(--wp--preset--spacing--80)\">\n<div class=\"wp-block-group is-vertical is-layout-flex wp-container-core-group-is-layout-8cf370e7 wp-block-group-is-layout-flex\">\n<h2 class=\"wp-block-heading\" style=\"padding-top:var(--wp--preset--spacing--40);padding-bottom:var(--wp--preset--spacing--40);font-size:25px;font-style:normal;font-weight:600;text-transform:capitalize\">Warum unser eingelassenes 60mm LED-Wandprofil w\u00e4hlen?<\/h2>\n\n\n\n<ul class=\"wp-block-list\">\n<li>Hergestellt aus eloxiertem Aluminium 6063, das W\u00e4rme gut verteilt und die Lebensdauer Ihrer LED-Leuchten verl\u00e4ngert.<\/li>\n\n\n\n<li>Das rahmenlose, im Putz vergrabene Design erm\u00f6glicht es, es in Gipskartonplatten oder Putz zu verstecken. Es gibt keine Rahmen, nur eine pure Lichtlinie.<\/li>\n\n\n\n<li>Kommt mit einem matten Diffusor, der das Licht weich und gleichm\u00e4\u00dfig macht, ohne blendende Stellen oder Schatten.<\/li>\n\n\n\n<li>Ideal, um W\u00e4nde zu reinigen und Licht zu Decken, Treppen und Sockelleisten hinzuzuf\u00fcgen.<\/li>\n<\/ul>\n<\/div>\n<\/div>\n\n\n\n<div class=\"wp-block-group\" style=\"padding-top:var(--wp--preset--spacing--60);padding-bottom:var(--wp--preset--spacing--60)\"><div class=\"wp-block-group__inner-container is-layout-constrained wp-block-group-is-layout-constrained\">\n<div class=\"wp-block-media-text has-media-on-the-right is-stacked-on-mobile\" style=\"grid-template-columns:auto 40%\"><div class=\"wp-block-media-text__content\">\n<h2 class=\"wp-block-heading\" style=\"padding-top:var(--wp--preset--spacing--40);padding-bottom:var(--wp--preset--spacing--40);font-size:25px;font-style:normal;font-weight:600;text-transform:capitalize\">Installation<\/h2>\n\n\n\n<ul class=\"wp-block-list\">\n<li>Cut a precise groove in the drywall or plasterboard. This cavity&#8217;s dimensions, particularly its height, must be suitable for the profile&#8217;s 60mm embedding section and allow space for the spring support clips.<\/li>\n\n\n\n<li>Befestigen Sie die Federst\u00fctzclips an der R\u00fcckseite des LED-Profils.<\/li>\n\n\n\n<li>Befestigen Sie den LED-Streifen im Kanal, dann bringen Sie den matten Diffusor und die Endkappen an.<\/li>\n\n\n\n<li>Setzen Sie das Profil in die vorbereitete Vertiefung ein. Die Federclips komprimieren sich zun\u00e4chst und dehnen sich dann hinter der Gipskartonplatte aus, wodurch das Profil b\u00fcndig mit der Oberfl\u00e4che fixiert wird.<\/li>\n\n\n\n<li>Schlie\u00dflich schlie\u00dfen Sie das LED-Profil an die Stromversorgung an.<\/li>\n<\/ul>\n<\/div><figure class=\"wp-block-media-text__media\"><img loading=\"lazy\" decoding=\"async\" width=\"500\" height=\"500\" src=\"https:\/\/tangooled.com\/wp-content\/uploads\/2025\/07\/wp05-ins.webp\" alt=\"Wandeinbau-LED-Aluminiumprofil f\u00fcr 60mm Abstrahllicht.\" class=\"wp-image-42081 size-full\" srcset=\"https:\/\/tangooled.com\/wp-content\/uploads\/2025\/07\/wp05-ins.webp 500w, https:\/\/tangooled.com\/wp-content\/uploads\/2025\/07\/wp05-ins-300x300.webp 300w, https:\/\/tangooled.com\/wp-content\/uploads\/2025\/07\/wp05-ins-150x150.webp 150w\" sizes=\"auto, (max-width: 500px) 100vw, 500px\" \/><\/figure><\/div>\n<\/div><\/div>\n\n\n\n<div class=\"wp-block-group has-background is-vertical is-layout-flex wp-container-core-group-is-layout-b429018a wp-block-group-is-layout-flex\" style=\"background-color:#f1f1f1f2;padding-top:var(--wp--preset--spacing--70);padding-bottom:var(--wp--preset--spacing--70)\">\n<h2 class=\"wp-block-heading\" style=\"padding-top:var(--wp--preset--spacing--40);padding-bottom:var(--wp--preset--spacing--40);font-size:25px;font-style:normal;font-weight:600;text-transform:capitalize\">Die besten M\u00f6glichkeiten, unser 60mm eingelassenes LED-Wandprofil zu nutzen<\/h2>\n\n\n\n<ul class=\"wp-block-list\">\n<li>Flure und Korridore: Verwenden Sie elegante, flie\u00dfende Wandleuchten, um Ihren Weg zu beleuchten.<\/li>\n\n\n\n<li>F\u00fcr die Treppen sollte eine sichere, sanfte Beleuchtung auf den Stufen und W\u00e4nden vorhanden sein.<\/li>\n\n\n\n<li>Akzentw\u00e4nde: Verwenden Sie Deckenbeleuchtung, um auf Kunst oder Designelemente aufmerksam zu machen.<\/li>\n\n\n\n<li>Gesch\u00e4fte und B\u00fcros: Moderne, effiziente Beleuchtung f\u00fcr Arbeit und Ausstellung.<\/li>\n\n\n\n<li>Sockelleisten und Fu\u00dfleisten: Sanftes Licht in niedriger H\u00f6he, das gut aussieht.<\/li>\n<\/ul>\n<\/div>\n\n\n\n<div class=\"wp-block-group is-vertical is-layout-flex wp-container-core-group-is-layout-d255d7c4 wp-block-group-is-layout-flex\" style=\"padding-top:var(--wp--preset--spacing--80);padding-bottom:var(--wp--preset--spacing--80)\">\n<h2 class=\"wp-block-heading\" style=\"padding-top:var(--wp--preset--spacing--40);padding-bottom:var(--wp--preset--spacing--40);font-size:25px;font-style:normal;font-weight:600;text-transform:capitalize\">Was befindet sich in der Box?<\/h2>\n\n\n\n<ul class=\"wp-block-list\">\n<li>1 x 2,5 Meter Aluminiumprofil<\/li>\n\n\n\n<li>1 x 2,5 Meter Diffusorabdeckung<\/li>\n\n\n\n<li>2 x Endkappen (eine mit Loch f\u00fcr Verkabelung)<\/li>\n\n\n\n<li>2x Federclips<\/li>\n<\/ul>\n<\/div>\n\n\n\n<div class=\"wp-block-group has-background\" style=\"background-color:#f1f1f1;padding-top:var(--wp--preset--spacing--80);padding-bottom:var(--wp--preset--spacing--80)\"><div class=\"wp-block-group__inner-container is-layout-constrained wp-block-group-is-layout-constrained\">\n<h2 class=\"wp-block-heading\" style=\"padding-top:var(--wp--preset--spacing--40);padding-bottom:var(--wp--preset--spacing--40);font-size:25px;font-style:normal;font-weight:600;text-transform:capitalize\">Zusammenfassung<\/h2>\n\n\n\n<p style=\"padding-right:var(--wp--preset--spacing--50);padding-left:var(--wp--preset--spacing--50)\">It\u2019s an ideal method to bring modern, clean, and soft linear lighting to any area is with our recessed 60mm LED wall profile. The robust aluminum body, broad channel, and frosted diffuser top make it easy to put powerful LED strips in walls or ceilings to generate beautiful, smooth lines of light.<\/p>\n<\/div><\/div>\n\n\n\n<p><\/p>","protected":false},"featured_media":13493,"template":"","meta":{"_acf_changed":true,"_seopress_robots_primary_cat":"none","_seopress_titles_title":"Recessed 60mm LED Wall Profile | Wall Recessed Down Lighting Channel | TANGOOLED","_seopress_titles_desc":"The WP05 is a professional recessed 60mm led wall profile designed for seamless down lighting. This 60mm aluminum channel integrates into the wall to create a clean, modern wash light effect.","_seopress_robots_index":""},"pcb-width":[229],"product-cat":[195],"class_list":{"0":"post-35405","1":"product","2":"type-product","3":"status-publish","4":"has-post-thumbnail","6":"pcb-width-15-20mm","7":"product-cat-wall-mout-profile"},"acf":[],"_links":{"self":[{"href":"https:\/\/tangooled.com\/de\/wp-json\/wp\/v2\/product\/35405","targetHints":{"allow":["GET"]}}],"collection":[{"href":"https:\/\/tangooled.com\/de\/wp-json\/wp\/v2\/product"}],"about":[{"href":"https:\/\/tangooled.com\/de\/wp-json\/wp\/v2\/types\/product"}],"wp:featuredmedia":[{"embeddable":true,"href":"https:\/\/tangooled.com\/de\/wp-json\/wp\/v2\/media\/13493"}],"wp:attachment":[{"href":"https:\/\/tangooled.com\/de\/wp-json\/wp\/v2\/media?parent=35405"}],"wp:term":[{"taxonomy":"pcb-width","embeddable":true,"href":"https:\/\/tangooled.com\/de\/wp-json\/wp\/v2\/pcb-width?post=35405"},{"taxonomy":"product-cat","embeddable":true,"href":"https:\/\/tangooled.com\/de\/wp-json\/wp\/v2\/product-cat?post=35405"}],"curies":[{"name":"wp","href":"https:\/\/api.w.org\/{rel}","templated":true}]}}