{"id":35404,"date":"2025-07-03T22:08:51","date_gmt":"2025-07-04T06:08:51","guid":{"rendered":"https:\/\/tangooled.com\/?post_type=product&#038;p=35404"},"modified":"2026-01-26T23:29:38","modified_gmt":"2026-01-27T07:29:38","slug":"up-and-down-wall-sconce-light-led-strip-channel-for-15mm-white-led-strip","status":"publish","type":"product","link":"https:\/\/tangooled.com\/de\/product\/up-and-down-wall-sconce-light-led-strip-channel-for-15mm-white-led-strip\/","title":{"rendered":"Wandwandleuchte mit LED-Streifenkanal f\u00fcr 15mm wei\u00dfen LED-Streifen"},"content":{"rendered":"<div class=\"wp-block-group is-vertical is-layout-flex wp-container-core-group-is-layout-d255d7c4 wp-block-group-is-layout-flex\" style=\"padding-top:var(--wp--preset--spacing--80);padding-bottom:var(--wp--preset--spacing--80)\">\n<p>This modern wall sconce LED strip channel will make your place look better by providing balanced up and down lighting. The profile is made of long-lasting 6063 aluminum alloy, which helps it stay cool and last a long time. The entire height is 50mm, and there are two different lighting grooves, one on top and one on the bottom, each with a width of\u00a017.6mm. The two lighting surfaces shown can each hold an LED strip that is up to 15.0mm wide. The diffusers are composed of high-quality polycarbonate (PC), which makes sure that the light is smooth, soft, and even. The diffusers are composed of high-quality polycarbonate (PC), which makes sure that the light is smooth, soft, and even.<\/p>\n\n\n\n<p>Dieses Profil bietet einen einfachen, zweistufigen Clip-Ansatz f\u00fcr eine saubere, konsistente Oberfl\u00e4chenmontage. Es liefert effektive Zusatzbeleuchtung, die Schatten perfekt eliminiert, indem es gleichzeitig Licht nach oben und unten strahlt. Dieses Auf- und Abbeleuchtungsprofil eignet sich hervorragend, um auff\u00e4llige Akzente in Wohnungen, Hotelkorridoren, Gesch\u00e4ften und architektonischen Beleuchtungsprojekten zu setzen.<\/p>\n<\/div>\n\n\n\n<div class=\"wp-block-group has-background is-vertical is-layout-flex wp-container-core-group-is-layout-d255d7c4 wp-block-group-is-layout-flex\" style=\"background-color:#f1f1f1;padding-top:var(--wp--preset--spacing--80);padding-bottom:var(--wp--preset--spacing--80)\">\n<div class=\"wp-block-group is-vertical is-layout-flex wp-container-core-group-is-layout-8cf370e7 wp-block-group-is-layout-flex\">\n<h2 class=\"wp-block-heading\" style=\"padding-top:var(--wp--preset--spacing--40);padding-bottom:var(--wp--preset--spacing--40);font-size:25px;font-style:normal;font-weight:600;text-transform:capitalize\">Warum sollten Sie diesen Wandstrahler-LED-Streifenkanal w\u00e4hlen?<\/h2>\n\n\n\n<ul class=\"wp-block-list\">\n<li>Duale Lichtabstrahlung: Das Licht strahlt sowohl nach oben als auch nach unten und l\u00e4sst Ihre W\u00e4nde sanft und vollst\u00e4ndig erstrahlen.<\/li>\n\n\n\n<li>Geeignet f\u00fcr 15mm LED-Streifen: Funktioniert gut mit breiten Streifen, wie COB (Chip on Board) und hochdichten LED-Streifen.<\/li>\n\n\n\n<li>Sanftes Licht: Der opale Diffusor sorgt f\u00fcr sanftes und gleichm\u00e4\u00dfiges Licht ohne helle Punkte.<\/li>\n\n\n\n<li>Robustes Aluminiumgeh\u00e4use: Das anodisierte Aluminiumgeh\u00e4use sch\u00fctzt Ihren LED-Streifen vor Rost und h\u00e4lt ihn k\u00fchl.<\/li>\n\n\n\n<li>Einfach zu installieren: Clips erm\u00f6glichen eine Montage an jeder Wand. Es sieht gut aus und passt perfekt in Ihren Raum.<\/li>\n\n\n\n<li>Verschiedene Farben: Sie k\u00f6nnen eine matte wei\u00dfe, matte schwarze oder anodisierte silberne Oberfl\u00e4che w\u00e4hlen, die zu Ihrem Stil passt.<\/li>\n<\/ul>\n<\/div>\n<\/div>\n\n\n\n<div class=\"wp-block-group\" style=\"padding-top:var(--wp--preset--spacing--60);padding-bottom:var(--wp--preset--spacing--60)\"><div class=\"wp-block-group__inner-container is-layout-constrained wp-block-group-is-layout-constrained\">\n<div class=\"wp-block-media-text has-media-on-the-right is-stacked-on-mobile\" style=\"grid-template-columns:auto 40%\"><div class=\"wp-block-media-text__content\">\n<h2 class=\"wp-block-heading\" style=\"font-size:25px;font-style:normal;font-weight:600;text-transform:capitalize\">Anwendungsbereiche f\u00fcr Ihren Wandstrahler-LED-Streifenkanal<\/h2>\n\n\n\n<ul class=\"wp-block-list\">\n<li>Flure und Treppenh\u00e4user: Wegbeleuchtung, die sicher, hell und ansprechend ist.<\/li>\n\n\n\n<li>Schlafzimmer und Wohnzimmer: Nutzen Sie die Auf- und Abbeleuchtung, um die Stimmung zu setzen oder W\u00e4nde zu akzentuieren.<\/li>\n\n\n\n<li>Badezimmer und Waschbecken: Ideal f\u00fcr sanftes, sauberes Licht in der N\u00e4he von Spiegeln.<\/li>\n\n\n\n<li>Restaurants und Hotels: Lassen Sie sich bei warmem, modernem Licht wie zu Hause f\u00fchlen.<\/li>\n\n\n\n<li>B\u00fcros und Gesch\u00e4fte: Stilvolles, effizientes Licht, das R\u00e4ume erhellt und Produkte zur Geltung bringt.<\/li>\n<\/ul>\n<\/div><figure class=\"wp-block-media-text__media\"><img loading=\"lazy\" decoding=\"async\" width=\"500\" height=\"500\" src=\"https:\/\/tangooled.com\/wp-content\/uploads\/2025\/07\/wp04-ins.webp\" alt=\"Wandwandleuchte mit LED-Streifenkanal f\u00fcr 15mm wei\u00dfen LED-Streifen\" class=\"wp-image-42077 size-full\" srcset=\"https:\/\/tangooled.com\/wp-content\/uploads\/2025\/07\/wp04-ins.webp 500w, https:\/\/tangooled.com\/wp-content\/uploads\/2025\/07\/wp04-ins-300x300.webp 300w, https:\/\/tangooled.com\/wp-content\/uploads\/2025\/07\/wp04-ins-150x150.webp 150w\" sizes=\"auto, (max-width: 500px) 100vw, 500px\" \/><\/figure><\/div>\n<\/div><\/div>\n\n\n\n<div class=\"wp-block-group has-background is-vertical is-layout-flex wp-container-core-group-is-layout-b429018a wp-block-group-is-layout-flex\" style=\"background-color:#f1f1f1f2;padding-top:var(--wp--preset--spacing--70);padding-bottom:var(--wp--preset--spacing--70)\">\n<h2 class=\"wp-block-heading\" style=\"padding-top:var(--wp--preset--spacing--40);padding-bottom:var(--wp--preset--spacing--40);font-size:25px;font-style:normal;font-weight:600\">What\u2019s Inside the Box?<\/h2>\n\n\n\n<ul class=\"wp-block-list\">\n<li>Aluminium-Wandstrahlerkanal<\/li>\n\n\n\n<li>Aufsteckbarer opaler Diffusor<\/li>\n\n\n\n<li>Zwei Endkappen (eine solide, eine f\u00fcr die Verkabelung)<\/li>\n\n\n\n<li>Montageclips f\u00fcr eine einfache Installation<\/li>\n<\/ul>\n<\/div>\n\n\n\n<div class=\"wp-block-group is-vertical is-layout-flex wp-container-core-group-is-layout-d255d7c4 wp-block-group-is-layout-flex\" style=\"padding-top:var(--wp--preset--spacing--80);padding-bottom:var(--wp--preset--spacing--80)\">\n<h2 class=\"wp-block-heading\" style=\"padding-top:var(--wp--preset--spacing--40);padding-bottom:var(--wp--preset--spacing--40);font-size:25px;font-style:normal;font-weight:600;text-transform:capitalize\">Verwandte Produkte, die Ihnen gefallen k\u00f6nnten<\/h2>\n\n\n\n<ul class=\"wp-block-list\">\n<li>Oberfl\u00e4chenmontiertes LED-Profil mit gefrostetem Diffusor f\u00fcr 10mm Seillichter: <a href=\"https:\/\/tangooled.com\/de\/product\/surface-mount-led-profile-with-frosted-diffuser-for-10mm-rope-lights\/\"><mark style=\"background-color:rgba(0, 0, 0, 0)\" class=\"has-inline-color has-vivid-red-color\">Produkt anzeigen<\/mark><\/a><\/li>\n\n\n\n<li>25x14mm Oberfl\u00e4chenmontiertes LED-Licht Aluminiumprofil: <a href=\"https:\/\/tangooled.com\/de\/product\/25x14m-surface-mounted-led-light-aluminum-profile\/\"><mark style=\"background-color:rgba(0, 0, 0, 0)\" class=\"has-inline-color has-vivid-red-color\">Produkt anzeigen<\/mark><\/a><\/li>\n\n\n\n<li>22x10mm LED-Profillichtkanal f\u00fcr 15mm flexible LED-Streifen: <a href=\"https:\/\/tangooled.com\/de\/product\/22x10mm-led-profile-light-channel-for-15mm-flexible-led-strips\/\"><mark style=\"background-color:rgba(0, 0, 0, 0)\" class=\"has-inline-color has-vivid-red-color\">Produkt anzeigen<\/mark><\/a><\/li>\n<\/ul>\n<\/div>\n\n\n\n<div class=\"wp-block-group has-background\" style=\"background-color:#f1f1f1;padding-top:var(--wp--preset--spacing--80);padding-bottom:var(--wp--preset--spacing--80)\"><div class=\"wp-block-group__inner-container is-layout-constrained wp-block-group-is-layout-constrained\">\n<h2 class=\"wp-block-heading\" style=\"padding-top:var(--wp--preset--spacing--40);padding-bottom:var(--wp--preset--spacing--40);font-size:25px;font-style:normal;font-weight:600;text-transform:capitalize\">Zusammenfassung<\/h2>\n\n\n\n<p style=\"padding-right:var(--wp--preset--spacing--50);padding-left:var(--wp--preset--spacing--50)\">Our up and down wall sconce light led strip channel gives you modern, energy-efficient lighting. It&#8217;s the ideal choice for stylish, long-lasting, and bright light that fills your complete environment. Enjoy trendy and energy-saving illumination with our up and down wall sconce light led strip channel. It&#8217;s the best option for lighting that is elegant, works well, and lasts a long time.<\/p>\n<\/div><\/div>\n\n\n\n<p><\/p>","protected":false},"featured_media":13488,"template":"","meta":{"_acf_changed":true,"_seopress_robots_primary_cat":"none","_seopress_titles_title":"Up and Down Wall Sconce LED Strip Channel | 15mm Wide WP04 Profile | TANGOOLED","_seopress_titles_desc":"The WP04 is a professional wall sconce led strip channel designed for 15mm white led strips. This up and down aluminum profile creates a sleek, bi-directional lighting effect for hallways and living areas.","_seopress_robots_index":""},"pcb-width":[229],"product-cat":[195],"class_list":{"0":"post-35404","1":"product","2":"type-product","3":"status-publish","4":"has-post-thumbnail","6":"pcb-width-15-20mm","7":"product-cat-wall-mout-profile"},"acf":[],"_links":{"self":[{"href":"https:\/\/tangooled.com\/de\/wp-json\/wp\/v2\/product\/35404","targetHints":{"allow":["GET"]}}],"collection":[{"href":"https:\/\/tangooled.com\/de\/wp-json\/wp\/v2\/product"}],"about":[{"href":"https:\/\/tangooled.com\/de\/wp-json\/wp\/v2\/types\/product"}],"wp:featuredmedia":[{"embeddable":true,"href":"https:\/\/tangooled.com\/de\/wp-json\/wp\/v2\/media\/13488"}],"wp:attachment":[{"href":"https:\/\/tangooled.com\/de\/wp-json\/wp\/v2\/media?parent=35404"}],"wp:term":[{"taxonomy":"pcb-width","embeddable":true,"href":"https:\/\/tangooled.com\/de\/wp-json\/wp\/v2\/pcb-width?post=35404"},{"taxonomy":"product-cat","embeddable":true,"href":"https:\/\/tangooled.com\/de\/wp-json\/wp\/v2\/product-cat?post=35404"}],"curies":[{"name":"wp","href":"https:\/\/api.w.org\/{rel}","templated":true}]}}