{"id":35403,"date":"2025-07-03T22:06:28","date_gmt":"2025-07-04T06:06:28","guid":{"rendered":"https:\/\/tangooled.com\/?post_type=product&#038;p=35403"},"modified":"2026-01-26T23:25:50","modified_gmt":"2026-01-27T07:25:50","slug":"ceiling-wash-linear-wall-mount-led-profile-for-10mm-led-tape-light","status":"publish","type":"product","link":"https:\/\/tangooled.com\/de\/product\/ceiling-wash-linear-wall-mount-led-profile-for-10mm-led-tape-light\/","title":{"rendered":"Deckenwaschlinie Leuchtenprofil f\u00fcr 10mm LED-Bandlicht"},"content":{"rendered":"<div class=\"wp-block-group is-vertical is-layout-flex wp-container-core-group-is-layout-d255d7c4 wp-block-group-is-layout-flex\" style=\"padding-top:var(--wp--preset--spacing--80);padding-bottom:var(--wp--preset--spacing--80)\">\n<p>Dieses Deckenwasch-Wandmontage-LED-Profil besteht aus einer Aluminiumlegierung 6063-T5, die es robust macht und eine gute W\u00e4rmeabfuhr erm\u00f6glicht. Das Profil hat Au\u00dfenma\u00dfe mit einer Gesamth\u00f6he von 46,7 mm und einer Breite der Beleuchtungssektion von 21,4 mm. Der Diffusor besteht aus hochwertigem Polycarbonat (PC) und kann LED-Streifen mit einer Breite von bis zu 12 mm halten, wodurch das Licht gleichm\u00e4\u00dfig und ohne Punkte erscheint.<\/p>\n\n\n\n<p>Dieses Wandwaschprofil verf\u00fcgt \u00fcber ein sicheres Snap-On (Clip-in) Montagesystem, das eine einfache Befestigung direkt an der Wand erm\u00f6glicht. Die schr\u00e4ge Form lenkt das Licht zur Decke hin, wodurch der Raum gr\u00f6\u00dfer und gem\u00fctlicher aussieht, sobald es montiert ist.<\/p>\n\n\n\n<p>Dieses anpassbare Aluminiumprofil eignet sich hervorragend f\u00fcr architektonische Beleuchtung und zur Verbesserung der Stimmung in vielen Bereichen, wie z. B. in Wohnr\u00e4umen, Hotellobbys und Gesch\u00e4ftseinrichtungen.<\/p>\n<\/div>\n\n\n\n<div class=\"wp-block-group has-background is-vertical is-layout-flex wp-container-core-group-is-layout-d255d7c4 wp-block-group-is-layout-flex\" style=\"background-color:#f1f1f1;padding-top:var(--wp--preset--spacing--80);padding-bottom:var(--wp--preset--spacing--80)\">\n<div class=\"wp-block-group is-vertical is-layout-flex wp-container-core-group-is-layout-8cf370e7 wp-block-group-is-layout-flex\">\n<h2 class=\"wp-block-heading\" style=\"padding-top:var(--wp--preset--spacing--40);padding-bottom:var(--wp--preset--spacing--40);font-size:25px;font-style:normal;font-weight:600;text-transform:capitalize\">Warum unser Deckenwasch-Wandmontage-LED-Profil w\u00e4hlen?<\/h2>\n\n\n\n<ul class=\"wp-block-list\">\n<li>Hergestellt aus 6063-T5-Aluminium, einem hochwertigen Material, das hilft, die Dinge k\u00fchl zu halten. Dies h\u00e4lt Ihr LED-Band k\u00fchl, wodurch die Lebensdauer verl\u00e4ngert wird und die Farben lebendig bleiben.<\/li>\n\n\n\n<li>Der opale Diffusordeckel wird aufgeklemmt und versteckt die LED-Punkte, wodurch ein sanftes, blendfreies Licht entsteht.<\/li>\n\n\n\n<li>Entwickelt f\u00fcr die Montage an W\u00e4nden direkt unter der Decke f\u00fcr einen wunderbaren Effekt der Wandstreuung.<\/li>\n\n\n\n<li>Funktioniert mit jedem 10 mm oder 12 mm breiten LED-Bandlicht, wie den SMD 3528, 5050 und COB-LEDs, die allgemein bekannt sind.<\/li>\n\n\n\n<li>Available in three colors: silver anodized, white powder-coated, or black. It&#8217;s easy to find something that fits your style!<\/li>\n\n\n\n<li>Sie k\u00f6nnen das Profil auf die gew\u00fcnschte L\u00e4nge zuschneiden, von kleinen Fluren bis hin zu gro\u00dfen Gesch\u00e4ften.<\/li>\n<\/ul>\n<\/div>\n<\/div>\n\n\n\n<div class=\"wp-block-group is-vertical is-layout-flex wp-container-core-group-is-layout-d255d7c4 wp-block-group-is-layout-flex\" style=\"padding-top:var(--wp--preset--spacing--80);padding-bottom:var(--wp--preset--spacing--80)\">\n<hr class=\"wp-block-separator has-alpha-channel-opacity\"\/>\n\n\n\n<div class=\"wp-block-media-text has-media-on-the-right is-stacked-on-mobile\" style=\"grid-template-columns:auto 40%\"><div class=\"wp-block-media-text__content\">\n<h2 class=\"wp-block-heading\" style=\"padding-top:var(--wp--preset--spacing--40);padding-bottom:var(--wp--preset--spacing--40);font-size:25px;font-style:normal;font-weight:600;text-transform:capitalize\">Einfaches Installationshandbuch<\/h2>\n\n\n\n<ul class=\"wp-block-list\">\n<li>W\u00e4hlen Sie, wo das Profil an der Wand platziert werden soll. Es sollte zwischen 10 und 30 cm unter der Decke liegen.<\/li>\n\n\n\n<li>Verwenden Sie die mit dem Profil gelieferten Montageschlaufen, um es direkt an die Wand zu befestigen.<\/li>\n\n\n\n<li>Legen Sie Ihr 10mm LED-Band in den Kanal ein.<\/li>\n\n\n\n<li>Setzen Sie den opalen Diffusor darauf, um das Licht gleichm\u00e4\u00dfig zu verteilen.<\/li>\n\n\n\n<li>Bedecken Sie die Endkappen auf beiden Seiten des Profils, um die Verkabelung zu sch\u00fctzen und zu verbergen.<\/li>\n<\/ul>\n<\/div><figure class=\"wp-block-media-text__media\"><img loading=\"lazy\" decoding=\"async\" width=\"500\" height=\"500\" src=\"https:\/\/tangooled.com\/wp-content\/uploads\/2025\/07\/wp03-ins.webp\" alt=\"ceiling wash linear wall mount led profile for 10mm led tape light\" class=\"wp-image-42074 size-full\" srcset=\"https:\/\/tangooled.com\/wp-content\/uploads\/2025\/07\/wp03-ins.webp 500w, https:\/\/tangooled.com\/wp-content\/uploads\/2025\/07\/wp03-ins-300x300.webp 300w, https:\/\/tangooled.com\/wp-content\/uploads\/2025\/07\/wp03-ins-150x150.webp 150w\" sizes=\"auto, (max-width: 500px) 100vw, 500px\" \/><\/figure><\/div>\n<\/div>\n\n\n\n<div class=\"wp-block-group has-background is-vertical is-layout-flex wp-container-core-group-is-layout-b429018a wp-block-group-is-layout-flex\" style=\"background-color:#f1f1f1f2;padding-top:var(--wp--preset--spacing--70);padding-bottom:var(--wp--preset--spacing--70)\">\n<h2 class=\"wp-block-heading\" style=\"padding-top:var(--wp--preset--spacing--40);padding-bottom:var(--wp--preset--spacing--40);font-size:25px;font-style:normal;font-weight:600\">Beste Anwendungen f\u00fcr dieses LED-Profil<\/h2>\n\n\n\n<ul class=\"wp-block-list\">\n<li>Akzent- und Wandstreuung: Verwenden Sie sanftes Licht, um die Textur von W\u00e4nden aus Ziegeln, Stein oder dekorativen Paneelen hervorzuheben.<\/li>\n\n\n\n<li>Perimeterbeleuchtung: Verwenden Sie es, um R\u00e4ume, Flure oder B\u00fcros sanft und indirekt zu beleuchten.<\/li>\n\n\n\n<li>Retail and Hospitality: This lighting is great for restaurants, hotels, and stores that don&#8217;t want it to be too bright but yet need it to work.<\/li>\n\n\n\n<li>Oben auf Schr\u00e4nken oder Regalen: Oberfl\u00e4chen beleuchten, ohne sie zu hell zu machen.<\/li>\n<\/ul>\n<\/div>\n\n\n\n<div class=\"wp-block-group is-vertical is-layout-flex wp-container-core-group-is-layout-d255d7c4 wp-block-group-is-layout-flex\" style=\"padding-top:var(--wp--preset--spacing--80);padding-bottom:var(--wp--preset--spacing--80)\">\n<h2 class=\"wp-block-heading\" style=\"padding-top:var(--wp--preset--spacing--40);padding-bottom:var(--wp--preset--spacing--40);font-size:25px;font-style:normal;font-weight:600;text-transform:capitalize\">Verwandte Produkte, die Ihnen gefallen k\u00f6nnten<\/h2>\n\n\n\n<ul class=\"wp-block-list\">\n<li>Schwarzes LED-Profil mit schwarzem Diffusor f\u00fcr 10mm LED-Streifenlicht:<mark style=\"background-color:rgba(0, 0, 0, 0)\" class=\"has-inline-color has-vivid-red-color\"> <a href=\"https:\/\/tangooled.com\/de\/product\/black-led-profile-with-black-diffuser-for-10mm-led-strip-light\/\">Hier ansehen<\/a><\/mark><\/li>\n\n\n\n<li>Oberfl\u00e4chenmontiertes LED-Profil mit gefrostetem Diffusor f\u00fcr 10mm Seillichter: <a href=\"https:\/\/tangooled.com\/de\/product\/surface-mount-led-profile-with-frosted-diffuser-for-10mm-rope-lights\/\"><mark style=\"background-color:rgba(0, 0, 0, 0)\" class=\"has-inline-color has-vivid-red-color\">Hier ansehen<\/mark><\/a><\/li>\n\n\n\n<li>25x6mm Niedrigprofil LED-Streifenkanal f\u00fcr 10mm LED-Streifenlicht: <a href=\"https:\/\/tangooled.com\/de\/product\/25x6mm-low-profile-led-strip-channel-for-10mm-led-strip-light\/\"><mark style=\"background-color:rgba(0, 0, 0, 0)\" class=\"has-inline-color has-vivid-red-color\">Hier ansehen<\/mark><\/a><\/li>\n\n\n\n<li>18x9mm LED-Bandlichtprofil f\u00fcr die Oberfl\u00e4chenmontage: <a href=\"https:\/\/tangooled.com\/de\/product\/18x9mm-led-tape-light-profile-for-surface-installation\/\"><mark style=\"background-color:rgba(0, 0, 0, 0)\" class=\"has-inline-color has-vivid-red-color\">Hier ansehen<\/mark><\/a><\/li>\n<\/ul>\n<\/div>\n\n\n\n<div class=\"wp-block-group has-background is-vertical is-layout-flex wp-container-core-group-is-layout-b429018a wp-block-group-is-layout-flex\" style=\"background-color:#f1f1f1f2;padding-top:var(--wp--preset--spacing--70);padding-bottom:var(--wp--preset--spacing--70)\">\n<h2 class=\"wp-block-heading\" style=\"padding-top:var(--wp--preset--spacing--40);padding-bottom:var(--wp--preset--spacing--40);font-size:25px;font-style:normal;font-weight:600\">Zusammenfassung<\/h2>\n\n\n\n<p style=\"padding-right:var(--wp--preset--spacing--50);padding-left:var(--wp--preset--spacing--50)\">If you want smooth, indirect lighting with your 10mm LED tape light, our ceiling wash wall mount LED profile is the ideal choice. The aluminum extrusion protects your LEDs, keeps them cool, and makes them look clean with the included diffusers, end caps, and mounting clips. This profile works for any kind of lighting you want, whether it&#8217;s architectural uplighting, ambient ceiling cove lighting, or modern perimeter accent lights.<\/p>\n<\/div>\n\n\n\n<p><\/p>","protected":false},"featured_media":13477,"template":"","meta":{"_acf_changed":true,"_seopress_robots_primary_cat":"none","_seopress_titles_title":"Ceiling Wash Wall Mount LED Profile | WP03 Linear Channel for 10mm Tape | TANGOOLED","_seopress_titles_desc":"The WP03 is a sleek ceiling wash wall mount led profile tailored for 10mm LED tape lights. This linear aluminum channel creates an indirect upward glow, perfect for cove lighting and architectural accents.","_seopress_robots_index":""},"pcb-width":[228],"product-cat":[195],"class_list":{"0":"post-35403","1":"product","2":"type-product","3":"status-publish","4":"has-post-thumbnail","6":"pcb-width-6-12mm","7":"product-cat-wall-mout-profile"},"acf":[],"_links":{"self":[{"href":"https:\/\/tangooled.com\/de\/wp-json\/wp\/v2\/product\/35403","targetHints":{"allow":["GET"]}}],"collection":[{"href":"https:\/\/tangooled.com\/de\/wp-json\/wp\/v2\/product"}],"about":[{"href":"https:\/\/tangooled.com\/de\/wp-json\/wp\/v2\/types\/product"}],"wp:featuredmedia":[{"embeddable":true,"href":"https:\/\/tangooled.com\/de\/wp-json\/wp\/v2\/media\/13477"}],"wp:attachment":[{"href":"https:\/\/tangooled.com\/de\/wp-json\/wp\/v2\/media?parent=35403"}],"wp:term":[{"taxonomy":"pcb-width","embeddable":true,"href":"https:\/\/tangooled.com\/de\/wp-json\/wp\/v2\/pcb-width?post=35403"},{"taxonomy":"product-cat","embeddable":true,"href":"https:\/\/tangooled.com\/de\/wp-json\/wp\/v2\/product-cat?post=35403"}],"curies":[{"name":"wp","href":"https:\/\/api.w.org\/{rel}","templated":true}]}}