{"id":35400,"date":"2025-07-03T22:02:01","date_gmt":"2025-07-04T06:02:01","guid":{"rendered":"https:\/\/tangooled.com\/?post_type=product&#038;p=35400"},"modified":"2026-02-02T02:29:35","modified_gmt":"2026-02-02T10:29:35","slug":"vertical-wall-mount-curved-led-profile-for-upward-lighting","status":"publish","type":"product","link":"https:\/\/tangooled.com\/de\/product\/vertical-wall-mount-curved-led-profile-for-upward-lighting\/","title":{"rendered":"vertikales Wandmontage-Leuchtprofil mit gebogenem LED f\u00fcr nach oben gerichtete Beleuchtung"},"content":{"rendered":"<div class=\"wp-block-group is-vertical is-layout-flex wp-container-core-group-is-layout-d255d7c4 wp-block-group-is-layout-flex\" style=\"padding-top:var(--wp--preset--spacing--80);padding-bottom:var(--wp--preset--spacing--80)\">\n<p>Erhellen Sie Ihre W\u00e4nde mit unserem vertikalen, nach oben gebogenen LED-Wandprofil. Dieses Aluminium-LED-Profil ist daf\u00fcr konzipiert, den LED-Streifen zu halten und das Licht nach oben an die Wand zu verteilen. Dadurch entsteht eine sanfte, blendfreie diffuse Beleuchtung, die Schlafzimmer, Wohnzimmer und andere Bereiche angenehmer macht. Der Kanal besteht aus hochwertigem 6063-T5 Aluminiumlegierung, die den Streifen vor Besch\u00e4digungen sch\u00fctzt und eine einfache W\u00e4rmeabgabe erm\u00f6glicht. Mit einer inneren Breite von 14,7 mm ist es mit den meisten LED-Streifen, sogar RGBW-Streifen, kompatibel.<\/p>\n\n\n\n<p>The profile comes with three different PC LED light diffusers to choose from, and it has\u00a0end caps for a clean, professional look. You can also get a mounting solution that is simple and quick to put up on the wall.<\/p>\n<\/div>\n\n\n\n<div class=\"wp-block-group has-background is-vertical is-layout-flex wp-container-core-group-is-layout-d255d7c4 wp-block-group-is-layout-flex\" style=\"background-color:#f1f1f1;padding-top:var(--wp--preset--spacing--80);padding-bottom:var(--wp--preset--spacing--80)\">\n<div class=\"wp-block-group is-vertical is-layout-flex wp-container-core-group-is-layout-8cf370e7 wp-block-group-is-layout-flex\">\n<h2 class=\"wp-block-heading\" style=\"padding-top:var(--wp--preset--spacing--40);padding-bottom:var(--wp--preset--spacing--40);font-size:25px;font-style:normal;font-weight:600;text-transform:capitalize\">Warum unser vertikales, nach oben gebogenes LED-Wandprofil w\u00e4hlen?<\/h2>\n\n\n\n<ul class=\"wp-block-list\">\n<li>Hochwertiges 6063-T5 eloxiertes Aluminium erm\u00f6glicht eine einfache W\u00e4rmeabgabe.<\/li>\n\n\n\n<li>Frosted Diffusor f\u00fcr sanftes und gleichm\u00e4\u00dfiges Licht ohne harte Blendung.<\/li>\n\n\n\n<li>Einfache und saubere Vertikalwandmontage.<\/li>\n\n\n\n<li>Geeignet f\u00fcr Ambiente-, Akzent- und architektonische Beleuchtung.<\/li>\n\n\n\n<li>Kompatibel mit den meisten g\u00e4ngigen LED-Streifen, die bis zu 14 mm breit sind.<\/li>\n\n\n\n<li>Enth\u00e4lt Endkappen und Montageklemmen f\u00fcr ein sauberes Finish.<\/li>\n<\/ul>\n<\/div>\n<\/div>\n\n\n\n<div class=\"wp-block-group\" style=\"padding-top:var(--wp--preset--spacing--60);padding-bottom:var(--wp--preset--spacing--60)\"><div class=\"wp-block-group__inner-container is-layout-constrained wp-block-group-is-layout-constrained\">\n<div class=\"wp-block-media-text has-media-on-the-right is-stacked-on-mobile\" style=\"grid-template-columns:auto 40%\"><div class=\"wp-block-media-text__content\">\n<h2 class=\"wp-block-heading\" style=\"padding-top:var(--wp--preset--spacing--40);padding-bottom:var(--wp--preset--spacing--40);font-size:25px;font-style:normal;font-weight:600;text-transform:capitalize\">Verwendungen und Vorteile<\/h2>\n\n\n\n<ul class=\"wp-block-list\">\n<li>Hotel-Lobbys, Flure und Empfangsbereiche zur Schaffung einer freundlichen Atmosph\u00e4re.<\/li>\n\n\n\n<li>Gesch\u00e4fte und B\u00fcros, die modern und elegant wirken.<\/li>\n\n\n\n<li>Bars und Restaurants, die W\u00e4rme und Willkommenheit ausstrahlen.<\/li>\n\n\n\n<li>Flure, Treppenh\u00e4user und Wohnbereiche in Wohnungen, die sanftes Licht ben\u00f6tigen.<\/li>\n<\/ul>\n<\/div><figure class=\"wp-block-media-text__media\"><img loading=\"lazy\" decoding=\"async\" width=\"500\" height=\"500\" src=\"https:\/\/tangooled.com\/wp-content\/uploads\/2025\/07\/wp01-ins.webp\" alt=\"vertikales Wandmontage-Leuchtprofil mit gebogenem LED f\u00fcr nach oben gerichtete Beleuchtung\" class=\"wp-image-42065 size-full\" srcset=\"https:\/\/tangooled.com\/wp-content\/uploads\/2025\/07\/wp01-ins.webp 500w, https:\/\/tangooled.com\/wp-content\/uploads\/2025\/07\/wp01-ins-300x300.webp 300w, https:\/\/tangooled.com\/wp-content\/uploads\/2025\/07\/wp01-ins-150x150.webp 150w\" sizes=\"auto, (max-width: 500px) 100vw, 500px\" \/><\/figure><\/div>\n<\/div><\/div>\n\n\n\n<div class=\"wp-block-group has-background is-vertical is-layout-flex wp-container-core-group-is-layout-b429018a wp-block-group-is-layout-flex\" style=\"background-color:#f1f1f1f2;padding-top:var(--wp--preset--spacing--70);padding-bottom:var(--wp--preset--spacing--70)\">\n<h2 class=\"wp-block-heading\" style=\"padding-top:var(--wp--preset--spacing--40);padding-bottom:var(--wp--preset--spacing--40);font-size:25px;font-style:normal;font-weight:600\">Im Paket enthalten<\/h2>\n\n\n\n<ul class=\"wp-block-list\">\n<li>1 x Vertikales, gebogenes Aluminium-LED-Profil<\/li>\n\n\n\n<li>1 x Frosted Polycarbonat-Diffusor<\/li>\n\n\n\n<li>2 x Montageklemmen mit Schrauben<\/li>\n\n\n\n<li>2 x Endkappen (1 mit Drahtloch, 1 ohne)<\/li>\n<\/ul>\n<\/div>\n\n\n\n<div class=\"wp-block-group is-vertical is-layout-flex wp-container-core-group-is-layout-d255d7c4 wp-block-group-is-layout-flex\" style=\"padding-top:var(--wp--preset--spacing--80);padding-bottom:var(--wp--preset--spacing--80)\">\n<h2 class=\"wp-block-heading\" style=\"padding-top:var(--wp--preset--spacing--40);padding-bottom:var(--wp--preset--spacing--40);font-size:25px;font-style:normal;font-weight:600;text-transform:capitalize\">Diese verwandten Produkte k\u00f6nnten Ihnen auch gefallen<\/h2>\n\n\n\n<ul class=\"wp-block-list\">\n<li><a href=\"https:\/\/tangooled.com\/de\/product\/black-led-profile-with-black-diffuser-for-10mm-led-strip-light\/\"><mark style=\"background-color:rgba(0, 0, 0, 0)\" class=\"has-inline-color has-vivid-red-color\">Schwarzes LED-Profil mit schwarzem Diffusor f\u00fcr 10mm LED-Streifen<\/mark><\/a><\/li>\n\n\n\n<li><a href=\"https:\/\/tangooled.com\/de\/product\/surface-mount-led-profile-with-frosted-diffuser-for-10mm-rope-lights\/\"><mark style=\"background-color:rgba(0, 0, 0, 0)\" class=\"has-inline-color has-vivid-red-color\">Oberfl\u00e4chenmontierter LED-Profil mit mattiertem Diffusor f\u00fcr 10 mm LED-Lichterketten<\/mark><\/a><\/li>\n\n\n\n<li><a href=\"https:\/\/tangooled.com\/de\/product\/25x14m-surface-mounted-led-light-aluminum-profile\/\"><mark style=\"background-color:rgba(0, 0, 0, 0)\" class=\"has-inline-color has-vivid-red-color\">25x14m oberfl\u00e4chenmontiertes LED-Leuchten-Aluprofil<\/mark><\/a><\/li>\n\n\n\n<li><a href=\"https:\/\/tangooled.com\/de\/product\/led-strip-light-channel-aluminum-profile-with-diffused-cover-6mm-height\/\"><mark style=\"background-color:rgba(0, 0, 0, 0)\" class=\"has-inline-color has-vivid-red-color\">Aluminiumprofil f\u00fcr LED-Streifen mit diffundierender Abdeckung, H\u00f6he 6 mm<\/mark><\/a><\/li>\n\n\n\n<li><a href=\"https:\/\/tangooled.com\/de\/product\/black-aluminum-u-channel-profile-for-10mm-led-strips\/\"><mark style=\"background-color:rgba(0, 0, 0, 0)\" class=\"has-inline-color has-vivid-red-color\">Schwarzes Aluminium-U-Profil f\u00fcr 10mm LED-Streifen<\/mark><\/a><\/li>\n<\/ul>\n<\/div>\n\n\n\n<div class=\"wp-block-group has-background is-vertical is-layout-flex wp-container-core-group-is-layout-b429018a wp-block-group-is-layout-flex\" style=\"background-color:#f1f1f1f2;padding-top:var(--wp--preset--spacing--70);padding-bottom:var(--wp--preset--spacing--70)\">\n<h2 class=\"wp-block-heading\" style=\"padding-top:var(--wp--preset--spacing--40);padding-bottom:var(--wp--preset--spacing--40);font-size:25px;font-style:normal;font-weight:600\">Warum unser vertikales, nach oben gebogenes LED-Wandprofil?<\/h2>\n\n\n\n<p style=\"padding-right:var(--wp--preset--spacing--50);padding-left:var(--wp--preset--spacing--50)\">Our profile is the best mix of durability, style, and adaptability. It makes it easy to add modern, stylish uplighting on interior\u00a0walls.\u00a0 The frosted diffuser and high-quality aluminum make the light look smooth and even.Plus, it\u2019s easy to fit, maintain, and customize with a range of finishes and accessories.<\/p>\n<\/div>\n\n\n\n<p><\/p>","protected":false},"featured_media":13469,"template":"","meta":{"_acf_changed":true,"_seopress_robots_primary_cat":"none","_seopress_titles_title":"Vertical Curved Upward LED Wall Profile | WP01 Ambient Light Channel | TANGOOLED","_seopress_titles_desc":"The WP01 is a premium vertical curved upward led wall profile designed for soft, indirect lighting. Its sleek aluminum design mounts vertically to create a beautiful upward glow on wall surfaces.","_seopress_robots_index":""},"pcb-width":[228],"product-cat":[195],"class_list":{"0":"post-35400","1":"product","2":"type-product","3":"status-publish","4":"has-post-thumbnail","6":"pcb-width-6-12mm","7":"product-cat-wall-mout-profile"},"acf":[],"_links":{"self":[{"href":"https:\/\/tangooled.com\/de\/wp-json\/wp\/v2\/product\/35400","targetHints":{"allow":["GET"]}}],"collection":[{"href":"https:\/\/tangooled.com\/de\/wp-json\/wp\/v2\/product"}],"about":[{"href":"https:\/\/tangooled.com\/de\/wp-json\/wp\/v2\/types\/product"}],"wp:featuredmedia":[{"embeddable":true,"href":"https:\/\/tangooled.com\/de\/wp-json\/wp\/v2\/media\/13469"}],"wp:attachment":[{"href":"https:\/\/tangooled.com\/de\/wp-json\/wp\/v2\/media?parent=35400"}],"wp:term":[{"taxonomy":"pcb-width","embeddable":true,"href":"https:\/\/tangooled.com\/de\/wp-json\/wp\/v2\/pcb-width?post=35400"},{"taxonomy":"product-cat","embeddable":true,"href":"https:\/\/tangooled.com\/de\/wp-json\/wp\/v2\/product-cat?post=35400"}],"curies":[{"name":"wp","href":"https:\/\/api.w.org\/{rel}","templated":true}]}}