{"id":35304,"date":"2025-07-03T02:36:36","date_gmt":"2025-07-03T10:36:36","guid":{"rendered":"https:\/\/tangooled.com\/?post_type=product&#038;p=35304"},"modified":"2026-02-01T22:05:20","modified_gmt":"2026-02-02T06:05:20","slug":"slim-plaster-in-led-ceiling-profile-for-8mm-led-strip","status":"publish","type":"product","link":"https:\/\/tangooled.com\/de\/product\/slim-plaster-in-led-ceiling-profile-for-8mm-led-strip\/","title":{"rendered":"schlanker Putz in LED-Deckenprofil f\u00fcr 8 mm LED-Streifen"},"content":{"rendered":"<div class=\"wp-block-group is-vertical is-layout-flex wp-container-core-group-is-layout-d255d7c4 wp-block-group-is-layout-flex\" style=\"padding-top:var(--wp--preset--spacing--80);padding-bottom:var(--wp--preset--spacing--80)\">\n<p>Unser 8 mm Streifen verwendet das LED-Putz-Deckenprofil&nbsp;DWP01&nbsp;und sorgt f\u00fcr eine glatte, moderne Lichtgestaltung. Dieser schlanke Aluminiumkanal ist speziell f\u00fcr Trockenbau- und Gipskarton-Anwendungen hergestellt. Er verbirgt die Leuchte vollst\u00e4ndig und verleiht ihr ein sauberes, schnittfreies Aussehen. Der Kanal ist 32,4 mm breit und 13 mm tief. Die gro\u00dfe Montageflansch erleichtert und sichert die Befestigung unter dem Putz. Dieses Profil eignet sich hervorragend zur Schaffung sanfter, versteckter linearen Beleuchtung in jedem Bereich. Es erf\u00fcllt Ihre Bed\u00fcrfnisse f\u00fcr ein 8mm Streifen-LED-Putz-Deckenprofil.<\/p>\n<\/div>\n\n\n\n<div class=\"wp-block-group has-background is-vertical is-layout-flex wp-container-core-group-is-layout-d255d7c4 wp-block-group-is-layout-flex\" style=\"background-color:#f1f1f1;padding-top:var(--wp--preset--spacing--80);padding-bottom:var(--wp--preset--spacing--80)\">\n<div class=\"wp-block-group is-vertical is-layout-flex wp-container-core-group-is-layout-8cf370e7 wp-block-group-is-layout-flex\">\n<h2 class=\"wp-block-heading\" style=\"padding-top:var(--wp--preset--spacing--40);padding-bottom:var(--wp--preset--spacing--40);font-size:25px;font-style:normal;font-weight:600;text-transform:capitalize\">Warum sollten Sie das 8 mm Streifen-LED-Putz-Deckenprofil w\u00e4hlen?<\/h2>\n\n\n\n<ul class=\"wp-block-list\">\n<li>Keine N\u00e4hte oder Trimms: Das Putz-in-Design verbirgt das Profil, wenn es installiert ist. Es sieht so aus, als w\u00fcrde Ihr Licht von der Decke kommen, nicht von einer Leuchte.<\/li>\n\n\n\n<li>Die richtige Gr\u00f6\u00dfe f\u00fcr 8 mm LED-B\u00e4nder: Dieses Profil ist f\u00fcr LED-Streifen bis zu 8 mm Breite ausgelegt und h\u00e4lt die Lichter k\u00fchl und sicher.<\/li>\n\n\n\n<li>Glatte Lichtdiffusion: Der mitgelieferte opal-frosted Diffusor streut das Licht gleichm\u00e4\u00dfig und sanft, ohne Punkte.<\/li>\n\n\n\n<li>Stark und langlebig: Hergestellt aus hochwertigem eloxiertem Aluminium (6063-T5), das hilft, den LED-Streifen&nbsp;cool zu halten. Dadurch halten LEDs l\u00e4nger und leuchten heller.<\/li>\n\n\n\n<li>Einfach einzurichten: Passt in Schlitze im Trockenbau; Putz bedeckt die L\u00f6cher in den Fl\u00fcgeln f\u00fcr ein glattes Finish.<\/li>\n<\/ul>\n<\/div>\n<\/div>\n\n\n\n<div class=\"wp-block-group is-vertical is-layout-flex wp-container-core-group-is-layout-d255d7c4 wp-block-group-is-layout-flex\" style=\"padding-top:var(--wp--preset--spacing--80);padding-bottom:var(--wp--preset--spacing--80)\">\n<hr class=\"wp-block-separator has-alpha-channel-opacity\"\/>\n\n\n\n<div class=\"wp-block-media-text has-media-on-the-right is-stacked-on-mobile\" style=\"grid-template-columns:auto 40%\"><div class=\"wp-block-media-text__content\">\n<h2 class=\"wp-block-heading\" style=\"padding-top:var(--wp--preset--spacing--40);padding-bottom:var(--wp--preset--spacing--40);font-size:25px;font-style:normal;font-weight:600;text-transform:capitalize\">So verwenden Sie dieses 8mm LED-Streifen-Putz-Deckenprofil<\/h2>\n\n\n\n<ul class=\"wp-block-list\">\n<li>Machen Sie einen sauberen Schnitt in Gipskarton oder Trockenbau.<\/li>\n\n\n\n<li>Verwenden Sie Schrauben, um das Profil zu befestigen.<br>\u2022Use LED plaster ceiling profile light tape to connect your 8mm strip inside the channel.<\/li>\n\n\n\n<li>Befestigen Sie den einsteckbaren Diffusor.<\/li>\n\n\n\n<li>Tragen Sie Putz auf die Flansche mit L\u00f6chern auf.<\/li>\n\n\n\n<li>Bemalen Sie die Oberfl\u00e4che nach Wunsch.<\/li>\n<\/ul>\n<\/div><figure class=\"wp-block-media-text__media\"><img loading=\"lazy\" decoding=\"async\" width=\"500\" height=\"500\" src=\"https:\/\/tangooled.com\/wp-content\/uploads\/2025\/07\/dwp01-ins.webp\" alt=\"schlanker Putz in LED-Deckenprofil f\u00fcr 8 mm LED-Streifen\" class=\"wp-image-42766 size-full\" srcset=\"https:\/\/tangooled.com\/wp-content\/uploads\/2025\/07\/dwp01-ins.webp 500w, https:\/\/tangooled.com\/wp-content\/uploads\/2025\/07\/dwp01-ins-300x300.webp 300w, https:\/\/tangooled.com\/wp-content\/uploads\/2025\/07\/dwp01-ins-150x150.webp 150w\" sizes=\"auto, (max-width: 500px) 100vw, 500px\" \/><\/figure><\/div>\n<\/div>\n\n\n\n<div class=\"wp-block-group has-background is-vertical is-layout-flex wp-container-core-group-is-layout-b429018a wp-block-group-is-layout-flex\" style=\"background-color:#f1f1f1f2;padding-top:var(--wp--preset--spacing--70);padding-bottom:var(--wp--preset--spacing--70)\">\n<h2 class=\"wp-block-heading\" style=\"padding-top:var(--wp--preset--spacing--40);padding-bottom:var(--wp--preset--spacing--40);font-size:25px;font-style:normal;font-weight:600\">Wo man es verwenden kann: Nutzungsszenarien<\/h2>\n\n\n\n<p>Sie k\u00f6nnen unser 8 mm Streifen-LED-Putz-Deckenprofil an vielen verschiedenen Orten verwenden:<\/p>\n\n\n\n<ul class=\"wp-block-list\">\n<li>Wohnzimmer f\u00fcr beruhigende, ambiente Lichtstr\u00f6me in Wohnr\u00e4umen.<\/li>\n\n\n\n<li>Flure und Treppen f\u00fcr sanftes Licht an W\u00e4nden.<\/li>\n\n\n\n<li>Gewerbliche R\u00e4ume: Hotel-Lobbys und Flure f\u00fcr stilvolle Akzente.<\/li>\n\n\n\n<li>B\u00fcros und Besprechungsr\u00e4ume, die in der heutigen Welt gut aussehen.<\/li>\n\n\n\n<li>Restaurants und Caf\u00e9s mit coolem Stimmungslicht.<\/li>\n<\/ul>\n<\/div>\n\n\n\n<div class=\"wp-block-group is-vertical is-layout-flex wp-container-core-group-is-layout-d255d7c4 wp-block-group-is-layout-flex\" style=\"padding-top:var(--wp--preset--spacing--80);padding-bottom:var(--wp--preset--spacing--80)\">\n<h2 class=\"wp-block-heading\" style=\"padding-top:var(--wp--preset--spacing--40);padding-bottom:var(--wp--preset--spacing--40);font-size:25px;font-style:normal;font-weight:600;text-transform:capitalize\">Verwandte Produkte<\/h2>\n\n\n\n<p>Entdecken Sie diese verwandten LED-Profile, um Ihre Einrichtung zu erg\u00e4nzen:<\/p>\n\n\n\n<ul class=\"wp-block-list\">\n<li><a href=\"https:\/\/tangooled.com\/de\/product\/10mm-led-profile-aluminum-channel-for-8mm-led-tape-lights\/\"><mark style=\"background-color:rgba(0, 0, 0, 0)\" class=\"has-inline-color has-vivid-red-color\">10mm LED-Profil f\u00fcr 8mm Tape-Lichter<\/mark><\/a>: f\u00fcr etwas breitere LED-Streifen mit \u00e4hnlicher Installation.<\/li>\n\n\n\n<li><a href=\"https:\/\/tangooled.com\/de\/product\/curved-diffuser-flexible-led-strip-light-channel-for-8mm-led-strips\/\"><mark style=\"background-color:rgba(0, 0, 0, 0)\" class=\"has-inline-color has-vivid-red-color\">Gekr\u00fcmmter Diffusor LED-Streifenlichtkanal f\u00fcr 8 mm LED-Streifen<\/mark><\/a>: Gestalten Sie Ihr Licht sanft um Ecken.<\/li>\n\n\n\n<li><a href=\"https:\/\/tangooled.com\/de\/product\/low-lighting-slim-in-wall-aluminum-led-channel-for-8mm-led-strip\/\"><mark style=\"background-color:rgba(0, 0, 0, 0)\" class=\"has-inline-color has-vivid-red-color\">Schlanker Aluminium-LED-Kanal f\u00fcr wandb\u00fcndige Beleuchtung f\u00fcr 8 mm LED-Streifen<\/mark><\/a>: Ideal f\u00fcr Wandakzente und Licht an Treppen.<\/li>\n\n\n\n<li><a href=\"https:\/\/tangooled.com\/de\/product\/led-strip-light-channel-aluminum-profile-with-diffused-cover-6mm-height\/\"><mark style=\"background-color:rgba(0, 0, 0, 0)\" class=\"has-inline-color has-vivid-red-color\">LED-Streifenlicht-Kanal-Aluminiumprofil mit diffuser Abdeckung 6mm H\u00f6he<\/mark><\/a>: F\u00fcr sehr flache Beleuchtungsbed\u00fcrfnisse.<\/li>\n<\/ul>\n<\/div>\n\n\n\n<div class=\"wp-block-group is-vertical is-layout-flex wp-container-core-group-is-layout-d255d7c4 wp-block-group-is-layout-flex\" style=\"padding-top:var(--wp--preset--spacing--80);padding-bottom:var(--wp--preset--spacing--80)\">\n<p>Erhellen Sie Ihren Raum mit dem perfekten schlanken, Putz-in LED-Kanal, der f\u00fcr Ihre 8 mm LED-Streifen konzipiert ist. Schaffen Sie eine klare, moderne Beleuchtung mit einer unsichtbaren Oberfl\u00e4che. Bestellen Sie jetzt f\u00fcr ein m\u00fcheloses Upgrade, das zu Ihren Trockenbau- und Putzdeckenprojekten passt!<\/p>\n<\/div>\n\n\n\n<p><\/p>","protected":false},"featured_media":13703,"template":"","meta":{"_acf_changed":true,"_seopress_robots_primary_cat":"none","_seopress_titles_title":"8mm Slim Plaster-in LED Ceiling Profile | Trimless Channel DWP01","_seopress_titles_desc":"The DWP01 is an ultra-slim plaster-in led ceiling profile optimized for 8mm strips. Achieve a seamless trimless finish on drywalls and ceilings with this professional aluminum channel.","_seopress_robots_index":""},"pcb-width":[228],"product-cat":[197],"class_list":{"0":"post-35304","1":"product","2":"type-product","3":"status-publish","4":"has-post-thumbnail","6":"pcb-width-6-12mm","7":"product-cat-plaster-in-profile"},"acf":[],"_links":{"self":[{"href":"https:\/\/tangooled.com\/de\/wp-json\/wp\/v2\/product\/35304","targetHints":{"allow":["GET"]}}],"collection":[{"href":"https:\/\/tangooled.com\/de\/wp-json\/wp\/v2\/product"}],"about":[{"href":"https:\/\/tangooled.com\/de\/wp-json\/wp\/v2\/types\/product"}],"wp:featuredmedia":[{"embeddable":true,"href":"https:\/\/tangooled.com\/de\/wp-json\/wp\/v2\/media\/13703"}],"wp:attachment":[{"href":"https:\/\/tangooled.com\/de\/wp-json\/wp\/v2\/media?parent=35304"}],"wp:term":[{"taxonomy":"pcb-width","embeddable":true,"href":"https:\/\/tangooled.com\/de\/wp-json\/wp\/v2\/pcb-width?post=35304"},{"taxonomy":"product-cat","embeddable":true,"href":"https:\/\/tangooled.com\/de\/wp-json\/wp\/v2\/product-cat?post=35304"}],"curies":[{"name":"wp","href":"https:\/\/api.w.org\/{rel}","templated":true}]}}