{"id":35274,"date":"2025-07-03T02:11:20","date_gmt":"2025-07-03T10:11:20","guid":{"rendered":"https:\/\/tangooled.com\/?post_type=product&#038;p=35274"},"modified":"2026-02-02T02:03:50","modified_gmt":"2026-02-02T10:03:50","slug":"35x35mm-circular-ring-lights-led-aluminum-profile-for-hanging","status":"publish","type":"product","link":"https:\/\/tangooled.com\/de\/product\/35x35mm-circular-ring-lights-led-aluminum-profile-for-hanging\/","title":{"rendered":"35x35 mm runde Ringlichter LED-Aluminiumprofil zur Aufh\u00e4ngung"},"content":{"rendered":"<div class=\"wp-block-group is-vertical is-layout-flex wp-container-core-group-is-layout-d255d7c4 wp-block-group-is-layout-flex\" style=\"padding-top:var(--wp--preset--spacing--80);padding-bottom:var(--wp--preset--spacing--80)\">\n<p>Unser sch\u00f6ner 35x35mm runder LED-Profilring wird Ihre Umgebung erhellen. Das Aluminiumprofil kann verwendet werden, um als sch\u00f6ner, ma\u00dfgeschneiderter runder Lichtkreis aufgeh\u00e4ngt zu werden. Der Durchmesser dieses Rings kann an Ihren Raum angepasst werden und reicht von 600 mm bis 3000 mm. Hergestellt aus starkem Aluminium, bietet er Arbeitspl\u00e4tzen, Hotels, Gesch\u00e4ften und Wohnungen ein sch\u00f6nes, gleichm\u00e4\u00dfiges Licht. Sie k\u00f6nnen es noch besser aussehen lassen, indem Sie aus klassischem Schwarz, reinem Wei\u00df oder elegantem Silber w\u00e4hlen. Wir bieten auch kundenspezifische Farboberfl\u00e4chen an, um sicherzustellen, dass sie Ihrer spezifischen Vision entsprechen, wie Sie m\u00f6chten, dass Ihr Zuhause innen aussieht.<\/p>\n<\/div>\n\n\n\n<div class=\"wp-block-group has-background is-vertical is-layout-flex wp-container-core-group-is-layout-d255d7c4 wp-block-group-is-layout-flex\" style=\"background-color:#f1f1f1;padding-top:var(--wp--preset--spacing--80);padding-bottom:var(--wp--preset--spacing--80)\">\n<div class=\"wp-block-group is-vertical is-layout-flex wp-container-core-group-is-layout-8cf370e7 wp-block-group-is-layout-flex\">\n<h2 class=\"wp-block-heading\" style=\"padding-top:var(--wp--preset--spacing--40);padding-bottom:var(--wp--preset--spacing--40);font-size:25px;font-style:normal;font-weight:600;text-transform:capitalize\">Warum diesen 35x35mm runden LED-Profilring w\u00e4hlen?<\/h2>\n\n\n\n<ul class=\"wp-block-list\">\n<li>Das 35x35mm runde LED-Profil ist ein robustes und ansprechendes Aluminiumprofil, das gut mit moderner Beleuchtung funktioniert.<\/li>\n\n\n\n<li>Die runde Form macht es zu einem gro\u00dfartigen architektonischen Ringlicht oder einem Halo-Pendelleuchte. <\/li>\n\n\n\n<li>Der satinierte Diffusor sorgt daf\u00fcr, dass das Licht gleichm\u00e4\u00dfig und punktfrei ist, ohne Blendung. <\/li>\n\n\n\n<li>Die Montage mit Drahtaufh\u00e4ngung ist mit dem Drahtaufh\u00e4ngungssystem denkbar einfach.<\/li>\n\n\n\n<li>Es funktioniert in Wohnungen, B\u00fcros, Hotels und Gesch\u00e4ften, die eine moderne M\u00f6glichkeit ben\u00f6tigen, Lichter aufzuh\u00e4ngen.<\/li>\n<\/ul>\n<\/div>\n<\/div>\n\n\n\n<div class=\"wp-block-group\" style=\"padding-top:var(--wp--preset--spacing--80);padding-bottom:var(--wp--preset--spacing--80)\"><div class=\"wp-block-group__inner-container is-layout-constrained wp-block-group-is-layout-constrained\">\n<h2 class=\"wp-block-heading\" style=\"font-size:25px;font-style:normal;font-weight:600;text-transform:capitalize\">Ideal f\u00fcr diese Anwendungen<\/h2>\n\n\n\n<ul class=\"wp-block-list\">\n<li>Besprechungszimmer und gewerbliche B\u00fcros\u00a0<\/li>\n\n\n\n<li>Hotellobbys und Atrien<\/li>\n\n\n\n<li>Einzelhandelsausstellungen und Boutiquen\u00a0<\/li>\n\n\n\n<li>Wohn- und Essbereiche in Wohnungen<\/li>\n\n\n\n<li>K\u00fcnstlerstudios und kreative Arbeitsr\u00e4ume<\/li>\n<\/ul>\n<\/div><\/div>\n\n\n\n<div class=\"wp-block-group has-background is-vertical is-layout-flex wp-container-core-group-is-layout-b429018a wp-block-group-is-layout-flex\" style=\"background-color:#f1f1f1f2;padding-top:var(--wp--preset--spacing--70);padding-bottom:var(--wp--preset--spacing--70)\">\n<h2 class=\"wp-block-heading\" style=\"padding-top:var(--wp--preset--spacing--40);padding-right:0;padding-bottom:var(--wp--preset--spacing--40);padding-left:0;font-size:25px;font-style:normal;font-weight:600\">Kompatibel mit diesen LED-Bandlichtern<\/h2>\n\n\n\n<ul class=\"wp-block-list\">\n<li>LED strips with a high CRI (Ra > 90) for accurate colors.<\/li>\n\n\n\n<li>Wei\u00dfe LED-Streifen in einer Farbe (3000K, 4000K oder 6000K).<\/li>\n\n\n\n<li>Streifen, die die Farbe von RGB zu RGBW \u00e4ndern.<\/li>\n\n\n\n<li>Streifen, die bis zu 20mm breit sind, passen bequem in den Profilkanal.<\/li>\n<\/ul>\n<\/div>\n\n\n\n<div class=\"wp-block-group\" style=\"padding-top:var(--wp--preset--spacing--80);padding-bottom:var(--wp--preset--spacing--80)\"><div class=\"wp-block-group__inner-container is-layout-constrained wp-block-group-is-layout-constrained\">\n<h2 class=\"wp-block-heading\" style=\"padding-top:var(--wp--preset--spacing--40);padding-bottom:var(--wp--preset--spacing--40);font-size:25px;font-style:normal;font-weight:600;text-transform:capitalize\">Zusammenfassung<\/h2>\n\n\n\n<p>Das 35x35mm runde LED-H\u00e4ngeprofil besteht aus extrudiertem Aluminium. Der satinierte Diffusor verteilt das Licht gleichm\u00e4\u00dfig, ohne es \u00fcberm\u00e4\u00dfig hell zu machen. Dieses Profil eignet sich perfekt f\u00fcr moderne Pendelleuchten, architektonische Ringlichter und auff\u00e4llige runde LED-Profile, da es f\u00fcr die Montage an einem Pendel konzipiert wurde. Es ist in einer Vielzahl von Farben erh\u00e4ltlich, kann gedimmt werden und an jede Gr\u00f6\u00dfe angepasst werden, sodass es gut in Wohnungen, Gesch\u00e4ften, Hotels und Arbeitspl\u00e4tzen eingesetzt werden kann.<\/p>\n<\/div><\/div>\n\n\n\n<p><\/p>","protected":false},"featured_media":20009,"template":"","meta":{"_acf_changed":true,"_seopress_robots_primary_cat":"none","_seopress_titles_title":"35x35mm Circular Ring LED Profile | Curved Aluminum Channel C3535","_seopress_titles_desc":"The C3535 is a premium 35x35mm circular ring led profile for bespoke curved lighting. Create elegant suspended ring lights and geometric halo fixtures with ease.","_seopress_robots_index":""},"pcb-width":[230],"product-cat":[202],"class_list":{"0":"post-35274","1":"product","2":"type-product","3":"status-publish","4":"has-post-thumbnail","6":"pcb-width-20-25mm","7":"product-cat-circular-profile"},"acf":[],"_links":{"self":[{"href":"https:\/\/tangooled.com\/de\/wp-json\/wp\/v2\/product\/35274","targetHints":{"allow":["GET"]}}],"collection":[{"href":"https:\/\/tangooled.com\/de\/wp-json\/wp\/v2\/product"}],"about":[{"href":"https:\/\/tangooled.com\/de\/wp-json\/wp\/v2\/types\/product"}],"wp:featuredmedia":[{"embeddable":true,"href":"https:\/\/tangooled.com\/de\/wp-json\/wp\/v2\/media\/20009"}],"wp:attachment":[{"href":"https:\/\/tangooled.com\/de\/wp-json\/wp\/v2\/media?parent=35274"}],"wp:term":[{"taxonomy":"pcb-width","embeddable":true,"href":"https:\/\/tangooled.com\/de\/wp-json\/wp\/v2\/pcb-width?post=35274"},{"taxonomy":"product-cat","embeddable":true,"href":"https:\/\/tangooled.com\/de\/wp-json\/wp\/v2\/product-cat?post=35274"}],"curies":[{"name":"wp","href":"https:\/\/api.w.org\/{rel}","templated":true}]}}