{"id":35252,"date":"2025-07-03T01:29:32","date_gmt":"2025-07-03T09:29:32","guid":{"rendered":"https:\/\/tangooled.com\/?post_type=product&#038;p=35252"},"modified":"2026-02-02T02:14:09","modified_gmt":"2026-02-02T10:14:09","slug":"20mm-round-led-profile-light-aluminum-channel-for-12mm-strip-light","status":"publish","type":"product","link":"https:\/\/tangooled.com\/de\/product\/20mm-round-led-profile-light-aluminum-channel-for-12mm-strip-light\/","title":{"rendered":"Aluminiumkanal f\u00fcr 12mm LED-Streifen mit 20mm rundem LED-Profil"},"content":{"rendered":"<div class=\"wp-block-group is-vertical is-layout-flex wp-container-core-group-is-layout-d255d7c4 wp-block-group-is-layout-flex\" style=\"padding-top:var(--wp--preset--spacing--80);padding-bottom:var(--wp--preset--spacing--80)\">\n<p>The 20mm Round LED Profile we sell is made to work with LED strips that are up to 12mm wide. This profile has a sleek outer diameter of 20.8 mm, which makes it more of a design element than just a functional channel. The channel&#8217;s inside width is 12.2mm, which is perfect for 12mm LED light strips.The strong aluminum profile keeps your LED strip safe and cool, while the included diffuser makes the light smooth and dotless.<\/p>\n\n\n\n<p>It&#8217;s easy and flexible to put together. The application diagram shows that the profile may be hung from a wire, which makes it a great alternative for modern interiors and high ceilings.<\/p>\n\n\n\n<p>Dieser robuste, runde Aluminiumkanal kann sowohl f\u00fcr professionelle als auch f\u00fcr DIY-Projekte verwendet werden. Er ist perfekt f\u00fcr dekorative und ambiente Beleuchtung in Wohnr\u00e4umen, B\u00fcros und Unternehmen, da er ein gleichm\u00e4\u00dfiges, kontinuierliches Licht abgibt.<\/p>\n<\/div>\n\n\n\n<div class=\"wp-block-group has-background is-vertical is-layout-flex wp-container-core-group-is-layout-d255d7c4 wp-block-group-is-layout-flex\" style=\"background-color:#f1f1f1;padding-top:var(--wp--preset--spacing--80);padding-bottom:var(--wp--preset--spacing--80)\">\n<div class=\"wp-block-group is-vertical is-layout-flex wp-container-core-group-is-layout-8cf370e7 wp-block-group-is-layout-flex\">\n<h2 class=\"wp-block-heading\" style=\"padding-top:var(--wp--preset--spacing--40);padding-bottom:var(--wp--preset--spacing--40);font-size:25px;font-style:normal;font-weight:600;text-transform:capitalize\">Warum dieses 20mm runde LED-Profil w\u00e4hlen?<\/h2>\n\n\n\n<ul class=\"wp-block-list\">\n<li>Hergestellt aus anodisiertem Aluminium 6063-T5, das langlebig ist und eine gute W\u00e4rmeableitung erm\u00f6glicht.\u00a0<\/li>\n\n\n\n<li>Kompatibel mit allen Standard 12mm LED-Bandlichtern, wie 5050, 2835 und RGB-Streifen. <\/li>\n\n\n\n<li>Kommt mit einem matten (opal) Diffusor, der das Licht gleichm\u00e4\u00dfig ohne Hotspots verteilt.<\/li>\n\n\n\n<li>Einfach mit Drahtkits einzurichten<\/li>\n\n\n\n<li>Sch\u00fctzt Ihre LED-Streifen vor Schmutz, Staub und Besch\u00e4digungen.<\/li>\n<\/ul>\n<\/div>\n<\/div>\n\n\n\n<div class=\"wp-block-group\" style=\"padding-top:var(--wp--preset--spacing--60);padding-bottom:var(--wp--preset--spacing--60)\"><div class=\"wp-block-group__inner-container is-layout-constrained wp-block-group-is-layout-constrained\">\n<div class=\"wp-block-media-text has-media-on-the-right is-stacked-on-mobile\" style=\"grid-template-columns:auto 40%\"><div class=\"wp-block-media-text__content\">\n<h2 class=\"wp-block-heading\" style=\"padding-top:var(--wp--preset--spacing--40);padding-bottom:var(--wp--preset--spacing--40);font-size:25px;font-style:normal;font-weight:600;text-transform:capitalize\">Wie richte ich es ein?<\/h2>\n\n\n\n<ul class=\"wp-block-list\">\n<li>Schneiden Sie den Aluminiumkanal und den Diffusor auf die passende L\u00e4nge.<\/li>\n\n\n\n<li>Legen Sie den 12mm LED-Streifen in den Kanal.<\/li>\n\n\n\n<li>Befestigen Sie die Aufh\u00e4ngungskabel an der R\u00fcckseite des Kanalslots.<\/li>\n\n\n\n<li>Setzen Sie den Diffusor auf und bringen Sie Endkappen an beiden Enden an.<\/li>\n\n\n\n<li>H\u00e4ngen Sie diesen Aluminiumkanal-Licht an den gew\u00fcnschten Ort.<\/li>\n<\/ul>\n<\/div><figure class=\"wp-block-media-text__media\"><img loading=\"lazy\" decoding=\"async\" width=\"500\" height=\"500\" src=\"https:\/\/tangooled.com\/wp-content\/uploads\/2025\/07\/ar01-ins.webp\" alt=\"20mm round led profile light aluminum channel for 12mm led strip\" class=\"wp-image-42267 size-full\" srcset=\"https:\/\/tangooled.com\/wp-content\/uploads\/2025\/07\/ar01-ins.webp 500w, https:\/\/tangooled.com\/wp-content\/uploads\/2025\/07\/ar01-ins-300x300.webp 300w, https:\/\/tangooled.com\/wp-content\/uploads\/2025\/07\/ar01-ins-150x150.webp 150w\" sizes=\"auto, (max-width: 500px) 100vw, 500px\" \/><\/figure><\/div>\n<\/div><\/div>\n\n\n\n<div class=\"wp-block-group has-background is-vertical is-layout-flex wp-container-core-group-is-layout-b429018a wp-block-group-is-layout-flex\" style=\"background-color:#f1f1f1f2;padding-top:var(--wp--preset--spacing--70);padding-bottom:var(--wp--preset--spacing--70)\">\n<h2 class=\"wp-block-heading\" style=\"padding-top:var(--wp--preset--spacing--40);padding-bottom:var(--wp--preset--spacing--40);font-size:25px;font-style:normal;font-weight:600\">Wo kann man es verwenden?<\/h2>\n\n\n\n<p>Sie k\u00f6nnen dieses 20mm runde Aluminium-LED-Profil mit vielen Beleuchtungsideen verwenden:<\/p>\n\n\n\n<ul class=\"wp-block-list\">\n<li>Pendelleuchten und h\u00e4ngende Lampen \u00fcber K\u00fccheninseln oder Schreibtischen.<\/li>\n\n\n\n<li>Kleiderstangen und Beleuchtung im Kleiderschrank, um besser sehen zu k\u00f6nnen.\u00a0<\/li>\n\n\n\n<li>Under-cabinet and shelf lighting to assist you see what you&#8217;re doing.<\/li>\n\n\n\n<li>Beleuchtung f\u00fcr Einzelhandelsvitrinen, um die Produkte hervorzuheben.<\/li>\n<\/ul>\n<\/div>\n\n\n\n<div class=\"wp-block-group is-vertical is-layout-flex wp-container-core-group-is-layout-d255d7c4 wp-block-group-is-layout-flex\" style=\"padding-top:var(--wp--preset--spacing--80);padding-bottom:var(--wp--preset--spacing--80)\">\n<h2 class=\"wp-block-heading\" style=\"padding-top:var(--wp--preset--spacing--40);padding-bottom:var(--wp--preset--spacing--40);font-size:25px;font-style:normal;font-weight:600;text-transform:capitalize\">What\u2019s In The Box?<\/h2>\n\n\n\n<ul class=\"wp-block-list\">\n<li>Ein runder Aluminiumkanal mit einem Durchmesser von 20mm\u00a0<\/li>\n\n\n\n<li>Ein frostiger oder opaler Diffusorabdeckung<\/li>\n\n\n\n<li>Zwei Endkappen (eine mit einem Loch f\u00fcr die Verkabelung)<\/li>\n\n\n\n<li>Zwei Aufh\u00e4ngungskabel f\u00fcr die h\u00e4ngende Montage<\/li>\n<\/ul>\n<\/div>\n\n\n\n<div class=\"wp-block-group has-background\" style=\"background-color:#f1f1f1;padding-top:var(--wp--preset--spacing--80);padding-bottom:var(--wp--preset--spacing--80)\"><div class=\"wp-block-group__inner-container is-layout-constrained wp-block-group-is-layout-constrained\">\n<h2 class=\"wp-block-heading\" style=\"font-size:25px;font-style:normal;font-weight:600;text-transform:capitalize\">Verwandte Produkte, die Ihnen gefallen k\u00f6nnten<\/h2>\n\n\n\n<ul class=\"wp-block-list\">\n<li>Entdecken Sie unser <a href=\"https:\/\/tangooled.com\/de\/product\/surface-mount-led-profile-with-frosted-diffuser-for-10mm-rope-lights\/\"><mark style=\"background-color:rgba(0, 0, 0, 0)\" class=\"has-inline-color has-vivid-red-color\">Oberfl\u00e4chenmontage-LED-Profil mit mattem Diffusor f\u00fcr 10mm Seillichter<\/mark><\/a> f\u00fcr kleinere Streifen<\/li>\n\n\n\n<li>Testen Sie das <a href=\"https:\/\/tangooled.com\/de\/product\/17mm-led-strip-light-aluminum-channel-for-surface-mounting\/\"><mark style=\"background-color:rgba(0, 0, 0, 0)\" class=\"has-inline-color has-vivid-red-color\">17mm LED-Streifenlicht-Aluminiumkanal f\u00fcr die Oberfl\u00e4chenmontage<\/mark><\/a> f\u00fcr einen breiteren Beleuchtungseffekt<\/li>\n\n\n\n<li>Jetzt ansehen <a href=\"https:\/\/tangooled.com\/de\/product\/wardrobe-closet-hanging-rod-aluminum-led-profile-for-12mm-led-strip-lights\/\"><mark style=\"background-color:rgba(0, 0, 0, 0)\" class=\"has-inline-color has-vivid-red-color\">Kleiderstangen-Aluminium-LED-Profil f\u00fcr 12mm LED-Streifen<\/mark><\/a> f\u00fcr Beleuchtungsl\u00f6sungen im Kleiderschrank<\/li>\n<\/ul>\n<\/div><\/div>\n\n\n\n<div class=\"wp-block-group\" style=\"padding-top:var(--wp--preset--spacing--80);padding-bottom:var(--wp--preset--spacing--80)\"><div class=\"wp-block-group__inner-container is-layout-constrained wp-block-group-is-layout-constrained\">\n<h2 class=\"wp-block-heading\" style=\"font-size:25px;font-style:normal;font-weight:600;text-transform:capitalize\">Zusammenfassung<\/h2>\n\n\n\n<p>Unser 20mm rundes LED-Profil-Aluminium-Kanal f\u00fcr 12mm LED-Streifen ist eine smarte Wahl f\u00fcr alle, die ein sauberes, nahtloses Aussehen mit zuverl\u00e4ssiger W\u00e4rmeabfuhr und Schutz m\u00f6chten. Es eignet sich hervorragend als Pendelleuchte, Kleiderstangenlicht oder Unterbauleuchte. Der glatte, punktlose Diffusor verwandelt Lichtpunkte in einen sanften, linearen Glanz. Ideal f\u00fcr viele Anwendungen, es funktioniert mit allen Standard-12mm-LED-Bandlichtern bei 12V oder 24V.<\/p>\n<\/div><\/div>\n\n\n\n<p><\/p>","protected":false},"featured_media":14282,"template":"","meta":{"_acf_changed":true,"_seopress_robots_primary_cat":"none","_seopress_titles_title":"20mm Round LED Profile Aluminum Channel AR01 | TANGOOLED","_seopress_titles_desc":"The AR01 is a 20mm round led profile designed for 12mm strips. Create elegant pendant lights or decorative luminous tubes with this circular aluminum channel. Perfect for modern interior accents.","_seopress_robots_index":""},"pcb-width":[228],"product-cat":[234],"class_list":{"0":"post-35252","1":"product","2":"type-product","3":"status-publish","4":"has-post-thumbnail","6":"pcb-width-6-12mm","7":"product-cat-round-tube-profile"},"acf":[],"_links":{"self":[{"href":"https:\/\/tangooled.com\/de\/wp-json\/wp\/v2\/product\/35252","targetHints":{"allow":["GET"]}}],"collection":[{"href":"https:\/\/tangooled.com\/de\/wp-json\/wp\/v2\/product"}],"about":[{"href":"https:\/\/tangooled.com\/de\/wp-json\/wp\/v2\/types\/product"}],"wp:featuredmedia":[{"embeddable":true,"href":"https:\/\/tangooled.com\/de\/wp-json\/wp\/v2\/media\/14282"}],"wp:attachment":[{"href":"https:\/\/tangooled.com\/de\/wp-json\/wp\/v2\/media?parent=35252"}],"wp:term":[{"taxonomy":"pcb-width","embeddable":true,"href":"https:\/\/tangooled.com\/de\/wp-json\/wp\/v2\/pcb-width?post=35252"},{"taxonomy":"product-cat","embeddable":true,"href":"https:\/\/tangooled.com\/de\/wp-json\/wp\/v2\/product-cat?post=35252"}],"curies":[{"name":"wp","href":"https:\/\/api.w.org\/{rel}","templated":true}]}}