{"id":35212,"date":"2025-07-02T20:23:44","date_gmt":"2025-07-03T04:23:44","guid":{"rendered":"https:\/\/tangooled.com\/?post_type=product&#038;p=35212"},"modified":"2026-02-02T22:06:07","modified_gmt":"2026-02-03T06:06:07","slug":"wooden-wall-skirting-led-black-aluminum-baseboard-for-18mm-wood","status":"publish","type":"product","link":"https:\/\/tangooled.com\/de\/product\/wooden-wall-skirting-led-black-aluminum-baseboard-for-18mm-wood\/","title":{"rendered":"Holzwandabschlussprofil LED schwarzes Aluminium-Fu\u00dfleiste f\u00fcr 18 mm Holz"},"content":{"rendered":"<div class=\"wp-block-group is-vertical is-layout-flex wp-container-core-group-is-layout-d255d7c4 wp-block-group-is-layout-flex\" style=\"padding-top:var(--wp--preset--spacing--80);padding-bottom:var(--wp--preset--spacing--80)\">\n<p>Our wooden wall skirting LED baseboard is built to fit 18\u00a0mm thick tiles and wooden wall panels. It features a unique lighting structure that offers a more creative illumination effect.<\/p>\n\n\n\n<p>Der LED-Streifen sitzt in einem Kanal, der etwa 20 mm von der Wand entfernt ist. Das Licht strahlt die vertikale Fl\u00e4che der Fu\u00dfleiste hinunter und wird dann sanft auf den Boden reflektiert. Indem die Lichtquelle innerhalb des Fu\u00dfleistenraums verborgen wird, entsteht ein \u00e4sthetisch ansprechendes und sanftes Licht, das angenehm f\u00fcr das menschliche Auge ist.<\/p>\n\n\n\n<p>This black aluminum board makes it to integrate seamlessly with a wide range of decorative styles, including modern minimalism, industrial, and light luxury designs. It is perfectly suited for LED skirting profile lighting design in various settings. The black background further enhances the strip light&#8217;s color and brilliance, making it stand out more distinctly.<\/p>\n<\/div>\n\n\n\n<div class=\"wp-block-group has-background is-vertical is-layout-flex wp-container-core-group-is-layout-d255d7c4 wp-block-group-is-layout-flex\" style=\"background-color:#f1f1f1;padding-top:var(--wp--preset--spacing--80);padding-bottom:var(--wp--preset--spacing--80)\">\n<div class=\"wp-block-group is-vertical is-layout-flex wp-container-core-group-is-layout-8cf370e7 wp-block-group-is-layout-flex\">\n<h2 class=\"wp-block-heading\" style=\"padding-top:var(--wp--preset--spacing--40);padding-bottom:var(--wp--preset--spacing--40);font-size:25px;font-style:normal;font-weight:600;text-transform:capitalize\">Hauptmerkmale des TG-SK01 schwarzen Aluminium LED-Profils<\/h2>\n\n\n\n<ul class=\"wp-block-list\">\n<li>Das b\u00fcndig montierte Design passt gut zu 18 mm dicken Holzplatten und Fliesen.<\/li>\n\n\n\n<li>Hergestellt aus hochwertigem 6063-T5 extrudiertem Aluminium mit einer mattschwarzen anodisierten Oberfl\u00e4che, harmoniert es gut mit den meisten Innendekoren.<\/li>\n\n\n\n<li>Die Innenbreite von 7,9 mm kann Lichtstreifen halten, die 7 mm breit sind oder weniger.<\/li>\n\n\n\n<li>Schwarzes Aluminium-Fu\u00dfleistenprofil, das schr\u00e4g herunterbeleuchtet ist, um zu verhindern, dass das Licht zu hell wird oder Schatten wirft.<\/li>\n\n\n\n<li>The height of the skirting led light from the ground is ideal; it&#8217;s neither too high to look out of place or too low to change the lighting effect. It works well with the baseboard lighting needs of most rooms.<\/li>\n<\/ul>\n<\/div>\n<\/div>\n\n\n\n<div class=\"wp-block-group is-vertical is-layout-flex wp-container-core-group-is-layout-d255d7c4 wp-block-group-is-layout-flex\" style=\"padding-top:var(--wp--preset--spacing--80);padding-bottom:var(--wp--preset--spacing--80)\">\n<hr class=\"wp-block-separator has-alpha-channel-opacity\"\/>\n\n\n\n<div class=\"wp-block-media-text has-media-on-the-right is-stacked-on-mobile\" style=\"grid-template-columns:auto 40%\"><div class=\"wp-block-media-text__content\">\n<h2 class=\"wp-block-heading\" style=\"padding-top:var(--wp--preset--spacing--40);padding-bottom:var(--wp--preset--spacing--40);font-size:25px;font-style:normal;font-weight:600;text-transform:capitalize\">Wie installiert man den Kanal f\u00fcr die Holzwandabschlussleiste LED-Fu\u00dfleiste?<\/h2>\n\n\n\n<ul class=\"wp-block-list\">\n<li>Setzen Sie Ihre LED-Streifenleuchte in den Kanal ein.<\/li>\n\n\n\n<li>Setzen Sie den mattierten Diffusor \u00fcber den LED-Streifen und klicken Sie ihn fest, um ein gleichm\u00e4\u00dfiges Licht ohne Blendung zu erhalten.<\/li>\n\n\n\n<li>Verwenden Sie eine Fr\u00e4se, um einen Kanal in die 18 mm Holzplatte zu machen, der die gleiche Gr\u00f6\u00dfe wie das Profil hat.<\/li>\n\n\n\n<li>Verwenden Sie Schrauben oder starken Kleber, um das Aluminium-LED-Fu\u00dfleistenbrett an Ort und Stelle zu halten.<\/li>\n\n\n\n<li>Schlie\u00dfen Sie es an die DC-Stromversorgung an und genie\u00dfen Sie das Licht.<\/li>\n<\/ul>\n<\/div><figure class=\"wp-block-media-text__media\"><img loading=\"lazy\" decoding=\"async\" width=\"500\" height=\"500\" src=\"https:\/\/tangooled.com\/wp-content\/uploads\/2025\/07\/sk01-ins.webp\" alt=\"wooden wall skirting led black aluminum baseboard for 18mm wood\" class=\"wp-image-42129 size-full\" srcset=\"https:\/\/tangooled.com\/wp-content\/uploads\/2025\/07\/sk01-ins.webp 500w, https:\/\/tangooled.com\/wp-content\/uploads\/2025\/07\/sk01-ins-300x300.webp 300w, https:\/\/tangooled.com\/wp-content\/uploads\/2025\/07\/sk01-ins-150x150.webp 150w\" sizes=\"auto, (max-width: 500px) 100vw, 500px\" \/><\/figure><\/div>\n<\/div>\n\n\n\n<div class=\"wp-block-group has-background is-vertical is-layout-flex wp-container-core-group-is-layout-b429018a wp-block-group-is-layout-flex\" style=\"background-color:#f1f1f1f2;padding-top:var(--wp--preset--spacing--70);padding-bottom:var(--wp--preset--spacing--70)\">\n<h2 class=\"wp-block-heading\" style=\"padding-top:var(--wp--preset--spacing--40);padding-bottom:var(--wp--preset--spacing--40);font-size:25px;font-style:normal;font-weight:600\">Wo kann man es verwenden?<\/h2>\n\n\n\n<p>Das TG-SK01-Profil ist f\u00fcr viele Orte geeignet. Hier sind einige Ideen und Beispiele, wie man es verwenden kann:<\/p>\n\n\n\n<ul class=\"wp-block-list\">\n<li>Beleuchtung entlang der Fu\u00dfleisten im Flur, um Ihnen nachts zu helfen zu sehen.<\/li>\n\n\n\n<li>Beleuchtung unter der K\u00fcchentheke, um d\u00fcstere Ecken heller zu machen.<\/li>\n\n\n\n<li>Lichter an den Treppen, um zu verhindern, dass Menschen stolpern und fallen.<\/li>\n\n\n\n<li>Hotelkorridorlichter, um die Wege sch\u00f6n und sicher zu gestalten.<\/li>\n\n\n\n<li>Beleuchtung auf dem Boden des Kinos f\u00fcr einen angenehmen, geschmackvollen Glanz.<\/li>\n\n\n\n<li>F\u00fcgen Sie beruhigende W\u00e4rme zu Schlafzimmern oder Wohnr\u00e4umen mit Stimmungsbeleuchtung hinzu.<\/li>\n<\/ul>\n<\/div>\n\n\n\n<div class=\"wp-block-group is-vertical is-layout-flex wp-container-core-group-is-layout-d255d7c4 wp-block-group-is-layout-flex\" style=\"padding-top:var(--wp--preset--spacing--80);padding-bottom:var(--wp--preset--spacing--80)\">\n<h2 class=\"wp-block-heading\" style=\"padding-top:var(--wp--preset--spacing--40);padding-bottom:var(--wp--preset--spacing--40);font-size:25px;font-style:normal;font-weight:600;text-transform:capitalize\">Warum Sie unserer Holz-Fu\u00dfleiste LED vertrauen sollten<\/h2>\n\n\n\n<p>Wir haben unsere Holzwandabschlussleisten LED-Fu\u00dfleiste getestet, um sicherzustellen, dass sie pr\u00e4zise auf 18 mm Holzplatten passt. Sie ist darauf ausgelegt, Ihnen Fu\u00dfleistenlicht zu bieten, das sowohl ansprechend als auch energieeffizient ist und Ihre praktischen und dekorativen Anforderungen an eine dezente Beleuchtung erf\u00fcllt. Wenn Sie eine versenkte LED-Fu\u00dfleiste, ein aufgesetztes Fu\u00dfleistenprofil oder eine b\u00fcndig montierte LED-Fu\u00dfleiste installieren m\u00f6chten, ist das TG-SK01 die beste Wahl.<\/p>\n<\/div>\n\n\n\n<div class=\"wp-block-group has-background\" style=\"background-color:#f1f1f1;padding-top:var(--wp--preset--spacing--80);padding-bottom:var(--wp--preset--spacing--80)\"><div class=\"wp-block-group__inner-container is-layout-constrained wp-block-group-is-layout-constrained\">\n<h2 class=\"wp-block-heading\" style=\"padding-top:var(--wp--preset--spacing--40);padding-right:0;padding-bottom:var(--wp--preset--spacing--40);padding-left:0;font-size:25px;font-style:normal;font-weight:600;text-transform:capitalize\">Verwandte Links<\/h2>\n\n\n\n<ul class=\"wp-block-list\">\n<li>Erfahren Sie mehr \u00fcber <a href=\"https:\/\/tangooled.com\/de\/how-to-install-led-aluminum-profiles\/\"><mark style=\"background-color:rgba(0, 0, 0, 0)\" class=\"has-inline-color has-vivid-red-color\">wie man LED-Aluminiumprofile installiert <\/mark><\/a>auf unserer Website.<\/li>\n\n\n\n<li>Schauen Sie sich unser an <mark style=\"background-color:rgba(0, 0, 0, 0)\" class=\"has-inline-color has-vivid-red-color\"><a href=\"https:\/\/tangooled.com\/de\/top-10-led-aluminum-profile-application-ideas\/\">Ideen zur Installation von LED-Aluminiumprofilen<\/a><\/mark> zur Ihrer Inspiration.<\/li>\n<\/ul>\n<\/div><\/div>\n\n\n\n<p><\/p>","protected":false},"featured_media":13622,"template":"","meta":{"_acf_changed":true,"_seopress_robots_primary_cat":"none","_seopress_titles_title":"LED Skirting Board Base Black Aluminum Profile for 18mm Wood SK01 | TANGOOLED","_seopress_titles_desc":"The SK01 is a black aluminum led skirting board base specifically designed for 18mm wood panels. Create modern up-light wall wash effects at floor level with this durable recessed baseboard profile.","_seopress_robots_index":""},"pcb-width":[228],"product-cat":[198],"class_list":{"0":"post-35212","1":"product","2":"type-product","3":"status-publish","4":"has-post-thumbnail","6":"pcb-width-6-12mm","7":"product-cat-skirting-profile"},"acf":[],"_links":{"self":[{"href":"https:\/\/tangooled.com\/de\/wp-json\/wp\/v2\/product\/35212","targetHints":{"allow":["GET"]}}],"collection":[{"href":"https:\/\/tangooled.com\/de\/wp-json\/wp\/v2\/product"}],"about":[{"href":"https:\/\/tangooled.com\/de\/wp-json\/wp\/v2\/types\/product"}],"wp:featuredmedia":[{"embeddable":true,"href":"https:\/\/tangooled.com\/de\/wp-json\/wp\/v2\/media\/13622"}],"wp:attachment":[{"href":"https:\/\/tangooled.com\/de\/wp-json\/wp\/v2\/media?parent=35212"}],"wp:term":[{"taxonomy":"pcb-width","embeddable":true,"href":"https:\/\/tangooled.com\/de\/wp-json\/wp\/v2\/pcb-width?post=35212"},{"taxonomy":"product-cat","embeddable":true,"href":"https:\/\/tangooled.com\/de\/wp-json\/wp\/v2\/product-cat?post=35212"}],"curies":[{"name":"wp","href":"https:\/\/api.w.org\/{rel}","templated":true}]}}