{"id":35192,"date":"2025-07-02T20:04:44","date_gmt":"2025-07-03T04:04:44","guid":{"rendered":"https:\/\/tangooled.com\/?post_type=product&#038;p=35192"},"modified":"2026-01-27T01:34:50","modified_gmt":"2026-01-27T09:34:50","slug":"45-degree-stair-aluminum-profile-down-lighting-stp01","status":"publish","type":"product","link":"https:\/\/tangooled.com\/de\/product\/45-degree-stair-aluminum-profile-down-lighting-stp01\/","title":{"rendered":"STP01: 45-Grad-Abw\u00e4rtsbeleuchtung Treppenprofil f\u00fcr 10mm Streifen"},"content":{"rendered":"<div class=\"wp-block-group is-vertical is-layout-flex wp-container-core-group-is-layout-d255d7c4 wp-block-group-is-layout-flex\" style=\"padding-top:var(--wp--preset--spacing--80);padding-bottom:var(--wp--preset--spacing--80)\">\n<p>Beleuchten Sie Ihre Treppen sicher und stilvoll mit unserem 45-Grad-Abw\u00e4rtsbeleuchtung Treppenprofil aus Aluminium. Unser LED-Treppenprofil besteht aus Aluminium und ist \u00e4u\u00dferst langlebig f\u00fcr den Einsatz in Innen- und Au\u00dfenbereichen. Die Innenbreite dieses Profils ist f\u00fcr einen 10&nbsp;mm breiten LED-Streifen oder 12&nbsp;mm RGB-Streifen verf\u00fcgbar. \u00dcber eine einzelne Lichtfarbe hinaus k\u00f6nnen Sie wechselnde und reichhaltige Farben erzielen, indem Sie RGB-Streifen verwenden, was das Erscheinungsbild Ihrer Treppen erheblich verbessert.<\/p>\n\n\n\n<p>Die Installation dieses Aluminium-Treppenprofils ist ebenfalls einfach. Befestigen Sie es einfach mit Schrauben an der Kante der Treppenstufe, nachdem Sie die Streifen und Endkappen montiert haben. Dieses Treppenbeleuchtungsprofil strahlt das Licht mit einem 45-Grad-Winkel nach unten aus, was bedeutet, dass es keine Blendung in Ihren Augen gibt und jeder Schritt klar und gut beleuchtet ist. Es ist ideal f\u00fcr Wohnungen, B\u00fcros, Hotels und Au\u00dfenbereiche.<\/p>\n<\/div>\n\n\n\n<div class=\"wp-block-group has-background is-vertical is-layout-flex wp-container-core-group-is-layout-d255d7c4 wp-block-group-is-layout-flex\" style=\"background-color:#f1f1f1;padding-top:var(--wp--preset--spacing--80);padding-bottom:var(--wp--preset--spacing--80)\">\n<div class=\"wp-block-group is-vertical is-layout-flex wp-container-core-group-is-layout-8cf370e7 wp-block-group-is-layout-flex\">\n<h2 class=\"wp-block-heading\" style=\"padding-top:var(--wp--preset--spacing--40);padding-bottom:var(--wp--preset--spacing--40);font-size:25px;font-style:normal;font-weight:600;text-transform:capitalize\">Hauptmerkmale und Vorteile<\/h2>\n\n\n\n<ul class=\"wp-block-list\">\n<li>45-Grad-Abw\u00e4rtsbeleuchtung: es h\u00e4lt LED-Streifen und beleuchtet die Treppenstufe in einem 45-Grad-Winkel, ohne blendende Reflexionen.<\/li>\n\n\n\n<li>Passt zu verschiedenen LED-Streifen: es ist f\u00fcr 8mm, 10mm LED-Streifen geeignet und umfasst 12mm RGB-Streifen.<\/li>\n\n\n\n<li>Langlebiges Aluminium: hergestellt aus anodisiertem 6063 Aluminiumlegierung, das gegen Rost und Abnutzung resistent ist.<\/li>\n\n\n\n<li>Sanftes Licht mit Diffusor: ausgestattet mit einer opalen oder matten Diffusorabdeckung, keine gepunkteten Lichtstellen.<\/li>\n\n\n\n<li>Einfache Installation: kann einfach mit Schrauben an den Treppenkanten befestigt werden.<\/li>\n\n\n\n<li>Nach Bedarf auf jede L\u00e4nge schneiden f\u00fcr eine perfekte Passform an Ihren Treppen.<\/li>\n<\/ul>\n<\/div>\n<\/div>\n\n\n\n<div class=\"wp-block-group is-vertical is-layout-flex wp-container-core-group-is-layout-d255d7c4 wp-block-group-is-layout-flex\" style=\"padding-top:var(--wp--preset--spacing--80);padding-bottom:var(--wp--preset--spacing--80)\">\n<hr class=\"wp-block-separator has-alpha-channel-opacity\"\/>\n\n\n\n<div class=\"wp-block-media-text has-media-on-the-right is-stacked-on-mobile\" style=\"grid-template-columns:auto 40%\"><div class=\"wp-block-media-text__content\">\n<h2 class=\"wp-block-heading\" style=\"padding-top:var(--wp--preset--spacing--40);padding-bottom:var(--wp--preset--spacing--40);font-size:25px;font-style:normal;font-weight:600;text-transform:capitalize\">Einfache Schritte zur Installation<\/h2>\n\n\n\n<ul class=\"wp-block-list\">\n<li>Verwenden Sie eine S\u00e4ge, um das Profil auf die richtige Gr\u00f6\u00dfe f\u00fcr Ihre Treppe zuschneiden.<\/li>\n\n\n\n<li>Legen Sie Ihr 10 mm LED-Band in den Kanal.<\/li>\n\n\n\n<li>Snappen Sie die Diffusorabdeckung auf, um das Licht abzuschw\u00e4chen.<\/li>\n\n\n\n<li>Setzen Sie Endkappen auf, um ein sauberes und elegantes Aussehen zu erzeugen.<\/li>\n\n\n\n<li>Verwenden Sie Schrauben, um das Profil an die Kante der Treppe zu befestigen.<\/li>\n\n\n\n<li>Stecken Sie Ihren LED-Streifen in eine Stromquelle.<\/li>\n<\/ul>\n<\/div><figure class=\"wp-block-media-text__media\"><img loading=\"lazy\" decoding=\"async\" width=\"500\" height=\"500\" src=\"https:\/\/tangooled.com\/wp-content\/uploads\/2025\/07\/stp01-ins.webp\" alt=\"down lighting 45 degree stair aluminum profile for 10mm strips\" class=\"wp-image-42205 size-full\" srcset=\"https:\/\/tangooled.com\/wp-content\/uploads\/2025\/07\/stp01-ins.webp 500w, https:\/\/tangooled.com\/wp-content\/uploads\/2025\/07\/stp01-ins-300x300.webp 300w, https:\/\/tangooled.com\/wp-content\/uploads\/2025\/07\/stp01-ins-150x150.webp 150w\" sizes=\"auto, (max-width: 500px) 100vw, 500px\" \/><\/figure><\/div>\n<\/div>\n\n\n\n<div class=\"wp-block-group has-background is-vertical is-layout-flex wp-container-core-group-is-layout-b429018a wp-block-group-is-layout-flex\" style=\"background-color:#f1f1f1f2;padding-top:var(--wp--preset--spacing--70);padding-bottom:var(--wp--preset--spacing--70)\">\n<h2 class=\"wp-block-heading\" style=\"padding-top:var(--wp--preset--spacing--40);padding-bottom:var(--wp--preset--spacing--40);font-size:25px;font-style:normal;font-weight:600;text-transform:capitalize\">perfekte Orte zur Verwendung dieses 45-Grad-Abw\u00e4rtsbeleuchtung Aluminiumprofils<\/h2>\n\n\n\n<ul class=\"wp-block-list\">\n<li>Treppen in Wohnh\u00e4usern aus Holz, Fliesen oder Teppich&nbsp;<\/li>\n\n\n\n<li>Hotels und Theater, die sch\u00f6ne und sichere Treppenbeleuchtung ben\u00f6tigen<\/li>\n\n\n\n<li>Au\u00dfendecks (mit wasserdichten LED-Streifen)<\/li>\n\n\n\n<li>Restaurants und Gesch\u00e4fte, die sichere, attraktive Treppen w\u00fcnschen<\/li>\n\n\n\n<li>B\u00fcros und Gesch\u00e4ftsh\u00e4user<\/li>\n<\/ul>\n<\/div>\n\n\n\n<div class=\"wp-block-group is-vertical is-layout-flex wp-container-core-group-is-layout-d255d7c4 wp-block-group-is-layout-flex\" style=\"padding-top:var(--wp--preset--spacing--80);padding-bottom:var(--wp--preset--spacing--80)\">\n<h2 class=\"wp-block-heading\" style=\"padding-top:var(--wp--preset--spacing--40);padding-bottom:var(--wp--preset--spacing--40);font-size:25px;font-style:normal;font-weight:600;text-transform:capitalize\">Verwandte Produkte, die Ihnen gefallen k\u00f6nnten<\/h2>\n\n\n\n<ul class=\"wp-block-list\">\n<li>Treppen-LED-Profil mit Gummistreifen f\u00fcr 12mm LED-B\u00e4nder: <a href=\"https:\/\/tangooled.com\/de\/product\/staircase-led-profile-with-rubber-strip-for-12mm-led-tape-lights\/\"><mark style=\"background-color:rgba(0, 0, 0, 0)\" class=\"has-inline-color has-vivid-red-color\">Treppen-LED-Profil<\/mark><\/a><\/li>\n\n\n\n<li>Oberfl\u00e4chenmontiertes Aluminium-Treppenprofil f\u00fcr 10mm LED-Streifen: <a href=\"https:\/\/tangooled.com\/de\/product\/surface-mount-aluminum-stair-nosing-profile-for-10mm-led-strip\/\"><mark style=\"background-color:rgba(0, 0, 0, 0)\" class=\"has-inline-color has-vivid-red-color\">Aluminium-Treppenprofil<\/mark><\/a><\/li>\n\n\n\n<li>45-Grad-Eck-LED-Aluminiumkanal f\u00fcr 10mm LED-Streifen: <a href=\"https:\/\/tangooled.com\/de\/product\/45-degree-corner-led-aluminum-channel-for-10mm-led-strips\/\"><mark style=\"background-color:rgba(0, 0, 0, 0)\" class=\"has-inline-color has-vivid-red-color\">45-Grad-Ecke LED-Kanal<\/mark><\/a><\/li>\n<\/ul>\n<\/div>\n\n\n\n<div class=\"wp-block-group has-background\" style=\"background-color:#f1f1f1;padding-top:var(--wp--preset--spacing--80);padding-bottom:var(--wp--preset--spacing--80)\"><div class=\"wp-block-group__inner-container is-layout-constrained wp-block-group-is-layout-constrained\">\n<h2 class=\"wp-block-heading\" style=\"padding-top:var(--wp--preset--spacing--40);padding-bottom:var(--wp--preset--spacing--40);font-size:25px;font-style:normal;font-weight:600;text-transform:capitalize\">Mehr \u00fcber dieses Profil<\/h2>\n\n\n\n<p style=\"padding-right:var(--wp--preset--spacing--50);padding-left:var(--wp--preset--spacing--50)\">Unser 45-Grad-Abw\u00e4rtsbeleuchtung Aluminiumprofil funktioniert als Treppennasen-LED-Beleuchtung und als Aluminiumkanal f\u00fcr Treppenbeleuchtung. Es ist perfekt f\u00fcr neue Treppen und Renovierungen. Der sanfte Glanz l\u00e4sst Ihre Treppen nachts wie schwebend aussehen.<br>Dieses Profil wird auch als eingelassenes Treppenbeleuchtungsprofil oder als Aluminiumgeh\u00e4use f\u00fcr LED-Streifen bezeichnet. Es bietet die notwendige Stabilit\u00e4t, damit Menschen sicher darauf treten k\u00f6nnen. Es ist eine gro\u00dfartige LED-lineare Extrusion f\u00fcr Treppen und einen idealen schr\u00e4gen Kanal f\u00fcr LED-B\u00e4nder. Verwenden Sie es f\u00fcr treppenmontierte Beleuchtung, die sich harmonisch in Ihre Einrichtung einf\u00fcgt.<\/p>\n<\/div><\/div>\n\n\n\n<p><\/p>","protected":false},"featured_media":13547,"template":"","meta":{"_acf_changed":true,"_seopress_robots_primary_cat":"none","_seopress_titles_title":"45 Degree Stair Aluminum Profile | Down-Lighting Step Channel STP01","_seopress_titles_desc":"The STP01 is a specialized 45 degree stair aluminum profile for down lighting. Designed for 10mm strips, this angled channel ensures glare-free step illumination and enhanced safety for modern staircases.","_seopress_robots_index":""},"pcb-width":[228],"product-cat":[200],"class_list":{"0":"post-35192","1":"product","2":"type-product","3":"status-publish","4":"has-post-thumbnail","6":"pcb-width-6-12mm","7":"product-cat-stair-nosing-profile"},"acf":[],"_links":{"self":[{"href":"https:\/\/tangooled.com\/de\/wp-json\/wp\/v2\/product\/35192","targetHints":{"allow":["GET"]}}],"collection":[{"href":"https:\/\/tangooled.com\/de\/wp-json\/wp\/v2\/product"}],"about":[{"href":"https:\/\/tangooled.com\/de\/wp-json\/wp\/v2\/types\/product"}],"wp:featuredmedia":[{"embeddable":true,"href":"https:\/\/tangooled.com\/de\/wp-json\/wp\/v2\/media\/13547"}],"wp:attachment":[{"href":"https:\/\/tangooled.com\/de\/wp-json\/wp\/v2\/media?parent=35192"}],"wp:term":[{"taxonomy":"pcb-width","embeddable":true,"href":"https:\/\/tangooled.com\/de\/wp-json\/wp\/v2\/pcb-width?post=35192"},{"taxonomy":"product-cat","embeddable":true,"href":"https:\/\/tangooled.com\/de\/wp-json\/wp\/v2\/product-cat?post=35192"}],"curies":[{"name":"wp","href":"https:\/\/api.w.org\/{rel}","templated":true}]}}