{"id":35175,"date":"2025-07-02T19:12:46","date_gmt":"2025-07-03T03:12:46","guid":{"rendered":"https:\/\/tangooled.com\/?post_type=product&#038;p=35175"},"modified":"2026-02-02T01:56:56","modified_gmt":"2026-02-02T09:56:56","slug":"shallow-recessed-floor-led-profile-10mm-deep","status":"publish","type":"product","link":"https:\/\/tangooled.com\/de\/product\/shallow-recessed-floor-led-profile-10mm-deep\/","title":{"rendered":"Flacher Einbau-LED-Profil 10 mm tief"},"content":{"rendered":"<div class=\"wp-block-group is-vertical is-layout-flex wp-container-core-group-is-layout-d255d7c4 wp-block-group-is-layout-flex\" style=\"padding-top:var(--wp--preset--spacing--80);padding-bottom:var(--wp--preset--spacing--80)\">\n<p>Our FL01 shallow recessed floor LED profile is a great\u00a0way to provide clean, modern lighting. This slim\u00a0aluminum channel is 19.5mm wide and 10mm deep\u00a0on the outside. The inner width is\u00a011.4mm. It works with LED strips that are up to 10mm wide, so it&#8217;s great for simple floor lighting designs that can be walked on.<\/p>\n\n\n\n<p>Es ist direkt in B\u00f6den, Gehwegen oder Decks eingebaut, sodass es nahtlos mit der Oberfl\u00e4che abschlie\u00dft. Dieses robuste Profil h\u00e4lt die Dinge cool und sicher. Erstellen Sie m\u00fchelos gleichm\u00e4\u00dfige Linien aus sanftem, langlebigem Licht in Ihrem Wohn- oder Gesch\u00e4ftsbereich f\u00fcr einen sicheren und professionellen architektonischen Effekt.<\/p>\n<\/div>\n\n\n\n<div class=\"wp-block-group has-background is-vertical is-layout-flex wp-container-core-group-is-layout-d255d7c4 wp-block-group-is-layout-flex\" style=\"background-color:#f1f1f1;padding-top:var(--wp--preset--spacing--80);padding-bottom:var(--wp--preset--spacing--80)\">\n<div class=\"wp-block-group is-vertical is-layout-flex wp-container-core-group-is-layout-8cf370e7 wp-block-group-is-layout-flex\">\n<h2 class=\"wp-block-heading\" style=\"padding-top:var(--wp--preset--spacing--40);padding-bottom:var(--wp--preset--spacing--40);font-size:25px;font-style:normal;font-weight:600;text-transform:capitalize\">Warum unser flaches eingelassenes Boden-LED-Profil w\u00e4hlen?<\/h2>\n\n\n\n<ul class=\"wp-block-list\">\n<li>Ultrad\u00fcnnes Design: Nur 10 mm tief f\u00fcr flaches Einlassen.<\/li>\n\n\n\n<li>Betretungsf\u00e4hig: Stark genug, um in \u00f6ffentlichen Bereichen und Fluren darauf zu gehen.<\/li>\n\n\n\n<li>Hochwertiges anodisiertes Aluminium, das als W\u00e4rmeabstrahler fungiert und Rost widersteht.<\/li>\n\n\n\n<li>Geeignet f\u00fcr LED-Streifen, die 10 mm breit sind: Es funktioniert mit SMD3528, COB und RGB-Versionen.<\/li>\n\n\n\n<li>Opal-Diffusor: Macht das Licht gleichm\u00e4\u00dfig und frei von Punkten.<\/li>\n\n\n\n<li>Available in 2m and 3m lengths, so it&#8217;s easy to cut to size for any application.<\/li>\n\n\n\n<li>Kann sowohl drinnen als auch drau\u00dfen in halbgesch\u00fctzten Bereichen verwendet werden, wenn es mit wasserdichten LED-Streifen eingesetzt wird.<\/li>\n<\/ul>\n<\/div>\n<\/div>\n\n\n\n<div class=\"wp-block-group\" style=\"padding-top:var(--wp--preset--spacing--60);padding-bottom:var(--wp--preset--spacing--60)\"><div class=\"wp-block-group__inner-container is-layout-constrained wp-block-group-is-layout-constrained\">\n<div class=\"wp-block-media-text has-media-on-the-right is-stacked-on-mobile\" style=\"grid-template-columns:auto 40%\"><div class=\"wp-block-media-text__content\">\n<h2 class=\"wp-block-heading\" style=\"padding-top:var(--wp--preset--spacing--40);padding-bottom:var(--wp--preset--spacing--40);font-size:25px;font-style:normal;font-weight:600;text-transform:capitalize\">Einfach zusammenzubauen<\/h2>\n\n\n\n<ul class=\"wp-block-list\">\n<li>Schneiden Sie die Nut im Boden: Eine Nut, die 10 mm tief ist und genau der Form entspricht.<\/li>\n\n\n\n<li>Profil einsetzen: Platzieren Sie den Aluminiumkanal in der Nut, sodass er b\u00fcndig mit dem Boden abschlie\u00dft.<\/li>\n\n\n\n<li>Um es an Ort und Stelle zu halten: \u00dcberpr\u00fcfen Sie, ob der Boden fest genug ist, um darauf zu gehen.<\/li>\n\n\n\n<li>LED-Streifen hinzuf\u00fcgen: Platzieren Sie jeden 10 mm breiten LED-Streifen, der ins Profil passt.<\/li>\n\n\n\n<li>Aufsteck-Diffusor: Der opale Deckel wird \u00fcber den Streifen eingerastet und verteilt das Licht.<\/li>\n\n\n\n<li>Setzen Sie Endkappen auf und versiegeln Sie diese mit Silikon, wenn Sie Feuchtigkeit fernhalten m\u00fcssen.<\/li>\n<\/ul>\n<\/div><figure class=\"wp-block-media-text__media\"><img loading=\"lazy\" decoding=\"async\" width=\"500\" height=\"500\" src=\"https:\/\/tangooled.com\/wp-content\/uploads\/2025\/07\/fl01-ins.webp\" alt=\"shallow recessed floor led profile 10mm deep\" class=\"wp-image-42242 size-full\" srcset=\"https:\/\/tangooled.com\/wp-content\/uploads\/2025\/07\/fl01-ins.webp 500w, https:\/\/tangooled.com\/wp-content\/uploads\/2025\/07\/fl01-ins-300x300.webp 300w, https:\/\/tangooled.com\/wp-content\/uploads\/2025\/07\/fl01-ins-150x150.webp 150w\" sizes=\"auto, (max-width: 500px) 100vw, 500px\" \/><\/figure><\/div>\n<\/div><\/div>\n\n\n\n<div class=\"wp-block-group has-background is-vertical is-layout-flex wp-container-core-group-is-layout-b429018a wp-block-group-is-layout-flex\" style=\"background-color:#f1f1f1f2;padding-top:var(--wp--preset--spacing--70);padding-bottom:var(--wp--preset--spacing--70)\">\n<h2 class=\"wp-block-heading\" style=\"padding-top:var(--wp--preset--spacing--40);padding-bottom:var(--wp--preset--spacing--40);font-size:25px;font-style:normal;font-weight:600;text-transform:capitalize\">Perfekte Anwendungen f\u00fcr den 10 mm tiefen betretbaren Kanal<\/h2>\n\n\n\n<p>Unser Produkt eignet sich hervorragend f\u00fcr viele Beleuchtungsanwendungen innen und au\u00dfen:<\/p>\n\n\n\n<ul class=\"wp-block-list\">\n<li>Bodenintegrierte Beleuchtung: Installieren Sie b\u00fcndig mit Keramikfliesen, Holzb\u00f6den, Laminat oder Betonb\u00f6den.<\/li>\n\n\n\n<li>Beleuchtungen f\u00fcr Treppen und Stufen: Um sie sicherer und stilvoller zu gestalten, platzieren Sie Lichter in den Treppenkanten.<\/li>\n\n\n\n<li>Akzentbeleuchtung f\u00fcr Gehwege und Flure: Verwenden Sie LED-Profile, die f\u00fcr den Betretungsgebrauch zertifiziert sind und langlebig sind, um F\u00fchrungslinien zu bilden.<\/li>\n\n\n\n<li>Displays f\u00fcr Unternehmen und Einzelhandel: Helfen Sie den Verbrauchern, sich darin zurechtzufinden oder Waren zu pr\u00e4sentieren.<\/li>\n\n\n\n<li>Terrassen und Decks (mit Abdichtung): Platzieren Sie Au\u00dfenbodenlichter, um diese einladender zu gestalten.<\/li>\n<\/ul>\n<\/div>\n\n\n\n<div class=\"wp-block-group is-vertical is-layout-flex wp-container-core-group-is-layout-d255d7c4 wp-block-group-is-layout-flex\" style=\"padding-top:var(--wp--preset--spacing--80);padding-bottom:var(--wp--preset--spacing--80)\">\n<h2 class=\"wp-block-heading\" style=\"padding-top:var(--wp--preset--spacing--40);padding-bottom:var(--wp--preset--spacing--40);font-size:25px;font-style:normal;font-weight:600;text-transform:capitalize\">Weitere verwandte Produkte<\/h2>\n\n\n\n<p>Entdecken Sie diese verwandten Aluminium-LED-Profile, die Ihr flaches, eingelassenes Boden-LED-Profil erg\u00e4nzen:<\/p>\n\n\n\n<ul class=\"wp-block-list\">\n<li><a href=\"https:\/\/tangooled.com\/de\/product\/black-led-profile-with-black-diffuser-for-10mm-led-strip-light\/\"><mark style=\"background-color:rgba(0, 0, 0, 0)\" class=\"has-inline-color has-vivid-red-color\">Schwarzes LED-Profil mit schwarzem Diffusor f\u00fcr 10mm LED-Streifen<\/mark><\/a>.<\/li>\n\n\n\n<li><a href=\"https:\/\/tangooled.com\/de\/product\/surface-mount-led-profile-with-frosted-diffuser-for-10mm-rope-lights\/\"><mark style=\"background-color:rgba(0, 0, 0, 0)\" class=\"has-inline-color has-vivid-red-color\">Oberfl\u00e4chenmontierter LED-Profil mit mattiertem Diffusor f\u00fcr 10 mm LED-Lichterketten<\/mark><\/a>.<\/li>\n\n\n\n<li><a href=\"https:\/\/tangooled.com\/de\/product\/led-strip-light-channel-aluminum-profile-with-diffused-cover-6mm-height\/\"><mark style=\"background-color:rgba(0, 0, 0, 0)\" class=\"has-inline-color has-vivid-red-color\">Aluminiumprofil f\u00fcr LED-Streifen mit diffundierender Abdeckung, H\u00f6he 6 mm<\/mark><\/a>.<\/li>\n\n\n\n<li><mark style=\"background-color:rgba(0, 0, 0, 0)\" class=\"has-inline-color has-vivid-red-color\"><a href=\"https:\/\/tangooled.com\/de\/product\/26mm-floor-recessed-led-aluminum-channel-for-12mm-led-strips\/\">26mm bodenversenktes LED-Aluminiumprofil f\u00fcr 12mm LED-Streifen<\/a>.<\/mark><\/li>\n\n\n\n<li><a href=\"https:\/\/tangooled.com\/de\/product\/recessed-floor-step-edge-lighting-led-profile\/\"><mark style=\"background-color:rgba(0, 0, 0, 0)\" class=\"has-inline-color has-vivid-red-color\">Eingelassenes LED-Profil f\u00fcr Treppenstufenbeleuchtung<\/mark><\/a>.<\/li>\n<\/ul>\n<\/div>\n\n\n\n<div class=\"wp-block-group has-background\" style=\"background-color:#f1f1f1;padding-top:var(--wp--preset--spacing--80);padding-bottom:var(--wp--preset--spacing--80)\"><div class=\"wp-block-group__inner-container is-layout-constrained wp-block-group-is-layout-constrained\">\n<p style=\"padding-right:var(--wp--preset--spacing--50);padding-left:var(--wp--preset--spacing--50)\">The ideal choice for professional-grade floor lighting that can be walked on is our shallow recessed floor LED profile, which is 10mm deep. It works great in homes, offices, stores, and architectural projects, and it has a sleek look. With Tangooled&#8217;s TG-FL01, you can improve your lighting right now.<\/p>\n<\/div><\/div>\n\n\n\n<p><\/p>","protected":false},"featured_media":13524,"template":"","meta":{"_acf_changed":true,"_seopress_robots_primary_cat":"none","_seopress_titles_title":"Shallow Recessed Floor LED Profile | 10mm Deep Walk-over Channel | TANGOOLED","_seopress_titles_desc":"The FL01 is a premium shallow recessed floor LED profile with a slim 10mm depth. Designed for high-durability and walk-over safety, this aluminum channel is perfect for linear floor lighting in hallways and commercial spaces.","_seopress_robots_index":""},"pcb-width":[228],"product-cat":[199],"class_list":{"0":"post-35175","1":"product","2":"type-product","3":"status-publish","4":"has-post-thumbnail","6":"pcb-width-6-12mm","7":"product-cat-inground-profile"},"acf":[],"_links":{"self":[{"href":"https:\/\/tangooled.com\/de\/wp-json\/wp\/v2\/product\/35175","targetHints":{"allow":["GET"]}}],"collection":[{"href":"https:\/\/tangooled.com\/de\/wp-json\/wp\/v2\/product"}],"about":[{"href":"https:\/\/tangooled.com\/de\/wp-json\/wp\/v2\/types\/product"}],"wp:featuredmedia":[{"embeddable":true,"href":"https:\/\/tangooled.com\/de\/wp-json\/wp\/v2\/media\/13524"}],"wp:attachment":[{"href":"https:\/\/tangooled.com\/de\/wp-json\/wp\/v2\/media?parent=35175"}],"wp:term":[{"taxonomy":"pcb-width","embeddable":true,"href":"https:\/\/tangooled.com\/de\/wp-json\/wp\/v2\/pcb-width?post=35175"},{"taxonomy":"product-cat","embeddable":true,"href":"https:\/\/tangooled.com\/de\/wp-json\/wp\/v2\/product-cat?post=35175"}],"curies":[{"name":"wp","href":"https:\/\/api.w.org\/{rel}","templated":true}]}}