{"id":35169,"date":"2025-07-02T18:51:56","date_gmt":"2025-07-03T02:51:56","guid":{"rendered":"https:\/\/tangooled.com\/?post_type=product&#038;p=35169"},"modified":"2026-01-26T19:47:11","modified_gmt":"2026-01-27T03:47:11","slug":"sg7575-75mm-pendant-led-channel-middle-tray-quad-row","status":"publish","type":"product","link":"https:\/\/tangooled.com\/de\/product\/sg7575-75mm-pendant-led-channel-middle-tray-quad-row\/","title":{"rendered":"SG7575: 75x75mm Pendelleuchte LED-Kanal mit Mittelablage (kompatibel mit vier Reihen)"},"content":{"rendered":"<div class=\"wp-block-group\" style=\"padding-top:var(--wp--preset--spacing--80);padding-bottom:var(--wp--preset--spacing--80)\"><div class=\"wp-block-group__inner-container is-layout-constrained wp-block-group-is-layout-constrained\">\n<p>Dieser 75mm Pendelleuchte LED-Kanal mit Mittelablage ist eine leistungsstarke architektonische lineare Leuchte, die jeden gewerblichen oder professionellen Bereich bereichern wird.<\/p>\n\n\n\n<p>Dieser 75mm breite LED-Kanal besteht aus robustem Aluminium und ist darauf ausgelegt, leistungsstarke, gleichm\u00e4\u00dfige Allgemeinbeleuchtung bereitzustellen. Das integrierte Design ist sein besonders Merkmal. Die breite Innenablage kann vier LED-Streifen nebeneinander halten und versteckt zudem sicher die Treiber (Stromversorgung) im Inneren.<\/p>\n\n\n\n<p>Dieses eingebaute Geh\u00e4use beseitigt die Notwendigkeit f\u00fcr sperrige externe Boxen oder verhedderte Dr\u00e4hte, wodurch eine ordentliche, professionelle und optisch ansprechende Installation entsteht. Der SG7575 bietet eine schlanke, durchgehende Lichtlinie, was ihn ideal f\u00fcr B\u00fcros, Einzelhandelsgesch\u00e4fte, Hotels und Gastronomie sowie andere hochwertige architektonische Beleuchtungsanwendungen macht.<\/p>\n\n\n\n<p>W\u00e4hlen Sie den SG7575, um Ihren Raum mit leistungsstarkem Licht zu erhellen, w\u00e4hrend ein einfaches und sauberes Aussehen bewahrt bleibt.<\/p>\n<\/div><\/div>\n\n\n\n<div class=\"wp-block-group has-background is-vertical is-layout-flex wp-container-core-group-is-layout-d255d7c4 wp-block-group-is-layout-flex\" style=\"background-color:#f1f1f1;padding-top:var(--wp--preset--spacing--80);padding-bottom:var(--wp--preset--spacing--80)\">\n<div class=\"wp-block-group is-vertical is-layout-flex wp-container-core-group-is-layout-8cf370e7 wp-block-group-is-layout-flex\">\n<h2 class=\"wp-block-heading\" style=\"padding-top:var(--wp--preset--spacing--40);padding-bottom:var(--wp--preset--spacing--40);font-size:25px;font-style:normal;font-weight:600;text-transform:capitalize\">Warum den 75mm Pendelleuchte LED-Kanal mit Mittelablage w\u00e4hlen?<\/h2>\n\n\n\n<ul class=\"wp-block-list\">\n<li>Die Mittelablage des Kanals unterst\u00fctzt vier LED-Bandstreifen, die ein extrem brillantes Licht erzeugen.<\/li>\n\n\n\n<li>Der Treiber und die Dr\u00e4hte werden durch die Mittelablage verborgen, was ein ordentliches Aussehen gew\u00e4hrleistet.<\/li>\n\n\n\n<li>Hergestellt aus robustem anodisiertem Aluminium, das die Lichter k\u00fchl h\u00e4lt.<\/li>\n\n\n\n<li>Kommt mit einem mattierten Diffusor, der das Licht glatt und punktelos macht.&nbsp;<\/li>\n\n\n\n<li>Kann als h\u00e4ngendes Kanalsystem von Decken montiert werden.<\/li>\n<\/ul>\n<\/div>\n<\/div>\n\n\n\n<div class=\"wp-block-group\" style=\"padding-top:var(--wp--preset--spacing--60);padding-bottom:var(--wp--preset--spacing--60)\"><div class=\"wp-block-group__inner-container is-layout-constrained wp-block-group-is-layout-constrained\">\n<div class=\"wp-block-media-text has-media-on-the-right is-stacked-on-mobile\"><div class=\"wp-block-media-text__content\">\n<h2 class=\"wp-block-heading\" style=\"padding-top:var(--wp--preset--spacing--40);padding-bottom:var(--wp--preset--spacing--40);font-size:25px;font-style:normal;font-weight:600;text-transform:capitalize\">Wo der SG7575 Pendelkanal verwendet werden kann<\/h2>\n\n\n\n<ul class=\"wp-block-list\">\n<li>Moderne B\u00fcros: Helle, blendsichere Lichter f\u00fcr Schreibtische und Besprechungsr\u00e4ume.<\/li>\n\n\n\n<li>Einzelhandelsgesch\u00e4fte: Helle Lichter in den G\u00e4ngen, die gut aussehen.<\/li>\n\n\n\n<li>Hotels und Restaurants: Angenehme Beleuchtung in Lobbys und Speiser\u00e4umen.<\/li>\n\n\n\n<li>Architektonische Beleuchtung: Verwenden Sie diesen breiten LED-Kanal, um in Fluren oder gro\u00dfen R\u00e4umen ein Statement zu setzen.<\/li>\n\n\n\n<li>Arbeitsbeleuchtung: Helles, direktes Licht \u00fcber Arbeitspl\u00e4tzen oder Theken, die es ben\u00f6tigen.<\/li>\n<\/ul>\n<\/div><figure class=\"wp-block-media-text__media\"><img loading=\"lazy\" decoding=\"async\" width=\"500\" height=\"500\" src=\"https:\/\/tangooled.com\/wp-content\/uploads\/2025\/07\/sg7575-ins.webp\" alt=\"sg7575 pendant led tape mounting channel with middle tray for quad row led strips\" class=\"wp-image-41070 size-full\" srcset=\"https:\/\/tangooled.com\/wp-content\/uploads\/2025\/07\/sg7575-ins.webp 500w, https:\/\/tangooled.com\/wp-content\/uploads\/2025\/07\/sg7575-ins-300x300.webp 300w, https:\/\/tangooled.com\/wp-content\/uploads\/2025\/07\/sg7575-ins-150x150.webp 150w\" sizes=\"auto, (max-width: 500px) 100vw, 500px\" \/><\/figure><\/div>\n<\/div><\/div>\n\n\n\n<div class=\"wp-block-group has-background\" style=\"background-color:#f1f1f1;padding-top:var(--wp--preset--spacing--80);padding-bottom:var(--wp--preset--spacing--80)\"><div class=\"wp-block-group__inner-container is-layout-constrained wp-block-group-is-layout-constrained\">\n<h2 class=\"wp-block-heading\" style=\"font-size:25px;font-style:normal;font-weight:600;text-transform:capitalize\">Wo der SG7575 Pendelleuchte LED-Kanal verwendet werden kann<\/h2>\n\n\n\n<ul class=\"wp-block-list\">\n<li>Moderne B\u00fcros: Helle, blendsichere Lichter f\u00fcr Schreibtische und Besprechungsr\u00e4ume.<\/li>\n\n\n\n<li>Einzelhandelsgesch\u00e4fte: Helle Lichter in den G\u00e4ngen, die gut aussehen.<\/li>\n\n\n\n<li>Hotels und Restaurants: Angenehme Beleuchtung in Lobbys und Speiser\u00e4umen.<\/li>\n\n\n\n<li>Architektonische Beleuchtung: Verwenden Sie diesen breiten LED-Kanal, um in Fluren oder gro\u00dfen R\u00e4umen ein Statement zu setzen.<\/li>\n\n\n\n<li>Arbeitsbeleuchtung: Helles, direktes Licht \u00fcber Arbeitspl\u00e4tzen oder Theken, die es ben\u00f6tigen.<\/li>\n<\/ul>\n<\/div><\/div>\n\n\n\n<div class=\"wp-block-group is-vertical is-layout-flex wp-container-core-group-is-layout-b429018a wp-block-group-is-layout-flex\" style=\"padding-top:var(--wp--preset--spacing--70);padding-bottom:var(--wp--preset--spacing--70)\">\n<h2 class=\"wp-block-heading\" style=\"font-size:25px;font-style:normal;font-weight:600\">What\u2019s in the Box?<\/h2>\n\n\n\n<ul class=\"wp-block-list\">\n<li>1x SG7575 Aluminium-LED-Kanal (in Ihrer L\u00e4ngenwahl)<\/li>\n\n\n\n<li>1x Opal-Linsenabdeckung (aufsteckbar)<\/li>\n\n\n\n<li>2x Metall-Endkappen<\/li>\n\n\n\n<li>1x Aufh\u00e4ngungsset<\/li>\n<\/ul>\n<\/div>\n\n\n\n<div class=\"wp-block-group has-background is-vertical is-layout-flex wp-container-core-group-is-layout-d255d7c4 wp-block-group-is-layout-flex\" style=\"background-color:#f1f1f1;padding-top:var(--wp--preset--spacing--80);padding-bottom:var(--wp--preset--spacing--80)\">\n<h2 class=\"wp-block-heading\" style=\"padding-top:var(--wp--preset--spacing--40);padding-bottom:var(--wp--preset--spacing--40);font-size:25px;font-style:normal;font-weight:600;text-transform:capitalize\">Mehr \u00fcber den SG7575 Pendelleuchte LED-Kanal<\/h2>\n\n\n\n<p style=\"padding-right:var(--wp--preset--spacing--50);padding-left:var(--wp--preset--spacing--50)\">Dies ist eine professionelle Aluminium-Extrusion, die bis zu vier LED-Bandreihen halten und leistungsstarke, stilvolle lineare Beleuchtung erzeugen kann. Der Treiber und die Dr\u00e4hte sind im hinteren Bereich der Mittelablage verborgen, sodass Ihre Decke sauber aussieht. Die mattierte Linsenabdeckung der vierreihigen Streifenleuchten strahlt ein gleichm\u00e4\u00dfiges Licht ohne Punkte aus. Der anodisierte Aluminiumkanal ist \u00e4u\u00dferst langlebig und fungiert auch als K\u00fchlk\u00f6rper. Der SG7575 ist hervorragend geeignet f\u00fcr kommerzielle Beleuchtung, B\u00fcrobeleuchtung, Einzelhandelsg\u00e4nge und Gastronomieeinrichtungen.<\/p>\n\n\n\n<p style=\"padding-right:var(--wp--preset--spacing--50);padding-left:var(--wp--preset--spacing--50)\">Wenn Sie brillantes Licht wollen, das gut aussieht und lange h\u00e4lt, holen Sie sich diesen architektonischen LED-Kanal.<\/p>\n<\/div>\n\n\n\n<div class=\"wp-block-group\" style=\"padding-top:var(--wp--preset--spacing--80);padding-bottom:var(--wp--preset--spacing--80)\"><div class=\"wp-block-group__inner-container is-layout-constrained wp-block-group-is-layout-constrained\">\n<h2 class=\"wp-block-heading\" style=\"font-size:25px;font-style:normal;font-weight:600;text-transform:capitalize\">Erfahren Sie mehr \u00fcber verwandte LED-Kan\u00e4le<\/h2>\n\n\n\n<ul class=\"wp-block-list\">\n<li><a href=\"https:\/\/tangooled.com\/de\/product\/black-led-diffuser-aluminum-channel-for-12mm-tape-lights\/\"><mark style=\"background-color:rgba(0, 0, 0, 0)\" class=\"has-inline-color has-vivid-red-color\">Schwarzes LED-Diffusor-Aluminiumprofil f\u00fcr 12 mm LED-Band<\/mark><\/a><\/li>\n\n\n\n<li><a href=\"https:\/\/tangooled.com\/de\/product\/surface-mount-led-profile-with-frosted-diffuser-for-10mm-rope-lights\/\"><mark style=\"background-color:rgba(0, 0, 0, 0)\" class=\"has-inline-color has-vivid-red-color\">Oberfl\u00e4chenmontierter LED-Profil mit mattiertem Diffusor f\u00fcr 10 mm LED-Lichterketten<\/mark><\/a><\/li>\n\n\n\n<li><a href=\"https:\/\/tangooled.com\/de\/product\/25x14m-surface-mounted-led-light-aluminum-profile\/\"><mark style=\"background-color:rgba(0, 0, 0, 0)\" class=\"has-inline-color has-vivid-red-color\">25x14m oberfl\u00e4chenmontiertes LED-Leuchten-Aluprofil<\/mark><\/a><\/li>\n\n\n\n<li><a href=\"https:\/\/tangooled.com\/de\/product\/75x75mm-pendant-aluminum-led-channel-with-space-for-led-driver\/\"><mark style=\"background-color:rgba(0, 0, 0, 0)\" class=\"has-inline-color has-vivid-red-color\">75x75mm Pendel-Aluminium-LED-Kanal mit Platz f\u00fcr LED-Treiber<\/mark><\/a><\/li>\n<\/ul>\n\n\n\n<p>Der SG7575 Pendelleuchte LED-Bandmontagekanal mit Mittelablage f\u00fcr vierreihige LED-Streifen ist die beste L\u00f6sung, um helles, gleichm\u00e4\u00dfiges und professionelles lineares Licht zu erzeugen. Entdecken Sie weitere Optionen f\u00fcr lineare Beleuchtungsprojekte auf der<a href=\"https:\/\/tangooled.com\/de\/led-profiles\/\"> <mark style=\"background-color:rgba(0, 0, 0, 0)\" class=\"has-inline-color has-vivid-red-color\">TANGOOLED-Produktseite.<\/mark><\/a><\/p>\n<\/div><\/div>","protected":false},"featured_media":35142,"template":"","meta":{"_acf_changed":true,"_seopress_robots_primary_cat":"none","_seopress_titles_title":"75mm Pendant LED Channel with Middle Tray | Quad-Row Support | TANGOOLED","_seopress_titles_desc":"The SG7575 is a robust 75mm pendant led channel featuring a middle tray for quad-row LED strips. Designed for heavy-duty commercial lighting, it provides ample space for internal drivers and superior heat dissipation.","_seopress_robots_index":""},"pcb-width":[232],"product-cat":[194],"class_list":{"0":"post-35169","1":"product","2":"type-product","3":"status-publish","4":"has-post-thumbnail","6":"pcb-width-35-45mm","7":"product-cat-suspended-profile"},"acf":[],"_links":{"self":[{"href":"https:\/\/tangooled.com\/de\/wp-json\/wp\/v2\/product\/35169","targetHints":{"allow":["GET"]}}],"collection":[{"href":"https:\/\/tangooled.com\/de\/wp-json\/wp\/v2\/product"}],"about":[{"href":"https:\/\/tangooled.com\/de\/wp-json\/wp\/v2\/types\/product"}],"wp:featuredmedia":[{"embeddable":true,"href":"https:\/\/tangooled.com\/de\/wp-json\/wp\/v2\/media\/35142"}],"wp:attachment":[{"href":"https:\/\/tangooled.com\/de\/wp-json\/wp\/v2\/media?parent=35169"}],"wp:term":[{"taxonomy":"pcb-width","embeddable":true,"href":"https:\/\/tangooled.com\/de\/wp-json\/wp\/v2\/pcb-width?post=35169"},{"taxonomy":"product-cat","embeddable":true,"href":"https:\/\/tangooled.com\/de\/wp-json\/wp\/v2\/product-cat?post=35169"}],"curies":[{"name":"wp","href":"https:\/\/api.w.org\/{rel}","templated":true}]}}