{"id":35151,"date":"2025-07-02T18:41:59","date_gmt":"2025-07-03T02:41:59","guid":{"rendered":"https:\/\/tangooled.com\/?post_type=product&#038;p=35151"},"modified":"2026-01-29T23:59:40","modified_gmt":"2026-01-30T07:59:40","slug":"suspended-led-extrusion-profile-70mm-height","status":"publish","type":"product","link":"https:\/\/tangooled.com\/de\/product\/suspended-led-extrusion-profile-70mm-height\/","title":{"rendered":"H\u00e4ngendes LED-Profil mit 70mm H\u00f6he"},"content":{"rendered":"<div class=\"wp-block-group is-vertical is-layout-flex wp-container-core-group-is-layout-d255d7c4 wp-block-group-is-layout-flex\" style=\"padding-top:var(--wp--preset--spacing--80);padding-bottom:var(--wp--preset--spacing--80)\">\n<p>Dieses h\u00e4ngende LED-Profil mit 70mm H\u00f6he ist eine robuste lineare Leuchte f\u00fcr moderne Gewerbe- und Profibereiche. Der 70mm tiefe Kanal besteht aus langlebigem Aluminium&nbsp;und hat hervorragende W\u00e4rmeableitungseigenschaften, sodass die&nbsp;LED-Streifen l\u00e4nger halten.<\/p>\n\n\n\n<p>Es hat einen polycarbonat Diffusor, der helle LEDs in eine sanfte, gleichm\u00e4\u00dfige Lichtlinie umwandelt, die Blendung vermeidet. Das breite Design bietet zudem ausreichend Platz im Inneren, um die Stromtreiber ordentlich zu verbergen.<br>Dieses Profil bietet Ihnen die meisten M\u00f6glichkeiten f\u00fcr die Installation: elegante h\u00e4ngende Montage (mit einem Stahlseil-Set), saubere Oberfl\u00e4chenmontage und sanfte Versenktinstallation.<\/p>\n<\/div>\n\n\n\n<div class=\"wp-block-group has-background\" style=\"background-color:#f1f1f1;padding-top:var(--wp--preset--spacing--80);padding-bottom:var(--wp--preset--spacing--80)\"><div class=\"wp-block-group__inner-container is-layout-constrained wp-block-group-is-layout-constrained\">\n<div class=\"wp-block-group is-vertical is-layout-flex wp-container-core-group-is-layout-8cf370e7 wp-block-group-is-layout-flex\">\n<h2 class=\"wp-block-heading\" style=\"padding-top:var(--wp--preset--spacing--40);padding-bottom:var(--wp--preset--spacing--40);font-size:25px;font-style:normal;font-weight:600;text-transform:capitalize\">Warum unser 70mm tiefes h\u00e4ngendes LED-Profil w\u00e4hlen?<\/h2>\n\n\n\n<ul class=\"wp-block-list\">\n<li>70mm Tiefe: ideal f\u00fcr gro\u00dfe R\u00e4ume oder hohe Decken. Die tiefe Form passt zu einem doppelreihigen LED-Bandkanal, der starkes, energieeffizientes Licht abgibt.<\/li>\n\n\n\n<li>Besseres W\u00e4rmemanagement: Aluminium ist ein leistungsstarkes W\u00e4rmeableitprofil, das die LEDs k\u00fchl h\u00e4lt, damit sie l\u00e4nger halten.<\/li>\n\n\n\n<li>Keine Punkte: Verwenden Sie unseren opalen LED-Diffusor-Aluminiumkanal f\u00fcr weiches, gleichm\u00e4\u00dfiges Licht, das f\u00fcr visuellen Komfort sorgt.<\/li>\n\n\n\n<li>Einfach einzurichten: Sie k\u00f6nnen das Profil vor Ort auf die gew\u00fcnschte Gr\u00f6\u00dfe zuschneiden oder mehrere Teile mit linearen Verbindern f\u00fcr die Extrusion verbinden. Die verstellbaren Aufh\u00e4ngesets erm\u00f6glichen es Ihnen, die H\u00f6he genau richtig einzustellen.<\/li>\n\n\n\n<li>Optionale Oberfl\u00e4che: silber eloxiert, schwarz pulverbeschichtet oder benutzerdefinierte RAL-Farben, die zu Ihrer Dekoration passen.<\/li>\n<\/ul>\n<\/div>\n<\/div><\/div>\n\n\n\n<div class=\"wp-block-group\" style=\"padding-top:var(--wp--preset--spacing--60);padding-bottom:var(--wp--preset--spacing--60)\"><div class=\"wp-block-group__inner-container is-layout-constrained wp-block-group-is-layout-constrained\">\n<div class=\"wp-block-media-text has-media-on-the-right is-stacked-on-mobile\"><div class=\"wp-block-media-text__content\">\n<h2 class=\"wp-block-heading\" style=\"padding-top:var(--wp--preset--spacing--40);padding-bottom:var(--wp--preset--spacing--40);font-size:25px;font-style:normal;font-weight:600;text-transform:capitalize\">Zubeh\u00f6r f\u00fcr ein komplettes System<\/h2>\n\n\n\n<p>To finish your project, you\u2019ll need some key items:<\/p>\n\n\n\n<ul class=\"wp-block-list\">\n<li>Einstellbare Aufh\u00e4ngesets haben Stahlkabel, die Sie von der Decke abpendeln k\u00f6nnen.<\/li>\n\n\n\n<li>Lineare Verbinder: verbinden Sie mehrere Profile f\u00fcr lange, glatte Verl\u00e4ufe<\/li>\n\n\n\n<li>Endkappen: Optionen mit L\u00f6chern f\u00fcr Kabel, um die Verkabelung ordentlich zu gestalten<\/li>\n\n\n\n<li>Montageklemmen: zum Anbringen an einer Wand oder einer anderen Oberfl\u00e4che anstelle der h\u00e4ngenden Montage<\/li>\n\n\n\n<li>LED-Treiber, die mit einer Auswahl an LED-Streifen arbeiten und das Dimmen der Lichter erm\u00f6glichen<\/li>\n<\/ul>\n<\/div><figure class=\"wp-block-media-text__media\"><img loading=\"lazy\" decoding=\"async\" width=\"500\" height=\"500\" src=\"https:\/\/tangooled.com\/wp-content\/uploads\/2025\/07\/sg5470-ins.webp\" alt=\"H\u00e4ngendes LED-Profil mit 70mm H\u00f6he\" class=\"wp-image-41080 size-full\" srcset=\"https:\/\/tangooled.com\/wp-content\/uploads\/2025\/07\/sg5470-ins.webp 500w, https:\/\/tangooled.com\/wp-content\/uploads\/2025\/07\/sg5470-ins-300x300.webp 300w, https:\/\/tangooled.com\/wp-content\/uploads\/2025\/07\/sg5470-ins-150x150.webp 150w\" sizes=\"auto, (max-width: 500px) 100vw, 500px\" \/><\/figure><\/div>\n<\/div><\/div>\n\n\n\n<div class=\"wp-block-group has-background\" style=\"background-color:#f1f1f1;padding-top:var(--wp--preset--spacing--80);padding-bottom:var(--wp--preset--spacing--80)\"><div class=\"wp-block-group__inner-container is-layout-constrained wp-block-group-is-layout-constrained\">\n<h2 class=\"wp-block-heading\" style=\"padding-top:var(--wp--preset--spacing--40);padding-bottom:var(--wp--preset--spacing--40);font-size:25px;font-style:normal;font-weight:600;text-transform:capitalize\">what&#8217;s included in the kit?<\/h2>\n\n\n\n<ul class=\"wp-block-list\">\n<li>1x extrudiertes hochwertiges Aluminiumprofil<\/li>\n\n\n\n<li>1x polycarbonat (PC) opaler Diffusor<\/li>\n\n\n\n<li>1x 2 Metall-Endkappen<\/li>\n\n\n\n<li>1x Aufh\u00e4ngungskabel-Set<\/li>\n\n\n\n<li>1x versenkter Schnallen (Option)<\/li>\n<\/ul>\n<\/div><\/div>\n\n\n\n<div class=\"wp-block-group\" style=\"padding-top:var(--wp--preset--spacing--80);padding-bottom:var(--wp--preset--spacing--80)\"><div class=\"wp-block-group__inner-container is-layout-constrained wp-block-group-is-layout-constrained\">\n<h2 class=\"wp-block-heading\" style=\"padding-top:var(--wp--preset--spacing--40);padding-bottom:var(--wp--preset--spacing--40);font-size:25px;font-style:normal;font-weight:600;text-transform:capitalize\">Wo kann ich Ihr h\u00e4ngendes LED-Profil mit 70mm H\u00f6he verwenden?<\/h2>\n\n\n\n<p style=\"padding-right:var(--wp--preset--spacing--50);padding-left:var(--wp--preset--spacing--50)\">Dieses lineare Lichtprofil ist perfekt f\u00fcr:<\/p>\n\n\n\n<ul class=\"wp-block-list\">\n<li>Beleuchtung f\u00fcr Unternehmen, wie B\u00fcros, Konferenzr\u00e4ume, Flure und Lobbys.<\/li>\n\n\n\n<li>In Gesch\u00e4ften: Beleuchtung f\u00fcr G\u00e4nge, Auslagen und Discountb\u00f6den.<\/li>\n\n\n\n<li>Gastgewerbe: Restaurants, Bars, Hotels und Caf\u00e9s.<\/li>\n\n\n\n<li>Lernorte: Bibliotheken und Klassenzimmer.<\/li>\n\n\n\n<li>Wohnr\u00e4ume und K\u00fcchen in modernen H\u00e4usern haben hohe Decken.<\/li>\n<\/ul>\n<\/div><\/div>\n\n\n\n<div class=\"wp-block-group has-background\" style=\"background-color:#f1f1f1;padding-top:var(--wp--preset--spacing--80);padding-bottom:var(--wp--preset--spacing--80)\"><div class=\"wp-block-group__inner-container is-layout-constrained wp-block-group-is-layout-constrained\">\n<h2 class=\"wp-block-heading\" style=\"padding-top:var(--wp--preset--spacing--40);padding-bottom:var(--wp--preset--spacing--40);font-size:25px;font-style:normal;font-weight:600;text-transform:capitalize\">Erforschen Sie weitere Profile und Zubeh\u00f6r<\/h2>\n\n\n\n<ul class=\"wp-block-list\">\n<li><a href=\"https:\/\/tangooled.com\/de\/product\/surface-mount-led-profile-with-frosted-diffuser-for-10mm-rope-lights\/\"><mark style=\"background-color:rgba(0, 0, 0, 0)\" class=\"has-inline-color has-vivid-red-color\">Oberfl\u00e4chenmontierter LED-Profil mit mattiertem Diffusor f\u00fcr 10 mm LED-Lichterketten<\/mark><\/a><\/li>\n\n\n\n<li><a href=\"https:\/\/tangooled.com\/de\/product\/black-aluminum-u-channel-profile-for-10mm-led-strips\/\"><mark style=\"background-color:rgba(0, 0, 0, 0)\" class=\"has-inline-color has-vivid-red-color\">Schwarzes Aluminium-U-Kanal-Profil f\u00fcr 10mm LED-Streifen<\/mark><\/a><\/li>\n\n\n\n<li><a href=\"http:\/\/Up and down illumination pendant aluminum led strip mounting profile sgd5470\"><mark style=\"background-color:rgba(0, 0, 0, 0)\" class=\"has-inline-color has-vivid-red-color\">Hoch- und Niedrigbeleuchtung Pendel-Aluminium-LED-Streifen-Montageprofil sgd5470<\/mark><\/a><\/li>\n<\/ul>\n<\/div><\/div>","protected":false},"featured_media":35138,"template":"","meta":{"_acf_changed":true,"_seopress_robots_primary_cat":"none","_seopress_titles_title":"Suspended LED Extrusion 70mm Height | SG5470 Internal Driver Profile I TANGOOLED","_seopress_titles_desc":"The SG5470 is a professional suspended led extrusion 70mm height designed for architectural lighting. Its deep housing ensures dot-free illumination and provides ample space for internal drivers. Ideal for office linear lighting.","_seopress_robots_index":""},"pcb-width":[231],"product-cat":[192,194],"class_list":{"0":"post-35151","1":"product","2":"type-product","3":"status-publish","4":"has-post-thumbnail","6":"pcb-width-25-35mm","7":"product-cat-surface-led-profile","8":"product-cat-suspended-profile"},"acf":[],"_links":{"self":[{"href":"https:\/\/tangooled.com\/de\/wp-json\/wp\/v2\/product\/35151","targetHints":{"allow":["GET"]}}],"collection":[{"href":"https:\/\/tangooled.com\/de\/wp-json\/wp\/v2\/product"}],"about":[{"href":"https:\/\/tangooled.com\/de\/wp-json\/wp\/v2\/types\/product"}],"wp:featuredmedia":[{"embeddable":true,"href":"https:\/\/tangooled.com\/de\/wp-json\/wp\/v2\/media\/35138"}],"wp:attachment":[{"href":"https:\/\/tangooled.com\/de\/wp-json\/wp\/v2\/media?parent=35151"}],"wp:term":[{"taxonomy":"pcb-width","embeddable":true,"href":"https:\/\/tangooled.com\/de\/wp-json\/wp\/v2\/pcb-width?post=35151"},{"taxonomy":"product-cat","embeddable":true,"href":"https:\/\/tangooled.com\/de\/wp-json\/wp\/v2\/product-cat?post=35151"}],"curies":[{"name":"wp","href":"https:\/\/api.w.org\/{rel}","templated":true}]}}